{"id":15029,"date":"2020-12-04T09:45:40","date_gmt":"2020-12-04T09:45:40","guid":{"rendered":"https:\/\/www.topro.nl\/product\/unkategorisiert\/topro-rumen-drench-5-kg\/"},"modified":"2021-06-15T08:37:54","modified_gmt":"2021-06-15T08:37:54","slug":"topro-rumen-drench-5-kg","status":"publish","type":"product","link":"https:\/\/www.topro.nl\/de\/product\/ketose\/rinder-ketose\/topro-rumen-drench-5-kg\/","title":{"rendered":"Topro Rumen Drench 10 x 500 gr"},"content":{"rendered":"<p><strong>Topro Rumen Drench<\/strong> ist ein di\u00e4tetisches Erg\u00e4nzungsfuttermittel f\u00fcr Milchk\u00fche zur Unterst\u00fctzung der Pansen- und Leberfunktion und zur Reduzierung des Dehydrationsrisikos.<\/p>\n<h3><span style=\"color: #009cde\">Gute Pansenfunktion essentiell<\/span><\/h3>\n<p>Eine optimale Funktion des Pansens einer Kuh ist f\u00fcr eine gute Futterverwertung und Energieversorgung erforderlich. Gerade zu Beginn der Laktation ist es essenziell, denn wir wollen die negative Energiebilanz so weit wie m\u00f6glich reduzieren.<\/p>\n<h3><span style=\"color: #009cde\">Topro Rumen Drench gibt einen zus\u00e4tzlichen Schub!<\/span><\/h3>\n<p>Das Drenchen, die orale Gabe einer guten Menge Fl\u00fcssigkeit, eignet sich hervorragend f\u00fcr kranke und frische K\u00fche. Durch das Durchn\u00e4ssen wird der Kuh Wasser zugef\u00fchrt, das oft mit Salzen und N\u00e4hrstoffen angereichert wird. Dehydration von K\u00fchen tritt bei vielen verschiedenen Krankheiten auf. Das Drenchen kann daher in vielen F\u00e4llen eingesetzt werden, um der Kuh einen zus\u00e4tzlichen Schub in Form von Feuchtigkeit zu geben.<\/p>\n<h3><span style=\"color: #009cde\">Hinweis zu Dosierung und Anwendung Rumen Drench<\/span><\/h3>\n<ul>\n<li>Mischen Sie den Inhalt von 1 Beutel (500 g) in 20 Liter lauwarmes Wasser (\u00b138\u00b0 Celsius)<\/li>\n<li>R\u00fchren, bis sich das Produkt vollst\u00e4ndig aufgel\u00f6st hat<\/li>\n<li>L\u00f6sung mit geeigneter Drench- oder Pansenpumpe in den Pansen einbringen<\/li>\n<li>Wiederholen Sie die Behandlung bei Bedarf 24 Stunden sp\u00e4ter<\/li>\n<\/ul>\n<h3><span style=\"color: #009cde\">Im Lieferumfang:<\/span><\/h3>\n<ul>\n<li>10 x 500 g Rumen Drench<\/li>\n<\/ul>\n","protected":false},"excerpt":{"rendered":"<p>Topro Rumen Drench ist ein di\u00e4tetisches Erg\u00e4nzungsfuttermittel f\u00fcr Milchk\u00fche zur Unterst\u00fctzung der Pansen- und Leberfunktion und zur Reduzierung des Dehydrationsrisikos. [&hellip;]<\/p>\n","protected":false},"featured_media":19678,"template":"","meta":{"_acf_changed":false,"ngg_post_thumbnail":0},"product_brand":[],"product_cat":[1030,1190,1046,1188,1221],"product_tag":[],"woo-feed-brand":[],"class_list":{"0":"post-15029","1":"product","2":"type-product","3":"status-publish","4":"has-post-thumbnail","6":"product_cat-durchfall","7":"product_cat-durchfall-rinder","8":"product_cat-rinder-durchfall","9":"product_cat-rinder","10":"product_cat-rinder-ketose","12":"first","13":"instock","14":"taxable","15":"shipping-taxable","16":"purchasable","17":"product-type-simple"},"acf":[],"yoast_head":"<!-- This site is optimized with the Yoast SEO plugin v27.3 - https:\/\/yoast.com\/product\/yoast-seo-wordpress\/ -->\n<title>Topro Rumen Drench 10 x 500 gr - Topro Animal Health<\/title>\n<meta name=\"description\" content=\"Rumen Drench ist ein di\u00e4tetisches Erg\u00e4nzungsfuttermittel f\u00fcr Milchk\u00fche zur Unterst\u00fctzung der Pansen- und Leberfunktion und zur Reduzierung von Austrocknung.\" \/>\n<meta name=\"robots\" content=\"index, follow, max-snippet:-1, max-image-preview:large, max-video-preview:-1\" \/>\n<link rel=\"canonical\" href=\"https:\/\/www.topro.nl\/de\/product\/ketose\/rinder-ketose\/topro-rumen-drench-5-kg\/\" \/>\n<meta property=\"og:locale\" content=\"de_DE\" \/>\n<meta property=\"og:type\" content=\"article\" \/>\n<meta property=\"og:title\" content=\"Topro Rumen Drench 10 x 500 gr - Topro Animal Health\" \/>\n<meta property=\"og:description\" content=\"Rumen Drench ist ein di\u00e4tetisches Erg\u00e4nzungsfuttermittel f\u00fcr Milchk\u00fche zur Unterst\u00fctzung der Pansen- und Leberfunktion und zur Reduzierung von Austrocknung.\" \/>\n<meta property=\"og:url\" content=\"https:\/\/www.topro.nl\/de\/product\/ketose\/rinder-ketose\/topro-rumen-drench-5-kg\/\" \/>\n<meta property=\"og:site_name\" content=\"Topro Animal Health\" \/>\n<meta property=\"article:modified_time\" content=\"2021-06-15T08:37:54+00:00\" \/>\n<meta property=\"og:image\" content=\"https:\/\/www.topro.nl\/wp-content\/uploads\/110033-34-1.jpg\" \/>\n\t<meta property=\"og:image:width\" content=\"1181\" \/>\n\t<meta property=\"og:image:height\" content=\"1181\" \/>\n\t<meta property=\"og:image:type\" content=\"image\/jpeg\" \/>\n<meta name=\"twitter:card\" content=\"summary_large_image\" \/>\n<meta name=\"twitter:label1\" content=\"Gesch\u00e4tzte Lesezeit\" \/>\n\t<meta name=\"twitter:data1\" content=\"1\u00a0Minute\" \/>\n<script type=\"application\/ld+json\" class=\"yoast-schema-graph\">{\"@context\":\"https:\\\/\\\/schema.org\",\"@graph\":[{\"@type\":\"WebPage\",\"@id\":\"https:\\\/\\\/www.topro.nl\\\/de\\\/product\\\/ketose\\\/rinder-ketose\\\/topro-rumen-drench-5-kg\\\/\",\"url\":\"https:\\\/\\\/www.topro.nl\\\/de\\\/product\\\/ketose\\\/rinder-ketose\\\/topro-rumen-drench-5-kg\\\/\",\"name\":\"Topro Rumen Drench 10 x 500 gr - Topro Animal Health\",\"isPartOf\":{\"@id\":\"https:\\\/\\\/www.topro.nl\\\/de\\\/#website\"},\"primaryImageOfPage\":{\"@id\":\"https:\\\/\\\/www.topro.nl\\\/de\\\/product\\\/ketose\\\/rinder-ketose\\\/topro-rumen-drench-5-kg\\\/#primaryimage\"},\"image\":{\"@id\":\"https:\\\/\\\/www.topro.nl\\\/de\\\/product\\\/ketose\\\/rinder-ketose\\\/topro-rumen-drench-5-kg\\\/#primaryimage\"},\"thumbnailUrl\":\"https:\\\/\\\/www.topro.nl\\\/wp-content\\\/uploads\\\/110034-Topro-Rumen-Drench-500g-sachet-doos-WEB.png\",\"datePublished\":\"2020-12-04T09:45:40+00:00\",\"dateModified\":\"2021-06-15T08:37:54+00:00\",\"description\":\"Rumen Drench ist ein di\u00e4tetisches Erg\u00e4nzungsfuttermittel f\u00fcr Milchk\u00fche zur Unterst\u00fctzung der Pansen- und Leberfunktion und zur Reduzierung von Austrocknung.\",\"breadcrumb\":{\"@id\":\"https:\\\/\\\/www.topro.nl\\\/de\\\/product\\\/ketose\\\/rinder-ketose\\\/topro-rumen-drench-5-kg\\\/#breadcrumb\"},\"inLanguage\":\"de\",\"potentialAction\":[{\"@type\":\"ReadAction\",\"target\":[\"https:\\\/\\\/www.topro.nl\\\/de\\\/product\\\/ketose\\\/rinder-ketose\\\/topro-rumen-drench-5-kg\\\/\"]}]},{\"@type\":\"ImageObject\",\"inLanguage\":\"de\",\"@id\":\"https:\\\/\\\/www.topro.nl\\\/de\\\/product\\\/ketose\\\/rinder-ketose\\\/topro-rumen-drench-5-kg\\\/#primaryimage\",\"url\":\"https:\\\/\\\/www.topro.nl\\\/wp-content\\\/uploads\\\/110034-Topro-Rumen-Drench-500g-sachet-doos-WEB.png\",\"contentUrl\":\"https:\\\/\\\/www.topro.nl\\\/wp-content\\\/uploads\\\/110034-Topro-Rumen-Drench-500g-sachet-doos-WEB.png\",\"width\":2000,\"height\":1784},{\"@type\":\"BreadcrumbList\",\"@id\":\"https:\\\/\\\/www.topro.nl\\\/de\\\/product\\\/ketose\\\/rinder-ketose\\\/topro-rumen-drench-5-kg\\\/#breadcrumb\",\"itemListElement\":[{\"@type\":\"ListItem\",\"position\":1,\"name\":\"Home\",\"item\":\"https:\\\/\\\/www.topro.nl\\\/de\\\/\"},{\"@type\":\"ListItem\",\"position\":2,\"name\":\"Topro Shop\",\"item\":\"https:\\\/\\\/www.topro.nl\\\/de\\\/shop\\\/\"},{\"@type\":\"ListItem\",\"position\":3,\"name\":\"Topro Rumen Drench 10 x 500 gr\"}]},{\"@type\":\"WebSite\",\"@id\":\"https:\\\/\\\/www.topro.nl\\\/de\\\/#website\",\"url\":\"https:\\\/\\\/www.topro.nl\\\/de\\\/\",\"name\":\"Topro Animal Health\",\"description\":\"\",\"publisher\":{\"@id\":\"https:\\\/\\\/www.topro.nl\\\/de\\\/#organization\"},\"potentialAction\":[{\"@type\":\"SearchAction\",\"target\":{\"@type\":\"EntryPoint\",\"urlTemplate\":\"https:\\\/\\\/www.topro.nl\\\/de\\\/?s={search_term_string}\"},\"query-input\":{\"@type\":\"PropertyValueSpecification\",\"valueRequired\":true,\"valueName\":\"search_term_string\"}}],\"inLanguage\":\"de\"},{\"@type\":\"Organization\",\"@id\":\"https:\\\/\\\/www.topro.nl\\\/de\\\/#organization\",\"name\":\"Horizont Afrastering\",\"url\":\"https:\\\/\\\/www.topro.nl\\\/de\\\/\",\"logo\":{\"@type\":\"ImageObject\",\"inLanguage\":\"de\",\"@id\":\"https:\\\/\\\/www.topro.nl\\\/de\\\/#\\\/schema\\\/logo\\\/image\\\/\",\"url\":\"\",\"contentUrl\":\"\",\"caption\":\"Horizont Afrastering\"},\"image\":{\"@id\":\"https:\\\/\\\/www.topro.nl\\\/de\\\/#\\\/schema\\\/logo\\\/image\\\/\"}}]}<\/script>\n<!-- \/ Yoast SEO plugin. -->","yoast_head_json":{"title":"Topro Rumen Drench 10 x 500 gr - Topro Animal Health","description":"Rumen Drench ist ein di\u00e4tetisches Erg\u00e4nzungsfuttermittel f\u00fcr Milchk\u00fche zur Unterst\u00fctzung der Pansen- und Leberfunktion und zur Reduzierung von Austrocknung.","robots":{"index":"index","follow":"follow","max-snippet":"max-snippet:-1","max-image-preview":"max-image-preview:large","max-video-preview":"max-video-preview:-1"},"canonical":"https:\/\/www.topro.nl\/de\/product\/ketose\/rinder-ketose\/topro-rumen-drench-5-kg\/","og_locale":"de_DE","og_type":"article","og_title":"Topro Rumen Drench 10 x 500 gr - Topro Animal Health","og_description":"Rumen Drench ist ein di\u00e4tetisches Erg\u00e4nzungsfuttermittel f\u00fcr Milchk\u00fche zur Unterst\u00fctzung der Pansen- und Leberfunktion und zur Reduzierung von Austrocknung.","og_url":"https:\/\/www.topro.nl\/de\/product\/ketose\/rinder-ketose\/topro-rumen-drench-5-kg\/","og_site_name":"Topro Animal Health","article_modified_time":"2021-06-15T08:37:54+00:00","og_image":[{"width":1181,"height":1181,"url":"https:\/\/www.topro.nl\/wp-content\/uploads\/110033-34-1.jpg","type":"image\/jpeg"}],"twitter_card":"summary_large_image","twitter_misc":{"Gesch\u00e4tzte Lesezeit":"1\u00a0Minute"},"schema":{"@context":"https:\/\/schema.org","@graph":[{"@type":"WebPage","@id":"https:\/\/www.topro.nl\/de\/product\/ketose\/rinder-ketose\/topro-rumen-drench-5-kg\/","url":"https:\/\/www.topro.nl\/de\/product\/ketose\/rinder-ketose\/topro-rumen-drench-5-kg\/","name":"Topro Rumen Drench 10 x 500 gr - Topro Animal Health","isPartOf":{"@id":"https:\/\/www.topro.nl\/de\/#website"},"primaryImageOfPage":{"@id":"https:\/\/www.topro.nl\/de\/product\/ketose\/rinder-ketose\/topro-rumen-drench-5-kg\/#primaryimage"},"image":{"@id":"https:\/\/www.topro.nl\/de\/product\/ketose\/rinder-ketose\/topro-rumen-drench-5-kg\/#primaryimage"},"thumbnailUrl":"https:\/\/www.topro.nl\/wp-content\/uploads\/110034-Topro-Rumen-Drench-500g-sachet-doos-WEB.png","datePublished":"2020-12-04T09:45:40+00:00","dateModified":"2021-06-15T08:37:54+00:00","description":"Rumen Drench ist ein di\u00e4tetisches Erg\u00e4nzungsfuttermittel f\u00fcr Milchk\u00fche zur Unterst\u00fctzung der Pansen- und Leberfunktion und zur Reduzierung von Austrocknung.","breadcrumb":{"@id":"https:\/\/www.topro.nl\/de\/product\/ketose\/rinder-ketose\/topro-rumen-drench-5-kg\/#breadcrumb"},"inLanguage":"de","potentialAction":[{"@type":"ReadAction","target":["https:\/\/www.topro.nl\/de\/product\/ketose\/rinder-ketose\/topro-rumen-drench-5-kg\/"]}]},{"@type":"ImageObject","inLanguage":"de","@id":"https:\/\/www.topro.nl\/de\/product\/ketose\/rinder-ketose\/topro-rumen-drench-5-kg\/#primaryimage","url":"https:\/\/www.topro.nl\/wp-content\/uploads\/110034-Topro-Rumen-Drench-500g-sachet-doos-WEB.png","contentUrl":"https:\/\/www.topro.nl\/wp-content\/uploads\/110034-Topro-Rumen-Drench-500g-sachet-doos-WEB.png","width":2000,"height":1784},{"@type":"BreadcrumbList","@id":"https:\/\/www.topro.nl\/de\/product\/ketose\/rinder-ketose\/topro-rumen-drench-5-kg\/#breadcrumb","itemListElement":[{"@type":"ListItem","position":1,"name":"Home","item":"https:\/\/www.topro.nl\/de\/"},{"@type":"ListItem","position":2,"name":"Topro Shop","item":"https:\/\/www.topro.nl\/de\/shop\/"},{"@type":"ListItem","position":3,"name":"Topro Rumen Drench 10 x 500 gr"}]},{"@type":"WebSite","@id":"https:\/\/www.topro.nl\/de\/#website","url":"https:\/\/www.topro.nl\/de\/","name":"Topro Animal Health","description":"","publisher":{"@id":"https:\/\/www.topro.nl\/de\/#organization"},"potentialAction":[{"@type":"SearchAction","target":{"@type":"EntryPoint","urlTemplate":"https:\/\/www.topro.nl\/de\/?s={search_term_string}"},"query-input":{"@type":"PropertyValueSpecification","valueRequired":true,"valueName":"search_term_string"}}],"inLanguage":"de"},{"@type":"Organization","@id":"https:\/\/www.topro.nl\/de\/#organization","name":"Horizont Afrastering","url":"https:\/\/www.topro.nl\/de\/","logo":{"@type":"ImageObject","inLanguage":"de","@id":"https:\/\/www.topro.nl\/de\/#\/schema\/logo\/image\/","url":"","contentUrl":"","caption":"Horizont Afrastering"},"image":{"@id":"https:\/\/www.topro.nl\/de\/#\/schema\/logo\/image\/"}}]}},"tiered_pricing_type":"fixed","tiered_pricing_fixed_rules":[],"tiered_pricing_product_settings":{"layout":"default","base_unit_name":{"singular":null,"plural":null},"default_variation":null},"tiered_pricing_minimum_quantity":null,"tiered_pricing_roles_data":[],"tiered_pricing_percentage_rules":[],"_links":{"self":[{"href":"https:\/\/www.topro.nl\/de\/wp-json\/wp\/v2\/product\/15029","targetHints":{"allow":["GET"]}}],"collection":[{"href":"https:\/\/www.topro.nl\/de\/wp-json\/wp\/v2\/product"}],"about":[{"href":"https:\/\/www.topro.nl\/de\/wp-json\/wp\/v2\/types\/product"}],"wp:featuredmedia":[{"embeddable":true,"href":"https:\/\/www.topro.nl\/de\/wp-json\/wp\/v2\/media\/19678"}],"wp:attachment":[{"href":"https:\/\/www.topro.nl\/de\/wp-json\/wp\/v2\/media?parent=15029"}],"wp:term":[{"taxonomy":"product_brand","embeddable":true,"href":"https:\/\/www.topro.nl\/de\/wp-json\/wp\/v2\/product_brand?post=15029"},{"taxonomy":"product_cat","embeddable":true,"href":"https:\/\/www.topro.nl\/de\/wp-json\/wp\/v2\/product_cat?post=15029"},{"taxonomy":"product_tag","embeddable":true,"href":"https:\/\/www.topro.nl\/de\/wp-json\/wp\/v2\/product_tag?post=15029"},{"taxonomy":"woo-feed-brand","embeddable":true,"href":"https:\/\/www.topro.nl\/de\/wp-json\/wp\/v2\/woo-feed-brand?post=15029"}],"curies":[{"name":"wp","href":"https:\/\/api.w.org\/{rel}","templated":true}]}}