{"id":15024,"date":"2021-02-16T10:05:15","date_gmt":"2021-02-16T10:05:15","guid":{"rendered":"https:\/\/www.topro.nl\/product\/unkategorisiert\/topro-rumen-bolus\/"},"modified":"2021-12-09T12:28:08","modified_gmt":"2021-12-09T12:28:08","slug":"topro-rumen-bolus","status":"publish","type":"product","link":"https:\/\/www.topro.nl\/de\/product\/ketose\/rinder-ketose\/topro-rumen-bolus\/","title":{"rendered":"Rumen Bolus 12 st."},"content":{"rendered":"<p><strong>Topro Rumen bolus<\/strong> ist ein Erg\u00e4nzungsfuttermittel f\u00fcr Rinder zur Unterst\u00fctzung der Pansenflora.<\/p>\n<h3><span style=\"color: #009cde;\">Topro Rumen bolus stimuliert die Pansenfunktion<\/span><\/h3>\n<p>Der <strong>Rumen <\/strong>bolus soll die Pansenfunktion (Psenmikroben) und die Wiederk\u00e4uaktivit\u00e4t stimulieren. W\u00e4hrend der Wiederk\u00e4uaktivit\u00e4t gelangt Speichel in den Pansen. Speichel ist reich an Bikarbonat, das den S\u00e4uregehalt (pH) des Pansens puffert und somit einer Pansens\u00e4uerung vorbeugt.<\/p>\n<h3><span style=\"color: #009cde;\">Dosierung Rumen bolus<\/span><\/h3>\n<ul>\n<li>2 Boli bei verminderter Aktivit\u00e4t der Pansenflora (Futterwechsel, Appetitlosigkeit)<\/li>\n<li>2 Boli am n\u00e4chsten Tag<\/li>\n<\/ul>\n<h3><span style=\"color: #009cde;\">Hinweis zu Dosierung und Anwendung<\/span><\/h3>\n<ul>\n<li>Mit einem geeigneten Bolus-Shooter verabreichen<\/li>\n<li>Es wird empfohlen, sich vor der Anwendung von einem Tierarzt oder Futtermittelexperten beraten zu lassen<\/li>\n<li>Lagerung: k\u00fchl, trocken und f\u00fcr Kinder unzug\u00e4nglich aufbewahren, vor Frost sch\u00fctzen<\/li>\n<\/ul>\n","protected":false},"excerpt":{"rendered":"<p>Topro Rumen bolus ist ein Erg\u00e4nzungsfuttermittel f\u00fcr Rinder zur Unterst\u00fctzung der Pansenflora. Topro Rumen bolus stimuliert die Pansenfunktion Der Rumen [&hellip;]<\/p>\n","protected":false},"featured_media":21236,"template":"","meta":{"_acf_changed":false,"ngg_post_thumbnail":0},"product_brand":[],"product_cat":[1221,1188],"product_tag":[],"woo-feed-brand":[],"class_list":{"0":"post-15024","1":"product","2":"type-product","3":"status-publish","4":"has-post-thumbnail","6":"product_cat-rinder-ketose","7":"product_cat-rinder","9":"first","10":"instock","11":"taxable","12":"shipping-taxable","13":"purchasable","14":"product-type-simple"},"acf":[],"yoast_head":"<!-- This site is optimized with the Yoast SEO plugin v27.4 - https:\/\/yoast.com\/product\/yoast-seo-wordpress\/ -->\n<title>Rumen Bolus 12 st. - Topro Animal Health<\/title>\n<meta name=\"description\" content=\"Topro Rumen bolus ist ein Erg\u00e4nzungsfuttermittel f\u00fcr Rinder, unter anderem zur Unterst\u00fctzung der Pansenflora, um einer Pansen\u00fcbers\u00e4uerung vorzubeugen.\" \/>\n<meta name=\"robots\" content=\"index, follow, max-snippet:-1, max-image-preview:large, max-video-preview:-1\" \/>\n<link rel=\"canonical\" href=\"https:\/\/www.topro.nl\/de\/product\/ketose\/rinder-ketose\/topro-rumen-bolus\/\" \/>\n<meta property=\"og:locale\" content=\"de_DE\" \/>\n<meta property=\"og:type\" content=\"article\" \/>\n<meta property=\"og:title\" content=\"Rumen Bolus 12 st. - Topro Animal Health\" \/>\n<meta property=\"og:description\" content=\"Topro Rumen bolus ist ein Erg\u00e4nzungsfuttermittel f\u00fcr Rinder, unter anderem zur Unterst\u00fctzung der Pansenflora, um einer Pansen\u00fcbers\u00e4uerung vorzubeugen.\" \/>\n<meta property=\"og:url\" content=\"https:\/\/www.topro.nl\/de\/product\/ketose\/rinder-ketose\/topro-rumen-bolus\/\" \/>\n<meta property=\"og:site_name\" content=\"Topro Animal Health\" \/>\n<meta property=\"article:modified_time\" content=\"2021-12-09T12:28:08+00:00\" \/>\n<meta property=\"og:image\" content=\"https:\/\/www.topro.nl\/wp-content\/uploads\/102150-Rumen-bolus-12-st-WEB.png\" \/>\n\t<meta property=\"og:image:width\" content=\"2000\" \/>\n\t<meta property=\"og:image:height\" content=\"1784\" \/>\n\t<meta property=\"og:image:type\" content=\"image\/png\" \/>\n<meta name=\"twitter:card\" content=\"summary_large_image\" \/>\n<meta name=\"twitter:label1\" content=\"Gesch\u00e4tzte Lesezeit\" \/>\n\t<meta name=\"twitter:data1\" content=\"1\u00a0Minute\" \/>\n<script type=\"application\/ld+json\" class=\"yoast-schema-graph\">{\"@context\":\"https:\\\/\\\/schema.org\",\"@graph\":[{\"@type\":\"WebPage\",\"@id\":\"https:\\\/\\\/www.topro.nl\\\/de\\\/product\\\/ketose\\\/rinder-ketose\\\/topro-rumen-bolus\\\/\",\"url\":\"https:\\\/\\\/www.topro.nl\\\/de\\\/product\\\/ketose\\\/rinder-ketose\\\/topro-rumen-bolus\\\/\",\"name\":\"Rumen Bolus 12 st. - Topro Animal Health\",\"isPartOf\":{\"@id\":\"https:\\\/\\\/www.topro.nl\\\/de\\\/#website\"},\"primaryImageOfPage\":{\"@id\":\"https:\\\/\\\/www.topro.nl\\\/de\\\/product\\\/ketose\\\/rinder-ketose\\\/topro-rumen-bolus\\\/#primaryimage\"},\"image\":{\"@id\":\"https:\\\/\\\/www.topro.nl\\\/de\\\/product\\\/ketose\\\/rinder-ketose\\\/topro-rumen-bolus\\\/#primaryimage\"},\"thumbnailUrl\":\"https:\\\/\\\/www.topro.nl\\\/wp-content\\\/uploads\\\/Rumen-bolus-102150-NLENDEFR-1-06082023-voor.png\",\"datePublished\":\"2021-02-16T10:05:15+00:00\",\"dateModified\":\"2021-12-09T12:28:08+00:00\",\"description\":\"Topro Rumen bolus ist ein Erg\u00e4nzungsfuttermittel f\u00fcr Rinder, unter anderem zur Unterst\u00fctzung der Pansenflora, um einer Pansen\u00fcbers\u00e4uerung vorzubeugen.\",\"breadcrumb\":{\"@id\":\"https:\\\/\\\/www.topro.nl\\\/de\\\/product\\\/ketose\\\/rinder-ketose\\\/topro-rumen-bolus\\\/#breadcrumb\"},\"inLanguage\":\"de\",\"potentialAction\":[{\"@type\":\"ReadAction\",\"target\":[\"https:\\\/\\\/www.topro.nl\\\/de\\\/product\\\/ketose\\\/rinder-ketose\\\/topro-rumen-bolus\\\/\"]}]},{\"@type\":\"ImageObject\",\"inLanguage\":\"de\",\"@id\":\"https:\\\/\\\/www.topro.nl\\\/de\\\/product\\\/ketose\\\/rinder-ketose\\\/topro-rumen-bolus\\\/#primaryimage\",\"url\":\"https:\\\/\\\/www.topro.nl\\\/wp-content\\\/uploads\\\/Rumen-bolus-102150-NLENDEFR-1-06082023-voor.png\",\"contentUrl\":\"https:\\\/\\\/www.topro.nl\\\/wp-content\\\/uploads\\\/Rumen-bolus-102150-NLENDEFR-1-06082023-voor.png\",\"width\":2000,\"height\":1784,\"caption\":\"\u201cTopro Rumen bolus \u2013 aanvullend diervoeder voor rundvee ter ondersteuning van pensflora, penswerking en herkauwactiviteit\u201d\"},{\"@type\":\"BreadcrumbList\",\"@id\":\"https:\\\/\\\/www.topro.nl\\\/de\\\/product\\\/ketose\\\/rinder-ketose\\\/topro-rumen-bolus\\\/#breadcrumb\",\"itemListElement\":[{\"@type\":\"ListItem\",\"position\":1,\"name\":\"Home\",\"item\":\"https:\\\/\\\/www.topro.nl\\\/de\\\/\"},{\"@type\":\"ListItem\",\"position\":2,\"name\":\"Topro Shop\",\"item\":\"https:\\\/\\\/www.topro.nl\\\/de\\\/shop\\\/\"},{\"@type\":\"ListItem\",\"position\":3,\"name\":\"Rumen Bolus 12 st.\"}]},{\"@type\":\"WebSite\",\"@id\":\"https:\\\/\\\/www.topro.nl\\\/de\\\/#website\",\"url\":\"https:\\\/\\\/www.topro.nl\\\/de\\\/\",\"name\":\"Topro Animal Health\",\"description\":\"\",\"publisher\":{\"@id\":\"https:\\\/\\\/www.topro.nl\\\/de\\\/#organization\"},\"potentialAction\":[{\"@type\":\"SearchAction\",\"target\":{\"@type\":\"EntryPoint\",\"urlTemplate\":\"https:\\\/\\\/www.topro.nl\\\/de\\\/?s={search_term_string}\"},\"query-input\":{\"@type\":\"PropertyValueSpecification\",\"valueRequired\":true,\"valueName\":\"search_term_string\"}}],\"inLanguage\":\"de\"},{\"@type\":\"Organization\",\"@id\":\"https:\\\/\\\/www.topro.nl\\\/de\\\/#organization\",\"name\":\"Horizont Afrastering\",\"url\":\"https:\\\/\\\/www.topro.nl\\\/de\\\/\",\"logo\":{\"@type\":\"ImageObject\",\"inLanguage\":\"de\",\"@id\":\"https:\\\/\\\/www.topro.nl\\\/de\\\/#\\\/schema\\\/logo\\\/image\\\/\",\"url\":\"\",\"contentUrl\":\"\",\"caption\":\"Horizont Afrastering\"},\"image\":{\"@id\":\"https:\\\/\\\/www.topro.nl\\\/de\\\/#\\\/schema\\\/logo\\\/image\\\/\"}}]}<\/script>\n<!-- \/ Yoast SEO plugin. -->","yoast_head_json":{"title":"Rumen Bolus 12 st. - Topro Animal Health","description":"Topro Rumen bolus ist ein Erg\u00e4nzungsfuttermittel f\u00fcr Rinder, unter anderem zur Unterst\u00fctzung der Pansenflora, um einer Pansen\u00fcbers\u00e4uerung vorzubeugen.","robots":{"index":"index","follow":"follow","max-snippet":"max-snippet:-1","max-image-preview":"max-image-preview:large","max-video-preview":"max-video-preview:-1"},"canonical":"https:\/\/www.topro.nl\/de\/product\/ketose\/rinder-ketose\/topro-rumen-bolus\/","og_locale":"de_DE","og_type":"article","og_title":"Rumen Bolus 12 st. - Topro Animal Health","og_description":"Topro Rumen bolus ist ein Erg\u00e4nzungsfuttermittel f\u00fcr Rinder, unter anderem zur Unterst\u00fctzung der Pansenflora, um einer Pansen\u00fcbers\u00e4uerung vorzubeugen.","og_url":"https:\/\/www.topro.nl\/de\/product\/ketose\/rinder-ketose\/topro-rumen-bolus\/","og_site_name":"Topro Animal Health","article_modified_time":"2021-12-09T12:28:08+00:00","og_image":[{"width":2000,"height":1784,"url":"https:\/\/www.topro.nl\/wp-content\/uploads\/102150-Rumen-bolus-12-st-WEB.png","type":"image\/png"}],"twitter_card":"summary_large_image","twitter_misc":{"Gesch\u00e4tzte Lesezeit":"1\u00a0Minute"},"schema":{"@context":"https:\/\/schema.org","@graph":[{"@type":"WebPage","@id":"https:\/\/www.topro.nl\/de\/product\/ketose\/rinder-ketose\/topro-rumen-bolus\/","url":"https:\/\/www.topro.nl\/de\/product\/ketose\/rinder-ketose\/topro-rumen-bolus\/","name":"Rumen Bolus 12 st. - Topro Animal Health","isPartOf":{"@id":"https:\/\/www.topro.nl\/de\/#website"},"primaryImageOfPage":{"@id":"https:\/\/www.topro.nl\/de\/product\/ketose\/rinder-ketose\/topro-rumen-bolus\/#primaryimage"},"image":{"@id":"https:\/\/www.topro.nl\/de\/product\/ketose\/rinder-ketose\/topro-rumen-bolus\/#primaryimage"},"thumbnailUrl":"https:\/\/www.topro.nl\/wp-content\/uploads\/Rumen-bolus-102150-NLENDEFR-1-06082023-voor.png","datePublished":"2021-02-16T10:05:15+00:00","dateModified":"2021-12-09T12:28:08+00:00","description":"Topro Rumen bolus ist ein Erg\u00e4nzungsfuttermittel f\u00fcr Rinder, unter anderem zur Unterst\u00fctzung der Pansenflora, um einer Pansen\u00fcbers\u00e4uerung vorzubeugen.","breadcrumb":{"@id":"https:\/\/www.topro.nl\/de\/product\/ketose\/rinder-ketose\/topro-rumen-bolus\/#breadcrumb"},"inLanguage":"de","potentialAction":[{"@type":"ReadAction","target":["https:\/\/www.topro.nl\/de\/product\/ketose\/rinder-ketose\/topro-rumen-bolus\/"]}]},{"@type":"ImageObject","inLanguage":"de","@id":"https:\/\/www.topro.nl\/de\/product\/ketose\/rinder-ketose\/topro-rumen-bolus\/#primaryimage","url":"https:\/\/www.topro.nl\/wp-content\/uploads\/Rumen-bolus-102150-NLENDEFR-1-06082023-voor.png","contentUrl":"https:\/\/www.topro.nl\/wp-content\/uploads\/Rumen-bolus-102150-NLENDEFR-1-06082023-voor.png","width":2000,"height":1784,"caption":"\u201cTopro Rumen bolus \u2013 aanvullend diervoeder voor rundvee ter ondersteuning van pensflora, penswerking en herkauwactiviteit\u201d"},{"@type":"BreadcrumbList","@id":"https:\/\/www.topro.nl\/de\/product\/ketose\/rinder-ketose\/topro-rumen-bolus\/#breadcrumb","itemListElement":[{"@type":"ListItem","position":1,"name":"Home","item":"https:\/\/www.topro.nl\/de\/"},{"@type":"ListItem","position":2,"name":"Topro Shop","item":"https:\/\/www.topro.nl\/de\/shop\/"},{"@type":"ListItem","position":3,"name":"Rumen Bolus 12 st."}]},{"@type":"WebSite","@id":"https:\/\/www.topro.nl\/de\/#website","url":"https:\/\/www.topro.nl\/de\/","name":"Topro Animal Health","description":"","publisher":{"@id":"https:\/\/www.topro.nl\/de\/#organization"},"potentialAction":[{"@type":"SearchAction","target":{"@type":"EntryPoint","urlTemplate":"https:\/\/www.topro.nl\/de\/?s={search_term_string}"},"query-input":{"@type":"PropertyValueSpecification","valueRequired":true,"valueName":"search_term_string"}}],"inLanguage":"de"},{"@type":"Organization","@id":"https:\/\/www.topro.nl\/de\/#organization","name":"Horizont Afrastering","url":"https:\/\/www.topro.nl\/de\/","logo":{"@type":"ImageObject","inLanguage":"de","@id":"https:\/\/www.topro.nl\/de\/#\/schema\/logo\/image\/","url":"","contentUrl":"","caption":"Horizont Afrastering"},"image":{"@id":"https:\/\/www.topro.nl\/de\/#\/schema\/logo\/image\/"}}]}},"tiered_pricing_type":"fixed","tiered_pricing_fixed_rules":[],"tiered_pricing_product_settings":{"layout":"default","base_unit_name":{"singular":null,"plural":null},"default_variation":null},"tiered_pricing_minimum_quantity":null,"tiered_pricing_roles_data":[],"tiered_pricing_percentage_rules":[],"_links":{"self":[{"href":"https:\/\/www.topro.nl\/de\/wp-json\/wp\/v2\/product\/15024","targetHints":{"allow":["GET"]}}],"collection":[{"href":"https:\/\/www.topro.nl\/de\/wp-json\/wp\/v2\/product"}],"about":[{"href":"https:\/\/www.topro.nl\/de\/wp-json\/wp\/v2\/types\/product"}],"wp:featuredmedia":[{"embeddable":true,"href":"https:\/\/www.topro.nl\/de\/wp-json\/wp\/v2\/media\/21236"}],"wp:attachment":[{"href":"https:\/\/www.topro.nl\/de\/wp-json\/wp\/v2\/media?parent=15024"}],"wp:term":[{"taxonomy":"product_brand","embeddable":true,"href":"https:\/\/www.topro.nl\/de\/wp-json\/wp\/v2\/product_brand?post=15024"},{"taxonomy":"product_cat","embeddable":true,"href":"https:\/\/www.topro.nl\/de\/wp-json\/wp\/v2\/product_cat?post=15024"},{"taxonomy":"product_tag","embeddable":true,"href":"https:\/\/www.topro.nl\/de\/wp-json\/wp\/v2\/product_tag?post=15024"},{"taxonomy":"woo-feed-brand","embeddable":true,"href":"https:\/\/www.topro.nl\/de\/wp-json\/wp\/v2\/woo-feed-brand?post=15024"}],"curies":[{"name":"wp","href":"https:\/\/api.w.org\/{rel}","templated":true}]}}