{"id":11763,"date":"2020-07-10T08:59:49","date_gmt":"2020-07-10T08:59:49","guid":{"rendered":"https:\/\/www.topro.nl\/product\/unkategorisiert\/startpakket-topro-recover-5-kg\/"},"modified":"2021-07-12T09:51:10","modified_gmt":"2021-07-12T09:51:10","slug":"startpakket-topro-recover-5-kg","status":"publish","type":"product","link":"https:\/\/www.topro.nl\/de\/product\/ketose\/rinder-ketose\/startpakket-topro-recover-5-kg\/","title":{"rendered":"Startpakket Topro Recover 5 kg"},"content":{"rendered":"<h3><span style=\"color: #63b33a\">Inhalt Recover Starter Pack:<\/span><\/h3>\n<ul>\n<li>5 kg Topro Recover<\/li>\n<li>1 Topro Recover Eimer (20 l)<\/li>\n<li>1 Schneebesen Edelstahl<\/li>\n<\/ul>\n<p>Eine \u201everletzliche Phase\u201c im Leben der Milchkuh ist die Zeit um das Kalben. Es finden gro\u00dfe Ver\u00e4nderungen statt, einschlie\u00dflich der Geburt des Kalbes. Das kostet viel Energie und die Kuh verliert viel Feuchtigkeit. Eine zus\u00e4tzliche Fl\u00fcssigkeits- und Energiezufuhr ist wichtig, damit die Kuh nach dem Kalben m\u00f6glichst optimal anlaufen kann. Ein effektiver Weg, dies zu tun, ist die Verwaltung des Topro Recover.<\/p>\n<h3><span style=\"color: #009cde\">Topro Recover f\u00fcr gute Widerstandskraft und Pansenfunktion<\/span><\/h3>\n<p>Dieses Topro Kuhgetr\u00e4nk vereint Energie, Calcium, Magnesium, Vitamine, Spurenelemente und Antioxidantien. Die Zugabe von Energie f\u00fchrt dazu, dass sich die Kuh fitter f\u00fchlt und eher dazu neigt, zum Fressen zum Fressgitter zu gehen. Calcium wurde hinzugef\u00fcgt, um den hohen Calciumbedarf nach dem Kalben zu decken. Magnesium wurde hinzugef\u00fcgt, weil es wie Kalzium f\u00fcr das reibungslose Funktionieren der Muskeln wichtig ist. Die zugesetzten Vitamine und Spurenelemente unterst\u00fctzen die Widerstandskraft und Pansenfunktion.<\/p>\n<h3><span style=\"color: #009cde\">Topro Recover f\u00fcr einen guten Stoffwechsel<\/span><\/h3>\n<p><strong>Uniek<\/strong>\u00a0aan de Topro Recover is de\u00a0<strong>toevoeging<\/strong>\u00a0van\u00a0<strong>niacine<\/strong>, antioxidanten in de vorm van polyfenolen en een meloenaroma. Niacine is van groot belang voor het algemene metabolisme (stofwisseling). Antioxidanten zijn belangrijk bij het tegengaan van oxidatieve stress. Het meloenaroma draagt bij aan een uitstekende opname. Topro Recover moet worden opgelost in 20 liter warm water. Dit heeft als voordeel dat de pens direct na het afkalven gevuld wordt waarmee de kans op lebmaagdraaiingen wordt verkleind. Door de\u00a0<strong>handige portieverpakking<\/strong>\u00a0bent u altijd verzekerd van een juiste dosering en vers product.<\/p>\n<h3><span style=\"color: #009cde\">Hinweis zu Dosierung und Anwendung<\/span><\/h3>\n<ul>\n<li>Geben Sie Topro Recover so schnell wie m\u00f6glich nach dem Kalben<\/li>\n<li>1 Beutel in 20 Liter lauwarmem Wasser (\u00b138 \u00b0C) aufl\u00f6sen<\/li>\n<li>R\u00fchren, bis sich das Produkt vollst\u00e4ndig aufgel\u00f6st hat<\/li>\n<\/ul>\n<h3><span style=\"color: #009cde\">Im Lieferumfang:<\/span><\/h3>\n<ul>\n<li>5 kg Topro Recover<\/li>\n<li>1 Topro Recover Eimer (20 l)<\/li>\n<li>1 Schneebesen Edelstahl<\/li>\n<\/ul>\n","protected":false},"excerpt":{"rendered":"<p>Inhalt Recover Starter Pack: 5 kg Topro Recover 1 Topro Recover Eimer (20 l) 1 Schneebesen Edelstahl Eine \u201everletzliche Phase\u201c [&hellip;]<\/p>\n","protected":false},"featured_media":20036,"template":"","meta":{"_acf_changed":false,"ngg_post_thumbnail":0},"product_brand":[],"product_cat":[1030,1203,1144,1145,1188,1046,1221],"product_tag":[],"woo-feed-brand":[],"class_list":{"0":"post-11763","1":"product","2":"type-product","3":"status-publish","4":"has-post-thumbnail","6":"product_cat-durchfall","7":"product_cat-rinder-milchkrankheit","8":"product_cat-milchkrankheit","9":"product_cat-milchkrankheit-rinder","10":"product_cat-rinder","11":"product_cat-rinder-durchfall","12":"product_cat-rinder-ketose","14":"first","15":"instock","16":"taxable","17":"shipping-taxable","18":"purchasable","19":"product-type-simple"},"acf":[],"yoast_head":"<!-- This site is optimized with the Yoast SEO plugin v27.4 - https:\/\/yoast.com\/product\/yoast-seo-wordpress\/ -->\n<title>Startpakket Topro Recover 5 kg - Topro Animal Health<\/title>\n<meta name=\"description\" content=\"Das Topro Recover 5 kg ist ein Kuhgetr\u00e4nk, das speziell entwickelt wurde, um Energie, Kalzium, Magnesium, Vitamine, Spurenelemente und Antioxidantien zu liefern.\" \/>\n<meta name=\"robots\" content=\"index, follow, max-snippet:-1, max-image-preview:large, max-video-preview:-1\" \/>\n<link rel=\"canonical\" href=\"https:\/\/www.topro.nl\/de\/product\/ketose\/rinder-ketose\/startpakket-topro-recover-5-kg\/\" \/>\n<meta property=\"og:locale\" content=\"de_DE\" \/>\n<meta property=\"og:type\" content=\"article\" \/>\n<meta property=\"og:title\" content=\"Startpakket Topro Recover 5 kg - Topro Animal Health\" \/>\n<meta property=\"og:description\" content=\"Das Topro Recover 5 kg ist ein Kuhgetr\u00e4nk, das speziell entwickelt wurde, um Energie, Kalzium, Magnesium, Vitamine, Spurenelemente und Antioxidantien zu liefern.\" \/>\n<meta property=\"og:url\" content=\"https:\/\/www.topro.nl\/de\/product\/ketose\/rinder-ketose\/startpakket-topro-recover-5-kg\/\" \/>\n<meta property=\"og:site_name\" content=\"Topro Animal Health\" \/>\n<meta property=\"article:modified_time\" content=\"2021-07-12T09:51:10+00:00\" \/>\n<meta property=\"og:image\" content=\"https:\/\/www.topro.nl\/wp-content\/uploads\/110005-Actie-Recover-startpakket-WEB.png\" \/>\n\t<meta property=\"og:image:width\" content=\"2000\" \/>\n\t<meta property=\"og:image:height\" content=\"1784\" \/>\n\t<meta property=\"og:image:type\" content=\"image\/png\" \/>\n<meta name=\"twitter:card\" content=\"summary_large_image\" \/>\n<meta name=\"twitter:label1\" content=\"Gesch\u00e4tzte Lesezeit\" \/>\n\t<meta name=\"twitter:data1\" content=\"2\u00a0Minuten\" \/>\n<script type=\"application\/ld+json\" class=\"yoast-schema-graph\">{\"@context\":\"https:\\\/\\\/schema.org\",\"@graph\":[{\"@type\":\"WebPage\",\"@id\":\"https:\\\/\\\/www.topro.nl\\\/de\\\/product\\\/ketose\\\/rinder-ketose\\\/startpakket-topro-recover-5-kg\\\/\",\"url\":\"https:\\\/\\\/www.topro.nl\\\/de\\\/product\\\/ketose\\\/rinder-ketose\\\/startpakket-topro-recover-5-kg\\\/\",\"name\":\"Startpakket Topro Recover 5 kg - Topro Animal Health\",\"isPartOf\":{\"@id\":\"https:\\\/\\\/www.topro.nl\\\/de\\\/#website\"},\"primaryImageOfPage\":{\"@id\":\"https:\\\/\\\/www.topro.nl\\\/de\\\/product\\\/ketose\\\/rinder-ketose\\\/startpakket-topro-recover-5-kg\\\/#primaryimage\"},\"image\":{\"@id\":\"https:\\\/\\\/www.topro.nl\\\/de\\\/product\\\/ketose\\\/rinder-ketose\\\/startpakket-topro-recover-5-kg\\\/#primaryimage\"},\"thumbnailUrl\":\"https:\\\/\\\/www.topro.nl\\\/wp-content\\\/uploads\\\/110005-Actie-Recover-startpakket-WEB.png\",\"datePublished\":\"2020-07-10T08:59:49+00:00\",\"dateModified\":\"2021-07-12T09:51:10+00:00\",\"description\":\"Das Topro Recover 5 kg ist ein Kuhgetr\u00e4nk, das speziell entwickelt wurde, um Energie, Kalzium, Magnesium, Vitamine, Spurenelemente und Antioxidantien zu liefern.\",\"breadcrumb\":{\"@id\":\"https:\\\/\\\/www.topro.nl\\\/de\\\/product\\\/ketose\\\/rinder-ketose\\\/startpakket-topro-recover-5-kg\\\/#breadcrumb\"},\"inLanguage\":\"de\",\"potentialAction\":[{\"@type\":\"ReadAction\",\"target\":[\"https:\\\/\\\/www.topro.nl\\\/de\\\/product\\\/ketose\\\/rinder-ketose\\\/startpakket-topro-recover-5-kg\\\/\"]}]},{\"@type\":\"ImageObject\",\"inLanguage\":\"de\",\"@id\":\"https:\\\/\\\/www.topro.nl\\\/de\\\/product\\\/ketose\\\/rinder-ketose\\\/startpakket-topro-recover-5-kg\\\/#primaryimage\",\"url\":\"https:\\\/\\\/www.topro.nl\\\/wp-content\\\/uploads\\\/110005-Actie-Recover-startpakket-WEB.png\",\"contentUrl\":\"https:\\\/\\\/www.topro.nl\\\/wp-content\\\/uploads\\\/110005-Actie-Recover-startpakket-WEB.png\",\"width\":2000,\"height\":1784},{\"@type\":\"BreadcrumbList\",\"@id\":\"https:\\\/\\\/www.topro.nl\\\/de\\\/product\\\/ketose\\\/rinder-ketose\\\/startpakket-topro-recover-5-kg\\\/#breadcrumb\",\"itemListElement\":[{\"@type\":\"ListItem\",\"position\":1,\"name\":\"Home\",\"item\":\"https:\\\/\\\/www.topro.nl\\\/de\\\/\"},{\"@type\":\"ListItem\",\"position\":2,\"name\":\"Topro Shop\",\"item\":\"https:\\\/\\\/www.topro.nl\\\/de\\\/shop\\\/\"},{\"@type\":\"ListItem\",\"position\":3,\"name\":\"Startpakket Topro Recover 5 kg\"}]},{\"@type\":\"WebSite\",\"@id\":\"https:\\\/\\\/www.topro.nl\\\/de\\\/#website\",\"url\":\"https:\\\/\\\/www.topro.nl\\\/de\\\/\",\"name\":\"Topro Animal Health\",\"description\":\"\",\"publisher\":{\"@id\":\"https:\\\/\\\/www.topro.nl\\\/de\\\/#organization\"},\"potentialAction\":[{\"@type\":\"SearchAction\",\"target\":{\"@type\":\"EntryPoint\",\"urlTemplate\":\"https:\\\/\\\/www.topro.nl\\\/de\\\/?s={search_term_string}\"},\"query-input\":{\"@type\":\"PropertyValueSpecification\",\"valueRequired\":true,\"valueName\":\"search_term_string\"}}],\"inLanguage\":\"de\"},{\"@type\":\"Organization\",\"@id\":\"https:\\\/\\\/www.topro.nl\\\/de\\\/#organization\",\"name\":\"Horizont Afrastering\",\"url\":\"https:\\\/\\\/www.topro.nl\\\/de\\\/\",\"logo\":{\"@type\":\"ImageObject\",\"inLanguage\":\"de\",\"@id\":\"https:\\\/\\\/www.topro.nl\\\/de\\\/#\\\/schema\\\/logo\\\/image\\\/\",\"url\":\"\",\"contentUrl\":\"\",\"caption\":\"Horizont Afrastering\"},\"image\":{\"@id\":\"https:\\\/\\\/www.topro.nl\\\/de\\\/#\\\/schema\\\/logo\\\/image\\\/\"}}]}<\/script>\n<!-- \/ Yoast SEO plugin. -->","yoast_head_json":{"title":"Startpakket Topro Recover 5 kg - Topro Animal Health","description":"Das Topro Recover 5 kg ist ein Kuhgetr\u00e4nk, das speziell entwickelt wurde, um Energie, Kalzium, Magnesium, Vitamine, Spurenelemente und Antioxidantien zu liefern.","robots":{"index":"index","follow":"follow","max-snippet":"max-snippet:-1","max-image-preview":"max-image-preview:large","max-video-preview":"max-video-preview:-1"},"canonical":"https:\/\/www.topro.nl\/de\/product\/ketose\/rinder-ketose\/startpakket-topro-recover-5-kg\/","og_locale":"de_DE","og_type":"article","og_title":"Startpakket Topro Recover 5 kg - Topro Animal Health","og_description":"Das Topro Recover 5 kg ist ein Kuhgetr\u00e4nk, das speziell entwickelt wurde, um Energie, Kalzium, Magnesium, Vitamine, Spurenelemente und Antioxidantien zu liefern.","og_url":"https:\/\/www.topro.nl\/de\/product\/ketose\/rinder-ketose\/startpakket-topro-recover-5-kg\/","og_site_name":"Topro Animal Health","article_modified_time":"2021-07-12T09:51:10+00:00","og_image":[{"width":2000,"height":1784,"url":"https:\/\/www.topro.nl\/wp-content\/uploads\/110005-Actie-Recover-startpakket-WEB.png","type":"image\/png"}],"twitter_card":"summary_large_image","twitter_misc":{"Gesch\u00e4tzte Lesezeit":"2\u00a0Minuten"},"schema":{"@context":"https:\/\/schema.org","@graph":[{"@type":"WebPage","@id":"https:\/\/www.topro.nl\/de\/product\/ketose\/rinder-ketose\/startpakket-topro-recover-5-kg\/","url":"https:\/\/www.topro.nl\/de\/product\/ketose\/rinder-ketose\/startpakket-topro-recover-5-kg\/","name":"Startpakket Topro Recover 5 kg - Topro Animal Health","isPartOf":{"@id":"https:\/\/www.topro.nl\/de\/#website"},"primaryImageOfPage":{"@id":"https:\/\/www.topro.nl\/de\/product\/ketose\/rinder-ketose\/startpakket-topro-recover-5-kg\/#primaryimage"},"image":{"@id":"https:\/\/www.topro.nl\/de\/product\/ketose\/rinder-ketose\/startpakket-topro-recover-5-kg\/#primaryimage"},"thumbnailUrl":"https:\/\/www.topro.nl\/wp-content\/uploads\/110005-Actie-Recover-startpakket-WEB.png","datePublished":"2020-07-10T08:59:49+00:00","dateModified":"2021-07-12T09:51:10+00:00","description":"Das Topro Recover 5 kg ist ein Kuhgetr\u00e4nk, das speziell entwickelt wurde, um Energie, Kalzium, Magnesium, Vitamine, Spurenelemente und Antioxidantien zu liefern.","breadcrumb":{"@id":"https:\/\/www.topro.nl\/de\/product\/ketose\/rinder-ketose\/startpakket-topro-recover-5-kg\/#breadcrumb"},"inLanguage":"de","potentialAction":[{"@type":"ReadAction","target":["https:\/\/www.topro.nl\/de\/product\/ketose\/rinder-ketose\/startpakket-topro-recover-5-kg\/"]}]},{"@type":"ImageObject","inLanguage":"de","@id":"https:\/\/www.topro.nl\/de\/product\/ketose\/rinder-ketose\/startpakket-topro-recover-5-kg\/#primaryimage","url":"https:\/\/www.topro.nl\/wp-content\/uploads\/110005-Actie-Recover-startpakket-WEB.png","contentUrl":"https:\/\/www.topro.nl\/wp-content\/uploads\/110005-Actie-Recover-startpakket-WEB.png","width":2000,"height":1784},{"@type":"BreadcrumbList","@id":"https:\/\/www.topro.nl\/de\/product\/ketose\/rinder-ketose\/startpakket-topro-recover-5-kg\/#breadcrumb","itemListElement":[{"@type":"ListItem","position":1,"name":"Home","item":"https:\/\/www.topro.nl\/de\/"},{"@type":"ListItem","position":2,"name":"Topro Shop","item":"https:\/\/www.topro.nl\/de\/shop\/"},{"@type":"ListItem","position":3,"name":"Startpakket Topro Recover 5 kg"}]},{"@type":"WebSite","@id":"https:\/\/www.topro.nl\/de\/#website","url":"https:\/\/www.topro.nl\/de\/","name":"Topro Animal Health","description":"","publisher":{"@id":"https:\/\/www.topro.nl\/de\/#organization"},"potentialAction":[{"@type":"SearchAction","target":{"@type":"EntryPoint","urlTemplate":"https:\/\/www.topro.nl\/de\/?s={search_term_string}"},"query-input":{"@type":"PropertyValueSpecification","valueRequired":true,"valueName":"search_term_string"}}],"inLanguage":"de"},{"@type":"Organization","@id":"https:\/\/www.topro.nl\/de\/#organization","name":"Horizont Afrastering","url":"https:\/\/www.topro.nl\/de\/","logo":{"@type":"ImageObject","inLanguage":"de","@id":"https:\/\/www.topro.nl\/de\/#\/schema\/logo\/image\/","url":"","contentUrl":"","caption":"Horizont Afrastering"},"image":{"@id":"https:\/\/www.topro.nl\/de\/#\/schema\/logo\/image\/"}}]}},"tiered_pricing_type":"fixed","tiered_pricing_fixed_rules":[],"tiered_pricing_product_settings":{"layout":"default","base_unit_name":{"singular":null,"plural":null},"default_variation":null},"tiered_pricing_minimum_quantity":null,"tiered_pricing_roles_data":[],"tiered_pricing_percentage_rules":[],"_links":{"self":[{"href":"https:\/\/www.topro.nl\/de\/wp-json\/wp\/v2\/product\/11763","targetHints":{"allow":["GET"]}}],"collection":[{"href":"https:\/\/www.topro.nl\/de\/wp-json\/wp\/v2\/product"}],"about":[{"href":"https:\/\/www.topro.nl\/de\/wp-json\/wp\/v2\/types\/product"}],"wp:featuredmedia":[{"embeddable":true,"href":"https:\/\/www.topro.nl\/de\/wp-json\/wp\/v2\/media\/20036"}],"wp:attachment":[{"href":"https:\/\/www.topro.nl\/de\/wp-json\/wp\/v2\/media?parent=11763"}],"wp:term":[{"taxonomy":"product_brand","embeddable":true,"href":"https:\/\/www.topro.nl\/de\/wp-json\/wp\/v2\/product_brand?post=11763"},{"taxonomy":"product_cat","embeddable":true,"href":"https:\/\/www.topro.nl\/de\/wp-json\/wp\/v2\/product_cat?post=11763"},{"taxonomy":"product_tag","embeddable":true,"href":"https:\/\/www.topro.nl\/de\/wp-json\/wp\/v2\/product_tag?post=11763"},{"taxonomy":"woo-feed-brand","embeddable":true,"href":"https:\/\/www.topro.nl\/de\/wp-json\/wp\/v2\/woo-feed-brand?post=11763"}],"curies":[{"name":"wp","href":"https:\/\/api.w.org\/{rel}","templated":true}]}}