{"id":11730,"date":"2020-06-04T14:28:15","date_gmt":"2020-06-04T14:28:15","guid":{"rendered":"https:\/\/www.topro.nl\/product\/unkategorisiert\/topro-diarfix-5kg\/"},"modified":"2025-12-02T03:25:32","modified_gmt":"2025-12-02T03:25:32","slug":"topro-diarfix-5kg","status":"publish","type":"product","link":"https:\/\/www.topro.nl\/de\/product\/widerstand\/kalber-widerstand\/topro-diarfix-5kg\/","title":{"rendered":"DiarFix 5kg"},"content":{"rendered":"<p>Topro Diarfix ist ein Produkt, das bei oder w\u00e4hrend des Risikos von Verdauungsst\u00f6rungen verwendet wird. Topro DiarFix enth\u00e4lt die Grundelemente f\u00fcr ein Durchfallmittel wie: Energie, Elektrolyte, Vitamine und Puffersubstanzen. Leinsamen, Hefezellw\u00e4nde und Oregano wurden ebenfalls hinzugef\u00fcgt.<\/p>\n<h3><span style=\"color: #009cde\">Topro DiarFix f\u00f6rdert Widerstandskraft und Gesundheit!<\/span><\/h3>\n<p>Energie wird in Form von Traubenzucker zugef\u00fchrt. Natriumbicarbonat wirkt einer \u00dcbers\u00e4uerung entgegen und die Elektrolyte erg\u00e4nzen den daraus resultierenden Elektrolytmangel. Hefezellw\u00e4nde (MOS) wirken pr\u00e4biotisch und f\u00f6rdern die Gesundheit, unter anderem indem sie die Produktion von Antik\u00f6rpern anregen. Es bindet auch an pathogene Bakterien wie E-coli und Salmonellen (Heinrichs, Jones &amp; Heinrichs, 2003). Leinsamen legt unter anderem eine Schutzschicht an der Darmwand und wird seit Jahrhunderten gegen Durchfall eingesetzt. Oregano ist in der Lage, pathogene Bakterien zu binden und zu inaktivieren, indem es deren Zellw\u00e4nde angreift. Die zugesetzten Vitamine f\u00f6rdern und unterst\u00fctzen die Widerstandskraft und die Gesundheit des Tieres. Dabei spielen auch die zugesetzten Spurenelemente eine wichtige Rolle. Dar\u00fcber hinaus spielen die Spurenelemente Kupfer und Selen eine wichtige Rolle beim Schutz vor freien Radikalen.<\/p>\n<h3><span style=\"color: #009cde\">Dosiering DiarFix<\/span><\/h3>\n<p>Verwenden Sie Topro DiarFix bei oder w\u00e4hrend des Risikos von Verdauungsst\u00f6rungen (Durchfall).<\/p>\n<ul>\n<li><strong>Dosierung heilend<\/strong>: 60 Gramm pro Liter Wasser f\u00fcr 1-3 Tage<\/li>\n<li><strong>Doseerung vorbeugend<\/strong>: 20 Gramm pro Liter Milch f\u00fcr 1-7 Tage<\/li>\n<\/ul>\n","protected":false},"excerpt":{"rendered":"<p>Topro Diarfix ist ein Produkt, das bei oder w\u00e4hrend des Risikos von Verdauungsst\u00f6rungen verwendet wird. Topro DiarFix enth\u00e4lt die Grundelemente [&hellip;]<\/p>\n","protected":false},"featured_media":19846,"template":"","meta":{"_acf_changed":false,"ngg_post_thumbnail":0},"product_brand":[],"product_cat":[1071,1030,1190,1069,1191,1309,1042,1188,1306,1087],"product_tag":[],"woo-feed-brand":[],"class_list":{"0":"post-11730","1":"product","2":"type-product","3":"status-publish","4":"has-post-thumbnail","6":"product_cat-durchfall-kalber","7":"product_cat-durchfall","8":"product_cat-durchfall-rinder","9":"product_cat-kalber","10":"product_cat-kalber-rinder","11":"product_cat-kalber-widerstand","12":"product_cat-kalber-durchfall","13":"product_cat-rinder","14":"product_cat-widerstand","15":"product_cat-widerstand-kaelber","17":"first","18":"instock","19":"taxable","20":"shipping-taxable","21":"purchasable","22":"product-type-simple"},"acf":[],"yoast_head":"<!-- This site is optimized with the Yoast SEO plugin v27.4 - https:\/\/yoast.com\/product\/yoast-seo-wordpress\/ -->\n<title>DiarFix 5kg - Topro Animal Health<\/title>\n<meta name=\"description\" content=\"Der Topro DiarFix wurde mit dem Ziel hergestellt, sowohl die Ursache von Durchfall als auch die Folgen von Durchfall zu bek\u00e4mpfen.\" \/>\n<meta name=\"robots\" content=\"index, follow, max-snippet:-1, max-image-preview:large, max-video-preview:-1\" \/>\n<link rel=\"canonical\" href=\"https:\/\/www.topro.nl\/de\/product\/widerstand\/kalber-widerstand\/topro-diarfix-5kg\/\" \/>\n<meta property=\"og:locale\" content=\"de_DE\" \/>\n<meta property=\"og:type\" content=\"article\" \/>\n<meta property=\"og:title\" content=\"DiarFix 5kg - Topro Animal Health\" \/>\n<meta property=\"og:description\" content=\"Der Topro DiarFix wurde mit dem Ziel hergestellt, sowohl die Ursache von Durchfall als auch die Folgen von Durchfall zu bek\u00e4mpfen.\" \/>\n<meta property=\"og:url\" content=\"https:\/\/www.topro.nl\/de\/product\/widerstand\/kalber-widerstand\/topro-diarfix-5kg\/\" \/>\n<meta property=\"og:site_name\" content=\"Topro Animal Health\" \/>\n<meta property=\"article:modified_time\" content=\"2025-12-02T03:25:32+00:00\" \/>\n<meta property=\"og:image\" content=\"https:\/\/www.topro.nl\/wp-content\/uploads\/102111_Topro_DiarFix_5-kg.jpg\" \/>\n\t<meta property=\"og:image:width\" content=\"591\" \/>\n\t<meta property=\"og:image:height\" content=\"591\" \/>\n\t<meta property=\"og:image:type\" content=\"image\/jpeg\" \/>\n<meta name=\"twitter:card\" content=\"summary_large_image\" \/>\n<meta name=\"twitter:label1\" content=\"Gesch\u00e4tzte Lesezeit\" \/>\n\t<meta name=\"twitter:data1\" content=\"1\u00a0Minute\" \/>\n<script type=\"application\/ld+json\" class=\"yoast-schema-graph\">{\"@context\":\"https:\\\/\\\/schema.org\",\"@graph\":[{\"@type\":\"WebPage\",\"@id\":\"https:\\\/\\\/www.topro.nl\\\/de\\\/product\\\/widerstand\\\/kalber-widerstand\\\/topro-diarfix-5kg\\\/\",\"url\":\"https:\\\/\\\/www.topro.nl\\\/de\\\/product\\\/widerstand\\\/kalber-widerstand\\\/topro-diarfix-5kg\\\/\",\"name\":\"DiarFix 5kg - Topro Animal Health\",\"isPartOf\":{\"@id\":\"https:\\\/\\\/www.topro.nl\\\/de\\\/#website\"},\"primaryImageOfPage\":{\"@id\":\"https:\\\/\\\/www.topro.nl\\\/de\\\/product\\\/widerstand\\\/kalber-widerstand\\\/topro-diarfix-5kg\\\/#primaryimage\"},\"image\":{\"@id\":\"https:\\\/\\\/www.topro.nl\\\/de\\\/product\\\/widerstand\\\/kalber-widerstand\\\/topro-diarfix-5kg\\\/#primaryimage\"},\"thumbnailUrl\":\"https:\\\/\\\/www.topro.nl\\\/wp-content\\\/uploads\\\/102111-Topro-DiarFix-5kg-WEB.png\",\"datePublished\":\"2020-06-04T14:28:15+00:00\",\"dateModified\":\"2025-12-02T03:25:32+00:00\",\"description\":\"Der Topro DiarFix wurde mit dem Ziel hergestellt, sowohl die Ursache von Durchfall als auch die Folgen von Durchfall zu bek\u00e4mpfen.\",\"breadcrumb\":{\"@id\":\"https:\\\/\\\/www.topro.nl\\\/de\\\/product\\\/widerstand\\\/kalber-widerstand\\\/topro-diarfix-5kg\\\/#breadcrumb\"},\"inLanguage\":\"de\",\"potentialAction\":[{\"@type\":\"ReadAction\",\"target\":[\"https:\\\/\\\/www.topro.nl\\\/de\\\/product\\\/widerstand\\\/kalber-widerstand\\\/topro-diarfix-5kg\\\/\"]}]},{\"@type\":\"ImageObject\",\"inLanguage\":\"de\",\"@id\":\"https:\\\/\\\/www.topro.nl\\\/de\\\/product\\\/widerstand\\\/kalber-widerstand\\\/topro-diarfix-5kg\\\/#primaryimage\",\"url\":\"https:\\\/\\\/www.topro.nl\\\/wp-content\\\/uploads\\\/102111-Topro-DiarFix-5kg-WEB.png\",\"contentUrl\":\"https:\\\/\\\/www.topro.nl\\\/wp-content\\\/uploads\\\/102111-Topro-DiarFix-5kg-WEB.png\",\"width\":2000,\"height\":1784},{\"@type\":\"BreadcrumbList\",\"@id\":\"https:\\\/\\\/www.topro.nl\\\/de\\\/product\\\/widerstand\\\/kalber-widerstand\\\/topro-diarfix-5kg\\\/#breadcrumb\",\"itemListElement\":[{\"@type\":\"ListItem\",\"position\":1,\"name\":\"Home\",\"item\":\"https:\\\/\\\/www.topro.nl\\\/de\\\/\"},{\"@type\":\"ListItem\",\"position\":2,\"name\":\"Topro Shop\",\"item\":\"https:\\\/\\\/www.topro.nl\\\/de\\\/shop\\\/\"},{\"@type\":\"ListItem\",\"position\":3,\"name\":\"DiarFix 5kg\"}]},{\"@type\":\"WebSite\",\"@id\":\"https:\\\/\\\/www.topro.nl\\\/de\\\/#website\",\"url\":\"https:\\\/\\\/www.topro.nl\\\/de\\\/\",\"name\":\"Topro Animal Health\",\"description\":\"\",\"publisher\":{\"@id\":\"https:\\\/\\\/www.topro.nl\\\/de\\\/#organization\"},\"potentialAction\":[{\"@type\":\"SearchAction\",\"target\":{\"@type\":\"EntryPoint\",\"urlTemplate\":\"https:\\\/\\\/www.topro.nl\\\/de\\\/?s={search_term_string}\"},\"query-input\":{\"@type\":\"PropertyValueSpecification\",\"valueRequired\":true,\"valueName\":\"search_term_string\"}}],\"inLanguage\":\"de\"},{\"@type\":\"Organization\",\"@id\":\"https:\\\/\\\/www.topro.nl\\\/de\\\/#organization\",\"name\":\"Horizont Afrastering\",\"url\":\"https:\\\/\\\/www.topro.nl\\\/de\\\/\",\"logo\":{\"@type\":\"ImageObject\",\"inLanguage\":\"de\",\"@id\":\"https:\\\/\\\/www.topro.nl\\\/de\\\/#\\\/schema\\\/logo\\\/image\\\/\",\"url\":\"\",\"contentUrl\":\"\",\"caption\":\"Horizont Afrastering\"},\"image\":{\"@id\":\"https:\\\/\\\/www.topro.nl\\\/de\\\/#\\\/schema\\\/logo\\\/image\\\/\"}}]}<\/script>\n<!-- \/ Yoast SEO plugin. -->","yoast_head_json":{"title":"DiarFix 5kg - Topro Animal Health","description":"Der Topro DiarFix wurde mit dem Ziel hergestellt, sowohl die Ursache von Durchfall als auch die Folgen von Durchfall zu bek\u00e4mpfen.","robots":{"index":"index","follow":"follow","max-snippet":"max-snippet:-1","max-image-preview":"max-image-preview:large","max-video-preview":"max-video-preview:-1"},"canonical":"https:\/\/www.topro.nl\/de\/product\/widerstand\/kalber-widerstand\/topro-diarfix-5kg\/","og_locale":"de_DE","og_type":"article","og_title":"DiarFix 5kg - Topro Animal Health","og_description":"Der Topro DiarFix wurde mit dem Ziel hergestellt, sowohl die Ursache von Durchfall als auch die Folgen von Durchfall zu bek\u00e4mpfen.","og_url":"https:\/\/www.topro.nl\/de\/product\/widerstand\/kalber-widerstand\/topro-diarfix-5kg\/","og_site_name":"Topro Animal Health","article_modified_time":"2025-12-02T03:25:32+00:00","og_image":[{"width":591,"height":591,"url":"https:\/\/www.topro.nl\/wp-content\/uploads\/102111_Topro_DiarFix_5-kg.jpg","type":"image\/jpeg"}],"twitter_card":"summary_large_image","twitter_misc":{"Gesch\u00e4tzte Lesezeit":"1\u00a0Minute"},"schema":{"@context":"https:\/\/schema.org","@graph":[{"@type":"WebPage","@id":"https:\/\/www.topro.nl\/de\/product\/widerstand\/kalber-widerstand\/topro-diarfix-5kg\/","url":"https:\/\/www.topro.nl\/de\/product\/widerstand\/kalber-widerstand\/topro-diarfix-5kg\/","name":"DiarFix 5kg - Topro Animal Health","isPartOf":{"@id":"https:\/\/www.topro.nl\/de\/#website"},"primaryImageOfPage":{"@id":"https:\/\/www.topro.nl\/de\/product\/widerstand\/kalber-widerstand\/topro-diarfix-5kg\/#primaryimage"},"image":{"@id":"https:\/\/www.topro.nl\/de\/product\/widerstand\/kalber-widerstand\/topro-diarfix-5kg\/#primaryimage"},"thumbnailUrl":"https:\/\/www.topro.nl\/wp-content\/uploads\/102111-Topro-DiarFix-5kg-WEB.png","datePublished":"2020-06-04T14:28:15+00:00","dateModified":"2025-12-02T03:25:32+00:00","description":"Der Topro DiarFix wurde mit dem Ziel hergestellt, sowohl die Ursache von Durchfall als auch die Folgen von Durchfall zu bek\u00e4mpfen.","breadcrumb":{"@id":"https:\/\/www.topro.nl\/de\/product\/widerstand\/kalber-widerstand\/topro-diarfix-5kg\/#breadcrumb"},"inLanguage":"de","potentialAction":[{"@type":"ReadAction","target":["https:\/\/www.topro.nl\/de\/product\/widerstand\/kalber-widerstand\/topro-diarfix-5kg\/"]}]},{"@type":"ImageObject","inLanguage":"de","@id":"https:\/\/www.topro.nl\/de\/product\/widerstand\/kalber-widerstand\/topro-diarfix-5kg\/#primaryimage","url":"https:\/\/www.topro.nl\/wp-content\/uploads\/102111-Topro-DiarFix-5kg-WEB.png","contentUrl":"https:\/\/www.topro.nl\/wp-content\/uploads\/102111-Topro-DiarFix-5kg-WEB.png","width":2000,"height":1784},{"@type":"BreadcrumbList","@id":"https:\/\/www.topro.nl\/de\/product\/widerstand\/kalber-widerstand\/topro-diarfix-5kg\/#breadcrumb","itemListElement":[{"@type":"ListItem","position":1,"name":"Home","item":"https:\/\/www.topro.nl\/de\/"},{"@type":"ListItem","position":2,"name":"Topro Shop","item":"https:\/\/www.topro.nl\/de\/shop\/"},{"@type":"ListItem","position":3,"name":"DiarFix 5kg"}]},{"@type":"WebSite","@id":"https:\/\/www.topro.nl\/de\/#website","url":"https:\/\/www.topro.nl\/de\/","name":"Topro Animal Health","description":"","publisher":{"@id":"https:\/\/www.topro.nl\/de\/#organization"},"potentialAction":[{"@type":"SearchAction","target":{"@type":"EntryPoint","urlTemplate":"https:\/\/www.topro.nl\/de\/?s={search_term_string}"},"query-input":{"@type":"PropertyValueSpecification","valueRequired":true,"valueName":"search_term_string"}}],"inLanguage":"de"},{"@type":"Organization","@id":"https:\/\/www.topro.nl\/de\/#organization","name":"Horizont Afrastering","url":"https:\/\/www.topro.nl\/de\/","logo":{"@type":"ImageObject","inLanguage":"de","@id":"https:\/\/www.topro.nl\/de\/#\/schema\/logo\/image\/","url":"","contentUrl":"","caption":"Horizont Afrastering"},"image":{"@id":"https:\/\/www.topro.nl\/de\/#\/schema\/logo\/image\/"}}]}},"tiered_pricing_type":"fixed","tiered_pricing_fixed_rules":[],"tiered_pricing_product_settings":{"layout":"default","base_unit_name":{"singular":null,"plural":null},"default_variation":null},"tiered_pricing_minimum_quantity":null,"tiered_pricing_roles_data":[],"tiered_pricing_percentage_rules":[],"_links":{"self":[{"href":"https:\/\/www.topro.nl\/de\/wp-json\/wp\/v2\/product\/11730","targetHints":{"allow":["GET"]}}],"collection":[{"href":"https:\/\/www.topro.nl\/de\/wp-json\/wp\/v2\/product"}],"about":[{"href":"https:\/\/www.topro.nl\/de\/wp-json\/wp\/v2\/types\/product"}],"wp:featuredmedia":[{"embeddable":true,"href":"https:\/\/www.topro.nl\/de\/wp-json\/wp\/v2\/media\/19846"}],"wp:attachment":[{"href":"https:\/\/www.topro.nl\/de\/wp-json\/wp\/v2\/media?parent=11730"}],"wp:term":[{"taxonomy":"product_brand","embeddable":true,"href":"https:\/\/www.topro.nl\/de\/wp-json\/wp\/v2\/product_brand?post=11730"},{"taxonomy":"product_cat","embeddable":true,"href":"https:\/\/www.topro.nl\/de\/wp-json\/wp\/v2\/product_cat?post=11730"},{"taxonomy":"product_tag","embeddable":true,"href":"https:\/\/www.topro.nl\/de\/wp-json\/wp\/v2\/product_tag?post=11730"},{"taxonomy":"woo-feed-brand","embeddable":true,"href":"https:\/\/www.topro.nl\/de\/wp-json\/wp\/v2\/woo-feed-brand?post=11730"}],"curies":[{"name":"wp","href":"https:\/\/api.w.org\/{rel}","templated":true}]}}