{"id":11728,"date":"2020-06-05T09:03:39","date_gmt":"2020-06-05T09:03:39","guid":{"rendered":"https:\/\/www.topro.nl\/product\/unkategorisiert\/topro-keto-duo-bolus\/"},"modified":"2021-12-09T12:41:00","modified_gmt":"2021-12-09T12:41:00","slug":"topro-keto-duo-bolus","status":"publish","type":"product","link":"https:\/\/www.topro.nl\/de\/product\/ketose\/rinder-ketose\/topro-keto-duo-bolus\/","title":{"rendered":"Keto Duo Bolus 12 st."},"content":{"rendered":"<p>Anhaltendes Milchfieber oder Ketose ist eine h\u00e4ufige Erkrankung bei Milchk\u00fchen. Ursache f\u00fcr anhaltendes Milchfieber ist oft eine negative Energiebilanz. Die Kuh kann dann nicht genug Futter aufnehmen, um den hohen Energiebedarf zu decken. Der Topro Keto Duo Bolus wurde entwickelt, um das Risiko einer Ketose zu reduzieren. Eine Behandlung besteht darin, zwei Boli zu verabreichen, einen wei\u00dfen und einen roten Bolus.<\/p>\n<h3><span style=\"color: #009cde;\">Topro Keto Duo; Energiesteigernd<\/span><\/h3>\n<p>Der wei\u00dfe Bolus enth\u00e4lt schnell verf\u00fcgbare Energie in Form von Natriumpropionat. Dieser Bolus enth\u00e4lt auch Sorbitol, das die Produktion von Gallensaft positiv beeinflusst. Zur Unterst\u00fctzung der Verdauung und einer optimalen Pansenfunktion wurden Niacin und Kobalt hinzugef\u00fcgt. Beim roten Bolus liegt der Fokus haupts\u00e4chlich auf dem Schutz der Leber. Deshalb wurden diesem Bolus Cholin, Betain, Vitamin B2 und Vitamin B12 in pansenresistenter Form zugesetzt. Dar\u00fcber hinaus enth\u00e4lt der rote Bolus auch folgende Pflanzenextrakte: Kurkuma, Fenchel, Boldo, Artischocke und Distel. Diese entgiften die Leber und f\u00f6rdern die Gallenproduktion und den Appetit.<\/p>\n<h3><span style=\"color: #009cde;\">Dosierung Keto Duo Bolus<\/span><\/h3>\n<ul>\n<li>2 Boli (1 wei\u00dfer Bolus + 1 roter Bolus) 10 Tage vor dem Kalben<\/li>\n<li>2 Boli (1 wei\u00dfer Bolus + 1 roter Bolus) unmittelbar nach dem Kalben<\/li>\n<\/ul>\n<h3><span style=\"color: #009cde;\">Hinweis zu Dosierung und Anwendung<\/span><\/h3>\n<ul>\n<li>Mit einem geeigneten Bolus-Shooter verabreichen<\/li>\n<li>Es wird empfohlen, sich vor der Anwendung von einem Tierarzt oder Futtermittelexperten beraten zu lassen in Bezug auf:<br \/>\n1 . das Gleichgewicht der Spurenelemente in der Tagesration<br \/>\n2. der Status der Herde in Bezug auf Spurenelemente<\/li>\n<li>Zur Erh\u00f6hung der Dichte enth\u00e4lt der Bolus ggf. 16 % inertes Eisen iron<\/li>\n<li>Gegebenenfalls sollte vermieden werden, dass Zusatzstoffe, f\u00fcr die ein H\u00f6chstgehalt aus anderen Quellen festgelegt wurde, zusammen mit denen eines Bolus verabreicht werden<\/li>\n<\/ul>\n","protected":false},"excerpt":{"rendered":"<p>Anhaltendes Milchfieber oder Ketose ist eine h\u00e4ufige Erkrankung bei Milchk\u00fchen. Ursache f\u00fcr anhaltendes Milchfieber ist oft eine negative Energiebilanz. Die [&hellip;]<\/p>\n","protected":false},"featured_media":21191,"template":"","meta":{"_acf_changed":false,"ngg_post_thumbnail":0},"product_brand":[],"product_cat":[1149,1204,1166,1188,1221],"product_tag":[],"woo-feed-brand":[],"class_list":{"0":"post-11728","1":"product","2":"type-product","3":"status-publish","4":"has-post-thumbnail","6":"product_cat-mineralien","7":"product_cat-mineralien-rinder","8":"product_cat-rinder-mineralien","9":"product_cat-rinder","10":"product_cat-rinder-ketose","12":"first","13":"instock","14":"featured","15":"taxable","16":"shipping-taxable","17":"purchasable","18":"product-type-simple"},"acf":[],"yoast_head":"<!-- This site is optimized with the Yoast SEO plugin v27.4 - https:\/\/yoast.com\/product\/yoast-seo-wordpress\/ -->\n<title>Keto Duo Bolus 12 st. - Topro Animal Health<\/title>\n<meta name=\"description\" content=\"Der Topro Keto Duo Bolus liefert \u00e4u\u00dferst genau die t\u00e4glich ben\u00f6tigten Spurenelemente, die zur Gesundheit von Rindern beitragen.\" \/>\n<meta name=\"robots\" content=\"index, follow, max-snippet:-1, max-image-preview:large, max-video-preview:-1\" \/>\n<link rel=\"canonical\" href=\"https:\/\/www.topro.nl\/de\/product\/ketose\/rinder-ketose\/topro-keto-duo-bolus\/\" \/>\n<meta property=\"og:locale\" content=\"de_DE\" \/>\n<meta property=\"og:type\" content=\"article\" \/>\n<meta property=\"og:title\" content=\"Keto Duo Bolus 12 st. - Topro Animal Health\" \/>\n<meta property=\"og:description\" content=\"Der Topro Keto Duo Bolus liefert \u00e4u\u00dferst genau die t\u00e4glich ben\u00f6tigten Spurenelemente, die zur Gesundheit von Rindern beitragen.\" \/>\n<meta property=\"og:url\" content=\"https:\/\/www.topro.nl\/de\/product\/ketose\/rinder-ketose\/topro-keto-duo-bolus\/\" \/>\n<meta property=\"og:site_name\" content=\"Topro Animal Health\" \/>\n<meta property=\"article:modified_time\" content=\"2021-12-09T12:41:00+00:00\" \/>\n<meta property=\"og:image\" content=\"https:\/\/www.topro.nl\/wp-content\/uploads\/102145_Topro_KetoDuo_bolus_verpakking.jpg\" \/>\n\t<meta property=\"og:image:width\" content=\"750\" \/>\n\t<meta property=\"og:image:height\" content=\"750\" \/>\n\t<meta property=\"og:image:type\" content=\"image\/jpeg\" \/>\n<meta name=\"twitter:card\" content=\"summary_large_image\" \/>\n<meta name=\"twitter:label1\" content=\"Gesch\u00e4tzte Lesezeit\" \/>\n\t<meta name=\"twitter:data1\" content=\"1\u00a0Minute\" \/>\n<script type=\"application\/ld+json\" class=\"yoast-schema-graph\">{\"@context\":\"https:\\\/\\\/schema.org\",\"@graph\":[{\"@type\":\"WebPage\",\"@id\":\"https:\\\/\\\/www.topro.nl\\\/de\\\/product\\\/ketose\\\/rinder-ketose\\\/topro-keto-duo-bolus\\\/\",\"url\":\"https:\\\/\\\/www.topro.nl\\\/de\\\/product\\\/ketose\\\/rinder-ketose\\\/topro-keto-duo-bolus\\\/\",\"name\":\"Keto Duo Bolus 12 st. - Topro Animal Health\",\"isPartOf\":{\"@id\":\"https:\\\/\\\/www.topro.nl\\\/de\\\/#website\"},\"primaryImageOfPage\":{\"@id\":\"https:\\\/\\\/www.topro.nl\\\/de\\\/product\\\/ketose\\\/rinder-ketose\\\/topro-keto-duo-bolus\\\/#primaryimage\"},\"image\":{\"@id\":\"https:\\\/\\\/www.topro.nl\\\/de\\\/product\\\/ketose\\\/rinder-ketose\\\/topro-keto-duo-bolus\\\/#primaryimage\"},\"thumbnailUrl\":\"https:\\\/\\\/www.topro.nl\\\/wp-content\\\/uploads\\\/KetoDuo-bolus-102145-NLENDEFR-1-03082023-voor.png\",\"datePublished\":\"2020-06-05T09:03:39+00:00\",\"dateModified\":\"2021-12-09T12:41:00+00:00\",\"description\":\"Der Topro Keto Duo Bolus liefert \u00e4u\u00dferst genau die t\u00e4glich ben\u00f6tigten Spurenelemente, die zur Gesundheit von Rindern beitragen.\",\"breadcrumb\":{\"@id\":\"https:\\\/\\\/www.topro.nl\\\/de\\\/product\\\/ketose\\\/rinder-ketose\\\/topro-keto-duo-bolus\\\/#breadcrumb\"},\"inLanguage\":\"de\",\"potentialAction\":[{\"@type\":\"ReadAction\",\"target\":[\"https:\\\/\\\/www.topro.nl\\\/de\\\/product\\\/ketose\\\/rinder-ketose\\\/topro-keto-duo-bolus\\\/\"]}]},{\"@type\":\"ImageObject\",\"inLanguage\":\"de\",\"@id\":\"https:\\\/\\\/www.topro.nl\\\/de\\\/product\\\/ketose\\\/rinder-ketose\\\/topro-keto-duo-bolus\\\/#primaryimage\",\"url\":\"https:\\\/\\\/www.topro.nl\\\/wp-content\\\/uploads\\\/KetoDuo-bolus-102145-NLENDEFR-1-03082023-voor.png\",\"contentUrl\":\"https:\\\/\\\/www.topro.nl\\\/wp-content\\\/uploads\\\/KetoDuo-bolus-102145-NLENDEFR-1-03082023-voor.png\",\"width\":1200,\"height\":1070,\"caption\":\"Topro Keto Duo bolus \u2013 aanvullend dieetvoeder voor melkkoeien ter ondersteuning van leverfunctie, penswerking en energiebalans rond het afkalven\u201d\"},{\"@type\":\"BreadcrumbList\",\"@id\":\"https:\\\/\\\/www.topro.nl\\\/de\\\/product\\\/ketose\\\/rinder-ketose\\\/topro-keto-duo-bolus\\\/#breadcrumb\",\"itemListElement\":[{\"@type\":\"ListItem\",\"position\":1,\"name\":\"Home\",\"item\":\"https:\\\/\\\/www.topro.nl\\\/de\\\/\"},{\"@type\":\"ListItem\",\"position\":2,\"name\":\"Topro Shop\",\"item\":\"https:\\\/\\\/www.topro.nl\\\/de\\\/shop\\\/\"},{\"@type\":\"ListItem\",\"position\":3,\"name\":\"Keto Duo Bolus 12 st.\"}]},{\"@type\":\"WebSite\",\"@id\":\"https:\\\/\\\/www.topro.nl\\\/de\\\/#website\",\"url\":\"https:\\\/\\\/www.topro.nl\\\/de\\\/\",\"name\":\"Topro Animal Health\",\"description\":\"\",\"publisher\":{\"@id\":\"https:\\\/\\\/www.topro.nl\\\/de\\\/#organization\"},\"potentialAction\":[{\"@type\":\"SearchAction\",\"target\":{\"@type\":\"EntryPoint\",\"urlTemplate\":\"https:\\\/\\\/www.topro.nl\\\/de\\\/?s={search_term_string}\"},\"query-input\":{\"@type\":\"PropertyValueSpecification\",\"valueRequired\":true,\"valueName\":\"search_term_string\"}}],\"inLanguage\":\"de\"},{\"@type\":\"Organization\",\"@id\":\"https:\\\/\\\/www.topro.nl\\\/de\\\/#organization\",\"name\":\"Horizont Afrastering\",\"url\":\"https:\\\/\\\/www.topro.nl\\\/de\\\/\",\"logo\":{\"@type\":\"ImageObject\",\"inLanguage\":\"de\",\"@id\":\"https:\\\/\\\/www.topro.nl\\\/de\\\/#\\\/schema\\\/logo\\\/image\\\/\",\"url\":\"\",\"contentUrl\":\"\",\"caption\":\"Horizont Afrastering\"},\"image\":{\"@id\":\"https:\\\/\\\/www.topro.nl\\\/de\\\/#\\\/schema\\\/logo\\\/image\\\/\"}}]}<\/script>\n<!-- \/ Yoast SEO plugin. -->","yoast_head_json":{"title":"Keto Duo Bolus 12 st. - Topro Animal Health","description":"Der Topro Keto Duo Bolus liefert \u00e4u\u00dferst genau die t\u00e4glich ben\u00f6tigten Spurenelemente, die zur Gesundheit von Rindern beitragen.","robots":{"index":"index","follow":"follow","max-snippet":"max-snippet:-1","max-image-preview":"max-image-preview:large","max-video-preview":"max-video-preview:-1"},"canonical":"https:\/\/www.topro.nl\/de\/product\/ketose\/rinder-ketose\/topro-keto-duo-bolus\/","og_locale":"de_DE","og_type":"article","og_title":"Keto Duo Bolus 12 st. - Topro Animal Health","og_description":"Der Topro Keto Duo Bolus liefert \u00e4u\u00dferst genau die t\u00e4glich ben\u00f6tigten Spurenelemente, die zur Gesundheit von Rindern beitragen.","og_url":"https:\/\/www.topro.nl\/de\/product\/ketose\/rinder-ketose\/topro-keto-duo-bolus\/","og_site_name":"Topro Animal Health","article_modified_time":"2021-12-09T12:41:00+00:00","og_image":[{"width":750,"height":750,"url":"https:\/\/www.topro.nl\/wp-content\/uploads\/102145_Topro_KetoDuo_bolus_verpakking.jpg","type":"image\/jpeg"}],"twitter_card":"summary_large_image","twitter_misc":{"Gesch\u00e4tzte Lesezeit":"1\u00a0Minute"},"schema":{"@context":"https:\/\/schema.org","@graph":[{"@type":"WebPage","@id":"https:\/\/www.topro.nl\/de\/product\/ketose\/rinder-ketose\/topro-keto-duo-bolus\/","url":"https:\/\/www.topro.nl\/de\/product\/ketose\/rinder-ketose\/topro-keto-duo-bolus\/","name":"Keto Duo Bolus 12 st. - Topro Animal Health","isPartOf":{"@id":"https:\/\/www.topro.nl\/de\/#website"},"primaryImageOfPage":{"@id":"https:\/\/www.topro.nl\/de\/product\/ketose\/rinder-ketose\/topro-keto-duo-bolus\/#primaryimage"},"image":{"@id":"https:\/\/www.topro.nl\/de\/product\/ketose\/rinder-ketose\/topro-keto-duo-bolus\/#primaryimage"},"thumbnailUrl":"https:\/\/www.topro.nl\/wp-content\/uploads\/KetoDuo-bolus-102145-NLENDEFR-1-03082023-voor.png","datePublished":"2020-06-05T09:03:39+00:00","dateModified":"2021-12-09T12:41:00+00:00","description":"Der Topro Keto Duo Bolus liefert \u00e4u\u00dferst genau die t\u00e4glich ben\u00f6tigten Spurenelemente, die zur Gesundheit von Rindern beitragen.","breadcrumb":{"@id":"https:\/\/www.topro.nl\/de\/product\/ketose\/rinder-ketose\/topro-keto-duo-bolus\/#breadcrumb"},"inLanguage":"de","potentialAction":[{"@type":"ReadAction","target":["https:\/\/www.topro.nl\/de\/product\/ketose\/rinder-ketose\/topro-keto-duo-bolus\/"]}]},{"@type":"ImageObject","inLanguage":"de","@id":"https:\/\/www.topro.nl\/de\/product\/ketose\/rinder-ketose\/topro-keto-duo-bolus\/#primaryimage","url":"https:\/\/www.topro.nl\/wp-content\/uploads\/KetoDuo-bolus-102145-NLENDEFR-1-03082023-voor.png","contentUrl":"https:\/\/www.topro.nl\/wp-content\/uploads\/KetoDuo-bolus-102145-NLENDEFR-1-03082023-voor.png","width":1200,"height":1070,"caption":"Topro Keto Duo bolus \u2013 aanvullend dieetvoeder voor melkkoeien ter ondersteuning van leverfunctie, penswerking en energiebalans rond het afkalven\u201d"},{"@type":"BreadcrumbList","@id":"https:\/\/www.topro.nl\/de\/product\/ketose\/rinder-ketose\/topro-keto-duo-bolus\/#breadcrumb","itemListElement":[{"@type":"ListItem","position":1,"name":"Home","item":"https:\/\/www.topro.nl\/de\/"},{"@type":"ListItem","position":2,"name":"Topro Shop","item":"https:\/\/www.topro.nl\/de\/shop\/"},{"@type":"ListItem","position":3,"name":"Keto Duo Bolus 12 st."}]},{"@type":"WebSite","@id":"https:\/\/www.topro.nl\/de\/#website","url":"https:\/\/www.topro.nl\/de\/","name":"Topro Animal Health","description":"","publisher":{"@id":"https:\/\/www.topro.nl\/de\/#organization"},"potentialAction":[{"@type":"SearchAction","target":{"@type":"EntryPoint","urlTemplate":"https:\/\/www.topro.nl\/de\/?s={search_term_string}"},"query-input":{"@type":"PropertyValueSpecification","valueRequired":true,"valueName":"search_term_string"}}],"inLanguage":"de"},{"@type":"Organization","@id":"https:\/\/www.topro.nl\/de\/#organization","name":"Horizont Afrastering","url":"https:\/\/www.topro.nl\/de\/","logo":{"@type":"ImageObject","inLanguage":"de","@id":"https:\/\/www.topro.nl\/de\/#\/schema\/logo\/image\/","url":"","contentUrl":"","caption":"Horizont Afrastering"},"image":{"@id":"https:\/\/www.topro.nl\/de\/#\/schema\/logo\/image\/"}}]}},"tiered_pricing_type":"fixed","tiered_pricing_fixed_rules":[],"tiered_pricing_product_settings":{"layout":"default","base_unit_name":{"singular":null,"plural":null},"default_variation":null},"tiered_pricing_minimum_quantity":null,"tiered_pricing_roles_data":[],"tiered_pricing_percentage_rules":[],"_links":{"self":[{"href":"https:\/\/www.topro.nl\/de\/wp-json\/wp\/v2\/product\/11728","targetHints":{"allow":["GET"]}}],"collection":[{"href":"https:\/\/www.topro.nl\/de\/wp-json\/wp\/v2\/product"}],"about":[{"href":"https:\/\/www.topro.nl\/de\/wp-json\/wp\/v2\/types\/product"}],"wp:featuredmedia":[{"embeddable":true,"href":"https:\/\/www.topro.nl\/de\/wp-json\/wp\/v2\/media\/21191"}],"wp:attachment":[{"href":"https:\/\/www.topro.nl\/de\/wp-json\/wp\/v2\/media?parent=11728"}],"wp:term":[{"taxonomy":"product_brand","embeddable":true,"href":"https:\/\/www.topro.nl\/de\/wp-json\/wp\/v2\/product_brand?post=11728"},{"taxonomy":"product_cat","embeddable":true,"href":"https:\/\/www.topro.nl\/de\/wp-json\/wp\/v2\/product_cat?post=11728"},{"taxonomy":"product_tag","embeddable":true,"href":"https:\/\/www.topro.nl\/de\/wp-json\/wp\/v2\/product_tag?post=11728"},{"taxonomy":"woo-feed-brand","embeddable":true,"href":"https:\/\/www.topro.nl\/de\/wp-json\/wp\/v2\/woo-feed-brand?post=11728"}],"curies":[{"name":"wp","href":"https:\/\/api.w.org\/{rel}","templated":true}]}}