{"id":11726,"date":"2020-06-08T10:38:53","date_gmt":"2020-06-08T10:38:53","guid":{"rendered":"https:\/\/www.topro.nl\/product\/unkategorisiert\/topro-bica-bolus-20-st\/"},"modified":"2021-07-12T11:26:58","modified_gmt":"2021-07-12T11:26:58","slug":"topro-bica-bolus-20-st","status":"publish","type":"product","link":"https:\/\/www.topro.nl\/de\/product\/rinder\/durchfall-rinder\/topro-bica-bolus-20-st\/","title":{"rendered":"Bica Bolus 20 st."},"content":{"rendered":"<p>Der Topro Bica Bolus wurde speziell f\u00fcr K\u00e4lber mit Durchfall entwickelt.<\/p>\n<p>Bei Durchfall ist es sehr wichtig, dass die K\u00e4lber weiter trinken. K\u00e4lber verlieren bei Durchfall viel Fl\u00fcssigkeit, was das Risiko einer Dehydration erh\u00f6ht. Au\u00dferdem kommt es h\u00e4ufig zu einer Versauerung. Diese \u00dcbers\u00e4uerung hat einen negativen Einfluss auf den Trinkappetit und die K\u00e4lber werden dadurch schw\u00e4cher.<\/p>\n<h3><span style=\"color: #009cde;\">Topro Bica Bolus; zur F\u00f6rderung des Trinkens<\/span><\/h3>\n<p>Der Topro Bica Bolus f\u00f6rdert den Trinkhunger von K\u00e4lbern mit Durchfall, indem er einer \u00dcbers\u00e4uerung entgegenwirkt. Dieser Bolus enth\u00e4lt haupts\u00e4chlich Natriumbicarbonat. Dies ist ein starker Puffer, der die S\u00e4uren im Magen und im Blut schnell neutralisiert. Die K\u00e4lber f\u00fchlen sich bald wieder fitter und trinken mehr.<\/p>\n<h3><span style=\"color: #009cde;\">Dosierung Topro Bica Bolus<\/span><\/h3>\n<ul>\n<li>1 Bolus pro Kalb bei den ersten Anzeichen von Durchfall<\/li>\n<li>Wieder 1 Bolus nach den n\u00e4chsten 3 F\u00fctterungen<\/li>\n<\/ul>\n<h3><span style=\"color: #009cde;\">Hinweis zu Dosierung und Anwendung<\/span><\/h3>\n<ul>\n<li>Mit einem geeigneten Bolus-Shooter verabreichen<\/li>\n<\/ul>\n","protected":false},"excerpt":{"rendered":"<p>Der Topro Bica Bolus wurde speziell f\u00fcr K\u00e4lber mit Durchfall entwickelt. Bei Durchfall ist es sehr wichtig, dass die K\u00e4lber [&hellip;]<\/p>\n","protected":false},"featured_media":19840,"template":"","meta":{"_acf_changed":false,"ngg_post_thumbnail":0},"product_brand":[],"product_cat":[1030,1071,1190,1191,1042,1162,1069,1149,1083,1188],"product_tag":[],"woo-feed-brand":[],"class_list":{"0":"post-11726","1":"product","2":"type-product","3":"status-publish","4":"has-post-thumbnail","6":"product_cat-durchfall","7":"product_cat-durchfall-kalber","8":"product_cat-durchfall-rinder","9":"product_cat-kalber-rinder","10":"product_cat-kalber-durchfall","11":"product_cat-kalber-mineralien","12":"product_cat-kalber","13":"product_cat-mineralien","14":"product_cat-mineralien-kaelber","15":"product_cat-rinder","17":"first","18":"instock","19":"taxable","20":"shipping-taxable","21":"purchasable","22":"product-type-simple"},"acf":[],"yoast_head":"<!-- This site is optimized with the Yoast SEO plugin v27.3 - https:\/\/yoast.com\/product\/yoast-seo-wordpress\/ -->\n<title>Bica Bolus 20 st. - Topro Animal Health<\/title>\n<meta name=\"description\" content=\"Der Topro Bica Bolus liefert 6 Monate lang extrem genaue t\u00e4gliche Spurenelemente Jod, Kobalt, Kupfer, Zink und Selen.\" \/>\n<meta name=\"robots\" content=\"index, follow, max-snippet:-1, max-image-preview:large, max-video-preview:-1\" \/>\n<link rel=\"canonical\" href=\"https:\/\/www.topro.nl\/de\/product\/rinder\/durchfall-rinder\/topro-bica-bolus-20-st\/\" \/>\n<meta property=\"og:locale\" content=\"de_DE\" \/>\n<meta property=\"og:type\" content=\"article\" \/>\n<meta property=\"og:title\" content=\"Bica Bolus 20 st. - Topro Animal Health\" \/>\n<meta property=\"og:description\" content=\"Der Topro Bica Bolus liefert 6 Monate lang extrem genaue t\u00e4gliche Spurenelemente Jod, Kobalt, Kupfer, Zink und Selen.\" \/>\n<meta property=\"og:url\" content=\"https:\/\/www.topro.nl\/de\/product\/rinder\/durchfall-rinder\/topro-bica-bolus-20-st\/\" \/>\n<meta property=\"og:site_name\" content=\"Topro Animal Health\" \/>\n<meta property=\"article:modified_time\" content=\"2021-07-12T11:26:58+00:00\" \/>\n<meta property=\"og:image\" content=\"https:\/\/www.topro.nl\/wp-content\/uploads\/102057n_Topro_Bica_Bolus-1.jpg\" \/>\n\t<meta property=\"og:image:width\" content=\"591\" \/>\n\t<meta property=\"og:image:height\" content=\"591\" \/>\n\t<meta property=\"og:image:type\" content=\"image\/jpeg\" \/>\n<meta name=\"twitter:card\" content=\"summary_large_image\" \/>\n<meta name=\"twitter:label1\" content=\"Gesch\u00e4tzte Lesezeit\" \/>\n\t<meta name=\"twitter:data1\" content=\"1\u00a0Minute\" \/>\n<script type=\"application\/ld+json\" class=\"yoast-schema-graph\">{\"@context\":\"https:\\\/\\\/schema.org\",\"@graph\":[{\"@type\":\"WebPage\",\"@id\":\"https:\\\/\\\/www.topro.nl\\\/de\\\/product\\\/rinder\\\/durchfall-rinder\\\/topro-bica-bolus-20-st\\\/\",\"url\":\"https:\\\/\\\/www.topro.nl\\\/de\\\/product\\\/rinder\\\/durchfall-rinder\\\/topro-bica-bolus-20-st\\\/\",\"name\":\"Bica Bolus 20 st. - Topro Animal Health\",\"isPartOf\":{\"@id\":\"https:\\\/\\\/www.topro.nl\\\/de\\\/#website\"},\"primaryImageOfPage\":{\"@id\":\"https:\\\/\\\/www.topro.nl\\\/de\\\/product\\\/rinder\\\/durchfall-rinder\\\/topro-bica-bolus-20-st\\\/#primaryimage\"},\"image\":{\"@id\":\"https:\\\/\\\/www.topro.nl\\\/de\\\/product\\\/rinder\\\/durchfall-rinder\\\/topro-bica-bolus-20-st\\\/#primaryimage\"},\"thumbnailUrl\":\"https:\\\/\\\/www.topro.nl\\\/wp-content\\\/uploads\\\/102057-Topro-Bica-bolus-20x15g-WEB.png\",\"datePublished\":\"2020-06-08T10:38:53+00:00\",\"dateModified\":\"2021-07-12T11:26:58+00:00\",\"description\":\"Der Topro Bica Bolus liefert 6 Monate lang extrem genaue t\u00e4gliche Spurenelemente Jod, Kobalt, Kupfer, Zink und Selen.\",\"breadcrumb\":{\"@id\":\"https:\\\/\\\/www.topro.nl\\\/de\\\/product\\\/rinder\\\/durchfall-rinder\\\/topro-bica-bolus-20-st\\\/#breadcrumb\"},\"inLanguage\":\"de\",\"potentialAction\":[{\"@type\":\"ReadAction\",\"target\":[\"https:\\\/\\\/www.topro.nl\\\/de\\\/product\\\/rinder\\\/durchfall-rinder\\\/topro-bica-bolus-20-st\\\/\"]}]},{\"@type\":\"ImageObject\",\"inLanguage\":\"de\",\"@id\":\"https:\\\/\\\/www.topro.nl\\\/de\\\/product\\\/rinder\\\/durchfall-rinder\\\/topro-bica-bolus-20-st\\\/#primaryimage\",\"url\":\"https:\\\/\\\/www.topro.nl\\\/wp-content\\\/uploads\\\/102057-Topro-Bica-bolus-20x15g-WEB.png\",\"contentUrl\":\"https:\\\/\\\/www.topro.nl\\\/wp-content\\\/uploads\\\/102057-Topro-Bica-bolus-20x15g-WEB.png\",\"width\":2000,\"height\":1784},{\"@type\":\"BreadcrumbList\",\"@id\":\"https:\\\/\\\/www.topro.nl\\\/de\\\/product\\\/rinder\\\/durchfall-rinder\\\/topro-bica-bolus-20-st\\\/#breadcrumb\",\"itemListElement\":[{\"@type\":\"ListItem\",\"position\":1,\"name\":\"Home\",\"item\":\"https:\\\/\\\/www.topro.nl\\\/de\\\/\"},{\"@type\":\"ListItem\",\"position\":2,\"name\":\"Topro Shop\",\"item\":\"https:\\\/\\\/www.topro.nl\\\/de\\\/shop\\\/\"},{\"@type\":\"ListItem\",\"position\":3,\"name\":\"Bica Bolus 20 st.\"}]},{\"@type\":\"WebSite\",\"@id\":\"https:\\\/\\\/www.topro.nl\\\/de\\\/#website\",\"url\":\"https:\\\/\\\/www.topro.nl\\\/de\\\/\",\"name\":\"Topro Animal Health\",\"description\":\"\",\"publisher\":{\"@id\":\"https:\\\/\\\/www.topro.nl\\\/de\\\/#organization\"},\"potentialAction\":[{\"@type\":\"SearchAction\",\"target\":{\"@type\":\"EntryPoint\",\"urlTemplate\":\"https:\\\/\\\/www.topro.nl\\\/de\\\/?s={search_term_string}\"},\"query-input\":{\"@type\":\"PropertyValueSpecification\",\"valueRequired\":true,\"valueName\":\"search_term_string\"}}],\"inLanguage\":\"de\"},{\"@type\":\"Organization\",\"@id\":\"https:\\\/\\\/www.topro.nl\\\/de\\\/#organization\",\"name\":\"Horizont Afrastering\",\"url\":\"https:\\\/\\\/www.topro.nl\\\/de\\\/\",\"logo\":{\"@type\":\"ImageObject\",\"inLanguage\":\"de\",\"@id\":\"https:\\\/\\\/www.topro.nl\\\/de\\\/#\\\/schema\\\/logo\\\/image\\\/\",\"url\":\"\",\"contentUrl\":\"\",\"caption\":\"Horizont Afrastering\"},\"image\":{\"@id\":\"https:\\\/\\\/www.topro.nl\\\/de\\\/#\\\/schema\\\/logo\\\/image\\\/\"}}]}<\/script>\n<!-- \/ Yoast SEO plugin. -->","yoast_head_json":{"title":"Bica Bolus 20 st. - Topro Animal Health","description":"Der Topro Bica Bolus liefert 6 Monate lang extrem genaue t\u00e4gliche Spurenelemente Jod, Kobalt, Kupfer, Zink und Selen.","robots":{"index":"index","follow":"follow","max-snippet":"max-snippet:-1","max-image-preview":"max-image-preview:large","max-video-preview":"max-video-preview:-1"},"canonical":"https:\/\/www.topro.nl\/de\/product\/rinder\/durchfall-rinder\/topro-bica-bolus-20-st\/","og_locale":"de_DE","og_type":"article","og_title":"Bica Bolus 20 st. - Topro Animal Health","og_description":"Der Topro Bica Bolus liefert 6 Monate lang extrem genaue t\u00e4gliche Spurenelemente Jod, Kobalt, Kupfer, Zink und Selen.","og_url":"https:\/\/www.topro.nl\/de\/product\/rinder\/durchfall-rinder\/topro-bica-bolus-20-st\/","og_site_name":"Topro Animal Health","article_modified_time":"2021-07-12T11:26:58+00:00","og_image":[{"width":591,"height":591,"url":"https:\/\/www.topro.nl\/wp-content\/uploads\/102057n_Topro_Bica_Bolus-1.jpg","type":"image\/jpeg"}],"twitter_card":"summary_large_image","twitter_misc":{"Gesch\u00e4tzte Lesezeit":"1\u00a0Minute"},"schema":{"@context":"https:\/\/schema.org","@graph":[{"@type":"WebPage","@id":"https:\/\/www.topro.nl\/de\/product\/rinder\/durchfall-rinder\/topro-bica-bolus-20-st\/","url":"https:\/\/www.topro.nl\/de\/product\/rinder\/durchfall-rinder\/topro-bica-bolus-20-st\/","name":"Bica Bolus 20 st. - Topro Animal Health","isPartOf":{"@id":"https:\/\/www.topro.nl\/de\/#website"},"primaryImageOfPage":{"@id":"https:\/\/www.topro.nl\/de\/product\/rinder\/durchfall-rinder\/topro-bica-bolus-20-st\/#primaryimage"},"image":{"@id":"https:\/\/www.topro.nl\/de\/product\/rinder\/durchfall-rinder\/topro-bica-bolus-20-st\/#primaryimage"},"thumbnailUrl":"https:\/\/www.topro.nl\/wp-content\/uploads\/102057-Topro-Bica-bolus-20x15g-WEB.png","datePublished":"2020-06-08T10:38:53+00:00","dateModified":"2021-07-12T11:26:58+00:00","description":"Der Topro Bica Bolus liefert 6 Monate lang extrem genaue t\u00e4gliche Spurenelemente Jod, Kobalt, Kupfer, Zink und Selen.","breadcrumb":{"@id":"https:\/\/www.topro.nl\/de\/product\/rinder\/durchfall-rinder\/topro-bica-bolus-20-st\/#breadcrumb"},"inLanguage":"de","potentialAction":[{"@type":"ReadAction","target":["https:\/\/www.topro.nl\/de\/product\/rinder\/durchfall-rinder\/topro-bica-bolus-20-st\/"]}]},{"@type":"ImageObject","inLanguage":"de","@id":"https:\/\/www.topro.nl\/de\/product\/rinder\/durchfall-rinder\/topro-bica-bolus-20-st\/#primaryimage","url":"https:\/\/www.topro.nl\/wp-content\/uploads\/102057-Topro-Bica-bolus-20x15g-WEB.png","contentUrl":"https:\/\/www.topro.nl\/wp-content\/uploads\/102057-Topro-Bica-bolus-20x15g-WEB.png","width":2000,"height":1784},{"@type":"BreadcrumbList","@id":"https:\/\/www.topro.nl\/de\/product\/rinder\/durchfall-rinder\/topro-bica-bolus-20-st\/#breadcrumb","itemListElement":[{"@type":"ListItem","position":1,"name":"Home","item":"https:\/\/www.topro.nl\/de\/"},{"@type":"ListItem","position":2,"name":"Topro Shop","item":"https:\/\/www.topro.nl\/de\/shop\/"},{"@type":"ListItem","position":3,"name":"Bica Bolus 20 st."}]},{"@type":"WebSite","@id":"https:\/\/www.topro.nl\/de\/#website","url":"https:\/\/www.topro.nl\/de\/","name":"Topro Animal Health","description":"","publisher":{"@id":"https:\/\/www.topro.nl\/de\/#organization"},"potentialAction":[{"@type":"SearchAction","target":{"@type":"EntryPoint","urlTemplate":"https:\/\/www.topro.nl\/de\/?s={search_term_string}"},"query-input":{"@type":"PropertyValueSpecification","valueRequired":true,"valueName":"search_term_string"}}],"inLanguage":"de"},{"@type":"Organization","@id":"https:\/\/www.topro.nl\/de\/#organization","name":"Horizont Afrastering","url":"https:\/\/www.topro.nl\/de\/","logo":{"@type":"ImageObject","inLanguage":"de","@id":"https:\/\/www.topro.nl\/de\/#\/schema\/logo\/image\/","url":"","contentUrl":"","caption":"Horizont Afrastering"},"image":{"@id":"https:\/\/www.topro.nl\/de\/#\/schema\/logo\/image\/"}}]}},"tiered_pricing_type":"fixed","tiered_pricing_fixed_rules":[],"tiered_pricing_product_settings":{"layout":"default","base_unit_name":{"singular":null,"plural":null},"default_variation":null},"tiered_pricing_minimum_quantity":null,"tiered_pricing_roles_data":[],"tiered_pricing_percentage_rules":[],"_links":{"self":[{"href":"https:\/\/www.topro.nl\/de\/wp-json\/wp\/v2\/product\/11726","targetHints":{"allow":["GET"]}}],"collection":[{"href":"https:\/\/www.topro.nl\/de\/wp-json\/wp\/v2\/product"}],"about":[{"href":"https:\/\/www.topro.nl\/de\/wp-json\/wp\/v2\/types\/product"}],"wp:featuredmedia":[{"embeddable":true,"href":"https:\/\/www.topro.nl\/de\/wp-json\/wp\/v2\/media\/19840"}],"wp:attachment":[{"href":"https:\/\/www.topro.nl\/de\/wp-json\/wp\/v2\/media?parent=11726"}],"wp:term":[{"taxonomy":"product_brand","embeddable":true,"href":"https:\/\/www.topro.nl\/de\/wp-json\/wp\/v2\/product_brand?post=11726"},{"taxonomy":"product_cat","embeddable":true,"href":"https:\/\/www.topro.nl\/de\/wp-json\/wp\/v2\/product_cat?post=11726"},{"taxonomy":"product_tag","embeddable":true,"href":"https:\/\/www.topro.nl\/de\/wp-json\/wp\/v2\/product_tag?post=11726"},{"taxonomy":"woo-feed-brand","embeddable":true,"href":"https:\/\/www.topro.nl\/de\/wp-json\/wp\/v2\/woo-feed-brand?post=11726"}],"curies":[{"name":"wp","href":"https:\/\/api.w.org\/{rel}","templated":true}]}}