{"id":11707,"date":"2020-06-08T14:48:05","date_gmt":"2020-06-08T14:48:05","guid":{"rendered":"https:\/\/www.topro.nl\/product\/unkategorisiert\/colostrum-mix-2-5kg\/"},"modified":"2021-06-23T11:47:00","modified_gmt":"2021-06-23T11:47:00","slug":"kolostrum-mix-2-5kg","status":"publish","type":"product","link":"https:\/\/www.topro.nl\/de\/product\/widerstand\/ferkel-schweine-widerstand\/kolostrum-mix-2-5kg\/","title":{"rendered":"Kolostrum mix 2,5kg"},"content":{"rendered":"<p>Kolostrum ist lebenswichtig! Es ist das erste Futter, das K\u00e4lber und L\u00e4mmer erhalten und ist f\u00fcr einen guten Start notwendig. Kolostrum enth\u00e4lt viele Immunglobuline, die f\u00fcr ein gutes Immunsystem notwendig sind. Immunglobuline sind Antik\u00f6rper, die in den ersten Stunden nach der Geburt im Darm aufgenommen werden. Dar\u00fcber hinaus enth\u00e4lt Kolostrum einen hohen Gehalt an Fett und Eiwei\u00df. Dies ist wichtig, da K\u00e4lber und L\u00e4mmer unmittelbar nach der Geburt viel Energie ben\u00f6tigen, um ihre K\u00f6rpertemperatur zu halten. Eine ausreichende Kolostrumaufnahme bei K\u00e4lbern und L\u00e4mmern ist nicht immer selbstverst\u00e4ndlich. Dies kann verschiedene Ursachen haben, darunter eine unzureichende Kolostrumproduktion oder ein Mangel an Antik\u00f6rpern im Kolostrum. Topro Colostrum-Mix macht den Unterschied!<\/p>\n<h3><span style=\"color: #009cde\">Topro Kolostrum mix; Kolostrum ist lebenswichtig!<\/span><\/h3>\n<p>Der Topro Colostrum Mix wurde mit dem Ziel hergestellt, Kolostrum bestm\u00f6glich zu ersetzen und ist daher eine hervorragende Erg\u00e4nzung bei Engp\u00e4ssen. Das Produkt besteht aus: Rinderkolostrum, Molkenproteinpulver, Kokos\u00f6l, hydrolysiertem Molkenprotein und Eiprotein. Au\u00dferdem wurden die notwendigen Vitamine und Spurenelemente hinzugef\u00fcgt. Topro Colostrum mix wird mit dem Ziel hergestellt, das Kolostrum des Muttertiers m\u00f6glichst vollst\u00e4ndig zu erg\u00e4nzen.<\/p>\n<h3><span style=\"color: #009cde\">Hinweis zu Dosierung und Anwendung<\/span><\/h3>\n<ul>\n<li><strong>L\u00e4mmer<\/strong>: 25 Gramm Pulver mit 80 ml warmem Wasser (45 Grad Celsius) mischen, bis sich das Pulver aufgel\u00f6st hat. Hinweis f\u00fcr sehr schwache Tiere: 50 Gramm Pulver mit 120 ml warmem Wasser mischen. Verabreichen Sie die Milch so schnell wie m\u00f6glich, vorzugsweise innerhalb weniger Stunden nach der Geburt, da die maximale Aufnahme der N\u00e4hrstoffe in den ersten zwei Lebensstunden erfolgt.<\/li>\n<li><strong>K\u00e4lber<\/strong>: Zus\u00e4tzlich zum Kolostrum: 200 Gramm Topro Colostrum Mix in 1 Liter warmes Wasser (45 Grad Celsius) geben. R\u00fchren, bis das Produkt vollst\u00e4ndig aufgel\u00f6st ist. Die genaue Menge an Colostrum Mix, die hinzugef\u00fcgt werden muss, h\u00e4ngt von der Kolostrumqualit\u00e4t ab. Dies kann mit dem Refraktometer gemessen werden.<\/li>\n<\/ul>\n<p>Unser Kolostrum-Mix ist frei von Krankheitserregern wie: BVD, Para TB und IBR<\/p>\n","protected":false},"excerpt":{"rendered":"<p>Kolostrum ist lebenswichtig! Es ist das erste Futter, das K\u00e4lber und L\u00e4mmer erhalten und ist f\u00fcr einen guten Start notwendig. [&hellip;]<\/p>\n","protected":false},"featured_media":20066,"template":"","meta":{"_acf_changed":false,"ngg_post_thumbnail":0},"product_brand":[],"product_cat":[1249,1023,1307,1069,1309,1191,1129,1311,1214,1188,1210,1259,1306,1141,1087,1029,1219,1128,1209,1049,1063,1109,1310],"product_tag":[],"woo-feed-brand":[],"class_list":{"0":"post-11707","1":"product","2":"type-product","3":"status-publish","4":"has-post-thumbnail","6":"product_cat-schweine-ferkel","7":"product_cat-ferkel-schweine","8":"product_cat-ferkel-schweine-widerstand","9":"product_cat-kalber","10":"product_cat-kalber-widerstand","11":"product_cat-kalber-rinder","12":"product_cat-lammer-schafe","13":"product_cat-lammer-schafe-widerstand","14":"product_cat-lammer-schafe-schafe","15":"product_cat-rinder","16":"product_cat-schafe","17":"product_cat-widerstand-schweine","18":"product_cat-widerstand","19":"product_cat-widerstand-laemmer-schafe","20":"product_cat-widerstand-kaelber","21":"product_cat-widerstand-ferkel-schweine","22":"product_cat-widerstand-schafe","23":"product_cat-widerstand-ziegenlaemmer","24":"product_cat-widerstand-rinder","25":"product_cat-ziegen","26":"product_cat-ziegenlammer-ziegen","27":"product_cat-ziegenlaemmer","28":"product_cat-ziegenlammer-widerstand","30":"first","31":"instock","32":"taxable","33":"shipping-taxable","34":"purchasable","35":"product-type-simple"},"acf":[],"yoast_head":"<!-- This site is optimized with the Yoast SEO plugin v27.4 - https:\/\/yoast.com\/product\/yoast-seo-wordpress\/ -->\n<title>Kolostrum mix 2,5kg - Topro Animal Health<\/title>\n<meta name=\"description\" content=\"Der Topro Kolostrum Mix 2,5 kg wird mit dem Ziel hergestellt, Kolostrum bestm\u00f6glich zu ersetzen und ist eine gute Erg\u00e4nzung bei Engp\u00e4ssen.\" \/>\n<meta name=\"robots\" content=\"index, follow, max-snippet:-1, max-image-preview:large, max-video-preview:-1\" \/>\n<link rel=\"canonical\" href=\"https:\/\/www.topro.nl\/de\/product\/widerstand\/ferkel-schweine-widerstand\/kolostrum-mix-2-5kg\/\" \/>\n<meta property=\"og:locale\" content=\"de_DE\" \/>\n<meta property=\"og:type\" content=\"article\" \/>\n<meta property=\"og:title\" content=\"Kolostrum mix 2,5kg - Topro Animal Health\" \/>\n<meta property=\"og:description\" content=\"Der Topro Kolostrum Mix 2,5 kg wird mit dem Ziel hergestellt, Kolostrum bestm\u00f6glich zu ersetzen und ist eine gute Erg\u00e4nzung bei Engp\u00e4ssen.\" \/>\n<meta property=\"og:url\" content=\"https:\/\/www.topro.nl\/de\/product\/widerstand\/ferkel-schweine-widerstand\/kolostrum-mix-2-5kg\/\" \/>\n<meta property=\"og:site_name\" content=\"Topro Animal Health\" \/>\n<meta property=\"article:modified_time\" content=\"2021-06-23T11:47:00+00:00\" \/>\n<meta property=\"og:image\" content=\"https:\/\/www.topro.nl\/wp-content\/uploads\/colostrum-mix-25kg-met-refractometer.png\" \/>\n\t<meta property=\"og:image:width\" content=\"2000\" \/>\n\t<meta property=\"og:image:height\" content=\"1784\" \/>\n\t<meta property=\"og:image:type\" content=\"image\/png\" \/>\n<meta name=\"twitter:card\" content=\"summary_large_image\" \/>\n<meta name=\"twitter:label1\" content=\"Gesch\u00e4tzte Lesezeit\" \/>\n\t<meta name=\"twitter:data1\" content=\"2\u00a0Minuten\" \/>\n<script type=\"application\/ld+json\" class=\"yoast-schema-graph\">{\"@context\":\"https:\\\/\\\/schema.org\",\"@graph\":[{\"@type\":\"WebPage\",\"@id\":\"https:\\\/\\\/www.topro.nl\\\/de\\\/product\\\/widerstand\\\/ferkel-schweine-widerstand\\\/kolostrum-mix-2-5kg\\\/\",\"url\":\"https:\\\/\\\/www.topro.nl\\\/de\\\/product\\\/widerstand\\\/ferkel-schweine-widerstand\\\/kolostrum-mix-2-5kg\\\/\",\"name\":\"Kolostrum mix 2,5kg - Topro Animal Health\",\"isPartOf\":{\"@id\":\"https:\\\/\\\/www.topro.nl\\\/de\\\/#website\"},\"primaryImageOfPage\":{\"@id\":\"https:\\\/\\\/www.topro.nl\\\/de\\\/product\\\/widerstand\\\/ferkel-schweine-widerstand\\\/kolostrum-mix-2-5kg\\\/#primaryimage\"},\"image\":{\"@id\":\"https:\\\/\\\/www.topro.nl\\\/de\\\/product\\\/widerstand\\\/ferkel-schweine-widerstand\\\/kolostrum-mix-2-5kg\\\/#primaryimage\"},\"thumbnailUrl\":\"https:\\\/\\\/www.topro.nl\\\/wp-content\\\/uploads\\\/110026_Topro_Colostrum_Mix_25kg_WEB.png\",\"datePublished\":\"2020-06-08T14:48:05+00:00\",\"dateModified\":\"2021-06-23T11:47:00+00:00\",\"description\":\"Der Topro Kolostrum Mix 2,5 kg wird mit dem Ziel hergestellt, Kolostrum bestm\u00f6glich zu ersetzen und ist eine gute Erg\u00e4nzung bei Engp\u00e4ssen.\",\"breadcrumb\":{\"@id\":\"https:\\\/\\\/www.topro.nl\\\/de\\\/product\\\/widerstand\\\/ferkel-schweine-widerstand\\\/kolostrum-mix-2-5kg\\\/#breadcrumb\"},\"inLanguage\":\"de\",\"potentialAction\":[{\"@type\":\"ReadAction\",\"target\":[\"https:\\\/\\\/www.topro.nl\\\/de\\\/product\\\/widerstand\\\/ferkel-schweine-widerstand\\\/kolostrum-mix-2-5kg\\\/\"]}]},{\"@type\":\"ImageObject\",\"inLanguage\":\"de\",\"@id\":\"https:\\\/\\\/www.topro.nl\\\/de\\\/product\\\/widerstand\\\/ferkel-schweine-widerstand\\\/kolostrum-mix-2-5kg\\\/#primaryimage\",\"url\":\"https:\\\/\\\/www.topro.nl\\\/wp-content\\\/uploads\\\/110026_Topro_Colostrum_Mix_25kg_WEB.png\",\"contentUrl\":\"https:\\\/\\\/www.topro.nl\\\/wp-content\\\/uploads\\\/110026_Topro_Colostrum_Mix_25kg_WEB.png\",\"width\":2000,\"height\":1794},{\"@type\":\"BreadcrumbList\",\"@id\":\"https:\\\/\\\/www.topro.nl\\\/de\\\/product\\\/widerstand\\\/ferkel-schweine-widerstand\\\/kolostrum-mix-2-5kg\\\/#breadcrumb\",\"itemListElement\":[{\"@type\":\"ListItem\",\"position\":1,\"name\":\"Home\",\"item\":\"https:\\\/\\\/www.topro.nl\\\/de\\\/\"},{\"@type\":\"ListItem\",\"position\":2,\"name\":\"Topro Shop\",\"item\":\"https:\\\/\\\/www.topro.nl\\\/de\\\/shop\\\/\"},{\"@type\":\"ListItem\",\"position\":3,\"name\":\"Kolostrum mix 2,5kg\"}]},{\"@type\":\"WebSite\",\"@id\":\"https:\\\/\\\/www.topro.nl\\\/de\\\/#website\",\"url\":\"https:\\\/\\\/www.topro.nl\\\/de\\\/\",\"name\":\"Topro Animal Health\",\"description\":\"\",\"publisher\":{\"@id\":\"https:\\\/\\\/www.topro.nl\\\/de\\\/#organization\"},\"potentialAction\":[{\"@type\":\"SearchAction\",\"target\":{\"@type\":\"EntryPoint\",\"urlTemplate\":\"https:\\\/\\\/www.topro.nl\\\/de\\\/?s={search_term_string}\"},\"query-input\":{\"@type\":\"PropertyValueSpecification\",\"valueRequired\":true,\"valueName\":\"search_term_string\"}}],\"inLanguage\":\"de\"},{\"@type\":\"Organization\",\"@id\":\"https:\\\/\\\/www.topro.nl\\\/de\\\/#organization\",\"name\":\"Horizont Afrastering\",\"url\":\"https:\\\/\\\/www.topro.nl\\\/de\\\/\",\"logo\":{\"@type\":\"ImageObject\",\"inLanguage\":\"de\",\"@id\":\"https:\\\/\\\/www.topro.nl\\\/de\\\/#\\\/schema\\\/logo\\\/image\\\/\",\"url\":\"\",\"contentUrl\":\"\",\"caption\":\"Horizont Afrastering\"},\"image\":{\"@id\":\"https:\\\/\\\/www.topro.nl\\\/de\\\/#\\\/schema\\\/logo\\\/image\\\/\"}}]}<\/script>\n<!-- \/ Yoast SEO plugin. -->","yoast_head_json":{"title":"Kolostrum mix 2,5kg - Topro Animal Health","description":"Der Topro Kolostrum Mix 2,5 kg wird mit dem Ziel hergestellt, Kolostrum bestm\u00f6glich zu ersetzen und ist eine gute Erg\u00e4nzung bei Engp\u00e4ssen.","robots":{"index":"index","follow":"follow","max-snippet":"max-snippet:-1","max-image-preview":"max-image-preview:large","max-video-preview":"max-video-preview:-1"},"canonical":"https:\/\/www.topro.nl\/de\/product\/widerstand\/ferkel-schweine-widerstand\/kolostrum-mix-2-5kg\/","og_locale":"de_DE","og_type":"article","og_title":"Kolostrum mix 2,5kg - Topro Animal Health","og_description":"Der Topro Kolostrum Mix 2,5 kg wird mit dem Ziel hergestellt, Kolostrum bestm\u00f6glich zu ersetzen und ist eine gute Erg\u00e4nzung bei Engp\u00e4ssen.","og_url":"https:\/\/www.topro.nl\/de\/product\/widerstand\/ferkel-schweine-widerstand\/kolostrum-mix-2-5kg\/","og_site_name":"Topro Animal Health","article_modified_time":"2021-06-23T11:47:00+00:00","og_image":[{"width":2000,"height":1784,"url":"https:\/\/www.topro.nl\/wp-content\/uploads\/colostrum-mix-25kg-met-refractometer.png","type":"image\/png"}],"twitter_card":"summary_large_image","twitter_misc":{"Gesch\u00e4tzte Lesezeit":"2\u00a0Minuten"},"schema":{"@context":"https:\/\/schema.org","@graph":[{"@type":"WebPage","@id":"https:\/\/www.topro.nl\/de\/product\/widerstand\/ferkel-schweine-widerstand\/kolostrum-mix-2-5kg\/","url":"https:\/\/www.topro.nl\/de\/product\/widerstand\/ferkel-schweine-widerstand\/kolostrum-mix-2-5kg\/","name":"Kolostrum mix 2,5kg - Topro Animal Health","isPartOf":{"@id":"https:\/\/www.topro.nl\/de\/#website"},"primaryImageOfPage":{"@id":"https:\/\/www.topro.nl\/de\/product\/widerstand\/ferkel-schweine-widerstand\/kolostrum-mix-2-5kg\/#primaryimage"},"image":{"@id":"https:\/\/www.topro.nl\/de\/product\/widerstand\/ferkel-schweine-widerstand\/kolostrum-mix-2-5kg\/#primaryimage"},"thumbnailUrl":"https:\/\/www.topro.nl\/wp-content\/uploads\/110026_Topro_Colostrum_Mix_25kg_WEB.png","datePublished":"2020-06-08T14:48:05+00:00","dateModified":"2021-06-23T11:47:00+00:00","description":"Der Topro Kolostrum Mix 2,5 kg wird mit dem Ziel hergestellt, Kolostrum bestm\u00f6glich zu ersetzen und ist eine gute Erg\u00e4nzung bei Engp\u00e4ssen.","breadcrumb":{"@id":"https:\/\/www.topro.nl\/de\/product\/widerstand\/ferkel-schweine-widerstand\/kolostrum-mix-2-5kg\/#breadcrumb"},"inLanguage":"de","potentialAction":[{"@type":"ReadAction","target":["https:\/\/www.topro.nl\/de\/product\/widerstand\/ferkel-schweine-widerstand\/kolostrum-mix-2-5kg\/"]}]},{"@type":"ImageObject","inLanguage":"de","@id":"https:\/\/www.topro.nl\/de\/product\/widerstand\/ferkel-schweine-widerstand\/kolostrum-mix-2-5kg\/#primaryimage","url":"https:\/\/www.topro.nl\/wp-content\/uploads\/110026_Topro_Colostrum_Mix_25kg_WEB.png","contentUrl":"https:\/\/www.topro.nl\/wp-content\/uploads\/110026_Topro_Colostrum_Mix_25kg_WEB.png","width":2000,"height":1794},{"@type":"BreadcrumbList","@id":"https:\/\/www.topro.nl\/de\/product\/widerstand\/ferkel-schweine-widerstand\/kolostrum-mix-2-5kg\/#breadcrumb","itemListElement":[{"@type":"ListItem","position":1,"name":"Home","item":"https:\/\/www.topro.nl\/de\/"},{"@type":"ListItem","position":2,"name":"Topro Shop","item":"https:\/\/www.topro.nl\/de\/shop\/"},{"@type":"ListItem","position":3,"name":"Kolostrum mix 2,5kg"}]},{"@type":"WebSite","@id":"https:\/\/www.topro.nl\/de\/#website","url":"https:\/\/www.topro.nl\/de\/","name":"Topro Animal Health","description":"","publisher":{"@id":"https:\/\/www.topro.nl\/de\/#organization"},"potentialAction":[{"@type":"SearchAction","target":{"@type":"EntryPoint","urlTemplate":"https:\/\/www.topro.nl\/de\/?s={search_term_string}"},"query-input":{"@type":"PropertyValueSpecification","valueRequired":true,"valueName":"search_term_string"}}],"inLanguage":"de"},{"@type":"Organization","@id":"https:\/\/www.topro.nl\/de\/#organization","name":"Horizont Afrastering","url":"https:\/\/www.topro.nl\/de\/","logo":{"@type":"ImageObject","inLanguage":"de","@id":"https:\/\/www.topro.nl\/de\/#\/schema\/logo\/image\/","url":"","contentUrl":"","caption":"Horizont Afrastering"},"image":{"@id":"https:\/\/www.topro.nl\/de\/#\/schema\/logo\/image\/"}}]}},"tiered_pricing_type":"fixed","tiered_pricing_fixed_rules":[],"tiered_pricing_product_settings":{"layout":"default","base_unit_name":{"singular":null,"plural":null},"default_variation":null},"tiered_pricing_minimum_quantity":null,"tiered_pricing_roles_data":[],"tiered_pricing_percentage_rules":[],"_links":{"self":[{"href":"https:\/\/www.topro.nl\/de\/wp-json\/wp\/v2\/product\/11707","targetHints":{"allow":["GET"]}}],"collection":[{"href":"https:\/\/www.topro.nl\/de\/wp-json\/wp\/v2\/product"}],"about":[{"href":"https:\/\/www.topro.nl\/de\/wp-json\/wp\/v2\/types\/product"}],"wp:featuredmedia":[{"embeddable":true,"href":"https:\/\/www.topro.nl\/de\/wp-json\/wp\/v2\/media\/20066"}],"wp:attachment":[{"href":"https:\/\/www.topro.nl\/de\/wp-json\/wp\/v2\/media?parent=11707"}],"wp:term":[{"taxonomy":"product_brand","embeddable":true,"href":"https:\/\/www.topro.nl\/de\/wp-json\/wp\/v2\/product_brand?post=11707"},{"taxonomy":"product_cat","embeddable":true,"href":"https:\/\/www.topro.nl\/de\/wp-json\/wp\/v2\/product_cat?post=11707"},{"taxonomy":"product_tag","embeddable":true,"href":"https:\/\/www.topro.nl\/de\/wp-json\/wp\/v2\/product_tag?post=11707"},{"taxonomy":"woo-feed-brand","embeddable":true,"href":"https:\/\/www.topro.nl\/de\/wp-json\/wp\/v2\/woo-feed-brand?post=11707"}],"curies":[{"name":"wp","href":"https:\/\/api.w.org\/{rel}","templated":true}]}}