{"id":11705,"date":"2020-06-09T07:09:33","date_gmt":"2020-06-09T07:09:33","guid":{"rendered":"https:\/\/www.topro.nl\/product\/unkategorisiert\/topro-calcium-bolus\/"},"modified":"2025-12-02T03:25:32","modified_gmt":"2025-12-02T03:25:32","slug":"topro-kalziumbolus","status":"publish","type":"product","link":"https:\/\/www.topro.nl\/de\/product\/rinder\/rinder-milchkrankheit\/topro-kalziumbolus\/","title":{"rendered":"Kalzium Bolus"},"content":{"rendered":"<p>Topro Calcium bolus is een mineraal dieetvoeder speciaal voor koeien die aan het afkalven zijn.\u00a0Koeien hebben, rond afkalven, een hoge calciumbehoefte omdat er grote hoeveelheden melk worden geproduceerd. Veel koeien zijn in deze periode onvoldoende in staat om volledig aan deze calciumbehoefte te voldoen. Het gevolg hiervan is (subklinische) melkziekte. Dien de bolus toe bij koeien met melkziekte, of waarbij melkziekte wordt verwacht.<\/p>\n<h3><span style=\"color: #009cde;\">Topro Kalzium Bolus reduziert das Risiko von Milchfieber<\/span><\/h3>\n<p>Der Topro Kalzium Bolus wurde entwickelt, um das Risiko von Milchfieber zu reduzieren. Jeder Kalzium bolus enth\u00e4lt 20 Gramm reines, leicht resorbierbares Kalzium und wird sofort im Pansen freigesetzt. Dies gleicht einen Mangel sofort aus. Neben Calcium wurde diesem Bolus auch Vitamin D zugesetzt. Eine gute Vitamin-D-Versorgung ist Voraussetzung f\u00fcr einen guten Kalziumhaushalt. Phosphor (5,4%). Phosphor ist f\u00fcr die Calciumfixierung notwendig, bei einem Calciummangel tritt h\u00e4ufig auch ein Phosphormangel auf.<\/p>\n<h3><span style=\"color: #009cde;\">Dosierung<\/span><\/h3>\n<ul>\n<li>12-24 Stunden vor dem Kalben: 2 Boli<\/li>\n<li>Unmittelbar nach dem Kalben: 2 Boli<\/li>\n<li>10-12 Stunden nach dem Kalben: 1 oder 2 Boli<\/li>\n<li>24 Stunden nach dem Kalben: 1 oder 2 Boli<\/li>\n<\/ul>\n<h3><span style=\"color: #009cde;\">Dosierung nach einer Calciuminfusion<\/span><\/h3>\n<ul>\n<li>2 Boli 2 Stunden nach Infusion<\/li>\n<li>2 Boli 12 Stunden nach Infusion<\/li>\n<\/ul>\n<h3><span style=\"color: #009cde;\">Hinweis zur Anwendung<\/span><\/h3>\n<ul>\n<li>Verabreichen mit einem geeigneter Bolus Shooter<\/li>\n<\/ul>\n","protected":false},"excerpt":{"rendered":"<p>Topro Calcium bolus is een mineraal dieetvoeder speciaal voor koeien die aan het afkalven zijn.\u00a0Koeien hebben, rond afkalven, een hoge [&hellip;]<\/p>\n","protected":false},"featured_media":21155,"template":"","meta":{"_acf_changed":false,"ngg_post_thumbnail":0},"product_brand":[],"product_cat":[1144,1203,1204,1149,1166,1188,1145],"product_tag":[],"woo-feed-brand":[],"class_list":{"0":"post-11705","1":"product","2":"type-product","3":"status-publish","4":"has-post-thumbnail","6":"product_cat-milchkrankheit","7":"product_cat-rinder-milchkrankheit","8":"product_cat-mineralien-rinder","9":"product_cat-mineralien","10":"product_cat-rinder-mineralien","11":"product_cat-rinder","12":"product_cat-milchkrankheit-rinder","14":"first","15":"instock","16":"featured","17":"taxable","18":"shipping-taxable","19":"purchasable","20":"product-type-simple"},"acf":[],"yoast_head":"<!-- This site is optimized with the Yoast SEO plugin v27.3 - https:\/\/yoast.com\/product\/yoast-seo-wordpress\/ -->\n<title>Kalzium Bolus - Topro Animal Health<\/title>\n<meta name=\"description\" content=\"Der Topro Kalzium Bolus liefert \u00e4u\u00dferst pr\u00e4zise die t\u00e4glich ben\u00f6tigten Spurenelemente Jod, Kobalt, Kupfer, Zink und Selen.\" \/>\n<meta name=\"robots\" content=\"index, follow, max-snippet:-1, max-image-preview:large, max-video-preview:-1\" \/>\n<link rel=\"canonical\" href=\"https:\/\/www.topro.nl\/de\/product\/rinder\/rinder-milchkrankheit\/topro-kalziumbolus\/\" \/>\n<meta property=\"og:locale\" content=\"de_DE\" \/>\n<meta property=\"og:type\" content=\"article\" \/>\n<meta property=\"og:title\" content=\"Kalzium Bolus - Topro Animal Health\" \/>\n<meta property=\"og:description\" content=\"Der Topro Kalzium Bolus liefert \u00e4u\u00dferst pr\u00e4zise die t\u00e4glich ben\u00f6tigten Spurenelemente Jod, Kobalt, Kupfer, Zink und Selen.\" \/>\n<meta property=\"og:url\" content=\"https:\/\/www.topro.nl\/de\/product\/rinder\/rinder-milchkrankheit\/topro-kalziumbolus\/\" \/>\n<meta property=\"og:site_name\" content=\"Topro Animal Health\" \/>\n<meta property=\"article:modified_time\" content=\"2025-12-02T03:25:32+00:00\" \/>\n<meta property=\"og:image\" content=\"https:\/\/www.topro.nl\/wp-content\/uploads\/102140_Topro_Calcium_bolus_verpakking.jpg\" \/>\n\t<meta property=\"og:image:width\" content=\"750\" \/>\n\t<meta property=\"og:image:height\" content=\"750\" \/>\n\t<meta property=\"og:image:type\" content=\"image\/jpeg\" \/>\n<meta name=\"twitter:card\" content=\"summary_large_image\" \/>\n<meta name=\"twitter:label1\" content=\"Gesch\u00e4tzte Lesezeit\" \/>\n\t<meta name=\"twitter:data1\" content=\"1\u00a0Minute\" \/>\n<script type=\"application\/ld+json\" class=\"yoast-schema-graph\">{\"@context\":\"https:\\\/\\\/schema.org\",\"@graph\":[{\"@type\":\"WebPage\",\"@id\":\"https:\\\/\\\/www.topro.nl\\\/de\\\/product\\\/rinder\\\/rinder-milchkrankheit\\\/topro-kalziumbolus\\\/\",\"url\":\"https:\\\/\\\/www.topro.nl\\\/de\\\/product\\\/rinder\\\/rinder-milchkrankheit\\\/topro-kalziumbolus\\\/\",\"name\":\"Kalzium Bolus - Topro Animal Health\",\"isPartOf\":{\"@id\":\"https:\\\/\\\/www.topro.nl\\\/de\\\/#website\"},\"primaryImageOfPage\":{\"@id\":\"https:\\\/\\\/www.topro.nl\\\/de\\\/product\\\/rinder\\\/rinder-milchkrankheit\\\/topro-kalziumbolus\\\/#primaryimage\"},\"image\":{\"@id\":\"https:\\\/\\\/www.topro.nl\\\/de\\\/product\\\/rinder\\\/rinder-milchkrankheit\\\/topro-kalziumbolus\\\/#primaryimage\"},\"thumbnailUrl\":\"https:\\\/\\\/www.topro.nl\\\/wp-content\\\/uploads\\\/Calcium-bolus-102140-NLENDEFR-1-05082023-voor.png\",\"datePublished\":\"2020-06-09T07:09:33+00:00\",\"dateModified\":\"2025-12-02T03:25:32+00:00\",\"description\":\"Der Topro Kalzium Bolus liefert \u00e4u\u00dferst pr\u00e4zise die t\u00e4glich ben\u00f6tigten Spurenelemente Jod, Kobalt, Kupfer, Zink und Selen.\",\"breadcrumb\":{\"@id\":\"https:\\\/\\\/www.topro.nl\\\/de\\\/product\\\/rinder\\\/rinder-milchkrankheit\\\/topro-kalziumbolus\\\/#breadcrumb\"},\"inLanguage\":\"de\",\"potentialAction\":[{\"@type\":\"ReadAction\",\"target\":[\"https:\\\/\\\/www.topro.nl\\\/de\\\/product\\\/rinder\\\/rinder-milchkrankheit\\\/topro-kalziumbolus\\\/\"]}]},{\"@type\":\"ImageObject\",\"inLanguage\":\"de\",\"@id\":\"https:\\\/\\\/www.topro.nl\\\/de\\\/product\\\/rinder\\\/rinder-milchkrankheit\\\/topro-kalziumbolus\\\/#primaryimage\",\"url\":\"https:\\\/\\\/www.topro.nl\\\/wp-content\\\/uploads\\\/Calcium-bolus-102140-NLENDEFR-1-05082023-voor.png\",\"contentUrl\":\"https:\\\/\\\/www.topro.nl\\\/wp-content\\\/uploads\\\/Calcium-bolus-102140-NLENDEFR-1-05082023-voor.png\",\"width\":1200,\"height\":1070,\"caption\":\"\u201cTopro Calcium bolus voor koeien \u2013 mineraal dieetvoeder ter vermindering van melkziekte (hypocalci\u00ebmie) rond afkalven\u201d\"},{\"@type\":\"BreadcrumbList\",\"@id\":\"https:\\\/\\\/www.topro.nl\\\/de\\\/product\\\/rinder\\\/rinder-milchkrankheit\\\/topro-kalziumbolus\\\/#breadcrumb\",\"itemListElement\":[{\"@type\":\"ListItem\",\"position\":1,\"name\":\"Home\",\"item\":\"https:\\\/\\\/www.topro.nl\\\/de\\\/\"},{\"@type\":\"ListItem\",\"position\":2,\"name\":\"Topro Shop\",\"item\":\"https:\\\/\\\/www.topro.nl\\\/de\\\/shop\\\/\"},{\"@type\":\"ListItem\",\"position\":3,\"name\":\"Kalzium Bolus\"}]},{\"@type\":\"WebSite\",\"@id\":\"https:\\\/\\\/www.topro.nl\\\/de\\\/#website\",\"url\":\"https:\\\/\\\/www.topro.nl\\\/de\\\/\",\"name\":\"Topro Animal Health\",\"description\":\"\",\"publisher\":{\"@id\":\"https:\\\/\\\/www.topro.nl\\\/de\\\/#organization\"},\"potentialAction\":[{\"@type\":\"SearchAction\",\"target\":{\"@type\":\"EntryPoint\",\"urlTemplate\":\"https:\\\/\\\/www.topro.nl\\\/de\\\/?s={search_term_string}\"},\"query-input\":{\"@type\":\"PropertyValueSpecification\",\"valueRequired\":true,\"valueName\":\"search_term_string\"}}],\"inLanguage\":\"de\"},{\"@type\":\"Organization\",\"@id\":\"https:\\\/\\\/www.topro.nl\\\/de\\\/#organization\",\"name\":\"Horizont Afrastering\",\"url\":\"https:\\\/\\\/www.topro.nl\\\/de\\\/\",\"logo\":{\"@type\":\"ImageObject\",\"inLanguage\":\"de\",\"@id\":\"https:\\\/\\\/www.topro.nl\\\/de\\\/#\\\/schema\\\/logo\\\/image\\\/\",\"url\":\"\",\"contentUrl\":\"\",\"caption\":\"Horizont Afrastering\"},\"image\":{\"@id\":\"https:\\\/\\\/www.topro.nl\\\/de\\\/#\\\/schema\\\/logo\\\/image\\\/\"}}]}<\/script>\n<!-- \/ Yoast SEO plugin. -->","yoast_head_json":{"title":"Kalzium Bolus - Topro Animal Health","description":"Der Topro Kalzium Bolus liefert \u00e4u\u00dferst pr\u00e4zise die t\u00e4glich ben\u00f6tigten Spurenelemente Jod, Kobalt, Kupfer, Zink und Selen.","robots":{"index":"index","follow":"follow","max-snippet":"max-snippet:-1","max-image-preview":"max-image-preview:large","max-video-preview":"max-video-preview:-1"},"canonical":"https:\/\/www.topro.nl\/de\/product\/rinder\/rinder-milchkrankheit\/topro-kalziumbolus\/","og_locale":"de_DE","og_type":"article","og_title":"Kalzium Bolus - Topro Animal Health","og_description":"Der Topro Kalzium Bolus liefert \u00e4u\u00dferst pr\u00e4zise die t\u00e4glich ben\u00f6tigten Spurenelemente Jod, Kobalt, Kupfer, Zink und Selen.","og_url":"https:\/\/www.topro.nl\/de\/product\/rinder\/rinder-milchkrankheit\/topro-kalziumbolus\/","og_site_name":"Topro Animal Health","article_modified_time":"2025-12-02T03:25:32+00:00","og_image":[{"width":750,"height":750,"url":"https:\/\/www.topro.nl\/wp-content\/uploads\/102140_Topro_Calcium_bolus_verpakking.jpg","type":"image\/jpeg"}],"twitter_card":"summary_large_image","twitter_misc":{"Gesch\u00e4tzte Lesezeit":"1\u00a0Minute"},"schema":{"@context":"https:\/\/schema.org","@graph":[{"@type":"WebPage","@id":"https:\/\/www.topro.nl\/de\/product\/rinder\/rinder-milchkrankheit\/topro-kalziumbolus\/","url":"https:\/\/www.topro.nl\/de\/product\/rinder\/rinder-milchkrankheit\/topro-kalziumbolus\/","name":"Kalzium Bolus - Topro Animal Health","isPartOf":{"@id":"https:\/\/www.topro.nl\/de\/#website"},"primaryImageOfPage":{"@id":"https:\/\/www.topro.nl\/de\/product\/rinder\/rinder-milchkrankheit\/topro-kalziumbolus\/#primaryimage"},"image":{"@id":"https:\/\/www.topro.nl\/de\/product\/rinder\/rinder-milchkrankheit\/topro-kalziumbolus\/#primaryimage"},"thumbnailUrl":"https:\/\/www.topro.nl\/wp-content\/uploads\/Calcium-bolus-102140-NLENDEFR-1-05082023-voor.png","datePublished":"2020-06-09T07:09:33+00:00","dateModified":"2025-12-02T03:25:32+00:00","description":"Der Topro Kalzium Bolus liefert \u00e4u\u00dferst pr\u00e4zise die t\u00e4glich ben\u00f6tigten Spurenelemente Jod, Kobalt, Kupfer, Zink und Selen.","breadcrumb":{"@id":"https:\/\/www.topro.nl\/de\/product\/rinder\/rinder-milchkrankheit\/topro-kalziumbolus\/#breadcrumb"},"inLanguage":"de","potentialAction":[{"@type":"ReadAction","target":["https:\/\/www.topro.nl\/de\/product\/rinder\/rinder-milchkrankheit\/topro-kalziumbolus\/"]}]},{"@type":"ImageObject","inLanguage":"de","@id":"https:\/\/www.topro.nl\/de\/product\/rinder\/rinder-milchkrankheit\/topro-kalziumbolus\/#primaryimage","url":"https:\/\/www.topro.nl\/wp-content\/uploads\/Calcium-bolus-102140-NLENDEFR-1-05082023-voor.png","contentUrl":"https:\/\/www.topro.nl\/wp-content\/uploads\/Calcium-bolus-102140-NLENDEFR-1-05082023-voor.png","width":1200,"height":1070,"caption":"\u201cTopro Calcium bolus voor koeien \u2013 mineraal dieetvoeder ter vermindering van melkziekte (hypocalci\u00ebmie) rond afkalven\u201d"},{"@type":"BreadcrumbList","@id":"https:\/\/www.topro.nl\/de\/product\/rinder\/rinder-milchkrankheit\/topro-kalziumbolus\/#breadcrumb","itemListElement":[{"@type":"ListItem","position":1,"name":"Home","item":"https:\/\/www.topro.nl\/de\/"},{"@type":"ListItem","position":2,"name":"Topro Shop","item":"https:\/\/www.topro.nl\/de\/shop\/"},{"@type":"ListItem","position":3,"name":"Kalzium Bolus"}]},{"@type":"WebSite","@id":"https:\/\/www.topro.nl\/de\/#website","url":"https:\/\/www.topro.nl\/de\/","name":"Topro Animal Health","description":"","publisher":{"@id":"https:\/\/www.topro.nl\/de\/#organization"},"potentialAction":[{"@type":"SearchAction","target":{"@type":"EntryPoint","urlTemplate":"https:\/\/www.topro.nl\/de\/?s={search_term_string}"},"query-input":{"@type":"PropertyValueSpecification","valueRequired":true,"valueName":"search_term_string"}}],"inLanguage":"de"},{"@type":"Organization","@id":"https:\/\/www.topro.nl\/de\/#organization","name":"Horizont Afrastering","url":"https:\/\/www.topro.nl\/de\/","logo":{"@type":"ImageObject","inLanguage":"de","@id":"https:\/\/www.topro.nl\/de\/#\/schema\/logo\/image\/","url":"","contentUrl":"","caption":"Horizont Afrastering"},"image":{"@id":"https:\/\/www.topro.nl\/de\/#\/schema\/logo\/image\/"}}]}},"tiered_pricing_type":"fixed","tiered_pricing_fixed_rules":[],"tiered_pricing_product_settings":{"layout":"default","base_unit_name":{"singular":null,"plural":null},"default_variation":null},"tiered_pricing_minimum_quantity":null,"tiered_pricing_roles_data":[],"tiered_pricing_percentage_rules":[],"_links":{"self":[{"href":"https:\/\/www.topro.nl\/de\/wp-json\/wp\/v2\/product\/11705","targetHints":{"allow":["GET"]}}],"collection":[{"href":"https:\/\/www.topro.nl\/de\/wp-json\/wp\/v2\/product"}],"about":[{"href":"https:\/\/www.topro.nl\/de\/wp-json\/wp\/v2\/types\/product"}],"wp:featuredmedia":[{"embeddable":true,"href":"https:\/\/www.topro.nl\/de\/wp-json\/wp\/v2\/media\/21155"}],"wp:attachment":[{"href":"https:\/\/www.topro.nl\/de\/wp-json\/wp\/v2\/media?parent=11705"}],"wp:term":[{"taxonomy":"product_brand","embeddable":true,"href":"https:\/\/www.topro.nl\/de\/wp-json\/wp\/v2\/product_brand?post=11705"},{"taxonomy":"product_cat","embeddable":true,"href":"https:\/\/www.topro.nl\/de\/wp-json\/wp\/v2\/product_cat?post=11705"},{"taxonomy":"product_tag","embeddable":true,"href":"https:\/\/www.topro.nl\/de\/wp-json\/wp\/v2\/product_tag?post=11705"},{"taxonomy":"woo-feed-brand","embeddable":true,"href":"https:\/\/www.topro.nl\/de\/wp-json\/wp\/v2\/woo-feed-brand?post=11705"}],"curies":[{"name":"wp","href":"https:\/\/api.w.org\/{rel}","templated":true}]}}