{"id":11693,"date":"2020-06-09T08:22:43","date_gmt":"2020-06-09T08:22:43","guid":{"rendered":"https:\/\/www.topro.nl\/product\/unkategorisiert\/topro-electrolyte-mix-2kg\/"},"modified":"2021-07-12T11:29:53","modified_gmt":"2021-07-12T11:29:53","slug":"topro-electrolyte-mix-2kg","status":"publish","type":"product","link":"https:\/\/www.topro.nl\/de\/product\/widerstand\/ferkel-schweine-widerstand\/topro-electrolyte-mix-2kg\/","title":{"rendered":"Electrolyte Mix 2 kg"},"content":{"rendered":"<p>Der Topro Electrolyte Mix wurde zur Stabilisierung des Wasser- und Elektrolythaushaltes entwickelt, um die physiologische Verdauung bei K\u00e4lbern, L\u00e4mmern und Ferkeln zu unterst\u00fctzen.<\/p>\n<h3><span style=\"color: #009cde;\">Eigenschaften Electrolyte Mix<\/span><\/h3>\n<p>Der Topro Electrolyte Mix wurde entwickelt, um die Darmgesundheit bei Gefahr von Verdauungsst\u00f6rungen zu unterst\u00fctzen. Dieses Produkt enth\u00e4lt Energie, Elektrolyte und einen Puffer. Energie ist wichtig, damit sich das Tier wieder fitter f\u00fchlt. Die Elektrolyte gleichen den entstandenen Mangel aus. Als Puffer wurde Natriumbicarbonat zugesetzt, um einer Versauerung durch einen gest\u00f6rten Feuchtigkeitshaushalt entgegenzuwirken.<\/p>\n<h3><span style=\"color: #009cde;\">Dosierung Topro Electrolyte Mix<\/span><\/h3>\n<p>25 Gramm Elektrolyt-Mix pro Liter Wasser dosieren. 2 bis 3 Tage f\u00fcttern und in 3-4 Portionen pro Tag aufteilen.<br \/>\nT\u00e4glich 10 % des K\u00f6rpergewichts in k\u00f6rperwarmer Elektrolytl\u00f6sung verabreichen (Beispiel: 45 kg Kalb, 1,5 Liter 3-mal t\u00e4glich). Reduzieren Sie wenn m\u00f6glich die Menge an Elektrolytl\u00f6sung und erh\u00f6hen Sie die Milchleistung.<\/p>\n","protected":false},"excerpt":{"rendered":"<p>Der Topro Electrolyte Mix wurde zur Stabilisierung des Wasser- und Elektrolythaushaltes entwickelt, um die physiologische Verdauung bei K\u00e4lbern, L\u00e4mmern und [&hellip;]<\/p>\n","protected":false},"featured_media":19816,"template":"","meta":{"_acf_changed":false,"ngg_post_thumbnail":0},"product_brand":[],"product_cat":[1131,1123,1025,1212,1250,1190,1071,1051,1030,1249,1031,1023,1307,1042,1069,1309,1191,1311,1044,1214,1129,1046,1317,1188,1047,1210,1318,1247,1048,1319,1087,1219,1306,1209,1141,1068,1128,1029,1259,1308,1049,1310,1063,1109,1043],"product_tag":[],"woo-feed-brand":[],"class_list":{"0":"post-11693","1":"product","2":"type-product","3":"status-publish","4":"has-post-thumbnail","6":"product_cat-durchfall-laemmer-schafe","7":"product_cat-durchfall-ziegenlaemmer","8":"product_cat-durchfall-ferkel-schweine","9":"product_cat-durchfall-schafe","10":"product_cat-durchfall-schweine","11":"product_cat-durchfall-rinder","12":"product_cat-durchfall-kalber","13":"product_cat-durchfall-ziegen","14":"product_cat-durchfall","15":"product_cat-schweine-ferkel","16":"product_cat-ferkel-schweine-durchfall","17":"product_cat-ferkel-schweine","18":"product_cat-ferkel-schweine-widerstand","19":"product_cat-kalber-durchfall","20":"product_cat-kalber","21":"product_cat-kalber-widerstand","22":"product_cat-kalber-rinder","23":"product_cat-lammer-schafe-widerstand","24":"product_cat-lammer-schafe-durchfall","25":"product_cat-lammer-schafe-schafe","26":"product_cat-lammer-schafe","27":"product_cat-rinder-durchfall","28":"product_cat-rinder-widerstand","29":"product_cat-rinder","30":"product_cat-schafe-durchfall","31":"product_cat-schafe","32":"product_cat-schafe-widerstand","33":"product_cat-schweine","34":"product_cat-schweine-durchfall","35":"product_cat-schweine-widerstand","36":"product_cat-widerstand-kaelber","37":"product_cat-widerstand-schafe","38":"product_cat-widerstand","39":"product_cat-widerstand-rinder","40":"product_cat-widerstand-laemmer-schafe","41":"product_cat-widerstand-ziegen","42":"product_cat-widerstand-ziegenlaemmer","43":"product_cat-widerstand-ferkel-schweine","44":"product_cat-widerstand-schweine","45":"product_cat-ziegen-widerstand","46":"product_cat-ziegen","47":"product_cat-ziegenlammer-widerstand","48":"product_cat-ziegenlammer-ziegen","49":"product_cat-ziegenlaemmer","50":"product_cat-ziegenlammer-durchfall","52":"first","53":"instock","54":"taxable","55":"shipping-taxable","56":"purchasable","57":"product-type-simple"},"acf":[],"yoast_head":"<!-- This site is optimized with the Yoast SEO plugin v27.4 - https:\/\/yoast.com\/product\/yoast-seo-wordpress\/ -->\n<title>Electrolyte Mix 2 kg - Topro Animal Health<\/title>\n<meta name=\"description\" content=\"Der Topro Electrolyte Mix wurde entwickelt, um die Darmgesundheit bei Gefahr von Verdauungsst\u00f6rungen zu unterst\u00fctzen.\" \/>\n<meta name=\"robots\" content=\"index, follow, max-snippet:-1, max-image-preview:large, max-video-preview:-1\" \/>\n<link rel=\"canonical\" href=\"https:\/\/www.topro.nl\/de\/product\/widerstand\/ferkel-schweine-widerstand\/topro-electrolyte-mix-2kg\/\" \/>\n<meta property=\"og:locale\" content=\"de_DE\" \/>\n<meta property=\"og:type\" content=\"article\" \/>\n<meta property=\"og:title\" content=\"Electrolyte Mix 2 kg - Topro Animal Health\" \/>\n<meta property=\"og:description\" content=\"Der Topro Electrolyte Mix wurde entwickelt, um die Darmgesundheit bei Gefahr von Verdauungsst\u00f6rungen zu unterst\u00fctzen.\" \/>\n<meta property=\"og:url\" content=\"https:\/\/www.topro.nl\/de\/product\/widerstand\/ferkel-schweine-widerstand\/topro-electrolyte-mix-2kg\/\" \/>\n<meta property=\"og:site_name\" content=\"Topro Animal Health\" \/>\n<meta property=\"article:modified_time\" content=\"2021-07-12T11:29:53+00:00\" \/>\n<meta property=\"og:image\" content=\"https:\/\/www.topro.nl\/wp-content\/uploads\/102107_Topro_Electrolyte_Mix_2Kg-1.jpg\" \/>\n\t<meta property=\"og:image:width\" content=\"1181\" \/>\n\t<meta property=\"og:image:height\" content=\"1181\" \/>\n\t<meta property=\"og:image:type\" content=\"image\/jpeg\" \/>\n<meta name=\"twitter:card\" content=\"summary_large_image\" \/>\n<meta name=\"twitter:label1\" content=\"Gesch\u00e4tzte Lesezeit\" \/>\n\t<meta name=\"twitter:data1\" content=\"1\u00a0Minute\" \/>\n<script type=\"application\/ld+json\" class=\"yoast-schema-graph\">{\"@context\":\"https:\\\/\\\/schema.org\",\"@graph\":[{\"@type\":\"WebPage\",\"@id\":\"https:\\\/\\\/www.topro.nl\\\/de\\\/product\\\/widerstand\\\/ferkel-schweine-widerstand\\\/topro-electrolyte-mix-2kg\\\/\",\"url\":\"https:\\\/\\\/www.topro.nl\\\/de\\\/product\\\/widerstand\\\/ferkel-schweine-widerstand\\\/topro-electrolyte-mix-2kg\\\/\",\"name\":\"Electrolyte Mix 2 kg - Topro Animal Health\",\"isPartOf\":{\"@id\":\"https:\\\/\\\/www.topro.nl\\\/de\\\/#website\"},\"primaryImageOfPage\":{\"@id\":\"https:\\\/\\\/www.topro.nl\\\/de\\\/product\\\/widerstand\\\/ferkel-schweine-widerstand\\\/topro-electrolyte-mix-2kg\\\/#primaryimage\"},\"image\":{\"@id\":\"https:\\\/\\\/www.topro.nl\\\/de\\\/product\\\/widerstand\\\/ferkel-schweine-widerstand\\\/topro-electrolyte-mix-2kg\\\/#primaryimage\"},\"thumbnailUrl\":\"https:\\\/\\\/www.topro.nl\\\/wp-content\\\/uploads\\\/102107-Topro-Electrolyte-Mix-2kg-WEB.png\",\"datePublished\":\"2020-06-09T08:22:43+00:00\",\"dateModified\":\"2021-07-12T11:29:53+00:00\",\"description\":\"Der Topro Electrolyte Mix wurde entwickelt, um die Darmgesundheit bei Gefahr von Verdauungsst\u00f6rungen zu unterst\u00fctzen.\",\"breadcrumb\":{\"@id\":\"https:\\\/\\\/www.topro.nl\\\/de\\\/product\\\/widerstand\\\/ferkel-schweine-widerstand\\\/topro-electrolyte-mix-2kg\\\/#breadcrumb\"},\"inLanguage\":\"de\",\"potentialAction\":[{\"@type\":\"ReadAction\",\"target\":[\"https:\\\/\\\/www.topro.nl\\\/de\\\/product\\\/widerstand\\\/ferkel-schweine-widerstand\\\/topro-electrolyte-mix-2kg\\\/\"]}]},{\"@type\":\"ImageObject\",\"inLanguage\":\"de\",\"@id\":\"https:\\\/\\\/www.topro.nl\\\/de\\\/product\\\/widerstand\\\/ferkel-schweine-widerstand\\\/topro-electrolyte-mix-2kg\\\/#primaryimage\",\"url\":\"https:\\\/\\\/www.topro.nl\\\/wp-content\\\/uploads\\\/102107-Topro-Electrolyte-Mix-2kg-WEB.png\",\"contentUrl\":\"https:\\\/\\\/www.topro.nl\\\/wp-content\\\/uploads\\\/102107-Topro-Electrolyte-Mix-2kg-WEB.png\",\"width\":2000,\"height\":1784},{\"@type\":\"BreadcrumbList\",\"@id\":\"https:\\\/\\\/www.topro.nl\\\/de\\\/product\\\/widerstand\\\/ferkel-schweine-widerstand\\\/topro-electrolyte-mix-2kg\\\/#breadcrumb\",\"itemListElement\":[{\"@type\":\"ListItem\",\"position\":1,\"name\":\"Home\",\"item\":\"https:\\\/\\\/www.topro.nl\\\/de\\\/\"},{\"@type\":\"ListItem\",\"position\":2,\"name\":\"Topro Shop\",\"item\":\"https:\\\/\\\/www.topro.nl\\\/de\\\/shop\\\/\"},{\"@type\":\"ListItem\",\"position\":3,\"name\":\"Electrolyte Mix 2 kg\"}]},{\"@type\":\"WebSite\",\"@id\":\"https:\\\/\\\/www.topro.nl\\\/de\\\/#website\",\"url\":\"https:\\\/\\\/www.topro.nl\\\/de\\\/\",\"name\":\"Topro Animal Health\",\"description\":\"\",\"publisher\":{\"@id\":\"https:\\\/\\\/www.topro.nl\\\/de\\\/#organization\"},\"potentialAction\":[{\"@type\":\"SearchAction\",\"target\":{\"@type\":\"EntryPoint\",\"urlTemplate\":\"https:\\\/\\\/www.topro.nl\\\/de\\\/?s={search_term_string}\"},\"query-input\":{\"@type\":\"PropertyValueSpecification\",\"valueRequired\":true,\"valueName\":\"search_term_string\"}}],\"inLanguage\":\"de\"},{\"@type\":\"Organization\",\"@id\":\"https:\\\/\\\/www.topro.nl\\\/de\\\/#organization\",\"name\":\"Horizont Afrastering\",\"url\":\"https:\\\/\\\/www.topro.nl\\\/de\\\/\",\"logo\":{\"@type\":\"ImageObject\",\"inLanguage\":\"de\",\"@id\":\"https:\\\/\\\/www.topro.nl\\\/de\\\/#\\\/schema\\\/logo\\\/image\\\/\",\"url\":\"\",\"contentUrl\":\"\",\"caption\":\"Horizont Afrastering\"},\"image\":{\"@id\":\"https:\\\/\\\/www.topro.nl\\\/de\\\/#\\\/schema\\\/logo\\\/image\\\/\"}}]}<\/script>\n<!-- \/ Yoast SEO plugin. -->","yoast_head_json":{"title":"Electrolyte Mix 2 kg - Topro Animal Health","description":"Der Topro Electrolyte Mix wurde entwickelt, um die Darmgesundheit bei Gefahr von Verdauungsst\u00f6rungen zu unterst\u00fctzen.","robots":{"index":"index","follow":"follow","max-snippet":"max-snippet:-1","max-image-preview":"max-image-preview:large","max-video-preview":"max-video-preview:-1"},"canonical":"https:\/\/www.topro.nl\/de\/product\/widerstand\/ferkel-schweine-widerstand\/topro-electrolyte-mix-2kg\/","og_locale":"de_DE","og_type":"article","og_title":"Electrolyte Mix 2 kg - Topro Animal Health","og_description":"Der Topro Electrolyte Mix wurde entwickelt, um die Darmgesundheit bei Gefahr von Verdauungsst\u00f6rungen zu unterst\u00fctzen.","og_url":"https:\/\/www.topro.nl\/de\/product\/widerstand\/ferkel-schweine-widerstand\/topro-electrolyte-mix-2kg\/","og_site_name":"Topro Animal Health","article_modified_time":"2021-07-12T11:29:53+00:00","og_image":[{"width":1181,"height":1181,"url":"https:\/\/www.topro.nl\/wp-content\/uploads\/102107_Topro_Electrolyte_Mix_2Kg-1.jpg","type":"image\/jpeg"}],"twitter_card":"summary_large_image","twitter_misc":{"Gesch\u00e4tzte Lesezeit":"1\u00a0Minute"},"schema":{"@context":"https:\/\/schema.org","@graph":[{"@type":"WebPage","@id":"https:\/\/www.topro.nl\/de\/product\/widerstand\/ferkel-schweine-widerstand\/topro-electrolyte-mix-2kg\/","url":"https:\/\/www.topro.nl\/de\/product\/widerstand\/ferkel-schweine-widerstand\/topro-electrolyte-mix-2kg\/","name":"Electrolyte Mix 2 kg - Topro Animal Health","isPartOf":{"@id":"https:\/\/www.topro.nl\/de\/#website"},"primaryImageOfPage":{"@id":"https:\/\/www.topro.nl\/de\/product\/widerstand\/ferkel-schweine-widerstand\/topro-electrolyte-mix-2kg\/#primaryimage"},"image":{"@id":"https:\/\/www.topro.nl\/de\/product\/widerstand\/ferkel-schweine-widerstand\/topro-electrolyte-mix-2kg\/#primaryimage"},"thumbnailUrl":"https:\/\/www.topro.nl\/wp-content\/uploads\/102107-Topro-Electrolyte-Mix-2kg-WEB.png","datePublished":"2020-06-09T08:22:43+00:00","dateModified":"2021-07-12T11:29:53+00:00","description":"Der Topro Electrolyte Mix wurde entwickelt, um die Darmgesundheit bei Gefahr von Verdauungsst\u00f6rungen zu unterst\u00fctzen.","breadcrumb":{"@id":"https:\/\/www.topro.nl\/de\/product\/widerstand\/ferkel-schweine-widerstand\/topro-electrolyte-mix-2kg\/#breadcrumb"},"inLanguage":"de","potentialAction":[{"@type":"ReadAction","target":["https:\/\/www.topro.nl\/de\/product\/widerstand\/ferkel-schweine-widerstand\/topro-electrolyte-mix-2kg\/"]}]},{"@type":"ImageObject","inLanguage":"de","@id":"https:\/\/www.topro.nl\/de\/product\/widerstand\/ferkel-schweine-widerstand\/topro-electrolyte-mix-2kg\/#primaryimage","url":"https:\/\/www.topro.nl\/wp-content\/uploads\/102107-Topro-Electrolyte-Mix-2kg-WEB.png","contentUrl":"https:\/\/www.topro.nl\/wp-content\/uploads\/102107-Topro-Electrolyte-Mix-2kg-WEB.png","width":2000,"height":1784},{"@type":"BreadcrumbList","@id":"https:\/\/www.topro.nl\/de\/product\/widerstand\/ferkel-schweine-widerstand\/topro-electrolyte-mix-2kg\/#breadcrumb","itemListElement":[{"@type":"ListItem","position":1,"name":"Home","item":"https:\/\/www.topro.nl\/de\/"},{"@type":"ListItem","position":2,"name":"Topro Shop","item":"https:\/\/www.topro.nl\/de\/shop\/"},{"@type":"ListItem","position":3,"name":"Electrolyte Mix 2 kg"}]},{"@type":"WebSite","@id":"https:\/\/www.topro.nl\/de\/#website","url":"https:\/\/www.topro.nl\/de\/","name":"Topro Animal Health","description":"","publisher":{"@id":"https:\/\/www.topro.nl\/de\/#organization"},"potentialAction":[{"@type":"SearchAction","target":{"@type":"EntryPoint","urlTemplate":"https:\/\/www.topro.nl\/de\/?s={search_term_string}"},"query-input":{"@type":"PropertyValueSpecification","valueRequired":true,"valueName":"search_term_string"}}],"inLanguage":"de"},{"@type":"Organization","@id":"https:\/\/www.topro.nl\/de\/#organization","name":"Horizont Afrastering","url":"https:\/\/www.topro.nl\/de\/","logo":{"@type":"ImageObject","inLanguage":"de","@id":"https:\/\/www.topro.nl\/de\/#\/schema\/logo\/image\/","url":"","contentUrl":"","caption":"Horizont Afrastering"},"image":{"@id":"https:\/\/www.topro.nl\/de\/#\/schema\/logo\/image\/"}}]}},"tiered_pricing_type":"fixed","tiered_pricing_fixed_rules":[],"tiered_pricing_product_settings":{"layout":"default","base_unit_name":{"singular":null,"plural":null},"default_variation":null},"tiered_pricing_minimum_quantity":null,"tiered_pricing_roles_data":[],"tiered_pricing_percentage_rules":[],"_links":{"self":[{"href":"https:\/\/www.topro.nl\/de\/wp-json\/wp\/v2\/product\/11693","targetHints":{"allow":["GET"]}}],"collection":[{"href":"https:\/\/www.topro.nl\/de\/wp-json\/wp\/v2\/product"}],"about":[{"href":"https:\/\/www.topro.nl\/de\/wp-json\/wp\/v2\/types\/product"}],"wp:featuredmedia":[{"embeddable":true,"href":"https:\/\/www.topro.nl\/de\/wp-json\/wp\/v2\/media\/19816"}],"wp:attachment":[{"href":"https:\/\/www.topro.nl\/de\/wp-json\/wp\/v2\/media?parent=11693"}],"wp:term":[{"taxonomy":"product_brand","embeddable":true,"href":"https:\/\/www.topro.nl\/de\/wp-json\/wp\/v2\/product_brand?post=11693"},{"taxonomy":"product_cat","embeddable":true,"href":"https:\/\/www.topro.nl\/de\/wp-json\/wp\/v2\/product_cat?post=11693"},{"taxonomy":"product_tag","embeddable":true,"href":"https:\/\/www.topro.nl\/de\/wp-json\/wp\/v2\/product_tag?post=11693"},{"taxonomy":"woo-feed-brand","embeddable":true,"href":"https:\/\/www.topro.nl\/de\/wp-json\/wp\/v2\/woo-feed-brand?post=11693"}],"curies":[{"name":"wp","href":"https:\/\/api.w.org\/{rel}","templated":true}]}}