{"id":11679,"date":"2020-06-09T14:45:27","date_gmt":"2020-06-09T14:45:27","guid":{"rendered":"https:\/\/www.topro.nl\/product\/unkategorisiert\/opti-trace-sheep-bolus\/"},"modified":"2021-07-12T08:55:27","modified_gmt":"2021-07-12T08:55:27","slug":"opti-trace-sheep-bolus","status":"publish","type":"product","link":"https:\/\/www.topro.nl\/de\/product\/fruchtbarkeit\/ziegen-fruchtbarkeit\/opti-trace-sheep-bolus\/","title":{"rendered":"Opti Trace Sheep Bolus 180 d"},"content":{"rendered":"<p>Das Topro Opti Trace Sheep ist ein mineralisches Di\u00e4tfutter in Bolusform (50 St\u00fcck x 14g) f\u00fcr Schafe und Ziegen. Der Bolus sollte oral f\u00fcr eine kontinuierliche Abgabe \u00fcber einen Zeitraum von 6 Monaten verabreicht werden.<\/p>\n<p>Eine gute Versorgung mit Spurenelementen ist f\u00fcr eine optimale Gesundheit und Fruchtbarkeit von Schafen und Ziegen unerl\u00e4sslich. Deshalb wurde der Topro Opti Trace Sheep Bolus speziell f\u00fcr Schafe ab 40 kg entwickelt. Dieser Bolus versorgt das Tier 6 Monate lang mit Jod, Kobalt, Mangan, Zink, Selen. F\u00fcr L\u00e4mmer ab 25 kg wurde ein kleiner Bolus entwickelt.<\/p>\n<h3><span style=\"color: #009cde\">Wirkungsdauer Topro <strong>Opti <\/strong>Trace Sheep:<\/span><\/h3>\n<ul>\n<li>6 Monate. Sehr kompaktes Design, leicht zu schlucken.<\/li>\n<\/ul>\n<h3><span style=\"color: #009cde\">Hinweis zur Anwendung:<\/span><\/h3>\n<ul>\n<li>Mit einem geeigneten Bolus-Shooter verabreichen<\/li>\n<li>Es wird empfohlen, vor der Verwendung den Rat eines Tierarztes oder Futtermittelexperten einzuholen<\/li>\n<\/ul>\n","protected":false},"excerpt":{"rendered":"<p>Das Topro Opti Trace Sheep ist ein mineralisches Di\u00e4tfutter in Bolusform (50 St\u00fcck x 14g) f\u00fcr Schafe und Ziegen. Der [&hellip;]<\/p>\n","protected":false},"featured_media":21086,"template":"","meta":{"_acf_changed":false,"ngg_post_thumbnail":0},"product_brand":[],"product_cat":[1067,1218,1286,1215,1149,1064,1210,1298,1167,1151,1049,1288],"product_tag":[],"woo-feed-brand":[],"class_list":{"0":"post-11679","1":"product","2":"type-product","3":"status-publish","4":"has-post-thumbnail","6":"product_cat-fruchtbarkeit-ziegen","7":"product_cat-fruchtbarkeit-schafe","8":"product_cat-fruchtbarkeit","9":"product_cat-mineralien-schafe","10":"product_cat-mineralien","11":"product_cat-mineralien-ziegen","12":"product_cat-schafe","13":"product_cat-schafe-fruchtbarkeit","14":"product_cat-schafe-mineralien","15":"product_cat-ziegen-mineralien","16":"product_cat-ziegen","17":"product_cat-ziegen-fruchtbarkeit","19":"first","20":"outofstock","21":"taxable","22":"shipping-taxable","23":"purchasable","24":"product-type-simple"},"acf":[],"yoast_head":"<!-- This site is optimized with the Yoast SEO plugin v27.4 - https:\/\/yoast.com\/product\/yoast-seo-wordpress\/ -->\n<title>Opti Trace Sheep Bolus 180 d - Topro Animal Health<\/title>\n<meta name=\"description\" content=\"Topro Opti Trace Schafe ist ein speziell f\u00fcr Schafe entwickelter Bolus zur oralen Verabreichung mit kontinuierlicher Mineralstoffabgabe \u00fcber 6 Monate.\" \/>\n<meta name=\"robots\" content=\"index, follow, max-snippet:-1, max-image-preview:large, max-video-preview:-1\" \/>\n<link rel=\"canonical\" href=\"https:\/\/www.topro.nl\/de\/product\/fruchtbarkeit\/ziegen-fruchtbarkeit\/opti-trace-sheep-bolus\/\" \/>\n<meta property=\"og:locale\" content=\"de_DE\" \/>\n<meta property=\"og:type\" content=\"article\" \/>\n<meta property=\"og:title\" content=\"Opti Trace Sheep Bolus 180 d - Topro Animal Health\" \/>\n<meta property=\"og:description\" content=\"Topro Opti Trace Schafe ist ein speziell f\u00fcr Schafe entwickelter Bolus zur oralen Verabreichung mit kontinuierlicher Mineralstoffabgabe \u00fcber 6 Monate.\" \/>\n<meta property=\"og:url\" content=\"https:\/\/www.topro.nl\/de\/product\/fruchtbarkeit\/ziegen-fruchtbarkeit\/opti-trace-sheep-bolus\/\" \/>\n<meta property=\"og:site_name\" content=\"Topro Animal Health\" \/>\n<meta property=\"article:modified_time\" content=\"2021-07-12T08:55:27+00:00\" \/>\n<meta property=\"og:image\" content=\"https:\/\/www.topro.nl\/wp-content\/uploads\/102135_Opti_Trace_Sheep_50st-2.jpg\" \/>\n\t<meta property=\"og:image:width\" content=\"750\" \/>\n\t<meta property=\"og:image:height\" content=\"750\" \/>\n\t<meta property=\"og:image:type\" content=\"image\/jpeg\" \/>\n<meta name=\"twitter:card\" content=\"summary_large_image\" \/>\n<meta name=\"twitter:label1\" content=\"Gesch\u00e4tzte Lesezeit\" \/>\n\t<meta name=\"twitter:data1\" content=\"1\u00a0Minute\" \/>\n<script type=\"application\/ld+json\" class=\"yoast-schema-graph\">{\"@context\":\"https:\\\/\\\/schema.org\",\"@graph\":[{\"@type\":\"WebPage\",\"@id\":\"https:\\\/\\\/www.topro.nl\\\/de\\\/product\\\/fruchtbarkeit\\\/ziegen-fruchtbarkeit\\\/opti-trace-sheep-bolus\\\/\",\"url\":\"https:\\\/\\\/www.topro.nl\\\/de\\\/product\\\/fruchtbarkeit\\\/ziegen-fruchtbarkeit\\\/opti-trace-sheep-bolus\\\/\",\"name\":\"Opti Trace Sheep Bolus 180 d - Topro Animal Health\",\"isPartOf\":{\"@id\":\"https:\\\/\\\/www.topro.nl\\\/de\\\/#website\"},\"primaryImageOfPage\":{\"@id\":\"https:\\\/\\\/www.topro.nl\\\/de\\\/product\\\/fruchtbarkeit\\\/ziegen-fruchtbarkeit\\\/opti-trace-sheep-bolus\\\/#primaryimage\"},\"image\":{\"@id\":\"https:\\\/\\\/www.topro.nl\\\/de\\\/product\\\/fruchtbarkeit\\\/ziegen-fruchtbarkeit\\\/opti-trace-sheep-bolus\\\/#primaryimage\"},\"thumbnailUrl\":\"https:\\\/\\\/www.topro.nl\\\/wp-content\\\/uploads\\\/102135-Topro-Opti-Trace-Sheep-180-dagen-NIEUW.png\",\"datePublished\":\"2020-06-09T14:45:27+00:00\",\"dateModified\":\"2021-07-12T08:55:27+00:00\",\"description\":\"Topro Opti Trace Schafe ist ein speziell f\u00fcr Schafe entwickelter Bolus zur oralen Verabreichung mit kontinuierlicher Mineralstoffabgabe \u00fcber 6 Monate.\",\"breadcrumb\":{\"@id\":\"https:\\\/\\\/www.topro.nl\\\/de\\\/product\\\/fruchtbarkeit\\\/ziegen-fruchtbarkeit\\\/opti-trace-sheep-bolus\\\/#breadcrumb\"},\"inLanguage\":\"de\",\"potentialAction\":[{\"@type\":\"ReadAction\",\"target\":[\"https:\\\/\\\/www.topro.nl\\\/de\\\/product\\\/fruchtbarkeit\\\/ziegen-fruchtbarkeit\\\/opti-trace-sheep-bolus\\\/\"]}]},{\"@type\":\"ImageObject\",\"inLanguage\":\"de\",\"@id\":\"https:\\\/\\\/www.topro.nl\\\/de\\\/product\\\/fruchtbarkeit\\\/ziegen-fruchtbarkeit\\\/opti-trace-sheep-bolus\\\/#primaryimage\",\"url\":\"https:\\\/\\\/www.topro.nl\\\/wp-content\\\/uploads\\\/102135-Topro-Opti-Trace-Sheep-180-dagen-NIEUW.png\",\"contentUrl\":\"https:\\\/\\\/www.topro.nl\\\/wp-content\\\/uploads\\\/102135-Topro-Opti-Trace-Sheep-180-dagen-NIEUW.png\",\"width\":2000,\"height\":1784},{\"@type\":\"BreadcrumbList\",\"@id\":\"https:\\\/\\\/www.topro.nl\\\/de\\\/product\\\/fruchtbarkeit\\\/ziegen-fruchtbarkeit\\\/opti-trace-sheep-bolus\\\/#breadcrumb\",\"itemListElement\":[{\"@type\":\"ListItem\",\"position\":1,\"name\":\"Home\",\"item\":\"https:\\\/\\\/www.topro.nl\\\/de\\\/\"},{\"@type\":\"ListItem\",\"position\":2,\"name\":\"Topro Shop\",\"item\":\"https:\\\/\\\/www.topro.nl\\\/de\\\/shop\\\/\"},{\"@type\":\"ListItem\",\"position\":3,\"name\":\"Opti Trace Sheep Bolus 180 d\"}]},{\"@type\":\"WebSite\",\"@id\":\"https:\\\/\\\/www.topro.nl\\\/de\\\/#website\",\"url\":\"https:\\\/\\\/www.topro.nl\\\/de\\\/\",\"name\":\"Topro Animal Health\",\"description\":\"\",\"publisher\":{\"@id\":\"https:\\\/\\\/www.topro.nl\\\/de\\\/#organization\"},\"potentialAction\":[{\"@type\":\"SearchAction\",\"target\":{\"@type\":\"EntryPoint\",\"urlTemplate\":\"https:\\\/\\\/www.topro.nl\\\/de\\\/?s={search_term_string}\"},\"query-input\":{\"@type\":\"PropertyValueSpecification\",\"valueRequired\":true,\"valueName\":\"search_term_string\"}}],\"inLanguage\":\"de\"},{\"@type\":\"Organization\",\"@id\":\"https:\\\/\\\/www.topro.nl\\\/de\\\/#organization\",\"name\":\"Horizont Afrastering\",\"url\":\"https:\\\/\\\/www.topro.nl\\\/de\\\/\",\"logo\":{\"@type\":\"ImageObject\",\"inLanguage\":\"de\",\"@id\":\"https:\\\/\\\/www.topro.nl\\\/de\\\/#\\\/schema\\\/logo\\\/image\\\/\",\"url\":\"\",\"contentUrl\":\"\",\"caption\":\"Horizont Afrastering\"},\"image\":{\"@id\":\"https:\\\/\\\/www.topro.nl\\\/de\\\/#\\\/schema\\\/logo\\\/image\\\/\"}}]}<\/script>\n<!-- \/ Yoast SEO plugin. -->","yoast_head_json":{"title":"Opti Trace Sheep Bolus 180 d - Topro Animal Health","description":"Topro Opti Trace Schafe ist ein speziell f\u00fcr Schafe entwickelter Bolus zur oralen Verabreichung mit kontinuierlicher Mineralstoffabgabe \u00fcber 6 Monate.","robots":{"index":"index","follow":"follow","max-snippet":"max-snippet:-1","max-image-preview":"max-image-preview:large","max-video-preview":"max-video-preview:-1"},"canonical":"https:\/\/www.topro.nl\/de\/product\/fruchtbarkeit\/ziegen-fruchtbarkeit\/opti-trace-sheep-bolus\/","og_locale":"de_DE","og_type":"article","og_title":"Opti Trace Sheep Bolus 180 d - Topro Animal Health","og_description":"Topro Opti Trace Schafe ist ein speziell f\u00fcr Schafe entwickelter Bolus zur oralen Verabreichung mit kontinuierlicher Mineralstoffabgabe \u00fcber 6 Monate.","og_url":"https:\/\/www.topro.nl\/de\/product\/fruchtbarkeit\/ziegen-fruchtbarkeit\/opti-trace-sheep-bolus\/","og_site_name":"Topro Animal Health","article_modified_time":"2021-07-12T08:55:27+00:00","og_image":[{"width":750,"height":750,"url":"https:\/\/www.topro.nl\/wp-content\/uploads\/102135_Opti_Trace_Sheep_50st-2.jpg","type":"image\/jpeg"}],"twitter_card":"summary_large_image","twitter_misc":{"Gesch\u00e4tzte Lesezeit":"1\u00a0Minute"},"schema":{"@context":"https:\/\/schema.org","@graph":[{"@type":"WebPage","@id":"https:\/\/www.topro.nl\/de\/product\/fruchtbarkeit\/ziegen-fruchtbarkeit\/opti-trace-sheep-bolus\/","url":"https:\/\/www.topro.nl\/de\/product\/fruchtbarkeit\/ziegen-fruchtbarkeit\/opti-trace-sheep-bolus\/","name":"Opti Trace Sheep Bolus 180 d - Topro Animal Health","isPartOf":{"@id":"https:\/\/www.topro.nl\/de\/#website"},"primaryImageOfPage":{"@id":"https:\/\/www.topro.nl\/de\/product\/fruchtbarkeit\/ziegen-fruchtbarkeit\/opti-trace-sheep-bolus\/#primaryimage"},"image":{"@id":"https:\/\/www.topro.nl\/de\/product\/fruchtbarkeit\/ziegen-fruchtbarkeit\/opti-trace-sheep-bolus\/#primaryimage"},"thumbnailUrl":"https:\/\/www.topro.nl\/wp-content\/uploads\/102135-Topro-Opti-Trace-Sheep-180-dagen-NIEUW.png","datePublished":"2020-06-09T14:45:27+00:00","dateModified":"2021-07-12T08:55:27+00:00","description":"Topro Opti Trace Schafe ist ein speziell f\u00fcr Schafe entwickelter Bolus zur oralen Verabreichung mit kontinuierlicher Mineralstoffabgabe \u00fcber 6 Monate.","breadcrumb":{"@id":"https:\/\/www.topro.nl\/de\/product\/fruchtbarkeit\/ziegen-fruchtbarkeit\/opti-trace-sheep-bolus\/#breadcrumb"},"inLanguage":"de","potentialAction":[{"@type":"ReadAction","target":["https:\/\/www.topro.nl\/de\/product\/fruchtbarkeit\/ziegen-fruchtbarkeit\/opti-trace-sheep-bolus\/"]}]},{"@type":"ImageObject","inLanguage":"de","@id":"https:\/\/www.topro.nl\/de\/product\/fruchtbarkeit\/ziegen-fruchtbarkeit\/opti-trace-sheep-bolus\/#primaryimage","url":"https:\/\/www.topro.nl\/wp-content\/uploads\/102135-Topro-Opti-Trace-Sheep-180-dagen-NIEUW.png","contentUrl":"https:\/\/www.topro.nl\/wp-content\/uploads\/102135-Topro-Opti-Trace-Sheep-180-dagen-NIEUW.png","width":2000,"height":1784},{"@type":"BreadcrumbList","@id":"https:\/\/www.topro.nl\/de\/product\/fruchtbarkeit\/ziegen-fruchtbarkeit\/opti-trace-sheep-bolus\/#breadcrumb","itemListElement":[{"@type":"ListItem","position":1,"name":"Home","item":"https:\/\/www.topro.nl\/de\/"},{"@type":"ListItem","position":2,"name":"Topro Shop","item":"https:\/\/www.topro.nl\/de\/shop\/"},{"@type":"ListItem","position":3,"name":"Opti Trace Sheep Bolus 180 d"}]},{"@type":"WebSite","@id":"https:\/\/www.topro.nl\/de\/#website","url":"https:\/\/www.topro.nl\/de\/","name":"Topro Animal Health","description":"","publisher":{"@id":"https:\/\/www.topro.nl\/de\/#organization"},"potentialAction":[{"@type":"SearchAction","target":{"@type":"EntryPoint","urlTemplate":"https:\/\/www.topro.nl\/de\/?s={search_term_string}"},"query-input":{"@type":"PropertyValueSpecification","valueRequired":true,"valueName":"search_term_string"}}],"inLanguage":"de"},{"@type":"Organization","@id":"https:\/\/www.topro.nl\/de\/#organization","name":"Horizont Afrastering","url":"https:\/\/www.topro.nl\/de\/","logo":{"@type":"ImageObject","inLanguage":"de","@id":"https:\/\/www.topro.nl\/de\/#\/schema\/logo\/image\/","url":"","contentUrl":"","caption":"Horizont Afrastering"},"image":{"@id":"https:\/\/www.topro.nl\/de\/#\/schema\/logo\/image\/"}}]}},"tiered_pricing_type":"fixed","tiered_pricing_fixed_rules":[],"tiered_pricing_product_settings":{"layout":"default","base_unit_name":{"singular":null,"plural":null},"default_variation":null},"tiered_pricing_minimum_quantity":null,"tiered_pricing_roles_data":[],"tiered_pricing_percentage_rules":[],"_links":{"self":[{"href":"https:\/\/www.topro.nl\/de\/wp-json\/wp\/v2\/product\/11679","targetHints":{"allow":["GET"]}}],"collection":[{"href":"https:\/\/www.topro.nl\/de\/wp-json\/wp\/v2\/product"}],"about":[{"href":"https:\/\/www.topro.nl\/de\/wp-json\/wp\/v2\/types\/product"}],"wp:featuredmedia":[{"embeddable":true,"href":"https:\/\/www.topro.nl\/de\/wp-json\/wp\/v2\/media\/21086"}],"wp:attachment":[{"href":"https:\/\/www.topro.nl\/de\/wp-json\/wp\/v2\/media?parent=11679"}],"wp:term":[{"taxonomy":"product_brand","embeddable":true,"href":"https:\/\/www.topro.nl\/de\/wp-json\/wp\/v2\/product_brand?post=11679"},{"taxonomy":"product_cat","embeddable":true,"href":"https:\/\/www.topro.nl\/de\/wp-json\/wp\/v2\/product_cat?post=11679"},{"taxonomy":"product_tag","embeddable":true,"href":"https:\/\/www.topro.nl\/de\/wp-json\/wp\/v2\/product_tag?post=11679"},{"taxonomy":"woo-feed-brand","embeddable":true,"href":"https:\/\/www.topro.nl\/de\/wp-json\/wp\/v2\/woo-feed-brand?post=11679"}],"curies":[{"name":"wp","href":"https:\/\/api.w.org\/{rel}","templated":true}]}}