{"id":11675,"date":"2020-06-10T10:46:05","date_gmt":"2020-06-10T10:46:05","guid":{"rendered":"https:\/\/www.topro.nl\/product\/unkategorisiert\/topro-ketocare-10l\/"},"modified":"2023-05-01T00:00:44","modified_gmt":"2023-05-01T00:00:44","slug":"topro-ketocare-10l","status":"publish","type":"product","link":"https:\/\/www.topro.nl\/de\/product\/ketose\/rinder-ketose\/topro-ketocare-10l\/","title":{"rendered":"KetoCare 10L"},"content":{"rendered":"<p>Topro Ketocare 10L kann verwendet werden, um das Risiko von anhaltendem Milchfieber und die Erholung von anhaltendem Milchfieber (Ketose) zu reduzieren.<\/p>\n<h3><span style=\"color: #009cde\">KetoCare ist ist lecker und voller Energie<\/span><\/h3>\n<p>Topro KetoCare ist ein energiereiches Produkt bestehend aus den Futtermitteln Propylenglykol, Glycerin und Isomaltulosemelasse. Sowohl Glycerin- als auch Isomaltulosemelasse sind sehr schmackhaft, wobei Propylenglykol sehr bitter ist, und lassen sich problemlos aufnehmen. Zudem erg\u00e4nzen beide Futtermittel den Anteil an Propylenglykol gut, da sie dem Tier weniger schnell zur Verf\u00fcgung stehen. Insbesondere Isomaltulosemelasse ist ein Einsatzmaterial, das langsamer freigesetzt wird. Dadurch versorgt es die Kuh \u00fcber einen l\u00e4ngeren Zeitraum mit Energie.<\/p>\n<h3><span style=\"color: #009cde\">Topro KetoCare f\u00fcr eine gute Pansenfunktion<\/span><\/h3>\n<p>Au\u00dferdem wurden Niacin, Vitamin B12, Kobalt, Vitamin E und Phenole hinzugef\u00fcgt. Vitamin E und Phenole sind beides Antioxidantien, die sich gut erg\u00e4nzen. Niacin, Vitamin B12 und Kobalt sind wichtige Bausteine \u200b\u200bf\u00fcr das Tier und unterst\u00fctzen eine gesunde Pansenfunktion.<\/p>\n<h3><span style=\"color: #009cde\">Hinweis zu Dosierung und Anwendung<\/span><\/h3>\n<p>Top-Dressing \u00fcber dem Futter, individuelle orale Behandlung, \u00fcber das Propydos-System oder durch Mischen unter das Futter.<\/p>\n<ul>\n<li><strong>Dosierung<\/strong>: 250 ml pro Tier und Tag, w\u00e4hrend der ersten drei bis sechs Wochen nach dem Kalben.<\/li>\n<\/ul>\n","protected":false},"excerpt":{"rendered":"<p>Topro Ketocare 10L kann verwendet werden, um das Risiko von anhaltendem Milchfieber und die Erholung von anhaltendem Milchfieber (Ketose) zu [&hellip;]<\/p>\n","protected":false},"featured_media":19780,"template":"","meta":{"_acf_changed":false,"ngg_post_thumbnail":0},"product_brand":[],"product_cat":[1188,1221],"product_tag":[],"woo-feed-brand":[],"class_list":{"0":"post-11675","1":"product","2":"type-product","3":"status-publish","4":"has-post-thumbnail","6":"product_cat-rinder","7":"product_cat-rinder-ketose","9":"first","10":"instock","11":"taxable","12":"shipping-taxable","13":"purchasable","14":"product-type-simple"},"acf":[],"yoast_head":"<!-- This site is optimized with the Yoast SEO plugin v27.3 - https:\/\/yoast.com\/product\/yoast-seo-wordpress\/ -->\n<title>KetoCare 10L - Topro Animal Health<\/title>\n<meta name=\"description\" content=\"Das Topro KetoCare 10L kann verwendet werden, um das Risiko von anhaltendem Milchfieber und die Erholung von anhaltendem Milchfieber (Ketose) zu reduzieren.\" \/>\n<meta name=\"robots\" content=\"index, follow, max-snippet:-1, max-image-preview:large, max-video-preview:-1\" \/>\n<link rel=\"canonical\" href=\"https:\/\/www.topro.nl\/de\/product\/ketose\/rinder-ketose\/topro-ketocare-10l\/\" \/>\n<meta property=\"og:locale\" content=\"de_DE\" \/>\n<meta property=\"og:type\" content=\"article\" \/>\n<meta property=\"og:title\" content=\"KetoCare 10L - Topro Animal Health\" \/>\n<meta property=\"og:description\" content=\"Das Topro KetoCare 10L kann verwendet werden, um das Risiko von anhaltendem Milchfieber und die Erholung von anhaltendem Milchfieber (Ketose) zu reduzieren.\" \/>\n<meta property=\"og:url\" content=\"https:\/\/www.topro.nl\/de\/product\/ketose\/rinder-ketose\/topro-ketocare-10l\/\" \/>\n<meta property=\"og:site_name\" content=\"Topro Animal Health\" \/>\n<meta property=\"article:modified_time\" content=\"2023-05-01T00:00:44+00:00\" \/>\n<meta property=\"og:image\" content=\"https:\/\/www.topro.nl\/wp-content\/uploads\/110010_KetoCare_10L.jpg\" \/>\n\t<meta property=\"og:image:width\" content=\"750\" \/>\n\t<meta property=\"og:image:height\" content=\"750\" \/>\n\t<meta property=\"og:image:type\" content=\"image\/jpeg\" \/>\n<meta name=\"twitter:card\" content=\"summary_large_image\" \/>\n<meta name=\"twitter:label1\" content=\"Gesch\u00e4tzte Lesezeit\" \/>\n\t<meta name=\"twitter:data1\" content=\"1\u00a0Minute\" \/>\n<script type=\"application\/ld+json\" class=\"yoast-schema-graph\">{\"@context\":\"https:\\\/\\\/schema.org\",\"@graph\":[{\"@type\":\"WebPage\",\"@id\":\"https:\\\/\\\/www.topro.nl\\\/de\\\/product\\\/ketose\\\/rinder-ketose\\\/topro-ketocare-10l\\\/\",\"url\":\"https:\\\/\\\/www.topro.nl\\\/de\\\/product\\\/ketose\\\/rinder-ketose\\\/topro-ketocare-10l\\\/\",\"name\":\"KetoCare 10L - Topro Animal Health\",\"isPartOf\":{\"@id\":\"https:\\\/\\\/www.topro.nl\\\/de\\\/#website\"},\"primaryImageOfPage\":{\"@id\":\"https:\\\/\\\/www.topro.nl\\\/de\\\/product\\\/ketose\\\/rinder-ketose\\\/topro-ketocare-10l\\\/#primaryimage\"},\"image\":{\"@id\":\"https:\\\/\\\/www.topro.nl\\\/de\\\/product\\\/ketose\\\/rinder-ketose\\\/topro-ketocare-10l\\\/#primaryimage\"},\"thumbnailUrl\":\"https:\\\/\\\/www.topro.nl\\\/wp-content\\\/uploads\\\/110010-Topro-KetoCaret-10L-WEB.png\",\"datePublished\":\"2020-06-10T10:46:05+00:00\",\"dateModified\":\"2023-05-01T00:00:44+00:00\",\"description\":\"Das Topro KetoCare 10L kann verwendet werden, um das Risiko von anhaltendem Milchfieber und die Erholung von anhaltendem Milchfieber (Ketose) zu reduzieren.\",\"breadcrumb\":{\"@id\":\"https:\\\/\\\/www.topro.nl\\\/de\\\/product\\\/ketose\\\/rinder-ketose\\\/topro-ketocare-10l\\\/#breadcrumb\"},\"inLanguage\":\"de\",\"potentialAction\":[{\"@type\":\"ReadAction\",\"target\":[\"https:\\\/\\\/www.topro.nl\\\/de\\\/product\\\/ketose\\\/rinder-ketose\\\/topro-ketocare-10l\\\/\"]}]},{\"@type\":\"ImageObject\",\"inLanguage\":\"de\",\"@id\":\"https:\\\/\\\/www.topro.nl\\\/de\\\/product\\\/ketose\\\/rinder-ketose\\\/topro-ketocare-10l\\\/#primaryimage\",\"url\":\"https:\\\/\\\/www.topro.nl\\\/wp-content\\\/uploads\\\/110010-Topro-KetoCaret-10L-WEB.png\",\"contentUrl\":\"https:\\\/\\\/www.topro.nl\\\/wp-content\\\/uploads\\\/110010-Topro-KetoCaret-10L-WEB.png\",\"width\":2000,\"height\":1784},{\"@type\":\"BreadcrumbList\",\"@id\":\"https:\\\/\\\/www.topro.nl\\\/de\\\/product\\\/ketose\\\/rinder-ketose\\\/topro-ketocare-10l\\\/#breadcrumb\",\"itemListElement\":[{\"@type\":\"ListItem\",\"position\":1,\"name\":\"Home\",\"item\":\"https:\\\/\\\/www.topro.nl\\\/de\\\/\"},{\"@type\":\"ListItem\",\"position\":2,\"name\":\"Topro Shop\",\"item\":\"https:\\\/\\\/www.topro.nl\\\/de\\\/shop\\\/\"},{\"@type\":\"ListItem\",\"position\":3,\"name\":\"KetoCare 10L\"}]},{\"@type\":\"WebSite\",\"@id\":\"https:\\\/\\\/www.topro.nl\\\/de\\\/#website\",\"url\":\"https:\\\/\\\/www.topro.nl\\\/de\\\/\",\"name\":\"Topro Animal Health\",\"description\":\"\",\"publisher\":{\"@id\":\"https:\\\/\\\/www.topro.nl\\\/de\\\/#organization\"},\"potentialAction\":[{\"@type\":\"SearchAction\",\"target\":{\"@type\":\"EntryPoint\",\"urlTemplate\":\"https:\\\/\\\/www.topro.nl\\\/de\\\/?s={search_term_string}\"},\"query-input\":{\"@type\":\"PropertyValueSpecification\",\"valueRequired\":true,\"valueName\":\"search_term_string\"}}],\"inLanguage\":\"de\"},{\"@type\":\"Organization\",\"@id\":\"https:\\\/\\\/www.topro.nl\\\/de\\\/#organization\",\"name\":\"Horizont Afrastering\",\"url\":\"https:\\\/\\\/www.topro.nl\\\/de\\\/\",\"logo\":{\"@type\":\"ImageObject\",\"inLanguage\":\"de\",\"@id\":\"https:\\\/\\\/www.topro.nl\\\/de\\\/#\\\/schema\\\/logo\\\/image\\\/\",\"url\":\"\",\"contentUrl\":\"\",\"caption\":\"Horizont Afrastering\"},\"image\":{\"@id\":\"https:\\\/\\\/www.topro.nl\\\/de\\\/#\\\/schema\\\/logo\\\/image\\\/\"}}]}<\/script>\n<!-- \/ Yoast SEO plugin. -->","yoast_head_json":{"title":"KetoCare 10L - Topro Animal Health","description":"Das Topro KetoCare 10L kann verwendet werden, um das Risiko von anhaltendem Milchfieber und die Erholung von anhaltendem Milchfieber (Ketose) zu reduzieren.","robots":{"index":"index","follow":"follow","max-snippet":"max-snippet:-1","max-image-preview":"max-image-preview:large","max-video-preview":"max-video-preview:-1"},"canonical":"https:\/\/www.topro.nl\/de\/product\/ketose\/rinder-ketose\/topro-ketocare-10l\/","og_locale":"de_DE","og_type":"article","og_title":"KetoCare 10L - Topro Animal Health","og_description":"Das Topro KetoCare 10L kann verwendet werden, um das Risiko von anhaltendem Milchfieber und die Erholung von anhaltendem Milchfieber (Ketose) zu reduzieren.","og_url":"https:\/\/www.topro.nl\/de\/product\/ketose\/rinder-ketose\/topro-ketocare-10l\/","og_site_name":"Topro Animal Health","article_modified_time":"2023-05-01T00:00:44+00:00","og_image":[{"width":750,"height":750,"url":"https:\/\/www.topro.nl\/wp-content\/uploads\/110010_KetoCare_10L.jpg","type":"image\/jpeg"}],"twitter_card":"summary_large_image","twitter_misc":{"Gesch\u00e4tzte Lesezeit":"1\u00a0Minute"},"schema":{"@context":"https:\/\/schema.org","@graph":[{"@type":"WebPage","@id":"https:\/\/www.topro.nl\/de\/product\/ketose\/rinder-ketose\/topro-ketocare-10l\/","url":"https:\/\/www.topro.nl\/de\/product\/ketose\/rinder-ketose\/topro-ketocare-10l\/","name":"KetoCare 10L - Topro Animal Health","isPartOf":{"@id":"https:\/\/www.topro.nl\/de\/#website"},"primaryImageOfPage":{"@id":"https:\/\/www.topro.nl\/de\/product\/ketose\/rinder-ketose\/topro-ketocare-10l\/#primaryimage"},"image":{"@id":"https:\/\/www.topro.nl\/de\/product\/ketose\/rinder-ketose\/topro-ketocare-10l\/#primaryimage"},"thumbnailUrl":"https:\/\/www.topro.nl\/wp-content\/uploads\/110010-Topro-KetoCaret-10L-WEB.png","datePublished":"2020-06-10T10:46:05+00:00","dateModified":"2023-05-01T00:00:44+00:00","description":"Das Topro KetoCare 10L kann verwendet werden, um das Risiko von anhaltendem Milchfieber und die Erholung von anhaltendem Milchfieber (Ketose) zu reduzieren.","breadcrumb":{"@id":"https:\/\/www.topro.nl\/de\/product\/ketose\/rinder-ketose\/topro-ketocare-10l\/#breadcrumb"},"inLanguage":"de","potentialAction":[{"@type":"ReadAction","target":["https:\/\/www.topro.nl\/de\/product\/ketose\/rinder-ketose\/topro-ketocare-10l\/"]}]},{"@type":"ImageObject","inLanguage":"de","@id":"https:\/\/www.topro.nl\/de\/product\/ketose\/rinder-ketose\/topro-ketocare-10l\/#primaryimage","url":"https:\/\/www.topro.nl\/wp-content\/uploads\/110010-Topro-KetoCaret-10L-WEB.png","contentUrl":"https:\/\/www.topro.nl\/wp-content\/uploads\/110010-Topro-KetoCaret-10L-WEB.png","width":2000,"height":1784},{"@type":"BreadcrumbList","@id":"https:\/\/www.topro.nl\/de\/product\/ketose\/rinder-ketose\/topro-ketocare-10l\/#breadcrumb","itemListElement":[{"@type":"ListItem","position":1,"name":"Home","item":"https:\/\/www.topro.nl\/de\/"},{"@type":"ListItem","position":2,"name":"Topro Shop","item":"https:\/\/www.topro.nl\/de\/shop\/"},{"@type":"ListItem","position":3,"name":"KetoCare 10L"}]},{"@type":"WebSite","@id":"https:\/\/www.topro.nl\/de\/#website","url":"https:\/\/www.topro.nl\/de\/","name":"Topro Animal Health","description":"","publisher":{"@id":"https:\/\/www.topro.nl\/de\/#organization"},"potentialAction":[{"@type":"SearchAction","target":{"@type":"EntryPoint","urlTemplate":"https:\/\/www.topro.nl\/de\/?s={search_term_string}"},"query-input":{"@type":"PropertyValueSpecification","valueRequired":true,"valueName":"search_term_string"}}],"inLanguage":"de"},{"@type":"Organization","@id":"https:\/\/www.topro.nl\/de\/#organization","name":"Horizont Afrastering","url":"https:\/\/www.topro.nl\/de\/","logo":{"@type":"ImageObject","inLanguage":"de","@id":"https:\/\/www.topro.nl\/de\/#\/schema\/logo\/image\/","url":"","contentUrl":"","caption":"Horizont Afrastering"},"image":{"@id":"https:\/\/www.topro.nl\/de\/#\/schema\/logo\/image\/"}}]}},"tiered_pricing_type":"fixed","tiered_pricing_fixed_rules":[],"tiered_pricing_product_settings":{"layout":"default","base_unit_name":{"singular":null,"plural":null},"default_variation":null},"tiered_pricing_minimum_quantity":null,"tiered_pricing_roles_data":[],"tiered_pricing_percentage_rules":[],"_links":{"self":[{"href":"https:\/\/www.topro.nl\/de\/wp-json\/wp\/v2\/product\/11675","targetHints":{"allow":["GET"]}}],"collection":[{"href":"https:\/\/www.topro.nl\/de\/wp-json\/wp\/v2\/product"}],"about":[{"href":"https:\/\/www.topro.nl\/de\/wp-json\/wp\/v2\/types\/product"}],"wp:featuredmedia":[{"embeddable":true,"href":"https:\/\/www.topro.nl\/de\/wp-json\/wp\/v2\/media\/19780"}],"wp:attachment":[{"href":"https:\/\/www.topro.nl\/de\/wp-json\/wp\/v2\/media?parent=11675"}],"wp:term":[{"taxonomy":"product_brand","embeddable":true,"href":"https:\/\/www.topro.nl\/de\/wp-json\/wp\/v2\/product_brand?post=11675"},{"taxonomy":"product_cat","embeddable":true,"href":"https:\/\/www.topro.nl\/de\/wp-json\/wp\/v2\/product_cat?post=11675"},{"taxonomy":"product_tag","embeddable":true,"href":"https:\/\/www.topro.nl\/de\/wp-json\/wp\/v2\/product_tag?post=11675"},{"taxonomy":"woo-feed-brand","embeddable":true,"href":"https:\/\/www.topro.nl\/de\/wp-json\/wp\/v2\/woo-feed-brand?post=11675"}],"curies":[{"name":"wp","href":"https:\/\/api.w.org\/{rel}","templated":true}]}}