{"id":11667,"date":"2020-06-10T12:23:15","date_gmt":"2020-06-10T12:23:15","guid":{"rendered":"https:\/\/www.topro.nl\/product\/unkategorisiert\/topro-kick-big\/"},"modified":"2021-07-12T10:11:04","modified_gmt":"2021-07-12T10:11:04","slug":"topro-kick-big","status":"publish","type":"product","link":"https:\/\/www.topro.nl\/de\/product\/widerstand\/ferkel-schweine-widerstand\/topro-kick-big\/","title":{"rendered":"Kick Big (excl. doseerpomp)"},"content":{"rendered":"<p>Topro <strong>Kick<\/strong>\u00a0<b>Big (Ferkel) <\/b>ist ein fl\u00fcssiges Erg\u00e4nzungsfuttermittel f\u00fcr einen zus\u00e4tzlichen Energieschub bei neugeborenen <strong>Ferkeln<\/strong>. Das Produkt enth\u00e4lt Energie, kurzkettige Fetts\u00e4uren, Probiotika, Vitamine und Eipulver.<\/p>\n<p>Ferkel werden ohne Fettreserven geboren, haben also in dieser entscheidenden Phase ihres Lebens keine gespeicherte Energie. Die Aufnahme von Sauenkolostrum steht in direktem Zusammenhang mit der Energieversorgung der neugeborenen Ferkel. Die nat\u00fcrliche Erholungsf\u00e4higkeit und \u00dcberlebensrate der Saugferkel verbessert sich nur, wenn sie ausreichend Kolostrum und Energie erhalten.<\/p>\n<h3><span style=\"color: #009cde\">Kick Big gibt Energie!<\/span><\/h3>\n<p>Topro Kick versorgt das neugeborene Ferkel mit schneller Energie. Dies ist notwendig, um die K\u00f6rpertemperatur aufrechtzuerhalten, damit das Tier daf\u00fcr keine eigenen Reserven aufwenden muss.<\/p>\n<h3><span style=\"color: #009cde\">Spezifikationen Topro Kick Big:<\/span><\/h3>\n<ul>\n<li>Einfach zu verwalten<\/li>\n<li>Stimuliert Ferkel, Kolostrum schnell aufzunehmen<\/li>\n<li>Tr\u00e4gt zur St\u00e4rkung des Immunsystems bei<\/li>\n<li>Sorgt f\u00fcr eine optimale Darmentwicklung und Darmfunktion<\/li>\n<li>Sorgt f\u00fcr weniger Ausfallzeiten<\/li>\n<\/ul>\n<div class=\"responsive-container\"><iframe loading=\"lazy\" title=\"Topro Kick Big\" width=\"500\" height=\"281\" src=\"https:\/\/www.youtube.com\/embed\/l3wmUNzKuIA?feature=oembed\" frameborder=\"0\" allow=\"accelerometer; autoplay; clipboard-write; encrypted-media; gyroscope; picture-in-picture; web-share\" referrerpolicy=\"strict-origin-when-cross-origin\" allowfullscreen><\/iframe><\/div>\n","protected":false},"excerpt":{"rendered":"<p>Topro Kick\u00a0Big (Ferkel) ist ein fl\u00fcssiges Erg\u00e4nzungsfuttermittel f\u00fcr einen zus\u00e4tzlichen Energieschub bei neugeborenen Ferkeln. Das Produkt enth\u00e4lt Energie, kurzkettige Fetts\u00e4uren, [&hellip;]<\/p>\n","protected":false},"featured_media":19756,"template":"","meta":{"_acf_changed":false,"ngg_post_thumbnail":0},"product_brand":[],"product_cat":[1249,1307,1023,1247,1319,1306,1029,1259],"product_tag":[],"woo-feed-brand":[],"class_list":{"0":"post-11667","1":"product","2":"type-product","3":"status-publish","4":"has-post-thumbnail","6":"product_cat-schweine-ferkel","7":"product_cat-ferkel-schweine-widerstand","8":"product_cat-ferkel-schweine","9":"product_cat-schweine","10":"product_cat-schweine-widerstand","11":"product_cat-widerstand","12":"product_cat-widerstand-ferkel-schweine","13":"product_cat-widerstand-schweine","15":"first","16":"instock","17":"taxable","18":"shipping-taxable","19":"purchasable","20":"product-type-simple"},"acf":[],"yoast_head":"<!-- This site is optimized with the Yoast SEO plugin v27.4 - https:\/\/yoast.com\/product\/yoast-seo-wordpress\/ -->\n<title>Kick Big (excl. doseerpomp) - Topro Animal Health<\/title>\n<meta name=\"description\" content=\"Topro Kick big ist ein fl\u00fcssiges Erg\u00e4nzungsfuttermittel f\u00fcr einen schnellen, zus\u00e4tzlichen Energieschub bei neugeborenen Ferkeln. Tritt gro\u00df hilft!\" \/>\n<meta name=\"robots\" content=\"index, follow, max-snippet:-1, max-image-preview:large, max-video-preview:-1\" \/>\n<link rel=\"canonical\" href=\"https:\/\/www.topro.nl\/de\/product\/widerstand\/ferkel-schweine-widerstand\/topro-kick-big\/\" \/>\n<meta property=\"og:locale\" content=\"de_DE\" \/>\n<meta property=\"og:type\" content=\"article\" \/>\n<meta property=\"og:title\" content=\"Kick Big (excl. doseerpomp) - Topro Animal Health\" \/>\n<meta property=\"og:description\" content=\"Topro Kick big ist ein fl\u00fcssiges Erg\u00e4nzungsfuttermittel f\u00fcr einen schnellen, zus\u00e4tzlichen Energieschub bei neugeborenen Ferkeln. Tritt gro\u00df hilft!\" \/>\n<meta property=\"og:url\" content=\"https:\/\/www.topro.nl\/de\/product\/widerstand\/ferkel-schweine-widerstand\/topro-kick-big\/\" \/>\n<meta property=\"og:site_name\" content=\"Topro Animal Health\" \/>\n<meta property=\"article:modified_time\" content=\"2021-07-12T10:11:04+00:00\" \/>\n<meta property=\"og:image\" content=\"https:\/\/www.topro.nl\/wp-content\/uploads\/110002_Kick_big-1.jpg\" \/>\n\t<meta property=\"og:image:width\" content=\"750\" \/>\n\t<meta property=\"og:image:height\" content=\"750\" \/>\n\t<meta property=\"og:image:type\" content=\"image\/jpeg\" \/>\n<meta name=\"twitter:card\" content=\"summary_large_image\" \/>\n<meta name=\"twitter:label1\" content=\"Gesch\u00e4tzte Lesezeit\" \/>\n\t<meta name=\"twitter:data1\" content=\"1\u00a0Minute\" \/>\n<script type=\"application\/ld+json\" class=\"yoast-schema-graph\">{\"@context\":\"https:\\\/\\\/schema.org\",\"@graph\":[{\"@type\":\"WebPage\",\"@id\":\"https:\\\/\\\/www.topro.nl\\\/de\\\/product\\\/widerstand\\\/ferkel-schweine-widerstand\\\/topro-kick-big\\\/\",\"url\":\"https:\\\/\\\/www.topro.nl\\\/de\\\/product\\\/widerstand\\\/ferkel-schweine-widerstand\\\/topro-kick-big\\\/\",\"name\":\"Kick Big (excl. doseerpomp) - Topro Animal Health\",\"isPartOf\":{\"@id\":\"https:\\\/\\\/www.topro.nl\\\/de\\\/#website\"},\"primaryImageOfPage\":{\"@id\":\"https:\\\/\\\/www.topro.nl\\\/de\\\/product\\\/widerstand\\\/ferkel-schweine-widerstand\\\/topro-kick-big\\\/#primaryimage\"},\"image\":{\"@id\":\"https:\\\/\\\/www.topro.nl\\\/de\\\/product\\\/widerstand\\\/ferkel-schweine-widerstand\\\/topro-kick-big\\\/#primaryimage\"},\"thumbnailUrl\":\"https:\\\/\\\/www.topro.nl\\\/wp-content\\\/uploads\\\/110002-Topro-Kick-Big-WEB.png\",\"datePublished\":\"2020-06-10T12:23:15+00:00\",\"dateModified\":\"2021-07-12T10:11:04+00:00\",\"description\":\"Topro Kick big ist ein fl\u00fcssiges Erg\u00e4nzungsfuttermittel f\u00fcr einen schnellen, zus\u00e4tzlichen Energieschub bei neugeborenen Ferkeln. Tritt gro\u00df hilft!\",\"breadcrumb\":{\"@id\":\"https:\\\/\\\/www.topro.nl\\\/de\\\/product\\\/widerstand\\\/ferkel-schweine-widerstand\\\/topro-kick-big\\\/#breadcrumb\"},\"inLanguage\":\"de\",\"potentialAction\":[{\"@type\":\"ReadAction\",\"target\":[\"https:\\\/\\\/www.topro.nl\\\/de\\\/product\\\/widerstand\\\/ferkel-schweine-widerstand\\\/topro-kick-big\\\/\"]}]},{\"@type\":\"ImageObject\",\"inLanguage\":\"de\",\"@id\":\"https:\\\/\\\/www.topro.nl\\\/de\\\/product\\\/widerstand\\\/ferkel-schweine-widerstand\\\/topro-kick-big\\\/#primaryimage\",\"url\":\"https:\\\/\\\/www.topro.nl\\\/wp-content\\\/uploads\\\/110002-Topro-Kick-Big-WEB.png\",\"contentUrl\":\"https:\\\/\\\/www.topro.nl\\\/wp-content\\\/uploads\\\/110002-Topro-Kick-Big-WEB.png\",\"width\":2000,\"height\":1784},{\"@type\":\"BreadcrumbList\",\"@id\":\"https:\\\/\\\/www.topro.nl\\\/de\\\/product\\\/widerstand\\\/ferkel-schweine-widerstand\\\/topro-kick-big\\\/#breadcrumb\",\"itemListElement\":[{\"@type\":\"ListItem\",\"position\":1,\"name\":\"Home\",\"item\":\"https:\\\/\\\/www.topro.nl\\\/de\\\/\"},{\"@type\":\"ListItem\",\"position\":2,\"name\":\"Topro Shop\",\"item\":\"https:\\\/\\\/www.topro.nl\\\/de\\\/shop\\\/\"},{\"@type\":\"ListItem\",\"position\":3,\"name\":\"Kick Big (excl. doseerpomp)\"}]},{\"@type\":\"WebSite\",\"@id\":\"https:\\\/\\\/www.topro.nl\\\/de\\\/#website\",\"url\":\"https:\\\/\\\/www.topro.nl\\\/de\\\/\",\"name\":\"Topro Animal Health\",\"description\":\"\",\"publisher\":{\"@id\":\"https:\\\/\\\/www.topro.nl\\\/de\\\/#organization\"},\"potentialAction\":[{\"@type\":\"SearchAction\",\"target\":{\"@type\":\"EntryPoint\",\"urlTemplate\":\"https:\\\/\\\/www.topro.nl\\\/de\\\/?s={search_term_string}\"},\"query-input\":{\"@type\":\"PropertyValueSpecification\",\"valueRequired\":true,\"valueName\":\"search_term_string\"}}],\"inLanguage\":\"de\"},{\"@type\":\"Organization\",\"@id\":\"https:\\\/\\\/www.topro.nl\\\/de\\\/#organization\",\"name\":\"Horizont Afrastering\",\"url\":\"https:\\\/\\\/www.topro.nl\\\/de\\\/\",\"logo\":{\"@type\":\"ImageObject\",\"inLanguage\":\"de\",\"@id\":\"https:\\\/\\\/www.topro.nl\\\/de\\\/#\\\/schema\\\/logo\\\/image\\\/\",\"url\":\"\",\"contentUrl\":\"\",\"caption\":\"Horizont Afrastering\"},\"image\":{\"@id\":\"https:\\\/\\\/www.topro.nl\\\/de\\\/#\\\/schema\\\/logo\\\/image\\\/\"}}]}<\/script>\n<!-- \/ Yoast SEO plugin. -->","yoast_head_json":{"title":"Kick Big (excl. doseerpomp) - Topro Animal Health","description":"Topro Kick big ist ein fl\u00fcssiges Erg\u00e4nzungsfuttermittel f\u00fcr einen schnellen, zus\u00e4tzlichen Energieschub bei neugeborenen Ferkeln. Tritt gro\u00df hilft!","robots":{"index":"index","follow":"follow","max-snippet":"max-snippet:-1","max-image-preview":"max-image-preview:large","max-video-preview":"max-video-preview:-1"},"canonical":"https:\/\/www.topro.nl\/de\/product\/widerstand\/ferkel-schweine-widerstand\/topro-kick-big\/","og_locale":"de_DE","og_type":"article","og_title":"Kick Big (excl. doseerpomp) - Topro Animal Health","og_description":"Topro Kick big ist ein fl\u00fcssiges Erg\u00e4nzungsfuttermittel f\u00fcr einen schnellen, zus\u00e4tzlichen Energieschub bei neugeborenen Ferkeln. Tritt gro\u00df hilft!","og_url":"https:\/\/www.topro.nl\/de\/product\/widerstand\/ferkel-schweine-widerstand\/topro-kick-big\/","og_site_name":"Topro Animal Health","article_modified_time":"2021-07-12T10:11:04+00:00","og_image":[{"width":750,"height":750,"url":"https:\/\/www.topro.nl\/wp-content\/uploads\/110002_Kick_big-1.jpg","type":"image\/jpeg"}],"twitter_card":"summary_large_image","twitter_misc":{"Gesch\u00e4tzte Lesezeit":"1\u00a0Minute"},"schema":{"@context":"https:\/\/schema.org","@graph":[{"@type":"WebPage","@id":"https:\/\/www.topro.nl\/de\/product\/widerstand\/ferkel-schweine-widerstand\/topro-kick-big\/","url":"https:\/\/www.topro.nl\/de\/product\/widerstand\/ferkel-schweine-widerstand\/topro-kick-big\/","name":"Kick Big (excl. doseerpomp) - Topro Animal Health","isPartOf":{"@id":"https:\/\/www.topro.nl\/de\/#website"},"primaryImageOfPage":{"@id":"https:\/\/www.topro.nl\/de\/product\/widerstand\/ferkel-schweine-widerstand\/topro-kick-big\/#primaryimage"},"image":{"@id":"https:\/\/www.topro.nl\/de\/product\/widerstand\/ferkel-schweine-widerstand\/topro-kick-big\/#primaryimage"},"thumbnailUrl":"https:\/\/www.topro.nl\/wp-content\/uploads\/110002-Topro-Kick-Big-WEB.png","datePublished":"2020-06-10T12:23:15+00:00","dateModified":"2021-07-12T10:11:04+00:00","description":"Topro Kick big ist ein fl\u00fcssiges Erg\u00e4nzungsfuttermittel f\u00fcr einen schnellen, zus\u00e4tzlichen Energieschub bei neugeborenen Ferkeln. Tritt gro\u00df hilft!","breadcrumb":{"@id":"https:\/\/www.topro.nl\/de\/product\/widerstand\/ferkel-schweine-widerstand\/topro-kick-big\/#breadcrumb"},"inLanguage":"de","potentialAction":[{"@type":"ReadAction","target":["https:\/\/www.topro.nl\/de\/product\/widerstand\/ferkel-schweine-widerstand\/topro-kick-big\/"]}]},{"@type":"ImageObject","inLanguage":"de","@id":"https:\/\/www.topro.nl\/de\/product\/widerstand\/ferkel-schweine-widerstand\/topro-kick-big\/#primaryimage","url":"https:\/\/www.topro.nl\/wp-content\/uploads\/110002-Topro-Kick-Big-WEB.png","contentUrl":"https:\/\/www.topro.nl\/wp-content\/uploads\/110002-Topro-Kick-Big-WEB.png","width":2000,"height":1784},{"@type":"BreadcrumbList","@id":"https:\/\/www.topro.nl\/de\/product\/widerstand\/ferkel-schweine-widerstand\/topro-kick-big\/#breadcrumb","itemListElement":[{"@type":"ListItem","position":1,"name":"Home","item":"https:\/\/www.topro.nl\/de\/"},{"@type":"ListItem","position":2,"name":"Topro Shop","item":"https:\/\/www.topro.nl\/de\/shop\/"},{"@type":"ListItem","position":3,"name":"Kick Big (excl. doseerpomp)"}]},{"@type":"WebSite","@id":"https:\/\/www.topro.nl\/de\/#website","url":"https:\/\/www.topro.nl\/de\/","name":"Topro Animal Health","description":"","publisher":{"@id":"https:\/\/www.topro.nl\/de\/#organization"},"potentialAction":[{"@type":"SearchAction","target":{"@type":"EntryPoint","urlTemplate":"https:\/\/www.topro.nl\/de\/?s={search_term_string}"},"query-input":{"@type":"PropertyValueSpecification","valueRequired":true,"valueName":"search_term_string"}}],"inLanguage":"de"},{"@type":"Organization","@id":"https:\/\/www.topro.nl\/de\/#organization","name":"Horizont Afrastering","url":"https:\/\/www.topro.nl\/de\/","logo":{"@type":"ImageObject","inLanguage":"de","@id":"https:\/\/www.topro.nl\/de\/#\/schema\/logo\/image\/","url":"","contentUrl":"","caption":"Horizont Afrastering"},"image":{"@id":"https:\/\/www.topro.nl\/de\/#\/schema\/logo\/image\/"}}]}},"tiered_pricing_type":"fixed","tiered_pricing_fixed_rules":[],"tiered_pricing_product_settings":{"layout":"default","base_unit_name":{"singular":null,"plural":null},"default_variation":null},"tiered_pricing_minimum_quantity":null,"tiered_pricing_roles_data":[],"tiered_pricing_percentage_rules":[],"_links":{"self":[{"href":"https:\/\/www.topro.nl\/de\/wp-json\/wp\/v2\/product\/11667","targetHints":{"allow":["GET"]}}],"collection":[{"href":"https:\/\/www.topro.nl\/de\/wp-json\/wp\/v2\/product"}],"about":[{"href":"https:\/\/www.topro.nl\/de\/wp-json\/wp\/v2\/types\/product"}],"wp:featuredmedia":[{"embeddable":true,"href":"https:\/\/www.topro.nl\/de\/wp-json\/wp\/v2\/media\/19756"}],"wp:attachment":[{"href":"https:\/\/www.topro.nl\/de\/wp-json\/wp\/v2\/media?parent=11667"}],"wp:term":[{"taxonomy":"product_brand","embeddable":true,"href":"https:\/\/www.topro.nl\/de\/wp-json\/wp\/v2\/product_brand?post=11667"},{"taxonomy":"product_cat","embeddable":true,"href":"https:\/\/www.topro.nl\/de\/wp-json\/wp\/v2\/product_cat?post=11667"},{"taxonomy":"product_tag","embeddable":true,"href":"https:\/\/www.topro.nl\/de\/wp-json\/wp\/v2\/product_tag?post=11667"},{"taxonomy":"woo-feed-brand","embeddable":true,"href":"https:\/\/www.topro.nl\/de\/wp-json\/wp\/v2\/woo-feed-brand?post=11667"}],"curies":[{"name":"wp","href":"https:\/\/api.w.org\/{rel}","templated":true}]}}