{"id":11663,"date":"2020-06-10T13:18:25","date_gmt":"2020-06-10T13:18:25","guid":{"rendered":"https:\/\/www.topro.nl\/product\/unkategorisiert\/topro-magnesium-bolus\/"},"modified":"2021-12-09T12:44:57","modified_gmt":"2021-12-09T12:44:57","slug":"topro-magnesium-bolus","status":"publish","type":"product","link":"https:\/\/www.topro.nl\/de\/product\/rinder\/mineralien-rinder\/topro-magnesium-bolus\/","title":{"rendered":"Magnesium Bolus 12 st."},"content":{"rendered":"<p>Topro Magnesium Bolus ist ein mineralisches di\u00e4tetisches Feed zur Verringerung des Risikos einer Tetanie (Hypomagnesi\u00e4mie oder Kopfkrankheit). Das di\u00e4tetische Feed kommt in Form eines Bolus und ist nur zur oralen Verabreichung geeignet.<\/p>\n<h3><span style=\"color: #009cde;\">Magnesium Bolus beugt Magnesiummangel vor!<\/span><\/h3>\n<p>Bei einem Magnesiummangel kann sich eine Kopfkrankheit \u00fcber einen l\u00e4ngeren Zeitraum entwickeln. Dies kann bei einer Ration vorkommen, die haupts\u00e4chlich aus Gras mit (zu) wenig Magnesium besteht: im Fr\u00fchjahr vor allem bei jungem Gras. Die Eingabe dieses Bolus deckt den t\u00e4glichen Magnesiumbedarf des Tieres f\u00fcr einen Zeitraum von 1 Monat.<\/p>\n<h3><span style=\"color: #009cde;\">Dosierung Magnesium Bolus<\/span><\/h3>\n<ul>\n<li>Geben Sie 2 Boli gleichzeitig ein<\/li>\n<li>Bei Bedarf k\u00f6nnen 1 Monat sp\u00e4ter noch einmal 2 Boli gegeben werden<\/li>\n<li>Nicht an Rinder unter 250 kg verabreichen<\/li>\n<\/ul>\n<h3><span style=\"color: #009cde;\">Hinweis zu Dosierung und Anwendung<\/span><\/h3>\n<ul>\n<li>Mit einem geeigneten Bolus-Shooter verabreichen<\/li>\n<li>Es wird empfohlen, sich vor der Anwendung von einem Tierarzt oder Futtermittelexperten beraten zu lassen in Bezug auf:<br \/>\n1. das Gleichgewicht der Spurenelemente in der Tagesration<br \/>\n2. der Status der Herde in Bezug auf Spurenelemente<\/li>\n<li>Zur Erh\u00f6hung der Dichte enth\u00e4lt der Bolus ggf. 16 % inertes Eisen iron<\/li>\n<li>Gegebenenfalls sollte vermieden werden, dass Zusatzstoffe, f\u00fcr die ein H\u00f6chstgehalt aus anderen Quellen festgelegt wurde, zusammen mit denen eines Bolus verabreicht werden<\/li>\n<li>Lagerung: k\u00fchl, trocken und f\u00fcr Kinder unzug\u00e4nglich aufbewahren, vor Frost sch\u00fctzen<\/li>\n<\/ul>\n","protected":false},"excerpt":{"rendered":"<p>Topro Magnesium Bolus ist ein mineralisches di\u00e4tetisches Feed zur Verringerung des Risikos einer Tetanie (Hypomagnesi\u00e4mie oder Kopfkrankheit). Das di\u00e4tetische Feed [&hellip;]<\/p>\n","protected":false},"featured_media":21197,"template":"","meta":{"_acf_changed":false,"ngg_post_thumbnail":0},"product_brand":[],"product_cat":[1204,1149,1166,1188],"product_tag":[],"woo-feed-brand":[],"class_list":{"0":"post-11663","1":"product","2":"type-product","3":"status-publish","4":"has-post-thumbnail","6":"product_cat-mineralien-rinder","7":"product_cat-mineralien","8":"product_cat-rinder-mineralien","9":"product_cat-rinder","11":"first","12":"instock","13":"taxable","14":"shipping-taxable","15":"purchasable","16":"product-type-simple"},"acf":[],"yoast_head":"<!-- This site is optimized with the Yoast SEO plugin v27.3 - https:\/\/yoast.com\/product\/yoast-seo-wordpress\/ -->\n<title>Magnesium Bolus 12 st. - Topro Animal Health<\/title>\n<meta name=\"description\" content=\"Der Topro Magnesium Bolus 12 St\u00fcck liefert \u00e4u\u00dferst genau die t\u00e4glich ben\u00f6tigten Spurenelemente, die zur Gesundheit von Rindern beitragen.\" \/>\n<meta name=\"robots\" content=\"index, follow, max-snippet:-1, max-image-preview:large, max-video-preview:-1\" \/>\n<link rel=\"canonical\" href=\"https:\/\/www.topro.nl\/de\/product\/rinder\/mineralien-rinder\/topro-magnesium-bolus\/\" \/>\n<meta property=\"og:locale\" content=\"de_DE\" \/>\n<meta property=\"og:type\" content=\"article\" \/>\n<meta property=\"og:title\" content=\"Magnesium Bolus 12 st. - Topro Animal Health\" \/>\n<meta property=\"og:description\" content=\"Der Topro Magnesium Bolus 12 St\u00fcck liefert \u00e4u\u00dferst genau die t\u00e4glich ben\u00f6tigten Spurenelemente, die zur Gesundheit von Rindern beitragen.\" \/>\n<meta property=\"og:url\" content=\"https:\/\/www.topro.nl\/de\/product\/rinder\/mineralien-rinder\/topro-magnesium-bolus\/\" \/>\n<meta property=\"og:site_name\" content=\"Topro Animal Health\" \/>\n<meta property=\"article:modified_time\" content=\"2021-12-09T12:44:57+00:00\" \/>\n<meta property=\"og:image\" content=\"https:\/\/www.topro.nl\/wp-content\/uploads\/102061_Topro_Magnesium_bolus.jpg\" \/>\n\t<meta property=\"og:image:width\" content=\"1181\" \/>\n\t<meta property=\"og:image:height\" content=\"1181\" \/>\n\t<meta property=\"og:image:type\" content=\"image\/jpeg\" \/>\n<meta name=\"twitter:card\" content=\"summary_large_image\" \/>\n<meta name=\"twitter:label1\" content=\"Gesch\u00e4tzte Lesezeit\" \/>\n\t<meta name=\"twitter:data1\" content=\"1\u00a0Minute\" \/>\n<script type=\"application\/ld+json\" class=\"yoast-schema-graph\">{\"@context\":\"https:\\\/\\\/schema.org\",\"@graph\":[{\"@type\":\"WebPage\",\"@id\":\"https:\\\/\\\/www.topro.nl\\\/de\\\/product\\\/rinder\\\/mineralien-rinder\\\/topro-magnesium-bolus\\\/\",\"url\":\"https:\\\/\\\/www.topro.nl\\\/de\\\/product\\\/rinder\\\/mineralien-rinder\\\/topro-magnesium-bolus\\\/\",\"name\":\"Magnesium Bolus 12 st. - Topro Animal Health\",\"isPartOf\":{\"@id\":\"https:\\\/\\\/www.topro.nl\\\/de\\\/#website\"},\"primaryImageOfPage\":{\"@id\":\"https:\\\/\\\/www.topro.nl\\\/de\\\/product\\\/rinder\\\/mineralien-rinder\\\/topro-magnesium-bolus\\\/#primaryimage\"},\"image\":{\"@id\":\"https:\\\/\\\/www.topro.nl\\\/de\\\/product\\\/rinder\\\/mineralien-rinder\\\/topro-magnesium-bolus\\\/#primaryimage\"},\"thumbnailUrl\":\"https:\\\/\\\/www.topro.nl\\\/wp-content\\\/uploads\\\/Magnesium-bolus-102061-NLENDEFR-1-03082023-voor.png\",\"datePublished\":\"2020-06-10T13:18:25+00:00\",\"dateModified\":\"2021-12-09T12:44:57+00:00\",\"description\":\"Der Topro Magnesium Bolus 12 St\u00fcck liefert \u00e4u\u00dferst genau die t\u00e4glich ben\u00f6tigten Spurenelemente, die zur Gesundheit von Rindern beitragen.\",\"breadcrumb\":{\"@id\":\"https:\\\/\\\/www.topro.nl\\\/de\\\/product\\\/rinder\\\/mineralien-rinder\\\/topro-magnesium-bolus\\\/#breadcrumb\"},\"inLanguage\":\"de\",\"potentialAction\":[{\"@type\":\"ReadAction\",\"target\":[\"https:\\\/\\\/www.topro.nl\\\/de\\\/product\\\/rinder\\\/mineralien-rinder\\\/topro-magnesium-bolus\\\/\"]}]},{\"@type\":\"ImageObject\",\"inLanguage\":\"de\",\"@id\":\"https:\\\/\\\/www.topro.nl\\\/de\\\/product\\\/rinder\\\/mineralien-rinder\\\/topro-magnesium-bolus\\\/#primaryimage\",\"url\":\"https:\\\/\\\/www.topro.nl\\\/wp-content\\\/uploads\\\/Magnesium-bolus-102061-NLENDEFR-1-03082023-voor.png\",\"contentUrl\":\"https:\\\/\\\/www.topro.nl\\\/wp-content\\\/uploads\\\/Magnesium-bolus-102061-NLENDEFR-1-03082023-voor.png\",\"width\":1200,\"height\":1070,\"caption\":\"Topro Magnesium bolus \u2013 mineraal dieetvoeder voor rundvee ter vermindering van het risico op tetanie en magnesiumtekort in voorjaarsgras\"},{\"@type\":\"BreadcrumbList\",\"@id\":\"https:\\\/\\\/www.topro.nl\\\/de\\\/product\\\/rinder\\\/mineralien-rinder\\\/topro-magnesium-bolus\\\/#breadcrumb\",\"itemListElement\":[{\"@type\":\"ListItem\",\"position\":1,\"name\":\"Home\",\"item\":\"https:\\\/\\\/www.topro.nl\\\/de\\\/\"},{\"@type\":\"ListItem\",\"position\":2,\"name\":\"Topro Shop\",\"item\":\"https:\\\/\\\/www.topro.nl\\\/de\\\/shop\\\/\"},{\"@type\":\"ListItem\",\"position\":3,\"name\":\"Magnesium Bolus 12 st.\"}]},{\"@type\":\"WebSite\",\"@id\":\"https:\\\/\\\/www.topro.nl\\\/de\\\/#website\",\"url\":\"https:\\\/\\\/www.topro.nl\\\/de\\\/\",\"name\":\"Topro Animal Health\",\"description\":\"\",\"publisher\":{\"@id\":\"https:\\\/\\\/www.topro.nl\\\/de\\\/#organization\"},\"potentialAction\":[{\"@type\":\"SearchAction\",\"target\":{\"@type\":\"EntryPoint\",\"urlTemplate\":\"https:\\\/\\\/www.topro.nl\\\/de\\\/?s={search_term_string}\"},\"query-input\":{\"@type\":\"PropertyValueSpecification\",\"valueRequired\":true,\"valueName\":\"search_term_string\"}}],\"inLanguage\":\"de\"},{\"@type\":\"Organization\",\"@id\":\"https:\\\/\\\/www.topro.nl\\\/de\\\/#organization\",\"name\":\"Horizont Afrastering\",\"url\":\"https:\\\/\\\/www.topro.nl\\\/de\\\/\",\"logo\":{\"@type\":\"ImageObject\",\"inLanguage\":\"de\",\"@id\":\"https:\\\/\\\/www.topro.nl\\\/de\\\/#\\\/schema\\\/logo\\\/image\\\/\",\"url\":\"\",\"contentUrl\":\"\",\"caption\":\"Horizont Afrastering\"},\"image\":{\"@id\":\"https:\\\/\\\/www.topro.nl\\\/de\\\/#\\\/schema\\\/logo\\\/image\\\/\"}}]}<\/script>\n<!-- \/ Yoast SEO plugin. -->","yoast_head_json":{"title":"Magnesium Bolus 12 st. - Topro Animal Health","description":"Der Topro Magnesium Bolus 12 St\u00fcck liefert \u00e4u\u00dferst genau die t\u00e4glich ben\u00f6tigten Spurenelemente, die zur Gesundheit von Rindern beitragen.","robots":{"index":"index","follow":"follow","max-snippet":"max-snippet:-1","max-image-preview":"max-image-preview:large","max-video-preview":"max-video-preview:-1"},"canonical":"https:\/\/www.topro.nl\/de\/product\/rinder\/mineralien-rinder\/topro-magnesium-bolus\/","og_locale":"de_DE","og_type":"article","og_title":"Magnesium Bolus 12 st. - Topro Animal Health","og_description":"Der Topro Magnesium Bolus 12 St\u00fcck liefert \u00e4u\u00dferst genau die t\u00e4glich ben\u00f6tigten Spurenelemente, die zur Gesundheit von Rindern beitragen.","og_url":"https:\/\/www.topro.nl\/de\/product\/rinder\/mineralien-rinder\/topro-magnesium-bolus\/","og_site_name":"Topro Animal Health","article_modified_time":"2021-12-09T12:44:57+00:00","og_image":[{"width":1181,"height":1181,"url":"https:\/\/www.topro.nl\/wp-content\/uploads\/102061_Topro_Magnesium_bolus.jpg","type":"image\/jpeg"}],"twitter_card":"summary_large_image","twitter_misc":{"Gesch\u00e4tzte Lesezeit":"1\u00a0Minute"},"schema":{"@context":"https:\/\/schema.org","@graph":[{"@type":"WebPage","@id":"https:\/\/www.topro.nl\/de\/product\/rinder\/mineralien-rinder\/topro-magnesium-bolus\/","url":"https:\/\/www.topro.nl\/de\/product\/rinder\/mineralien-rinder\/topro-magnesium-bolus\/","name":"Magnesium Bolus 12 st. - Topro Animal Health","isPartOf":{"@id":"https:\/\/www.topro.nl\/de\/#website"},"primaryImageOfPage":{"@id":"https:\/\/www.topro.nl\/de\/product\/rinder\/mineralien-rinder\/topro-magnesium-bolus\/#primaryimage"},"image":{"@id":"https:\/\/www.topro.nl\/de\/product\/rinder\/mineralien-rinder\/topro-magnesium-bolus\/#primaryimage"},"thumbnailUrl":"https:\/\/www.topro.nl\/wp-content\/uploads\/Magnesium-bolus-102061-NLENDEFR-1-03082023-voor.png","datePublished":"2020-06-10T13:18:25+00:00","dateModified":"2021-12-09T12:44:57+00:00","description":"Der Topro Magnesium Bolus 12 St\u00fcck liefert \u00e4u\u00dferst genau die t\u00e4glich ben\u00f6tigten Spurenelemente, die zur Gesundheit von Rindern beitragen.","breadcrumb":{"@id":"https:\/\/www.topro.nl\/de\/product\/rinder\/mineralien-rinder\/topro-magnesium-bolus\/#breadcrumb"},"inLanguage":"de","potentialAction":[{"@type":"ReadAction","target":["https:\/\/www.topro.nl\/de\/product\/rinder\/mineralien-rinder\/topro-magnesium-bolus\/"]}]},{"@type":"ImageObject","inLanguage":"de","@id":"https:\/\/www.topro.nl\/de\/product\/rinder\/mineralien-rinder\/topro-magnesium-bolus\/#primaryimage","url":"https:\/\/www.topro.nl\/wp-content\/uploads\/Magnesium-bolus-102061-NLENDEFR-1-03082023-voor.png","contentUrl":"https:\/\/www.topro.nl\/wp-content\/uploads\/Magnesium-bolus-102061-NLENDEFR-1-03082023-voor.png","width":1200,"height":1070,"caption":"Topro Magnesium bolus \u2013 mineraal dieetvoeder voor rundvee ter vermindering van het risico op tetanie en magnesiumtekort in voorjaarsgras"},{"@type":"BreadcrumbList","@id":"https:\/\/www.topro.nl\/de\/product\/rinder\/mineralien-rinder\/topro-magnesium-bolus\/#breadcrumb","itemListElement":[{"@type":"ListItem","position":1,"name":"Home","item":"https:\/\/www.topro.nl\/de\/"},{"@type":"ListItem","position":2,"name":"Topro Shop","item":"https:\/\/www.topro.nl\/de\/shop\/"},{"@type":"ListItem","position":3,"name":"Magnesium Bolus 12 st."}]},{"@type":"WebSite","@id":"https:\/\/www.topro.nl\/de\/#website","url":"https:\/\/www.topro.nl\/de\/","name":"Topro Animal Health","description":"","publisher":{"@id":"https:\/\/www.topro.nl\/de\/#organization"},"potentialAction":[{"@type":"SearchAction","target":{"@type":"EntryPoint","urlTemplate":"https:\/\/www.topro.nl\/de\/?s={search_term_string}"},"query-input":{"@type":"PropertyValueSpecification","valueRequired":true,"valueName":"search_term_string"}}],"inLanguage":"de"},{"@type":"Organization","@id":"https:\/\/www.topro.nl\/de\/#organization","name":"Horizont Afrastering","url":"https:\/\/www.topro.nl\/de\/","logo":{"@type":"ImageObject","inLanguage":"de","@id":"https:\/\/www.topro.nl\/de\/#\/schema\/logo\/image\/","url":"","contentUrl":"","caption":"Horizont Afrastering"},"image":{"@id":"https:\/\/www.topro.nl\/de\/#\/schema\/logo\/image\/"}}]}},"tiered_pricing_type":"fixed","tiered_pricing_fixed_rules":[],"tiered_pricing_product_settings":{"layout":"default","base_unit_name":{"singular":null,"plural":null},"default_variation":null},"tiered_pricing_minimum_quantity":null,"tiered_pricing_roles_data":[],"tiered_pricing_percentage_rules":[],"_links":{"self":[{"href":"https:\/\/www.topro.nl\/de\/wp-json\/wp\/v2\/product\/11663","targetHints":{"allow":["GET"]}}],"collection":[{"href":"https:\/\/www.topro.nl\/de\/wp-json\/wp\/v2\/product"}],"about":[{"href":"https:\/\/www.topro.nl\/de\/wp-json\/wp\/v2\/types\/product"}],"wp:featuredmedia":[{"embeddable":true,"href":"https:\/\/www.topro.nl\/de\/wp-json\/wp\/v2\/media\/21197"}],"wp:attachment":[{"href":"https:\/\/www.topro.nl\/de\/wp-json\/wp\/v2\/media?parent=11663"}],"wp:term":[{"taxonomy":"product_brand","embeddable":true,"href":"https:\/\/www.topro.nl\/de\/wp-json\/wp\/v2\/product_brand?post=11663"},{"taxonomy":"product_cat","embeddable":true,"href":"https:\/\/www.topro.nl\/de\/wp-json\/wp\/v2\/product_cat?post=11663"},{"taxonomy":"product_tag","embeddable":true,"href":"https:\/\/www.topro.nl\/de\/wp-json\/wp\/v2\/product_tag?post=11663"},{"taxonomy":"woo-feed-brand","embeddable":true,"href":"https:\/\/www.topro.nl\/de\/wp-json\/wp\/v2\/woo-feed-brand?post=11663"}],"curies":[{"name":"wp","href":"https:\/\/api.w.org\/{rel}","templated":true}]}}