{"id":11659,"date":"2020-06-11T06:16:03","date_gmt":"2020-06-11T06:16:03","guid":{"rendered":"https:\/\/www.topro.nl\/product\/unkategorisiert\/topro-opti-boost-calf-bolus\/"},"modified":"2021-07-12T11:37:14","modified_gmt":"2021-07-12T11:37:14","slug":"topro-opti-boost-calf-bolus","status":"publish","type":"product","link":"https:\/\/www.topro.nl\/de\/product\/widerstand\/kalber-widerstand\/topro-opti-boost-calf-bolus\/","title":{"rendered":"Opti Boost Calf Bolus 25 st."},"content":{"rendered":"<p>Der Topro Opti Boost Calf Bolus ist ein Erg\u00e4nzungsfuttermittel f\u00fcr neugeborene K\u00e4lber in Form eines Bolus, der das Tier mit Traubenzucker, Hefe (inaktiviert), Raps\u00f6l und Calciumstearat versorgt.<\/p>\n<h3><span style=\"color: #009cde;\">Topro Opti Boost Calf Bolus; Baustein f\u00fcr gesunde K\u00e4lber!<\/span><\/h3>\n<p>Dieser Bolus versorgt das Kalb mit schnell verf\u00fcgbaren Spurenelementen und Vitaminen und gibt dem Kalb einen Vitamin- und Mineralstoffschub. Einige Spurenelemente in chelatisierter Form wurden ebenfalls hinzugef\u00fcgt. Dies kommt der Aufnahme im K\u00f6rper zugute.<\/p>\n<h3><span style=\"color: #009cde;\">Dosierung topro Opti Boost Calf Bolus<\/span><\/h3>\n<ul>\n<li>1 Opti Boost Calf Bolus unmittelbar nach der Geburt und 1 Opti Boost Wadenbolus 24 Stunden sp\u00e4ter, falls erforderlich<\/li>\n<\/ul>\n<h3><span style=\"color: #009cde;\">Hinweis zu Dosierung und Anwendung<\/span><\/h3>\n<ul>\n<li>Mit einem geeigneten Bolus-Shooter verabreichen<\/li>\n<\/ul>\n","protected":false},"excerpt":{"rendered":"<p>Der Topro Opti Boost Calf Bolus ist ein Erg\u00e4nzungsfuttermittel f\u00fcr neugeborene K\u00e4lber in Form eines Bolus, der das Tier mit [&hellip;]<\/p>\n","protected":false},"featured_media":19741,"template":"","meta":{"_acf_changed":false,"ngg_post_thumbnail":0},"product_brand":[],"product_cat":[1309,1162,1069,1083,1149,1087,1306],"product_tag":[],"woo-feed-brand":[],"class_list":{"0":"post-11659","1":"product","2":"type-product","3":"status-publish","4":"has-post-thumbnail","6":"product_cat-kalber-widerstand","7":"product_cat-kalber-mineralien","8":"product_cat-kalber","9":"product_cat-mineralien-kaelber","10":"product_cat-mineralien","11":"product_cat-widerstand-kaelber","12":"product_cat-widerstand","14":"first","15":"instock","16":"taxable","17":"shipping-taxable","18":"purchasable","19":"product-type-simple"},"acf":[],"yoast_head":"<!-- This site is optimized with the Yoast SEO plugin v27.3 - https:\/\/yoast.com\/product\/yoast-seo-wordpress\/ -->\n<title>Opti Boost Calf Bolus 25 st. - Topro Animal Health<\/title>\n<meta name=\"description\" content=\"Der Topro Opti Boost Calf Bolus ist ein Erg\u00e4nzungsfuttermittel f\u00fcr Rinder, das das Tier mit Traubenzucker, Hefe, Raps\u00f6l und Calciumstearat versorgt.\" \/>\n<meta name=\"robots\" content=\"index, follow, max-snippet:-1, max-image-preview:large, max-video-preview:-1\" \/>\n<link rel=\"canonical\" href=\"https:\/\/www.topro.nl\/de\/product\/widerstand\/kalber-widerstand\/topro-opti-boost-calf-bolus\/\" \/>\n<meta property=\"og:locale\" content=\"de_DE\" \/>\n<meta property=\"og:type\" content=\"article\" \/>\n<meta property=\"og:title\" content=\"Opti Boost Calf Bolus 25 st. - Topro Animal Health\" \/>\n<meta property=\"og:description\" content=\"Der Topro Opti Boost Calf Bolus ist ein Erg\u00e4nzungsfuttermittel f\u00fcr Rinder, das das Tier mit Traubenzucker, Hefe, Raps\u00f6l und Calciumstearat versorgt.\" \/>\n<meta property=\"og:url\" content=\"https:\/\/www.topro.nl\/de\/product\/widerstand\/kalber-widerstand\/topro-opti-boost-calf-bolus\/\" \/>\n<meta property=\"og:site_name\" content=\"Topro Animal Health\" \/>\n<meta property=\"article:modified_time\" content=\"2021-07-12T11:37:14+00:00\" \/>\n<meta property=\"og:image\" content=\"https:\/\/www.topro.nl\/wp-content\/uploads\/102044-Topro-Opti-boost-calf-bolus-25x8g-WEB.png\" \/>\n\t<meta property=\"og:image:width\" content=\"2000\" \/>\n\t<meta property=\"og:image:height\" content=\"1784\" \/>\n\t<meta property=\"og:image:type\" content=\"image\/png\" \/>\n<meta name=\"twitter:card\" content=\"summary_large_image\" \/>\n<meta name=\"twitter:label1\" content=\"Gesch\u00e4tzte Lesezeit\" \/>\n\t<meta name=\"twitter:data1\" content=\"1\u00a0Minute\" \/>\n<script type=\"application\/ld+json\" class=\"yoast-schema-graph\">{\"@context\":\"https:\\\/\\\/schema.org\",\"@graph\":[{\"@type\":\"WebPage\",\"@id\":\"https:\\\/\\\/www.topro.nl\\\/de\\\/product\\\/widerstand\\\/kalber-widerstand\\\/topro-opti-boost-calf-bolus\\\/\",\"url\":\"https:\\\/\\\/www.topro.nl\\\/de\\\/product\\\/widerstand\\\/kalber-widerstand\\\/topro-opti-boost-calf-bolus\\\/\",\"name\":\"Opti Boost Calf Bolus 25 st. - Topro Animal Health\",\"isPartOf\":{\"@id\":\"https:\\\/\\\/www.topro.nl\\\/de\\\/#website\"},\"primaryImageOfPage\":{\"@id\":\"https:\\\/\\\/www.topro.nl\\\/de\\\/product\\\/widerstand\\\/kalber-widerstand\\\/topro-opti-boost-calf-bolus\\\/#primaryimage\"},\"image\":{\"@id\":\"https:\\\/\\\/www.topro.nl\\\/de\\\/product\\\/widerstand\\\/kalber-widerstand\\\/topro-opti-boost-calf-bolus\\\/#primaryimage\"},\"thumbnailUrl\":\"https:\\\/\\\/www.topro.nl\\\/wp-content\\\/uploads\\\/102044-Topro-Opti-boost-calf-bolus-25x8g-WEB.png\",\"datePublished\":\"2020-06-11T06:16:03+00:00\",\"dateModified\":\"2021-07-12T11:37:14+00:00\",\"description\":\"Der Topro Opti Boost Calf Bolus ist ein Erg\u00e4nzungsfuttermittel f\u00fcr Rinder, das das Tier mit Traubenzucker, Hefe, Raps\u00f6l und Calciumstearat versorgt.\",\"breadcrumb\":{\"@id\":\"https:\\\/\\\/www.topro.nl\\\/de\\\/product\\\/widerstand\\\/kalber-widerstand\\\/topro-opti-boost-calf-bolus\\\/#breadcrumb\"},\"inLanguage\":\"de\",\"potentialAction\":[{\"@type\":\"ReadAction\",\"target\":[\"https:\\\/\\\/www.topro.nl\\\/de\\\/product\\\/widerstand\\\/kalber-widerstand\\\/topro-opti-boost-calf-bolus\\\/\"]}]},{\"@type\":\"ImageObject\",\"inLanguage\":\"de\",\"@id\":\"https:\\\/\\\/www.topro.nl\\\/de\\\/product\\\/widerstand\\\/kalber-widerstand\\\/topro-opti-boost-calf-bolus\\\/#primaryimage\",\"url\":\"https:\\\/\\\/www.topro.nl\\\/wp-content\\\/uploads\\\/102044-Topro-Opti-boost-calf-bolus-25x8g-WEB.png\",\"contentUrl\":\"https:\\\/\\\/www.topro.nl\\\/wp-content\\\/uploads\\\/102044-Topro-Opti-boost-calf-bolus-25x8g-WEB.png\",\"width\":2000,\"height\":1784},{\"@type\":\"BreadcrumbList\",\"@id\":\"https:\\\/\\\/www.topro.nl\\\/de\\\/product\\\/widerstand\\\/kalber-widerstand\\\/topro-opti-boost-calf-bolus\\\/#breadcrumb\",\"itemListElement\":[{\"@type\":\"ListItem\",\"position\":1,\"name\":\"Home\",\"item\":\"https:\\\/\\\/www.topro.nl\\\/de\\\/\"},{\"@type\":\"ListItem\",\"position\":2,\"name\":\"Topro Shop\",\"item\":\"https:\\\/\\\/www.topro.nl\\\/de\\\/shop\\\/\"},{\"@type\":\"ListItem\",\"position\":3,\"name\":\"Opti Boost Calf Bolus 25 st.\"}]},{\"@type\":\"WebSite\",\"@id\":\"https:\\\/\\\/www.topro.nl\\\/de\\\/#website\",\"url\":\"https:\\\/\\\/www.topro.nl\\\/de\\\/\",\"name\":\"Topro Animal Health\",\"description\":\"\",\"publisher\":{\"@id\":\"https:\\\/\\\/www.topro.nl\\\/de\\\/#organization\"},\"potentialAction\":[{\"@type\":\"SearchAction\",\"target\":{\"@type\":\"EntryPoint\",\"urlTemplate\":\"https:\\\/\\\/www.topro.nl\\\/de\\\/?s={search_term_string}\"},\"query-input\":{\"@type\":\"PropertyValueSpecification\",\"valueRequired\":true,\"valueName\":\"search_term_string\"}}],\"inLanguage\":\"de\"},{\"@type\":\"Organization\",\"@id\":\"https:\\\/\\\/www.topro.nl\\\/de\\\/#organization\",\"name\":\"Horizont Afrastering\",\"url\":\"https:\\\/\\\/www.topro.nl\\\/de\\\/\",\"logo\":{\"@type\":\"ImageObject\",\"inLanguage\":\"de\",\"@id\":\"https:\\\/\\\/www.topro.nl\\\/de\\\/#\\\/schema\\\/logo\\\/image\\\/\",\"url\":\"\",\"contentUrl\":\"\",\"caption\":\"Horizont Afrastering\"},\"image\":{\"@id\":\"https:\\\/\\\/www.topro.nl\\\/de\\\/#\\\/schema\\\/logo\\\/image\\\/\"}}]}<\/script>\n<!-- \/ Yoast SEO plugin. -->","yoast_head_json":{"title":"Opti Boost Calf Bolus 25 st. - Topro Animal Health","description":"Der Topro Opti Boost Calf Bolus ist ein Erg\u00e4nzungsfuttermittel f\u00fcr Rinder, das das Tier mit Traubenzucker, Hefe, Raps\u00f6l und Calciumstearat versorgt.","robots":{"index":"index","follow":"follow","max-snippet":"max-snippet:-1","max-image-preview":"max-image-preview:large","max-video-preview":"max-video-preview:-1"},"canonical":"https:\/\/www.topro.nl\/de\/product\/widerstand\/kalber-widerstand\/topro-opti-boost-calf-bolus\/","og_locale":"de_DE","og_type":"article","og_title":"Opti Boost Calf Bolus 25 st. - Topro Animal Health","og_description":"Der Topro Opti Boost Calf Bolus ist ein Erg\u00e4nzungsfuttermittel f\u00fcr Rinder, das das Tier mit Traubenzucker, Hefe, Raps\u00f6l und Calciumstearat versorgt.","og_url":"https:\/\/www.topro.nl\/de\/product\/widerstand\/kalber-widerstand\/topro-opti-boost-calf-bolus\/","og_site_name":"Topro Animal Health","article_modified_time":"2021-07-12T11:37:14+00:00","og_image":[{"width":2000,"height":1784,"url":"https:\/\/www.topro.nl\/wp-content\/uploads\/102044-Topro-Opti-boost-calf-bolus-25x8g-WEB.png","type":"image\/png"}],"twitter_card":"summary_large_image","twitter_misc":{"Gesch\u00e4tzte Lesezeit":"1\u00a0Minute"},"schema":{"@context":"https:\/\/schema.org","@graph":[{"@type":"WebPage","@id":"https:\/\/www.topro.nl\/de\/product\/widerstand\/kalber-widerstand\/topro-opti-boost-calf-bolus\/","url":"https:\/\/www.topro.nl\/de\/product\/widerstand\/kalber-widerstand\/topro-opti-boost-calf-bolus\/","name":"Opti Boost Calf Bolus 25 st. - Topro Animal Health","isPartOf":{"@id":"https:\/\/www.topro.nl\/de\/#website"},"primaryImageOfPage":{"@id":"https:\/\/www.topro.nl\/de\/product\/widerstand\/kalber-widerstand\/topro-opti-boost-calf-bolus\/#primaryimage"},"image":{"@id":"https:\/\/www.topro.nl\/de\/product\/widerstand\/kalber-widerstand\/topro-opti-boost-calf-bolus\/#primaryimage"},"thumbnailUrl":"https:\/\/www.topro.nl\/wp-content\/uploads\/102044-Topro-Opti-boost-calf-bolus-25x8g-WEB.png","datePublished":"2020-06-11T06:16:03+00:00","dateModified":"2021-07-12T11:37:14+00:00","description":"Der Topro Opti Boost Calf Bolus ist ein Erg\u00e4nzungsfuttermittel f\u00fcr Rinder, das das Tier mit Traubenzucker, Hefe, Raps\u00f6l und Calciumstearat versorgt.","breadcrumb":{"@id":"https:\/\/www.topro.nl\/de\/product\/widerstand\/kalber-widerstand\/topro-opti-boost-calf-bolus\/#breadcrumb"},"inLanguage":"de","potentialAction":[{"@type":"ReadAction","target":["https:\/\/www.topro.nl\/de\/product\/widerstand\/kalber-widerstand\/topro-opti-boost-calf-bolus\/"]}]},{"@type":"ImageObject","inLanguage":"de","@id":"https:\/\/www.topro.nl\/de\/product\/widerstand\/kalber-widerstand\/topro-opti-boost-calf-bolus\/#primaryimage","url":"https:\/\/www.topro.nl\/wp-content\/uploads\/102044-Topro-Opti-boost-calf-bolus-25x8g-WEB.png","contentUrl":"https:\/\/www.topro.nl\/wp-content\/uploads\/102044-Topro-Opti-boost-calf-bolus-25x8g-WEB.png","width":2000,"height":1784},{"@type":"BreadcrumbList","@id":"https:\/\/www.topro.nl\/de\/product\/widerstand\/kalber-widerstand\/topro-opti-boost-calf-bolus\/#breadcrumb","itemListElement":[{"@type":"ListItem","position":1,"name":"Home","item":"https:\/\/www.topro.nl\/de\/"},{"@type":"ListItem","position":2,"name":"Topro Shop","item":"https:\/\/www.topro.nl\/de\/shop\/"},{"@type":"ListItem","position":3,"name":"Opti Boost Calf Bolus 25 st."}]},{"@type":"WebSite","@id":"https:\/\/www.topro.nl\/de\/#website","url":"https:\/\/www.topro.nl\/de\/","name":"Topro Animal Health","description":"","publisher":{"@id":"https:\/\/www.topro.nl\/de\/#organization"},"potentialAction":[{"@type":"SearchAction","target":{"@type":"EntryPoint","urlTemplate":"https:\/\/www.topro.nl\/de\/?s={search_term_string}"},"query-input":{"@type":"PropertyValueSpecification","valueRequired":true,"valueName":"search_term_string"}}],"inLanguage":"de"},{"@type":"Organization","@id":"https:\/\/www.topro.nl\/de\/#organization","name":"Horizont Afrastering","url":"https:\/\/www.topro.nl\/de\/","logo":{"@type":"ImageObject","inLanguage":"de","@id":"https:\/\/www.topro.nl\/de\/#\/schema\/logo\/image\/","url":"","contentUrl":"","caption":"Horizont Afrastering"},"image":{"@id":"https:\/\/www.topro.nl\/de\/#\/schema\/logo\/image\/"}}]}},"tiered_pricing_type":"fixed","tiered_pricing_fixed_rules":[],"tiered_pricing_product_settings":{"layout":"default","base_unit_name":{"singular":null,"plural":null},"default_variation":null},"tiered_pricing_minimum_quantity":null,"tiered_pricing_roles_data":[],"tiered_pricing_percentage_rules":[],"_links":{"self":[{"href":"https:\/\/www.topro.nl\/de\/wp-json\/wp\/v2\/product\/11659","targetHints":{"allow":["GET"]}}],"collection":[{"href":"https:\/\/www.topro.nl\/de\/wp-json\/wp\/v2\/product"}],"about":[{"href":"https:\/\/www.topro.nl\/de\/wp-json\/wp\/v2\/types\/product"}],"wp:featuredmedia":[{"embeddable":true,"href":"https:\/\/www.topro.nl\/de\/wp-json\/wp\/v2\/media\/19741"}],"wp:attachment":[{"href":"https:\/\/www.topro.nl\/de\/wp-json\/wp\/v2\/media?parent=11659"}],"wp:term":[{"taxonomy":"product_brand","embeddable":true,"href":"https:\/\/www.topro.nl\/de\/wp-json\/wp\/v2\/product_brand?post=11659"},{"taxonomy":"product_cat","embeddable":true,"href":"https:\/\/www.topro.nl\/de\/wp-json\/wp\/v2\/product_cat?post=11659"},{"taxonomy":"product_tag","embeddable":true,"href":"https:\/\/www.topro.nl\/de\/wp-json\/wp\/v2\/product_tag?post=11659"},{"taxonomy":"woo-feed-brand","embeddable":true,"href":"https:\/\/www.topro.nl\/de\/wp-json\/wp\/v2\/woo-feed-brand?post=11659"}],"curies":[{"name":"wp","href":"https:\/\/api.w.org\/{rel}","templated":true}]}}