{"id":11657,"date":"2020-06-11T06:53:33","date_gmt":"2020-06-11T06:53:33","guid":{"rendered":"https:\/\/www.topro.nl\/product\/unkategorisiert\/topro-opti-trace-cow-bolus\/"},"modified":"2023-05-01T00:00:45","modified_gmt":"2023-05-01T00:00:45","slug":"topro-opti-trace-cow-bolus","status":"publish","type":"product","link":"https:\/\/www.topro.nl\/de\/product\/widerstand\/rinder-widerstand\/topro-opti-trace-cow-bolus\/","title":{"rendered":"Opti Trace Cow Bolus 12 st."},"content":{"rendered":"<p>Der Topro Opti Trace Cow Bolus ist ein Mineral-Erg\u00e4nzungsfuttermittel in Bolus-Form <strong>speziell <\/strong>entwickelt f\u00fcr Jungvieh \/ Milchvieh ab 250 kg.<\/p>\n<h3><span style=\"color: #009cde;\"><strong>Topro Opti Trace Cow: Baustein f\u00fcr gesunde K\u00fche<\/strong><\/span><\/h3>\n<p>\u00dcber einen Zeitraum von 6 Monaten versorgt dieser Bolus das Tier mit einem \u00e4u\u00dferst gut abgestimmten Vorrat an Spurenelementen wie Jod, Kobalt, Kupfer, Zink und Selen. Diese unterst\u00fctzen eine <strong>optimale Krankheitsresistenz<\/strong> und die <strong>Fruchtbarkeit <\/strong>von Milchk\u00fchen und Jungvieh \u00fcber 250 kg Lebendgewicht. Der Bolus kann au\u00dferdem verabreicht werden, um K\u00fche beim Wachstum oder in Zeiten gro\u00dfer Belastungen wie z.B. Krankheit, Abkalbung oder Belegung zu unterst\u00fctzen.<\/p>\n<h3><span style=\"color: #009cde;\"><strong>Dosierung von Topro Opti Trace Cow<\/strong><\/span><\/h3>\n<ul>\n<li>Milchk\u00fche: 1 Opti Trace CowBolus alle 200 Tage<\/li>\n<li>In der Trockenstehphase ein weiterer Bolus, falls notwendig<\/li>\n<li>Jungvieh \u00fcber 250 kg Lebendgewicht: jeweils 1 Opti Trace Cow Bolus bei Weideauf-und \u2013abtrieb (oder 1 Bolus alle 200 Tage)<\/li>\n<li>Nicht anwenden bei Jungtieren unter 250 kg Lebendgewicht; f\u00fcr leichtere Tiere sollte der Opti Trace Junior Bolus verwendet werden<\/li>\n<li>Keine 2 Opti Trace Cow Boli gleichzeitig verabreichen<\/li>\n<\/ul>\n<h3><span style=\"color: #009cde;\">Hinweis zu Dosierung und Anwendung<\/span><\/h3>\n<ul>\n<li>Mit einem geeigneten Bolus-Shooter verabreichen<\/li>\n<li>Es wird empfohlen, sich vor der Anwendung von einem Tierarzt oder Futtermittelexperten beraten zu lassen in Bezug auf:<br \/>\n1. das Gleichgewicht der Spurenelemente in der Tagesration<br \/>\n2. der Status der Herde in Bezug auf Spurenelemente<\/li>\n<li>Zur Erh\u00f6hung der Dichte enth\u00e4lt der Bolus ggf. 16 % inertes Eisen iron<\/li>\n<li>Gegebenenfalls sollte vermieden werden, dass Zusatzstoffe, f\u00fcr die ein H\u00f6chstgehalt aus anderen Quellen festgelegt wurde, zusammen mit denen eines Bolus verabreicht werden<\/li>\n<li>Lagerung: k\u00fchl, trocken und f\u00fcr Kinder unzug\u00e4nglich aufbewahren, vor Frost sch\u00fctzen<\/li>\n<\/ul>\n","protected":false},"excerpt":{"rendered":"<p>Der Topro Opti Trace Cow Bolus ist ein Mineral-Erg\u00e4nzungsfuttermittel in Bolus-Form speziell entwickelt f\u00fcr Jungvieh \/ Milchvieh ab 250 kg. [&hellip;]<\/p>\n","protected":false},"featured_media":21206,"template":"","meta":{"_acf_changed":false,"ngg_post_thumbnail":0},"product_brand":[],"product_cat":[1204,1149,1188,1166,1317,1209,1306],"product_tag":[],"woo-feed-brand":[],"class_list":{"0":"post-11657","1":"product","2":"type-product","3":"status-publish","4":"has-post-thumbnail","6":"product_cat-mineralien-rinder","7":"product_cat-mineralien","8":"product_cat-rinder","9":"product_cat-rinder-mineralien","10":"product_cat-rinder-widerstand","11":"product_cat-widerstand-rinder","12":"product_cat-widerstand","14":"first","15":"instock","16":"sale","17":"taxable","18":"shipping-taxable","19":"purchasable","20":"product-type-simple"},"acf":[],"yoast_head":"<!-- This site is optimized with the Yoast SEO plugin v27.4 - https:\/\/yoast.com\/product\/yoast-seo-wordpress\/ -->\n<title>Opti Trace Cow Bolus 12 st. - Topro Animal Health<\/title>\n<meta name=\"description\" content=\"Der Topro Opti Trace Cow Bolus ist ein Mineral-Erg\u00e4nzungsfuttermittel in Bolus-Form speziell entwickelt f\u00fcr Jungvieh \/ Milchvieh ab 250 kg.\" \/>\n<meta name=\"robots\" content=\"index, follow, max-snippet:-1, max-image-preview:large, max-video-preview:-1\" \/>\n<link rel=\"canonical\" href=\"https:\/\/www.topro.nl\/de\/product\/widerstand\/rinder-widerstand\/topro-opti-trace-cow-bolus\/\" \/>\n<meta property=\"og:locale\" content=\"de_DE\" \/>\n<meta property=\"og:type\" content=\"article\" \/>\n<meta property=\"og:title\" content=\"Opti Trace Cow Bolus 12 st. - Topro Animal Health\" \/>\n<meta property=\"og:description\" content=\"Der Topro Opti Trace Cow Bolus ist ein Mineral-Erg\u00e4nzungsfuttermittel in Bolus-Form speziell entwickelt f\u00fcr Jungvieh \/ Milchvieh ab 250 kg.\" \/>\n<meta property=\"og:url\" content=\"https:\/\/www.topro.nl\/de\/product\/widerstand\/rinder-widerstand\/topro-opti-trace-cow-bolus\/\" \/>\n<meta property=\"og:site_name\" content=\"Topro Animal Health\" \/>\n<meta property=\"article:modified_time\" content=\"2023-05-01T00:00:45+00:00\" \/>\n<meta property=\"og:image\" content=\"https:\/\/www.topro.nl\/wp-content\/uploads\/102143_Topro_Opti_Trace_Cow_bolus_verpakking.jpg\" \/>\n\t<meta property=\"og:image:width\" content=\"750\" \/>\n\t<meta property=\"og:image:height\" content=\"750\" \/>\n\t<meta property=\"og:image:type\" content=\"image\/jpeg\" \/>\n<meta name=\"twitter:card\" content=\"summary_large_image\" \/>\n<meta name=\"twitter:label1\" content=\"Gesch\u00e4tzte Lesezeit\" \/>\n\t<meta name=\"twitter:data1\" content=\"1\u00a0Minute\" \/>\n<script type=\"application\/ld+json\" class=\"yoast-schema-graph\">{\"@context\":\"https:\\\/\\\/schema.org\",\"@graph\":[{\"@type\":\"WebPage\",\"@id\":\"https:\\\/\\\/www.topro.nl\\\/de\\\/product\\\/widerstand\\\/rinder-widerstand\\\/topro-opti-trace-cow-bolus\\\/\",\"url\":\"https:\\\/\\\/www.topro.nl\\\/de\\\/product\\\/widerstand\\\/rinder-widerstand\\\/topro-opti-trace-cow-bolus\\\/\",\"name\":\"Opti Trace Cow Bolus 12 st. - Topro Animal Health\",\"isPartOf\":{\"@id\":\"https:\\\/\\\/www.topro.nl\\\/de\\\/#website\"},\"primaryImageOfPage\":{\"@id\":\"https:\\\/\\\/www.topro.nl\\\/de\\\/product\\\/widerstand\\\/rinder-widerstand\\\/topro-opti-trace-cow-bolus\\\/#primaryimage\"},\"image\":{\"@id\":\"https:\\\/\\\/www.topro.nl\\\/de\\\/product\\\/widerstand\\\/rinder-widerstand\\\/topro-opti-trace-cow-bolus\\\/#primaryimage\"},\"thumbnailUrl\":\"https:\\\/\\\/www.topro.nl\\\/wp-content\\\/uploads\\\/Opti-Trace-bolus-102143-NLENDEFR-1-02082023-voor.png\",\"datePublished\":\"2020-06-11T06:53:33+00:00\",\"dateModified\":\"2023-05-01T00:00:45+00:00\",\"description\":\"Der Topro Opti Trace Cow Bolus ist ein Mineral-Erg\u00e4nzungsfuttermittel in Bolus-Form speziell entwickelt f\u00fcr Jungvieh \\\/ Milchvieh ab 250 kg.\",\"breadcrumb\":{\"@id\":\"https:\\\/\\\/www.topro.nl\\\/de\\\/product\\\/widerstand\\\/rinder-widerstand\\\/topro-opti-trace-cow-bolus\\\/#breadcrumb\"},\"inLanguage\":\"de\",\"potentialAction\":[{\"@type\":\"ReadAction\",\"target\":[\"https:\\\/\\\/www.topro.nl\\\/de\\\/product\\\/widerstand\\\/rinder-widerstand\\\/topro-opti-trace-cow-bolus\\\/\"]}]},{\"@type\":\"ImageObject\",\"inLanguage\":\"de\",\"@id\":\"https:\\\/\\\/www.topro.nl\\\/de\\\/product\\\/widerstand\\\/rinder-widerstand\\\/topro-opti-trace-cow-bolus\\\/#primaryimage\",\"url\":\"https:\\\/\\\/www.topro.nl\\\/wp-content\\\/uploads\\\/Opti-Trace-bolus-102143-NLENDEFR-1-02082023-voor.png\",\"contentUrl\":\"https:\\\/\\\/www.topro.nl\\\/wp-content\\\/uploads\\\/Opti-Trace-bolus-102143-NLENDEFR-1-02082023-voor.png\",\"width\":1200,\"height\":1070,\"caption\":\"\u201cTopro Opti Trace bolus \u2013 sporenelementenbolus voor koeien en jongvee, bevordert weerstand en vruchtbaarheid 6 maanden lang\u201d\"},{\"@type\":\"BreadcrumbList\",\"@id\":\"https:\\\/\\\/www.topro.nl\\\/de\\\/product\\\/widerstand\\\/rinder-widerstand\\\/topro-opti-trace-cow-bolus\\\/#breadcrumb\",\"itemListElement\":[{\"@type\":\"ListItem\",\"position\":1,\"name\":\"Home\",\"item\":\"https:\\\/\\\/www.topro.nl\\\/de\\\/\"},{\"@type\":\"ListItem\",\"position\":2,\"name\":\"Topro Shop\",\"item\":\"https:\\\/\\\/www.topro.nl\\\/de\\\/shop\\\/\"},{\"@type\":\"ListItem\",\"position\":3,\"name\":\"Opti Trace Cow Bolus 12 st.\"}]},{\"@type\":\"WebSite\",\"@id\":\"https:\\\/\\\/www.topro.nl\\\/de\\\/#website\",\"url\":\"https:\\\/\\\/www.topro.nl\\\/de\\\/\",\"name\":\"Topro Animal Health\",\"description\":\"\",\"publisher\":{\"@id\":\"https:\\\/\\\/www.topro.nl\\\/de\\\/#organization\"},\"potentialAction\":[{\"@type\":\"SearchAction\",\"target\":{\"@type\":\"EntryPoint\",\"urlTemplate\":\"https:\\\/\\\/www.topro.nl\\\/de\\\/?s={search_term_string}\"},\"query-input\":{\"@type\":\"PropertyValueSpecification\",\"valueRequired\":true,\"valueName\":\"search_term_string\"}}],\"inLanguage\":\"de\"},{\"@type\":\"Organization\",\"@id\":\"https:\\\/\\\/www.topro.nl\\\/de\\\/#organization\",\"name\":\"Horizont Afrastering\",\"url\":\"https:\\\/\\\/www.topro.nl\\\/de\\\/\",\"logo\":{\"@type\":\"ImageObject\",\"inLanguage\":\"de\",\"@id\":\"https:\\\/\\\/www.topro.nl\\\/de\\\/#\\\/schema\\\/logo\\\/image\\\/\",\"url\":\"\",\"contentUrl\":\"\",\"caption\":\"Horizont Afrastering\"},\"image\":{\"@id\":\"https:\\\/\\\/www.topro.nl\\\/de\\\/#\\\/schema\\\/logo\\\/image\\\/\"}}]}<\/script>\n<!-- \/ Yoast SEO plugin. -->","yoast_head_json":{"title":"Opti Trace Cow Bolus 12 st. - Topro Animal Health","description":"Der Topro Opti Trace Cow Bolus ist ein Mineral-Erg\u00e4nzungsfuttermittel in Bolus-Form speziell entwickelt f\u00fcr Jungvieh \/ Milchvieh ab 250 kg.","robots":{"index":"index","follow":"follow","max-snippet":"max-snippet:-1","max-image-preview":"max-image-preview:large","max-video-preview":"max-video-preview:-1"},"canonical":"https:\/\/www.topro.nl\/de\/product\/widerstand\/rinder-widerstand\/topro-opti-trace-cow-bolus\/","og_locale":"de_DE","og_type":"article","og_title":"Opti Trace Cow Bolus 12 st. - Topro Animal Health","og_description":"Der Topro Opti Trace Cow Bolus ist ein Mineral-Erg\u00e4nzungsfuttermittel in Bolus-Form speziell entwickelt f\u00fcr Jungvieh \/ Milchvieh ab 250 kg.","og_url":"https:\/\/www.topro.nl\/de\/product\/widerstand\/rinder-widerstand\/topro-opti-trace-cow-bolus\/","og_site_name":"Topro Animal Health","article_modified_time":"2023-05-01T00:00:45+00:00","og_image":[{"width":750,"height":750,"url":"https:\/\/www.topro.nl\/wp-content\/uploads\/102143_Topro_Opti_Trace_Cow_bolus_verpakking.jpg","type":"image\/jpeg"}],"twitter_card":"summary_large_image","twitter_misc":{"Gesch\u00e4tzte Lesezeit":"1\u00a0Minute"},"schema":{"@context":"https:\/\/schema.org","@graph":[{"@type":"WebPage","@id":"https:\/\/www.topro.nl\/de\/product\/widerstand\/rinder-widerstand\/topro-opti-trace-cow-bolus\/","url":"https:\/\/www.topro.nl\/de\/product\/widerstand\/rinder-widerstand\/topro-opti-trace-cow-bolus\/","name":"Opti Trace Cow Bolus 12 st. - Topro Animal Health","isPartOf":{"@id":"https:\/\/www.topro.nl\/de\/#website"},"primaryImageOfPage":{"@id":"https:\/\/www.topro.nl\/de\/product\/widerstand\/rinder-widerstand\/topro-opti-trace-cow-bolus\/#primaryimage"},"image":{"@id":"https:\/\/www.topro.nl\/de\/product\/widerstand\/rinder-widerstand\/topro-opti-trace-cow-bolus\/#primaryimage"},"thumbnailUrl":"https:\/\/www.topro.nl\/wp-content\/uploads\/Opti-Trace-bolus-102143-NLENDEFR-1-02082023-voor.png","datePublished":"2020-06-11T06:53:33+00:00","dateModified":"2023-05-01T00:00:45+00:00","description":"Der Topro Opti Trace Cow Bolus ist ein Mineral-Erg\u00e4nzungsfuttermittel in Bolus-Form speziell entwickelt f\u00fcr Jungvieh \/ Milchvieh ab 250 kg.","breadcrumb":{"@id":"https:\/\/www.topro.nl\/de\/product\/widerstand\/rinder-widerstand\/topro-opti-trace-cow-bolus\/#breadcrumb"},"inLanguage":"de","potentialAction":[{"@type":"ReadAction","target":["https:\/\/www.topro.nl\/de\/product\/widerstand\/rinder-widerstand\/topro-opti-trace-cow-bolus\/"]}]},{"@type":"ImageObject","inLanguage":"de","@id":"https:\/\/www.topro.nl\/de\/product\/widerstand\/rinder-widerstand\/topro-opti-trace-cow-bolus\/#primaryimage","url":"https:\/\/www.topro.nl\/wp-content\/uploads\/Opti-Trace-bolus-102143-NLENDEFR-1-02082023-voor.png","contentUrl":"https:\/\/www.topro.nl\/wp-content\/uploads\/Opti-Trace-bolus-102143-NLENDEFR-1-02082023-voor.png","width":1200,"height":1070,"caption":"\u201cTopro Opti Trace bolus \u2013 sporenelementenbolus voor koeien en jongvee, bevordert weerstand en vruchtbaarheid 6 maanden lang\u201d"},{"@type":"BreadcrumbList","@id":"https:\/\/www.topro.nl\/de\/product\/widerstand\/rinder-widerstand\/topro-opti-trace-cow-bolus\/#breadcrumb","itemListElement":[{"@type":"ListItem","position":1,"name":"Home","item":"https:\/\/www.topro.nl\/de\/"},{"@type":"ListItem","position":2,"name":"Topro Shop","item":"https:\/\/www.topro.nl\/de\/shop\/"},{"@type":"ListItem","position":3,"name":"Opti Trace Cow Bolus 12 st."}]},{"@type":"WebSite","@id":"https:\/\/www.topro.nl\/de\/#website","url":"https:\/\/www.topro.nl\/de\/","name":"Topro Animal Health","description":"","publisher":{"@id":"https:\/\/www.topro.nl\/de\/#organization"},"potentialAction":[{"@type":"SearchAction","target":{"@type":"EntryPoint","urlTemplate":"https:\/\/www.topro.nl\/de\/?s={search_term_string}"},"query-input":{"@type":"PropertyValueSpecification","valueRequired":true,"valueName":"search_term_string"}}],"inLanguage":"de"},{"@type":"Organization","@id":"https:\/\/www.topro.nl\/de\/#organization","name":"Horizont Afrastering","url":"https:\/\/www.topro.nl\/de\/","logo":{"@type":"ImageObject","inLanguage":"de","@id":"https:\/\/www.topro.nl\/de\/#\/schema\/logo\/image\/","url":"","contentUrl":"","caption":"Horizont Afrastering"},"image":{"@id":"https:\/\/www.topro.nl\/de\/#\/schema\/logo\/image\/"}}]}},"tiered_pricing_type":"fixed","tiered_pricing_fixed_rules":[],"tiered_pricing_product_settings":{"layout":"default","base_unit_name":{"singular":null,"plural":null},"default_variation":null},"tiered_pricing_minimum_quantity":null,"tiered_pricing_roles_data":[],"tiered_pricing_percentage_rules":[],"_links":{"self":[{"href":"https:\/\/www.topro.nl\/de\/wp-json\/wp\/v2\/product\/11657","targetHints":{"allow":["GET"]}}],"collection":[{"href":"https:\/\/www.topro.nl\/de\/wp-json\/wp\/v2\/product"}],"about":[{"href":"https:\/\/www.topro.nl\/de\/wp-json\/wp\/v2\/types\/product"}],"wp:featuredmedia":[{"embeddable":true,"href":"https:\/\/www.topro.nl\/de\/wp-json\/wp\/v2\/media\/21206"}],"wp:attachment":[{"href":"https:\/\/www.topro.nl\/de\/wp-json\/wp\/v2\/media?parent=11657"}],"wp:term":[{"taxonomy":"product_brand","embeddable":true,"href":"https:\/\/www.topro.nl\/de\/wp-json\/wp\/v2\/product_brand?post=11657"},{"taxonomy":"product_cat","embeddable":true,"href":"https:\/\/www.topro.nl\/de\/wp-json\/wp\/v2\/product_cat?post=11657"},{"taxonomy":"product_tag","embeddable":true,"href":"https:\/\/www.topro.nl\/de\/wp-json\/wp\/v2\/product_tag?post=11657"},{"taxonomy":"woo-feed-brand","embeddable":true,"href":"https:\/\/www.topro.nl\/de\/wp-json\/wp\/v2\/woo-feed-brand?post=11657"}],"curies":[{"name":"wp","href":"https:\/\/api.w.org\/{rel}","templated":true}]}}