{"id":11647,"date":"2020-06-11T07:46:10","date_gmt":"2020-06-11T07:46:10","guid":{"rendered":"https:\/\/www.topro.nl\/product\/unkategorisiert\/topro-udder-bolus\/"},"modified":"2025-12-02T03:25:32","modified_gmt":"2025-12-02T03:25:32","slug":"topro-udder-bolus","status":"publish","type":"product","link":"https:\/\/www.topro.nl\/de\/product\/eutergesundheit\/rinder-eutergesundheit\/topro-udder-bolus\/","title":{"rendered":"Topro Udder Bolus 4 st."},"content":{"rendered":"<p>Der Topro Udder (Euter) Bolus enth\u00e4lt nat\u00fcrliche Pflanzenextrakte auf Knoblauchbasis (aus Knoblauchextrakten isolierte Molek\u00fcle). Der Bolus soll die Eutergesundheit und die allgemeine Gesundheit unterst\u00fctzen und hat eine Freisetzungszeit von ca. 21 Tagen.<\/p>\n<h3><span style=\"color: #009cde;\">\u00a0Der Udder bolus kann verwendet werden:<\/span><\/h3>\n<ul>\n<li>2 Wochen vor dem Kalben<\/li>\n<li>beim Trocknen<\/li>\n<li>zur Unterst\u00fctzung der Genesung von Krankheiten<\/li>\n<\/ul>\n<h3><span style=\"color: #009cde;\">Dosierung Udder bolus<\/span><\/h3>\n<ul>\n<li>1 Bolus in Phasen steigender somatischer Zellzahlen<\/li>\n<li>1 Bolus 2 Wochen vor dem Kalben<\/li>\n<li>1 Bolus im Trockenzeit<\/li>\n<li>Nicht anwenden bei Rindern unter 400 kg<\/li>\n<li>Innerhalb von 3 Wochen keinen neuen Bolus verabreichen<\/li>\n<\/ul>\n","protected":false},"excerpt":{"rendered":"<p>Der Topro Udder (Euter) Bolus enth\u00e4lt nat\u00fcrliche Pflanzenextrakte auf Knoblauchbasis (aus Knoblauchextrakten isolierte Molek\u00fcle). Der Bolus soll die Eutergesundheit und [&hellip;]<\/p>\n","protected":false},"featured_media":21258,"template":"","meta":{"_acf_changed":false,"ngg_post_thumbnail":0},"product_brand":[],"product_cat":[1243,1206,1149,1204,1166,1245,1188],"product_tag":[],"woo-feed-brand":[],"class_list":{"0":"post-11647","1":"product","2":"type-product","3":"status-publish","4":"has-post-thumbnail","6":"product_cat-eutergesundheit","7":"product_cat-eutergesundheit-rinder","8":"product_cat-mineralien","9":"product_cat-mineralien-rinder","10":"product_cat-rinder-mineralien","11":"product_cat-rinder-eutergesundheit","12":"product_cat-rinder","14":"first","15":"instock","16":"featured","17":"taxable","18":"shipping-taxable","19":"purchasable","20":"product-type-simple"},"acf":[],"yoast_head":"<!-- This site is optimized with the Yoast SEO plugin v27.3 - https:\/\/yoast.com\/product\/yoast-seo-wordpress\/ -->\n<title>Topro Udder Bolus 4 st. - Topro Animal Health<\/title>\n<meta name=\"description\" content=\"Der Topro Euter Bolus liefert \u00e4u\u00dferst genau die t\u00e4glich ben\u00f6tigten Spurenelemente, die zur Gesundheit der Rinder beitragen.\" \/>\n<meta name=\"robots\" content=\"index, follow, max-snippet:-1, max-image-preview:large, max-video-preview:-1\" \/>\n<link rel=\"canonical\" href=\"https:\/\/www.topro.nl\/de\/product\/eutergesundheit\/rinder-eutergesundheit\/topro-udder-bolus\/\" \/>\n<meta property=\"og:locale\" content=\"de_DE\" \/>\n<meta property=\"og:type\" content=\"article\" \/>\n<meta property=\"og:title\" content=\"Topro Udder Bolus 4 st. - Topro Animal Health\" \/>\n<meta property=\"og:description\" content=\"Der Topro Euter Bolus liefert \u00e4u\u00dferst genau die t\u00e4glich ben\u00f6tigten Spurenelemente, die zur Gesundheit der Rinder beitragen.\" \/>\n<meta property=\"og:url\" content=\"https:\/\/www.topro.nl\/de\/product\/eutergesundheit\/rinder-eutergesundheit\/topro-udder-bolus\/\" \/>\n<meta property=\"og:site_name\" content=\"Topro Animal Health\" \/>\n<meta property=\"article:modified_time\" content=\"2025-12-02T03:25:32+00:00\" \/>\n<meta property=\"og:image\" content=\"https:\/\/www.topro.nl\/wp-content\/uploads\/102146_Topro_Udder_bolus_verpakking.jpg\" \/>\n\t<meta property=\"og:image:width\" content=\"750\" \/>\n\t<meta property=\"og:image:height\" content=\"750\" \/>\n\t<meta property=\"og:image:type\" content=\"image\/jpeg\" \/>\n<meta name=\"twitter:card\" content=\"summary_large_image\" \/>\n<script type=\"application\/ld+json\" class=\"yoast-schema-graph\">{\"@context\":\"https:\\\/\\\/schema.org\",\"@graph\":[{\"@type\":\"WebPage\",\"@id\":\"https:\\\/\\\/www.topro.nl\\\/de\\\/product\\\/eutergesundheit\\\/rinder-eutergesundheit\\\/topro-udder-bolus\\\/\",\"url\":\"https:\\\/\\\/www.topro.nl\\\/de\\\/product\\\/eutergesundheit\\\/rinder-eutergesundheit\\\/topro-udder-bolus\\\/\",\"name\":\"Topro Udder Bolus 4 st. - Topro Animal Health\",\"isPartOf\":{\"@id\":\"https:\\\/\\\/www.topro.nl\\\/de\\\/#website\"},\"primaryImageOfPage\":{\"@id\":\"https:\\\/\\\/www.topro.nl\\\/de\\\/product\\\/eutergesundheit\\\/rinder-eutergesundheit\\\/topro-udder-bolus\\\/#primaryimage\"},\"image\":{\"@id\":\"https:\\\/\\\/www.topro.nl\\\/de\\\/product\\\/eutergesundheit\\\/rinder-eutergesundheit\\\/topro-udder-bolus\\\/#primaryimage\"},\"thumbnailUrl\":\"https:\\\/\\\/www.topro.nl\\\/wp-content\\\/uploads\\\/Udder-bolus-4x-102146-NLENDEFR-1-06082023-voor.png\",\"datePublished\":\"2020-06-11T07:46:10+00:00\",\"dateModified\":\"2025-12-02T03:25:32+00:00\",\"description\":\"Der Topro Euter Bolus liefert \u00e4u\u00dferst genau die t\u00e4glich ben\u00f6tigten Spurenelemente, die zur Gesundheit der Rinder beitragen.\",\"breadcrumb\":{\"@id\":\"https:\\\/\\\/www.topro.nl\\\/de\\\/product\\\/eutergesundheit\\\/rinder-eutergesundheit\\\/topro-udder-bolus\\\/#breadcrumb\"},\"inLanguage\":\"de\",\"potentialAction\":[{\"@type\":\"ReadAction\",\"target\":[\"https:\\\/\\\/www.topro.nl\\\/de\\\/product\\\/eutergesundheit\\\/rinder-eutergesundheit\\\/topro-udder-bolus\\\/\"]}]},{\"@type\":\"ImageObject\",\"inLanguage\":\"de\",\"@id\":\"https:\\\/\\\/www.topro.nl\\\/de\\\/product\\\/eutergesundheit\\\/rinder-eutergesundheit\\\/topro-udder-bolus\\\/#primaryimage\",\"url\":\"https:\\\/\\\/www.topro.nl\\\/wp-content\\\/uploads\\\/Udder-bolus-4x-102146-NLENDEFR-1-06082023-voor.png\",\"contentUrl\":\"https:\\\/\\\/www.topro.nl\\\/wp-content\\\/uploads\\\/Udder-bolus-4x-102146-NLENDEFR-1-06082023-voor.png\",\"width\":2000,\"height\":1784,\"caption\":\"\u201cTopro Udder bolus voor koeien \u2013 natuurlijke ondersteuning met knoflookextract bij afkalven, droogzetten en herstel\u201d\"},{\"@type\":\"BreadcrumbList\",\"@id\":\"https:\\\/\\\/www.topro.nl\\\/de\\\/product\\\/eutergesundheit\\\/rinder-eutergesundheit\\\/topro-udder-bolus\\\/#breadcrumb\",\"itemListElement\":[{\"@type\":\"ListItem\",\"position\":1,\"name\":\"Home\",\"item\":\"https:\\\/\\\/www.topro.nl\\\/de\\\/\"},{\"@type\":\"ListItem\",\"position\":2,\"name\":\"Topro Shop\",\"item\":\"https:\\\/\\\/www.topro.nl\\\/de\\\/shop\\\/\"},{\"@type\":\"ListItem\",\"position\":3,\"name\":\"Topro Udder Bolus 4 st.\"}]},{\"@type\":\"WebSite\",\"@id\":\"https:\\\/\\\/www.topro.nl\\\/de\\\/#website\",\"url\":\"https:\\\/\\\/www.topro.nl\\\/de\\\/\",\"name\":\"Topro Animal Health\",\"description\":\"\",\"publisher\":{\"@id\":\"https:\\\/\\\/www.topro.nl\\\/de\\\/#organization\"},\"potentialAction\":[{\"@type\":\"SearchAction\",\"target\":{\"@type\":\"EntryPoint\",\"urlTemplate\":\"https:\\\/\\\/www.topro.nl\\\/de\\\/?s={search_term_string}\"},\"query-input\":{\"@type\":\"PropertyValueSpecification\",\"valueRequired\":true,\"valueName\":\"search_term_string\"}}],\"inLanguage\":\"de\"},{\"@type\":\"Organization\",\"@id\":\"https:\\\/\\\/www.topro.nl\\\/de\\\/#organization\",\"name\":\"Horizont Afrastering\",\"url\":\"https:\\\/\\\/www.topro.nl\\\/de\\\/\",\"logo\":{\"@type\":\"ImageObject\",\"inLanguage\":\"de\",\"@id\":\"https:\\\/\\\/www.topro.nl\\\/de\\\/#\\\/schema\\\/logo\\\/image\\\/\",\"url\":\"\",\"contentUrl\":\"\",\"caption\":\"Horizont Afrastering\"},\"image\":{\"@id\":\"https:\\\/\\\/www.topro.nl\\\/de\\\/#\\\/schema\\\/logo\\\/image\\\/\"}}]}<\/script>\n<!-- \/ Yoast SEO plugin. -->","yoast_head_json":{"title":"Topro Udder Bolus 4 st. - Topro Animal Health","description":"Der Topro Euter Bolus liefert \u00e4u\u00dferst genau die t\u00e4glich ben\u00f6tigten Spurenelemente, die zur Gesundheit der Rinder beitragen.","robots":{"index":"index","follow":"follow","max-snippet":"max-snippet:-1","max-image-preview":"max-image-preview:large","max-video-preview":"max-video-preview:-1"},"canonical":"https:\/\/www.topro.nl\/de\/product\/eutergesundheit\/rinder-eutergesundheit\/topro-udder-bolus\/","og_locale":"de_DE","og_type":"article","og_title":"Topro Udder Bolus 4 st. - Topro Animal Health","og_description":"Der Topro Euter Bolus liefert \u00e4u\u00dferst genau die t\u00e4glich ben\u00f6tigten Spurenelemente, die zur Gesundheit der Rinder beitragen.","og_url":"https:\/\/www.topro.nl\/de\/product\/eutergesundheit\/rinder-eutergesundheit\/topro-udder-bolus\/","og_site_name":"Topro Animal Health","article_modified_time":"2025-12-02T03:25:32+00:00","og_image":[{"width":750,"height":750,"url":"https:\/\/www.topro.nl\/wp-content\/uploads\/102146_Topro_Udder_bolus_verpakking.jpg","type":"image\/jpeg"}],"twitter_card":"summary_large_image","schema":{"@context":"https:\/\/schema.org","@graph":[{"@type":"WebPage","@id":"https:\/\/www.topro.nl\/de\/product\/eutergesundheit\/rinder-eutergesundheit\/topro-udder-bolus\/","url":"https:\/\/www.topro.nl\/de\/product\/eutergesundheit\/rinder-eutergesundheit\/topro-udder-bolus\/","name":"Topro Udder Bolus 4 st. - Topro Animal Health","isPartOf":{"@id":"https:\/\/www.topro.nl\/de\/#website"},"primaryImageOfPage":{"@id":"https:\/\/www.topro.nl\/de\/product\/eutergesundheit\/rinder-eutergesundheit\/topro-udder-bolus\/#primaryimage"},"image":{"@id":"https:\/\/www.topro.nl\/de\/product\/eutergesundheit\/rinder-eutergesundheit\/topro-udder-bolus\/#primaryimage"},"thumbnailUrl":"https:\/\/www.topro.nl\/wp-content\/uploads\/Udder-bolus-4x-102146-NLENDEFR-1-06082023-voor.png","datePublished":"2020-06-11T07:46:10+00:00","dateModified":"2025-12-02T03:25:32+00:00","description":"Der Topro Euter Bolus liefert \u00e4u\u00dferst genau die t\u00e4glich ben\u00f6tigten Spurenelemente, die zur Gesundheit der Rinder beitragen.","breadcrumb":{"@id":"https:\/\/www.topro.nl\/de\/product\/eutergesundheit\/rinder-eutergesundheit\/topro-udder-bolus\/#breadcrumb"},"inLanguage":"de","potentialAction":[{"@type":"ReadAction","target":["https:\/\/www.topro.nl\/de\/product\/eutergesundheit\/rinder-eutergesundheit\/topro-udder-bolus\/"]}]},{"@type":"ImageObject","inLanguage":"de","@id":"https:\/\/www.topro.nl\/de\/product\/eutergesundheit\/rinder-eutergesundheit\/topro-udder-bolus\/#primaryimage","url":"https:\/\/www.topro.nl\/wp-content\/uploads\/Udder-bolus-4x-102146-NLENDEFR-1-06082023-voor.png","contentUrl":"https:\/\/www.topro.nl\/wp-content\/uploads\/Udder-bolus-4x-102146-NLENDEFR-1-06082023-voor.png","width":2000,"height":1784,"caption":"\u201cTopro Udder bolus voor koeien \u2013 natuurlijke ondersteuning met knoflookextract bij afkalven, droogzetten en herstel\u201d"},{"@type":"BreadcrumbList","@id":"https:\/\/www.topro.nl\/de\/product\/eutergesundheit\/rinder-eutergesundheit\/topro-udder-bolus\/#breadcrumb","itemListElement":[{"@type":"ListItem","position":1,"name":"Home","item":"https:\/\/www.topro.nl\/de\/"},{"@type":"ListItem","position":2,"name":"Topro Shop","item":"https:\/\/www.topro.nl\/de\/shop\/"},{"@type":"ListItem","position":3,"name":"Topro Udder Bolus 4 st."}]},{"@type":"WebSite","@id":"https:\/\/www.topro.nl\/de\/#website","url":"https:\/\/www.topro.nl\/de\/","name":"Topro Animal Health","description":"","publisher":{"@id":"https:\/\/www.topro.nl\/de\/#organization"},"potentialAction":[{"@type":"SearchAction","target":{"@type":"EntryPoint","urlTemplate":"https:\/\/www.topro.nl\/de\/?s={search_term_string}"},"query-input":{"@type":"PropertyValueSpecification","valueRequired":true,"valueName":"search_term_string"}}],"inLanguage":"de"},{"@type":"Organization","@id":"https:\/\/www.topro.nl\/de\/#organization","name":"Horizont Afrastering","url":"https:\/\/www.topro.nl\/de\/","logo":{"@type":"ImageObject","inLanguage":"de","@id":"https:\/\/www.topro.nl\/de\/#\/schema\/logo\/image\/","url":"","contentUrl":"","caption":"Horizont Afrastering"},"image":{"@id":"https:\/\/www.topro.nl\/de\/#\/schema\/logo\/image\/"}}]}},"tiered_pricing_type":"fixed","tiered_pricing_fixed_rules":[],"tiered_pricing_product_settings":{"layout":"default","base_unit_name":{"singular":null,"plural":null},"default_variation":null},"tiered_pricing_minimum_quantity":null,"tiered_pricing_roles_data":[],"tiered_pricing_percentage_rules":[],"_links":{"self":[{"href":"https:\/\/www.topro.nl\/de\/wp-json\/wp\/v2\/product\/11647","targetHints":{"allow":["GET"]}}],"collection":[{"href":"https:\/\/www.topro.nl\/de\/wp-json\/wp\/v2\/product"}],"about":[{"href":"https:\/\/www.topro.nl\/de\/wp-json\/wp\/v2\/types\/product"}],"wp:featuredmedia":[{"embeddable":true,"href":"https:\/\/www.topro.nl\/de\/wp-json\/wp\/v2\/media\/21258"}],"wp:attachment":[{"href":"https:\/\/www.topro.nl\/de\/wp-json\/wp\/v2\/media?parent=11647"}],"wp:term":[{"taxonomy":"product_brand","embeddable":true,"href":"https:\/\/www.topro.nl\/de\/wp-json\/wp\/v2\/product_brand?post=11647"},{"taxonomy":"product_cat","embeddable":true,"href":"https:\/\/www.topro.nl\/de\/wp-json\/wp\/v2\/product_cat?post=11647"},{"taxonomy":"product_tag","embeddable":true,"href":"https:\/\/www.topro.nl\/de\/wp-json\/wp\/v2\/product_tag?post=11647"},{"taxonomy":"woo-feed-brand","embeddable":true,"href":"https:\/\/www.topro.nl\/de\/wp-json\/wp\/v2\/woo-feed-brand?post=11647"}],"curies":[{"name":"wp","href":"https:\/\/api.w.org\/{rel}","templated":true}]}}