{"id":11639,"date":"2020-06-11T09:19:20","date_gmt":"2020-06-11T09:19:20","guid":{"rendered":"https:\/\/www.topro.nl\/product\/unkategorisiert\/kalverdrinkfles-speedy-feeder-xl\/"},"modified":"2021-06-14T14:02:17","modified_gmt":"2021-06-14T14:02:17","slug":"kalb-trinkflasche-speedy-feeder-xl","status":"publish","type":"product","link":"https:\/\/www.topro.nl\/de\/product\/kalber\/notwendigkeiten-kalber\/kalb-trinkflasche-speedy-feeder-xl\/","title":{"rendered":"Kalb Trinkflasche Speedy Feeder XL 2,5 l"},"content":{"rendered":"<p>Die handliche Speedy Feeder K\u00e4lbertrinkflasche wurde speziell f\u00fcr die F\u00fctterung junger K\u00e4lber entwickelt. Durch die weite \u00d6ffnung l\u00e4sst sich die Flasche leicht bef\u00fcllen und reinigen. Die Dosierung l\u00e4sst sich einfach per Wasserhahn einstellen.<\/p>\n<h3><span style=\"color: #009cde\">K\u00e4lber im Handumdrehen f\u00fcttern!<\/span><\/h3>\n<p>Durch die weite \u00d6ffnung l\u00e4sst sich die Flasche leicht bef\u00fcllen und reinigen. Die Dosierung l\u00e4sst sich einfach per Wasserhahn einstellen. Die Flasche ist aus stabilem Kunststoff, mit klarer Graduierung und einfach zu bef\u00fcllen.<\/p>\n","protected":false},"excerpt":{"rendered":"<p>Die handliche Speedy Feeder K\u00e4lbertrinkflasche wurde speziell f\u00fcr die F\u00fctterung junger K\u00e4lber entwickelt. Durch die weite \u00d6ffnung l\u00e4sst sich die [&hellip;]<\/p>\n","protected":false},"featured_media":10485,"template":"","meta":{"_acf_changed":false,"ngg_post_thumbnail":0},"product_brand":[],"product_cat":[1069,1001,1070,993],"product_tag":[],"woo-feed-brand":[],"class_list":{"0":"post-11639","1":"product","2":"type-product","3":"status-publish","4":"has-post-thumbnail","6":"product_cat-kalber","7":"product_cat-kalber-notwendigkeiten","8":"product_cat-notwendigkeiten-kalber","9":"product_cat-notwendigkeiten","11":"first","12":"instock","13":"taxable","14":"shipping-taxable","15":"purchasable","16":"product-type-simple"},"acf":[],"yoast_head":"<!-- This site is optimized with the Yoast SEO plugin v27.3 - https:\/\/yoast.com\/product\/yoast-seo-wordpress\/ -->\n<title>Kalb Trinkflasche Speedy Feeder XL 2,5 l - Topro Animal Health<\/title>\n<meta name=\"description\" content=\"Die Speedy Feeder XL K\u00e4lbertrinkflasche ist langlebig und praktisch und l\u00e4sst sich leicht verstellen. K\u00e4lber im Handumdrehen f\u00fcttern!\" \/>\n<meta name=\"robots\" content=\"index, follow, max-snippet:-1, max-image-preview:large, max-video-preview:-1\" \/>\n<link rel=\"canonical\" href=\"https:\/\/www.topro.nl\/de\/product\/kalber\/notwendigkeiten-kalber\/kalb-trinkflasche-speedy-feeder-xl\/\" \/>\n<meta property=\"og:locale\" content=\"de_DE\" \/>\n<meta property=\"og:type\" content=\"article\" \/>\n<meta property=\"og:title\" content=\"Kalb Trinkflasche Speedy Feeder XL 2,5 l - Topro Animal Health\" \/>\n<meta property=\"og:description\" content=\"Die Speedy Feeder XL K\u00e4lbertrinkflasche ist langlebig und praktisch und l\u00e4sst sich leicht verstellen. K\u00e4lber im Handumdrehen f\u00fcttern!\" \/>\n<meta property=\"og:url\" content=\"https:\/\/www.topro.nl\/de\/product\/kalber\/notwendigkeiten-kalber\/kalb-trinkflasche-speedy-feeder-xl\/\" \/>\n<meta property=\"og:site_name\" content=\"Topro Animal Health\" \/>\n<meta property=\"article:modified_time\" content=\"2021-06-14T14:02:17+00:00\" \/>\n<meta property=\"og:image\" content=\"https:\/\/www.topro.nl\/wp-content\/uploads\/729210_Shoof_kalverdrinkfles_speedy_feeder.jpg\" \/>\n\t<meta property=\"og:image:width\" content=\"750\" \/>\n\t<meta property=\"og:image:height\" content=\"750\" \/>\n\t<meta property=\"og:image:type\" content=\"image\/jpeg\" \/>\n<meta name=\"twitter:card\" content=\"summary_large_image\" \/>\n<script type=\"application\/ld+json\" class=\"yoast-schema-graph\">{\"@context\":\"https:\\\/\\\/schema.org\",\"@graph\":[{\"@type\":\"WebPage\",\"@id\":\"https:\\\/\\\/www.topro.nl\\\/de\\\/product\\\/kalber\\\/notwendigkeiten-kalber\\\/kalb-trinkflasche-speedy-feeder-xl\\\/\",\"url\":\"https:\\\/\\\/www.topro.nl\\\/de\\\/product\\\/kalber\\\/notwendigkeiten-kalber\\\/kalb-trinkflasche-speedy-feeder-xl\\\/\",\"name\":\"Kalb Trinkflasche Speedy Feeder XL 2,5 l - Topro Animal Health\",\"isPartOf\":{\"@id\":\"https:\\\/\\\/www.topro.nl\\\/de\\\/#website\"},\"primaryImageOfPage\":{\"@id\":\"https:\\\/\\\/www.topro.nl\\\/de\\\/product\\\/kalber\\\/notwendigkeiten-kalber\\\/kalb-trinkflasche-speedy-feeder-xl\\\/#primaryimage\"},\"image\":{\"@id\":\"https:\\\/\\\/www.topro.nl\\\/de\\\/product\\\/kalber\\\/notwendigkeiten-kalber\\\/kalb-trinkflasche-speedy-feeder-xl\\\/#primaryimage\"},\"thumbnailUrl\":\"https:\\\/\\\/www.topro.nl\\\/wp-content\\\/uploads\\\/729210_Shoof_kalverdrinkfles_speedy_feeder.jpg\",\"datePublished\":\"2020-06-11T09:19:20+00:00\",\"dateModified\":\"2021-06-14T14:02:17+00:00\",\"description\":\"Die Speedy Feeder XL K\u00e4lbertrinkflasche ist langlebig und praktisch und l\u00e4sst sich leicht verstellen. K\u00e4lber im Handumdrehen f\u00fcttern!\",\"breadcrumb\":{\"@id\":\"https:\\\/\\\/www.topro.nl\\\/de\\\/product\\\/kalber\\\/notwendigkeiten-kalber\\\/kalb-trinkflasche-speedy-feeder-xl\\\/#breadcrumb\"},\"inLanguage\":\"de\",\"potentialAction\":[{\"@type\":\"ReadAction\",\"target\":[\"https:\\\/\\\/www.topro.nl\\\/de\\\/product\\\/kalber\\\/notwendigkeiten-kalber\\\/kalb-trinkflasche-speedy-feeder-xl\\\/\"]}]},{\"@type\":\"ImageObject\",\"inLanguage\":\"de\",\"@id\":\"https:\\\/\\\/www.topro.nl\\\/de\\\/product\\\/kalber\\\/notwendigkeiten-kalber\\\/kalb-trinkflasche-speedy-feeder-xl\\\/#primaryimage\",\"url\":\"https:\\\/\\\/www.topro.nl\\\/wp-content\\\/uploads\\\/729210_Shoof_kalverdrinkfles_speedy_feeder.jpg\",\"contentUrl\":\"https:\\\/\\\/www.topro.nl\\\/wp-content\\\/uploads\\\/729210_Shoof_kalverdrinkfles_speedy_feeder.jpg\",\"width\":750,\"height\":750},{\"@type\":\"BreadcrumbList\",\"@id\":\"https:\\\/\\\/www.topro.nl\\\/de\\\/product\\\/kalber\\\/notwendigkeiten-kalber\\\/kalb-trinkflasche-speedy-feeder-xl\\\/#breadcrumb\",\"itemListElement\":[{\"@type\":\"ListItem\",\"position\":1,\"name\":\"Home\",\"item\":\"https:\\\/\\\/www.topro.nl\\\/de\\\/\"},{\"@type\":\"ListItem\",\"position\":2,\"name\":\"Topro Shop\",\"item\":\"https:\\\/\\\/www.topro.nl\\\/de\\\/shop\\\/\"},{\"@type\":\"ListItem\",\"position\":3,\"name\":\"Kalb Trinkflasche Speedy Feeder XL 2,5 l\"}]},{\"@type\":\"WebSite\",\"@id\":\"https:\\\/\\\/www.topro.nl\\\/de\\\/#website\",\"url\":\"https:\\\/\\\/www.topro.nl\\\/de\\\/\",\"name\":\"Topro Animal Health\",\"description\":\"\",\"publisher\":{\"@id\":\"https:\\\/\\\/www.topro.nl\\\/de\\\/#organization\"},\"potentialAction\":[{\"@type\":\"SearchAction\",\"target\":{\"@type\":\"EntryPoint\",\"urlTemplate\":\"https:\\\/\\\/www.topro.nl\\\/de\\\/?s={search_term_string}\"},\"query-input\":{\"@type\":\"PropertyValueSpecification\",\"valueRequired\":true,\"valueName\":\"search_term_string\"}}],\"inLanguage\":\"de\"},{\"@type\":\"Organization\",\"@id\":\"https:\\\/\\\/www.topro.nl\\\/de\\\/#organization\",\"name\":\"Horizont Afrastering\",\"url\":\"https:\\\/\\\/www.topro.nl\\\/de\\\/\",\"logo\":{\"@type\":\"ImageObject\",\"inLanguage\":\"de\",\"@id\":\"https:\\\/\\\/www.topro.nl\\\/de\\\/#\\\/schema\\\/logo\\\/image\\\/\",\"url\":\"\",\"contentUrl\":\"\",\"caption\":\"Horizont Afrastering\"},\"image\":{\"@id\":\"https:\\\/\\\/www.topro.nl\\\/de\\\/#\\\/schema\\\/logo\\\/image\\\/\"}}]}<\/script>\n<!-- \/ Yoast SEO plugin. -->","yoast_head_json":{"title":"Kalb Trinkflasche Speedy Feeder XL 2,5 l - Topro Animal Health","description":"Die Speedy Feeder XL K\u00e4lbertrinkflasche ist langlebig und praktisch und l\u00e4sst sich leicht verstellen. K\u00e4lber im Handumdrehen f\u00fcttern!","robots":{"index":"index","follow":"follow","max-snippet":"max-snippet:-1","max-image-preview":"max-image-preview:large","max-video-preview":"max-video-preview:-1"},"canonical":"https:\/\/www.topro.nl\/de\/product\/kalber\/notwendigkeiten-kalber\/kalb-trinkflasche-speedy-feeder-xl\/","og_locale":"de_DE","og_type":"article","og_title":"Kalb Trinkflasche Speedy Feeder XL 2,5 l - Topro Animal Health","og_description":"Die Speedy Feeder XL K\u00e4lbertrinkflasche ist langlebig und praktisch und l\u00e4sst sich leicht verstellen. K\u00e4lber im Handumdrehen f\u00fcttern!","og_url":"https:\/\/www.topro.nl\/de\/product\/kalber\/notwendigkeiten-kalber\/kalb-trinkflasche-speedy-feeder-xl\/","og_site_name":"Topro Animal Health","article_modified_time":"2021-06-14T14:02:17+00:00","og_image":[{"width":750,"height":750,"url":"https:\/\/www.topro.nl\/wp-content\/uploads\/729210_Shoof_kalverdrinkfles_speedy_feeder.jpg","type":"image\/jpeg"}],"twitter_card":"summary_large_image","schema":{"@context":"https:\/\/schema.org","@graph":[{"@type":"WebPage","@id":"https:\/\/www.topro.nl\/de\/product\/kalber\/notwendigkeiten-kalber\/kalb-trinkflasche-speedy-feeder-xl\/","url":"https:\/\/www.topro.nl\/de\/product\/kalber\/notwendigkeiten-kalber\/kalb-trinkflasche-speedy-feeder-xl\/","name":"Kalb Trinkflasche Speedy Feeder XL 2,5 l - Topro Animal Health","isPartOf":{"@id":"https:\/\/www.topro.nl\/de\/#website"},"primaryImageOfPage":{"@id":"https:\/\/www.topro.nl\/de\/product\/kalber\/notwendigkeiten-kalber\/kalb-trinkflasche-speedy-feeder-xl\/#primaryimage"},"image":{"@id":"https:\/\/www.topro.nl\/de\/product\/kalber\/notwendigkeiten-kalber\/kalb-trinkflasche-speedy-feeder-xl\/#primaryimage"},"thumbnailUrl":"https:\/\/www.topro.nl\/wp-content\/uploads\/729210_Shoof_kalverdrinkfles_speedy_feeder.jpg","datePublished":"2020-06-11T09:19:20+00:00","dateModified":"2021-06-14T14:02:17+00:00","description":"Die Speedy Feeder XL K\u00e4lbertrinkflasche ist langlebig und praktisch und l\u00e4sst sich leicht verstellen. K\u00e4lber im Handumdrehen f\u00fcttern!","breadcrumb":{"@id":"https:\/\/www.topro.nl\/de\/product\/kalber\/notwendigkeiten-kalber\/kalb-trinkflasche-speedy-feeder-xl\/#breadcrumb"},"inLanguage":"de","potentialAction":[{"@type":"ReadAction","target":["https:\/\/www.topro.nl\/de\/product\/kalber\/notwendigkeiten-kalber\/kalb-trinkflasche-speedy-feeder-xl\/"]}]},{"@type":"ImageObject","inLanguage":"de","@id":"https:\/\/www.topro.nl\/de\/product\/kalber\/notwendigkeiten-kalber\/kalb-trinkflasche-speedy-feeder-xl\/#primaryimage","url":"https:\/\/www.topro.nl\/wp-content\/uploads\/729210_Shoof_kalverdrinkfles_speedy_feeder.jpg","contentUrl":"https:\/\/www.topro.nl\/wp-content\/uploads\/729210_Shoof_kalverdrinkfles_speedy_feeder.jpg","width":750,"height":750},{"@type":"BreadcrumbList","@id":"https:\/\/www.topro.nl\/de\/product\/kalber\/notwendigkeiten-kalber\/kalb-trinkflasche-speedy-feeder-xl\/#breadcrumb","itemListElement":[{"@type":"ListItem","position":1,"name":"Home","item":"https:\/\/www.topro.nl\/de\/"},{"@type":"ListItem","position":2,"name":"Topro Shop","item":"https:\/\/www.topro.nl\/de\/shop\/"},{"@type":"ListItem","position":3,"name":"Kalb Trinkflasche Speedy Feeder XL 2,5 l"}]},{"@type":"WebSite","@id":"https:\/\/www.topro.nl\/de\/#website","url":"https:\/\/www.topro.nl\/de\/","name":"Topro Animal Health","description":"","publisher":{"@id":"https:\/\/www.topro.nl\/de\/#organization"},"potentialAction":[{"@type":"SearchAction","target":{"@type":"EntryPoint","urlTemplate":"https:\/\/www.topro.nl\/de\/?s={search_term_string}"},"query-input":{"@type":"PropertyValueSpecification","valueRequired":true,"valueName":"search_term_string"}}],"inLanguage":"de"},{"@type":"Organization","@id":"https:\/\/www.topro.nl\/de\/#organization","name":"Horizont Afrastering","url":"https:\/\/www.topro.nl\/de\/","logo":{"@type":"ImageObject","inLanguage":"de","@id":"https:\/\/www.topro.nl\/de\/#\/schema\/logo\/image\/","url":"","contentUrl":"","caption":"Horizont Afrastering"},"image":{"@id":"https:\/\/www.topro.nl\/de\/#\/schema\/logo\/image\/"}}]}},"tiered_pricing_type":"fixed","tiered_pricing_fixed_rules":[],"tiered_pricing_product_settings":{"layout":"default","base_unit_name":{"singular":null,"plural":null},"default_variation":null},"tiered_pricing_minimum_quantity":null,"tiered_pricing_roles_data":[],"tiered_pricing_percentage_rules":[],"_links":{"self":[{"href":"https:\/\/www.topro.nl\/de\/wp-json\/wp\/v2\/product\/11639","targetHints":{"allow":["GET"]}}],"collection":[{"href":"https:\/\/www.topro.nl\/de\/wp-json\/wp\/v2\/product"}],"about":[{"href":"https:\/\/www.topro.nl\/de\/wp-json\/wp\/v2\/types\/product"}],"wp:featuredmedia":[{"embeddable":true,"href":"https:\/\/www.topro.nl\/de\/wp-json\/wp\/v2\/media\/10485"}],"wp:attachment":[{"href":"https:\/\/www.topro.nl\/de\/wp-json\/wp\/v2\/media?parent=11639"}],"wp:term":[{"taxonomy":"product_brand","embeddable":true,"href":"https:\/\/www.topro.nl\/de\/wp-json\/wp\/v2\/product_brand?post=11639"},{"taxonomy":"product_cat","embeddable":true,"href":"https:\/\/www.topro.nl\/de\/wp-json\/wp\/v2\/product_cat?post=11639"},{"taxonomy":"product_tag","embeddable":true,"href":"https:\/\/www.topro.nl\/de\/wp-json\/wp\/v2\/product_tag?post=11639"},{"taxonomy":"woo-feed-brand","embeddable":true,"href":"https:\/\/www.topro.nl\/de\/wp-json\/wp\/v2\/woo-feed-brand?post=11639"}],"curies":[{"name":"wp","href":"https:\/\/api.w.org\/{rel}","templated":true}]}}