{"id":11618,"date":"2020-06-11T10:13:38","date_gmt":"2020-06-11T10:13:38","guid":{"rendered":"https:\/\/www.topro.nl\/product\/unkategorisiert\/drijfspeen-kalf\/"},"modified":"2021-06-15T06:48:38","modified_gmt":"2021-06-15T06:48:38","slug":"kalber-schwimmsauger","status":"publish","type":"product","link":"https:\/\/www.topro.nl\/de\/product\/kalber\/notwendigkeiten-kalber\/kalber-schwimmsauger\/","title":{"rendered":"K\u00e4lber-Schwimmsauger"},"content":{"rendered":"<p>Der K\u00e4lber-Schwimmsauger ist ein praktisches Hilfsmittel f\u00fcr das Kalb, um das Trinken aus dem Eimer zu lernen. Ein Umkippen ist aufgrund des extra gro\u00dfen Schwimmers nicht m\u00f6glich.<\/p>\n","protected":false},"excerpt":{"rendered":"<p>Der K\u00e4lber-Schwimmsauger ist ein praktisches Hilfsmittel f\u00fcr das Kalb, um das Trinken aus dem Eimer zu lernen. Ein Umkippen ist [&hellip;]<\/p>\n","protected":false},"featured_media":10464,"template":"","meta":{"_acf_changed":false,"ngg_post_thumbnail":0},"product_brand":[],"product_cat":[1001,1069,1070,993],"product_tag":[],"woo-feed-brand":[],"class_list":{"0":"post-11618","1":"product","2":"type-product","3":"status-publish","4":"has-post-thumbnail","6":"product_cat-kalber-notwendigkeiten","7":"product_cat-kalber","8":"product_cat-notwendigkeiten-kalber","9":"product_cat-notwendigkeiten","11":"first","12":"instock","13":"taxable","14":"shipping-taxable","15":"purchasable","16":"product-type-simple"},"acf":[],"yoast_head":"<!-- This site is optimized with the Yoast SEO plugin v27.4 - https:\/\/yoast.com\/product\/yoast-seo-wordpress\/ -->\n<title>K\u00e4lber-Schwimmsauger - Topro Animal Health<\/title>\n<meta name=\"description\" content=\"Der K\u00e4lbersauger ist ein praktisches Hilfsmittel f\u00fcr das Kalb, um das Trinken aus dem Eimer zu lernen.\" \/>\n<meta name=\"robots\" content=\"index, follow, max-snippet:-1, max-image-preview:large, max-video-preview:-1\" \/>\n<link rel=\"canonical\" href=\"https:\/\/www.topro.nl\/de\/product\/kalber\/notwendigkeiten-kalber\/kalber-schwimmsauger\/\" \/>\n<meta property=\"og:locale\" content=\"de_DE\" \/>\n<meta property=\"og:type\" content=\"article\" \/>\n<meta property=\"og:title\" content=\"K\u00e4lber-Schwimmsauger - Topro Animal Health\" \/>\n<meta property=\"og:description\" content=\"Der K\u00e4lbersauger ist ein praktisches Hilfsmittel f\u00fcr das Kalb, um das Trinken aus dem Eimer zu lernen.\" \/>\n<meta property=\"og:url\" content=\"https:\/\/www.topro.nl\/de\/product\/kalber\/notwendigkeiten-kalber\/kalber-schwimmsauger\/\" \/>\n<meta property=\"og:site_name\" content=\"Topro Animal Health\" \/>\n<meta property=\"article:modified_time\" content=\"2021-06-15T06:48:38+00:00\" \/>\n<meta property=\"og:image\" content=\"https:\/\/www.topro.nl\/wp-content\/uploads\/729170_Drijfspeen-1.jpg\" \/>\n\t<meta property=\"og:image:width\" content=\"750\" \/>\n\t<meta property=\"og:image:height\" content=\"750\" \/>\n\t<meta property=\"og:image:type\" content=\"image\/jpeg\" \/>\n<meta name=\"twitter:card\" content=\"summary_large_image\" \/>\n<script type=\"application\/ld+json\" class=\"yoast-schema-graph\">{\"@context\":\"https:\\\/\\\/schema.org\",\"@graph\":[{\"@type\":\"WebPage\",\"@id\":\"https:\\\/\\\/www.topro.nl\\\/de\\\/product\\\/kalber\\\/notwendigkeiten-kalber\\\/kalber-schwimmsauger\\\/\",\"url\":\"https:\\\/\\\/www.topro.nl\\\/de\\\/product\\\/kalber\\\/notwendigkeiten-kalber\\\/kalber-schwimmsauger\\\/\",\"name\":\"K\u00e4lber-Schwimmsauger - Topro Animal Health\",\"isPartOf\":{\"@id\":\"https:\\\/\\\/www.topro.nl\\\/de\\\/#website\"},\"primaryImageOfPage\":{\"@id\":\"https:\\\/\\\/www.topro.nl\\\/de\\\/product\\\/kalber\\\/notwendigkeiten-kalber\\\/kalber-schwimmsauger\\\/#primaryimage\"},\"image\":{\"@id\":\"https:\\\/\\\/www.topro.nl\\\/de\\\/product\\\/kalber\\\/notwendigkeiten-kalber\\\/kalber-schwimmsauger\\\/#primaryimage\"},\"thumbnailUrl\":\"https:\\\/\\\/www.topro.nl\\\/wp-content\\\/uploads\\\/729170_Drijfspeen-1.jpg\",\"datePublished\":\"2020-06-11T10:13:38+00:00\",\"dateModified\":\"2021-06-15T06:48:38+00:00\",\"description\":\"Der K\u00e4lbersauger ist ein praktisches Hilfsmittel f\u00fcr das Kalb, um das Trinken aus dem Eimer zu lernen.\",\"breadcrumb\":{\"@id\":\"https:\\\/\\\/www.topro.nl\\\/de\\\/product\\\/kalber\\\/notwendigkeiten-kalber\\\/kalber-schwimmsauger\\\/#breadcrumb\"},\"inLanguage\":\"de\",\"potentialAction\":[{\"@type\":\"ReadAction\",\"target\":[\"https:\\\/\\\/www.topro.nl\\\/de\\\/product\\\/kalber\\\/notwendigkeiten-kalber\\\/kalber-schwimmsauger\\\/\"]}]},{\"@type\":\"ImageObject\",\"inLanguage\":\"de\",\"@id\":\"https:\\\/\\\/www.topro.nl\\\/de\\\/product\\\/kalber\\\/notwendigkeiten-kalber\\\/kalber-schwimmsauger\\\/#primaryimage\",\"url\":\"https:\\\/\\\/www.topro.nl\\\/wp-content\\\/uploads\\\/729170_Drijfspeen-1.jpg\",\"contentUrl\":\"https:\\\/\\\/www.topro.nl\\\/wp-content\\\/uploads\\\/729170_Drijfspeen-1.jpg\",\"width\":750,\"height\":750},{\"@type\":\"BreadcrumbList\",\"@id\":\"https:\\\/\\\/www.topro.nl\\\/de\\\/product\\\/kalber\\\/notwendigkeiten-kalber\\\/kalber-schwimmsauger\\\/#breadcrumb\",\"itemListElement\":[{\"@type\":\"ListItem\",\"position\":1,\"name\":\"Home\",\"item\":\"https:\\\/\\\/www.topro.nl\\\/de\\\/\"},{\"@type\":\"ListItem\",\"position\":2,\"name\":\"Topro Shop\",\"item\":\"https:\\\/\\\/www.topro.nl\\\/de\\\/shop\\\/\"},{\"@type\":\"ListItem\",\"position\":3,\"name\":\"K\u00e4lber-Schwimmsauger\"}]},{\"@type\":\"WebSite\",\"@id\":\"https:\\\/\\\/www.topro.nl\\\/de\\\/#website\",\"url\":\"https:\\\/\\\/www.topro.nl\\\/de\\\/\",\"name\":\"Topro Animal Health\",\"description\":\"\",\"publisher\":{\"@id\":\"https:\\\/\\\/www.topro.nl\\\/de\\\/#organization\"},\"potentialAction\":[{\"@type\":\"SearchAction\",\"target\":{\"@type\":\"EntryPoint\",\"urlTemplate\":\"https:\\\/\\\/www.topro.nl\\\/de\\\/?s={search_term_string}\"},\"query-input\":{\"@type\":\"PropertyValueSpecification\",\"valueRequired\":true,\"valueName\":\"search_term_string\"}}],\"inLanguage\":\"de\"},{\"@type\":\"Organization\",\"@id\":\"https:\\\/\\\/www.topro.nl\\\/de\\\/#organization\",\"name\":\"Horizont Afrastering\",\"url\":\"https:\\\/\\\/www.topro.nl\\\/de\\\/\",\"logo\":{\"@type\":\"ImageObject\",\"inLanguage\":\"de\",\"@id\":\"https:\\\/\\\/www.topro.nl\\\/de\\\/#\\\/schema\\\/logo\\\/image\\\/\",\"url\":\"\",\"contentUrl\":\"\",\"caption\":\"Horizont Afrastering\"},\"image\":{\"@id\":\"https:\\\/\\\/www.topro.nl\\\/de\\\/#\\\/schema\\\/logo\\\/image\\\/\"}}]}<\/script>\n<!-- \/ Yoast SEO plugin. -->","yoast_head_json":{"title":"K\u00e4lber-Schwimmsauger - Topro Animal Health","description":"Der K\u00e4lbersauger ist ein praktisches Hilfsmittel f\u00fcr das Kalb, um das Trinken aus dem Eimer zu lernen.","robots":{"index":"index","follow":"follow","max-snippet":"max-snippet:-1","max-image-preview":"max-image-preview:large","max-video-preview":"max-video-preview:-1"},"canonical":"https:\/\/www.topro.nl\/de\/product\/kalber\/notwendigkeiten-kalber\/kalber-schwimmsauger\/","og_locale":"de_DE","og_type":"article","og_title":"K\u00e4lber-Schwimmsauger - Topro Animal Health","og_description":"Der K\u00e4lbersauger ist ein praktisches Hilfsmittel f\u00fcr das Kalb, um das Trinken aus dem Eimer zu lernen.","og_url":"https:\/\/www.topro.nl\/de\/product\/kalber\/notwendigkeiten-kalber\/kalber-schwimmsauger\/","og_site_name":"Topro Animal Health","article_modified_time":"2021-06-15T06:48:38+00:00","og_image":[{"width":750,"height":750,"url":"https:\/\/www.topro.nl\/wp-content\/uploads\/729170_Drijfspeen-1.jpg","type":"image\/jpeg"}],"twitter_card":"summary_large_image","schema":{"@context":"https:\/\/schema.org","@graph":[{"@type":"WebPage","@id":"https:\/\/www.topro.nl\/de\/product\/kalber\/notwendigkeiten-kalber\/kalber-schwimmsauger\/","url":"https:\/\/www.topro.nl\/de\/product\/kalber\/notwendigkeiten-kalber\/kalber-schwimmsauger\/","name":"K\u00e4lber-Schwimmsauger - Topro Animal Health","isPartOf":{"@id":"https:\/\/www.topro.nl\/de\/#website"},"primaryImageOfPage":{"@id":"https:\/\/www.topro.nl\/de\/product\/kalber\/notwendigkeiten-kalber\/kalber-schwimmsauger\/#primaryimage"},"image":{"@id":"https:\/\/www.topro.nl\/de\/product\/kalber\/notwendigkeiten-kalber\/kalber-schwimmsauger\/#primaryimage"},"thumbnailUrl":"https:\/\/www.topro.nl\/wp-content\/uploads\/729170_Drijfspeen-1.jpg","datePublished":"2020-06-11T10:13:38+00:00","dateModified":"2021-06-15T06:48:38+00:00","description":"Der K\u00e4lbersauger ist ein praktisches Hilfsmittel f\u00fcr das Kalb, um das Trinken aus dem Eimer zu lernen.","breadcrumb":{"@id":"https:\/\/www.topro.nl\/de\/product\/kalber\/notwendigkeiten-kalber\/kalber-schwimmsauger\/#breadcrumb"},"inLanguage":"de","potentialAction":[{"@type":"ReadAction","target":["https:\/\/www.topro.nl\/de\/product\/kalber\/notwendigkeiten-kalber\/kalber-schwimmsauger\/"]}]},{"@type":"ImageObject","inLanguage":"de","@id":"https:\/\/www.topro.nl\/de\/product\/kalber\/notwendigkeiten-kalber\/kalber-schwimmsauger\/#primaryimage","url":"https:\/\/www.topro.nl\/wp-content\/uploads\/729170_Drijfspeen-1.jpg","contentUrl":"https:\/\/www.topro.nl\/wp-content\/uploads\/729170_Drijfspeen-1.jpg","width":750,"height":750},{"@type":"BreadcrumbList","@id":"https:\/\/www.topro.nl\/de\/product\/kalber\/notwendigkeiten-kalber\/kalber-schwimmsauger\/#breadcrumb","itemListElement":[{"@type":"ListItem","position":1,"name":"Home","item":"https:\/\/www.topro.nl\/de\/"},{"@type":"ListItem","position":2,"name":"Topro Shop","item":"https:\/\/www.topro.nl\/de\/shop\/"},{"@type":"ListItem","position":3,"name":"K\u00e4lber-Schwimmsauger"}]},{"@type":"WebSite","@id":"https:\/\/www.topro.nl\/de\/#website","url":"https:\/\/www.topro.nl\/de\/","name":"Topro Animal Health","description":"","publisher":{"@id":"https:\/\/www.topro.nl\/de\/#organization"},"potentialAction":[{"@type":"SearchAction","target":{"@type":"EntryPoint","urlTemplate":"https:\/\/www.topro.nl\/de\/?s={search_term_string}"},"query-input":{"@type":"PropertyValueSpecification","valueRequired":true,"valueName":"search_term_string"}}],"inLanguage":"de"},{"@type":"Organization","@id":"https:\/\/www.topro.nl\/de\/#organization","name":"Horizont Afrastering","url":"https:\/\/www.topro.nl\/de\/","logo":{"@type":"ImageObject","inLanguage":"de","@id":"https:\/\/www.topro.nl\/de\/#\/schema\/logo\/image\/","url":"","contentUrl":"","caption":"Horizont Afrastering"},"image":{"@id":"https:\/\/www.topro.nl\/de\/#\/schema\/logo\/image\/"}}]}},"tiered_pricing_type":"fixed","tiered_pricing_fixed_rules":[],"tiered_pricing_product_settings":{"layout":"default","base_unit_name":{"singular":null,"plural":null},"default_variation":null},"tiered_pricing_minimum_quantity":null,"tiered_pricing_roles_data":[],"tiered_pricing_percentage_rules":[],"_links":{"self":[{"href":"https:\/\/www.topro.nl\/de\/wp-json\/wp\/v2\/product\/11618","targetHints":{"allow":["GET"]}}],"collection":[{"href":"https:\/\/www.topro.nl\/de\/wp-json\/wp\/v2\/product"}],"about":[{"href":"https:\/\/www.topro.nl\/de\/wp-json\/wp\/v2\/types\/product"}],"wp:featuredmedia":[{"embeddable":true,"href":"https:\/\/www.topro.nl\/de\/wp-json\/wp\/v2\/media\/10464"}],"wp:attachment":[{"href":"https:\/\/www.topro.nl\/de\/wp-json\/wp\/v2\/media?parent=11618"}],"wp:term":[{"taxonomy":"product_brand","embeddable":true,"href":"https:\/\/www.topro.nl\/de\/wp-json\/wp\/v2\/product_brand?post=11618"},{"taxonomy":"product_cat","embeddable":true,"href":"https:\/\/www.topro.nl\/de\/wp-json\/wp\/v2\/product_cat?post=11618"},{"taxonomy":"product_tag","embeddable":true,"href":"https:\/\/www.topro.nl\/de\/wp-json\/wp\/v2\/product_tag?post=11618"},{"taxonomy":"woo-feed-brand","embeddable":true,"href":"https:\/\/www.topro.nl\/de\/wp-json\/wp\/v2\/woo-feed-brand?post=11618"}],"curies":[{"name":"wp","href":"https:\/\/api.w.org\/{rel}","templated":true}]}}