{"id":11584,"date":"2020-06-18T07:58:05","date_gmt":"2020-06-18T07:58:05","guid":{"rendered":"https:\/\/www.topro.nl\/product\/unkategorisiert\/opti-trace-lamb-sheep-bolus-cu-180-d\/"},"modified":"2021-07-01T13:55:18","modified_gmt":"2021-07-01T13:55:18","slug":"opti-trace-lamb-sheep-bolus-cu-180-d","status":"publish","type":"product","link":"https:\/\/www.topro.nl\/de\/product\/widerstand\/ziegen-widerstand\/opti-trace-lamb-sheep-bolus-cu-180-d\/","title":{"rendered":"Opti Trace Lamb\/Sheep Bolus Cu 180 d"},"content":{"rendered":"<p>Eine gute Versorgung mit Spurenelementen ist f\u00fcr eine optimale Gesundheit und Fruchtbarkeit von Schafen und Ziegen unerl\u00e4sslich. Deshalb wurde der Topro Opti Trace Sheep Bolus speziell f\u00fcr Schafe ab 40 kg entwickelt. Dieser Bolus versorgt das Tier 6 Monate lang mit Jod, Kobalt, Mangan, Zink, Selen (und Kupfer). F\u00fcr L\u00e4mmer ab 25 kg wurde ein kleiner Bolus entwickelt.<\/p>\n<h3><span style=\"color: #009cde\">Eigenschaften Opti Trace Sheep Cu:<\/span><\/h3>\n<ul>\n<li>Zugabe von Kupfer<\/li>\n<li>Wirkungsdauer: 6 Monate<\/li>\n<li>Sehr kompaktes Design, leicht zu schlucken<\/li>\n<li>Abmessungen: \u00d8 15 mm, Dicke 11,4 mm<\/li>\n<\/ul>\n<h3><span style=\"color: #009cde\">Dosierung Opti Trace Lamb\/Sheep Cu 180 d:<\/span><\/h3>\n<ul>\n<li>L\u00e4mmer ab 25 kg: 1 Bolus<\/li>\n<li>Schafe und Ziegen ab 40 kg: 2 Boli 1 Monat vor der Aufzucht \/ 2 Boli 1 Monat vor der Ablammung<\/li>\n<li>Oder: 2 Boli beim Expandieren \/ 2 Boli bei Stallhaltung<\/li>\n<\/ul>\n<h3><span style=\"color: #009cde\">Hinweis zur Anwendung und Dosierung:<\/span><\/h3>\n<ul>\n<li>Mit einem geeigneten Bolus-Shooter 2 Boli zum Zeitpunkt der Ablammung (oder bei starker negativer Energiebilanz) abgeben<\/li>\n<li>Es wird empfohlen, vor der Verwendung den Rat eines Tierarztes oder Futtermittelexperten einzuholen<\/li>\n<\/ul>\n","protected":false},"excerpt":{"rendered":"<p>Eine gute Versorgung mit Spurenelementen ist f\u00fcr eine optimale Gesundheit und Fruchtbarkeit von Schafen und Ziegen unerl\u00e4sslich. Deshalb wurde der [&hellip;]<\/p>\n","protected":false},"featured_media":21083,"template":"","meta":{"_acf_changed":false,"ngg_post_thumbnail":0},"product_brand":[],"product_cat":[1214,1129,1311,1164,1064,1215,1138,1125,1149,1318,1167,1210,1068,1219,1141,1128,1049,1308,1151,1163,1109,1063,1310],"product_tag":[],"woo-feed-brand":[],"class_list":{"0":"post-11584","1":"product","2":"type-product","3":"status-publish","4":"has-post-thumbnail","6":"product_cat-lammer-schafe-schafe","7":"product_cat-lammer-schafe","8":"product_cat-lammer-schafe-widerstand","9":"product_cat-lammer-schafe-mineralien","10":"product_cat-mineralien-ziegen","11":"product_cat-mineralien-schafe","12":"product_cat-mineralien-laemmer-schafe","13":"product_cat-mineralien-ziegenlaemmer","14":"product_cat-mineralien","15":"product_cat-schafe-widerstand","16":"product_cat-schafe-mineralien","17":"product_cat-schafe","18":"product_cat-widerstand-ziegen","19":"product_cat-widerstand-schafe","20":"product_cat-widerstand-laemmer-schafe","21":"product_cat-widerstand-ziegenlaemmer","22":"product_cat-ziegen","23":"product_cat-ziegen-widerstand","24":"product_cat-ziegen-mineralien","25":"product_cat-ziegenlammer-mineralien","26":"product_cat-ziegenlaemmer","27":"product_cat-ziegenlammer-ziegen","28":"product_cat-ziegenlammer-widerstand","30":"first","31":"outofstock","32":"taxable","33":"shipping-taxable","34":"purchasable","35":"product-type-simple"},"acf":[],"yoast_head":"<!-- This site is optimized with the Yoast SEO plugin v27.4 - https:\/\/yoast.com\/product\/yoast-seo-wordpress\/ -->\n<title>Opti Trace Lamb\/Sheep Bolus Cu 180 d - Topro Animal Health<\/title>\n<meta name=\"description\" content=\"Topro Opti Trace Schaf Cu\u00a0 ist ein Bolus mit Kupfer, der speziell f\u00fcr Schafe entwickelt wurde und \u00fcber 4 Monate kontinuierlich Mineralien freisetzt.\" \/>\n<meta name=\"robots\" content=\"index, follow, max-snippet:-1, max-image-preview:large, max-video-preview:-1\" \/>\n<link rel=\"canonical\" href=\"https:\/\/www.topro.nl\/de\/product\/widerstand\/ziegen-widerstand\/opti-trace-lamb-sheep-bolus-cu-180-d\/\" \/>\n<meta property=\"og:locale\" content=\"de_DE\" \/>\n<meta property=\"og:type\" content=\"article\" \/>\n<meta property=\"og:title\" content=\"Opti Trace Lamb\/Sheep Bolus Cu 180 d - Topro Animal Health\" \/>\n<meta property=\"og:description\" content=\"Topro Opti Trace Schaf Cu\u00a0 ist ein Bolus mit Kupfer, der speziell f\u00fcr Schafe entwickelt wurde und \u00fcber 4 Monate kontinuierlich Mineralien freisetzt.\" \/>\n<meta property=\"og:url\" content=\"https:\/\/www.topro.nl\/de\/product\/widerstand\/ziegen-widerstand\/opti-trace-lamb-sheep-bolus-cu-180-d\/\" \/>\n<meta property=\"og:site_name\" content=\"Topro Animal Health\" \/>\n<meta property=\"article:modified_time\" content=\"2021-07-01T13:55:18+00:00\" \/>\n<meta property=\"og:image\" content=\"https:\/\/www.topro.nl\/wp-content\/uploads\/102132_Opti_Trace_Sheep_Cu_6mnd_50st.jpg\" \/>\n\t<meta property=\"og:image:width\" content=\"591\" \/>\n\t<meta property=\"og:image:height\" content=\"591\" \/>\n\t<meta property=\"og:image:type\" content=\"image\/jpeg\" \/>\n<meta name=\"twitter:card\" content=\"summary_large_image\" \/>\n<meta name=\"twitter:label1\" content=\"Gesch\u00e4tzte Lesezeit\" \/>\n\t<meta name=\"twitter:data1\" content=\"1\u00a0Minute\" \/>\n<script type=\"application\/ld+json\" class=\"yoast-schema-graph\">{\"@context\":\"https:\\\/\\\/schema.org\",\"@graph\":[{\"@type\":\"WebPage\",\"@id\":\"https:\\\/\\\/www.topro.nl\\\/de\\\/product\\\/widerstand\\\/ziegen-widerstand\\\/opti-trace-lamb-sheep-bolus-cu-180-d\\\/\",\"url\":\"https:\\\/\\\/www.topro.nl\\\/de\\\/product\\\/widerstand\\\/ziegen-widerstand\\\/opti-trace-lamb-sheep-bolus-cu-180-d\\\/\",\"name\":\"Opti Trace Lamb\\\/Sheep Bolus Cu 180 d - Topro Animal Health\",\"isPartOf\":{\"@id\":\"https:\\\/\\\/www.topro.nl\\\/de\\\/#website\"},\"primaryImageOfPage\":{\"@id\":\"https:\\\/\\\/www.topro.nl\\\/de\\\/product\\\/widerstand\\\/ziegen-widerstand\\\/opti-trace-lamb-sheep-bolus-cu-180-d\\\/#primaryimage\"},\"image\":{\"@id\":\"https:\\\/\\\/www.topro.nl\\\/de\\\/product\\\/widerstand\\\/ziegen-widerstand\\\/opti-trace-lamb-sheep-bolus-cu-180-d\\\/#primaryimage\"},\"thumbnailUrl\":\"https:\\\/\\\/www.topro.nl\\\/wp-content\\\/uploads\\\/102132-Topro-Opti-Trace-Sheep-180-dagen-CU-NIEUW.png\",\"datePublished\":\"2020-06-18T07:58:05+00:00\",\"dateModified\":\"2021-07-01T13:55:18+00:00\",\"description\":\"Topro Opti Trace Schaf Cu\u00a0 ist ein Bolus mit Kupfer, der speziell f\u00fcr Schafe entwickelt wurde und \u00fcber 4 Monate kontinuierlich Mineralien freisetzt.\",\"breadcrumb\":{\"@id\":\"https:\\\/\\\/www.topro.nl\\\/de\\\/product\\\/widerstand\\\/ziegen-widerstand\\\/opti-trace-lamb-sheep-bolus-cu-180-d\\\/#breadcrumb\"},\"inLanguage\":\"de\",\"potentialAction\":[{\"@type\":\"ReadAction\",\"target\":[\"https:\\\/\\\/www.topro.nl\\\/de\\\/product\\\/widerstand\\\/ziegen-widerstand\\\/opti-trace-lamb-sheep-bolus-cu-180-d\\\/\"]}]},{\"@type\":\"ImageObject\",\"inLanguage\":\"de\",\"@id\":\"https:\\\/\\\/www.topro.nl\\\/de\\\/product\\\/widerstand\\\/ziegen-widerstand\\\/opti-trace-lamb-sheep-bolus-cu-180-d\\\/#primaryimage\",\"url\":\"https:\\\/\\\/www.topro.nl\\\/wp-content\\\/uploads\\\/102132-Topro-Opti-Trace-Sheep-180-dagen-CU-NIEUW.png\",\"contentUrl\":\"https:\\\/\\\/www.topro.nl\\\/wp-content\\\/uploads\\\/102132-Topro-Opti-Trace-Sheep-180-dagen-CU-NIEUW.png\",\"width\":2000,\"height\":1784},{\"@type\":\"BreadcrumbList\",\"@id\":\"https:\\\/\\\/www.topro.nl\\\/de\\\/product\\\/widerstand\\\/ziegen-widerstand\\\/opti-trace-lamb-sheep-bolus-cu-180-d\\\/#breadcrumb\",\"itemListElement\":[{\"@type\":\"ListItem\",\"position\":1,\"name\":\"Home\",\"item\":\"https:\\\/\\\/www.topro.nl\\\/de\\\/\"},{\"@type\":\"ListItem\",\"position\":2,\"name\":\"Topro Shop\",\"item\":\"https:\\\/\\\/www.topro.nl\\\/de\\\/shop\\\/\"},{\"@type\":\"ListItem\",\"position\":3,\"name\":\"Opti Trace Lamb\\\/Sheep Bolus Cu 180 d\"}]},{\"@type\":\"WebSite\",\"@id\":\"https:\\\/\\\/www.topro.nl\\\/de\\\/#website\",\"url\":\"https:\\\/\\\/www.topro.nl\\\/de\\\/\",\"name\":\"Topro Animal Health\",\"description\":\"\",\"publisher\":{\"@id\":\"https:\\\/\\\/www.topro.nl\\\/de\\\/#organization\"},\"potentialAction\":[{\"@type\":\"SearchAction\",\"target\":{\"@type\":\"EntryPoint\",\"urlTemplate\":\"https:\\\/\\\/www.topro.nl\\\/de\\\/?s={search_term_string}\"},\"query-input\":{\"@type\":\"PropertyValueSpecification\",\"valueRequired\":true,\"valueName\":\"search_term_string\"}}],\"inLanguage\":\"de\"},{\"@type\":\"Organization\",\"@id\":\"https:\\\/\\\/www.topro.nl\\\/de\\\/#organization\",\"name\":\"Horizont Afrastering\",\"url\":\"https:\\\/\\\/www.topro.nl\\\/de\\\/\",\"logo\":{\"@type\":\"ImageObject\",\"inLanguage\":\"de\",\"@id\":\"https:\\\/\\\/www.topro.nl\\\/de\\\/#\\\/schema\\\/logo\\\/image\\\/\",\"url\":\"\",\"contentUrl\":\"\",\"caption\":\"Horizont Afrastering\"},\"image\":{\"@id\":\"https:\\\/\\\/www.topro.nl\\\/de\\\/#\\\/schema\\\/logo\\\/image\\\/\"}}]}<\/script>\n<!-- \/ Yoast SEO plugin. -->","yoast_head_json":{"title":"Opti Trace Lamb\/Sheep Bolus Cu 180 d - Topro Animal Health","description":"Topro Opti Trace Schaf Cu\u00a0 ist ein Bolus mit Kupfer, der speziell f\u00fcr Schafe entwickelt wurde und \u00fcber 4 Monate kontinuierlich Mineralien freisetzt.","robots":{"index":"index","follow":"follow","max-snippet":"max-snippet:-1","max-image-preview":"max-image-preview:large","max-video-preview":"max-video-preview:-1"},"canonical":"https:\/\/www.topro.nl\/de\/product\/widerstand\/ziegen-widerstand\/opti-trace-lamb-sheep-bolus-cu-180-d\/","og_locale":"de_DE","og_type":"article","og_title":"Opti Trace Lamb\/Sheep Bolus Cu 180 d - Topro Animal Health","og_description":"Topro Opti Trace Schaf Cu\u00a0 ist ein Bolus mit Kupfer, der speziell f\u00fcr Schafe entwickelt wurde und \u00fcber 4 Monate kontinuierlich Mineralien freisetzt.","og_url":"https:\/\/www.topro.nl\/de\/product\/widerstand\/ziegen-widerstand\/opti-trace-lamb-sheep-bolus-cu-180-d\/","og_site_name":"Topro Animal Health","article_modified_time":"2021-07-01T13:55:18+00:00","og_image":[{"width":591,"height":591,"url":"https:\/\/www.topro.nl\/wp-content\/uploads\/102132_Opti_Trace_Sheep_Cu_6mnd_50st.jpg","type":"image\/jpeg"}],"twitter_card":"summary_large_image","twitter_misc":{"Gesch\u00e4tzte Lesezeit":"1\u00a0Minute"},"schema":{"@context":"https:\/\/schema.org","@graph":[{"@type":"WebPage","@id":"https:\/\/www.topro.nl\/de\/product\/widerstand\/ziegen-widerstand\/opti-trace-lamb-sheep-bolus-cu-180-d\/","url":"https:\/\/www.topro.nl\/de\/product\/widerstand\/ziegen-widerstand\/opti-trace-lamb-sheep-bolus-cu-180-d\/","name":"Opti Trace Lamb\/Sheep Bolus Cu 180 d - Topro Animal Health","isPartOf":{"@id":"https:\/\/www.topro.nl\/de\/#website"},"primaryImageOfPage":{"@id":"https:\/\/www.topro.nl\/de\/product\/widerstand\/ziegen-widerstand\/opti-trace-lamb-sheep-bolus-cu-180-d\/#primaryimage"},"image":{"@id":"https:\/\/www.topro.nl\/de\/product\/widerstand\/ziegen-widerstand\/opti-trace-lamb-sheep-bolus-cu-180-d\/#primaryimage"},"thumbnailUrl":"https:\/\/www.topro.nl\/wp-content\/uploads\/102132-Topro-Opti-Trace-Sheep-180-dagen-CU-NIEUW.png","datePublished":"2020-06-18T07:58:05+00:00","dateModified":"2021-07-01T13:55:18+00:00","description":"Topro Opti Trace Schaf Cu\u00a0 ist ein Bolus mit Kupfer, der speziell f\u00fcr Schafe entwickelt wurde und \u00fcber 4 Monate kontinuierlich Mineralien freisetzt.","breadcrumb":{"@id":"https:\/\/www.topro.nl\/de\/product\/widerstand\/ziegen-widerstand\/opti-trace-lamb-sheep-bolus-cu-180-d\/#breadcrumb"},"inLanguage":"de","potentialAction":[{"@type":"ReadAction","target":["https:\/\/www.topro.nl\/de\/product\/widerstand\/ziegen-widerstand\/opti-trace-lamb-sheep-bolus-cu-180-d\/"]}]},{"@type":"ImageObject","inLanguage":"de","@id":"https:\/\/www.topro.nl\/de\/product\/widerstand\/ziegen-widerstand\/opti-trace-lamb-sheep-bolus-cu-180-d\/#primaryimage","url":"https:\/\/www.topro.nl\/wp-content\/uploads\/102132-Topro-Opti-Trace-Sheep-180-dagen-CU-NIEUW.png","contentUrl":"https:\/\/www.topro.nl\/wp-content\/uploads\/102132-Topro-Opti-Trace-Sheep-180-dagen-CU-NIEUW.png","width":2000,"height":1784},{"@type":"BreadcrumbList","@id":"https:\/\/www.topro.nl\/de\/product\/widerstand\/ziegen-widerstand\/opti-trace-lamb-sheep-bolus-cu-180-d\/#breadcrumb","itemListElement":[{"@type":"ListItem","position":1,"name":"Home","item":"https:\/\/www.topro.nl\/de\/"},{"@type":"ListItem","position":2,"name":"Topro Shop","item":"https:\/\/www.topro.nl\/de\/shop\/"},{"@type":"ListItem","position":3,"name":"Opti Trace Lamb\/Sheep Bolus Cu 180 d"}]},{"@type":"WebSite","@id":"https:\/\/www.topro.nl\/de\/#website","url":"https:\/\/www.topro.nl\/de\/","name":"Topro Animal Health","description":"","publisher":{"@id":"https:\/\/www.topro.nl\/de\/#organization"},"potentialAction":[{"@type":"SearchAction","target":{"@type":"EntryPoint","urlTemplate":"https:\/\/www.topro.nl\/de\/?s={search_term_string}"},"query-input":{"@type":"PropertyValueSpecification","valueRequired":true,"valueName":"search_term_string"}}],"inLanguage":"de"},{"@type":"Organization","@id":"https:\/\/www.topro.nl\/de\/#organization","name":"Horizont Afrastering","url":"https:\/\/www.topro.nl\/de\/","logo":{"@type":"ImageObject","inLanguage":"de","@id":"https:\/\/www.topro.nl\/de\/#\/schema\/logo\/image\/","url":"","contentUrl":"","caption":"Horizont Afrastering"},"image":{"@id":"https:\/\/www.topro.nl\/de\/#\/schema\/logo\/image\/"}}]}},"tiered_pricing_type":"fixed","tiered_pricing_fixed_rules":[],"tiered_pricing_product_settings":{"layout":"default","base_unit_name":{"singular":null,"plural":null},"default_variation":null},"tiered_pricing_minimum_quantity":null,"tiered_pricing_roles_data":[],"tiered_pricing_percentage_rules":[],"_links":{"self":[{"href":"https:\/\/www.topro.nl\/de\/wp-json\/wp\/v2\/product\/11584","targetHints":{"allow":["GET"]}}],"collection":[{"href":"https:\/\/www.topro.nl\/de\/wp-json\/wp\/v2\/product"}],"about":[{"href":"https:\/\/www.topro.nl\/de\/wp-json\/wp\/v2\/types\/product"}],"wp:featuredmedia":[{"embeddable":true,"href":"https:\/\/www.topro.nl\/de\/wp-json\/wp\/v2\/media\/21083"}],"wp:attachment":[{"href":"https:\/\/www.topro.nl\/de\/wp-json\/wp\/v2\/media?parent=11584"}],"wp:term":[{"taxonomy":"product_brand","embeddable":true,"href":"https:\/\/www.topro.nl\/de\/wp-json\/wp\/v2\/product_brand?post=11584"},{"taxonomy":"product_cat","embeddable":true,"href":"https:\/\/www.topro.nl\/de\/wp-json\/wp\/v2\/product_cat?post=11584"},{"taxonomy":"product_tag","embeddable":true,"href":"https:\/\/www.topro.nl\/de\/wp-json\/wp\/v2\/product_tag?post=11584"},{"taxonomy":"woo-feed-brand","embeddable":true,"href":"https:\/\/www.topro.nl\/de\/wp-json\/wp\/v2\/woo-feed-brand?post=11584"}],"curies":[{"name":"wp","href":"https:\/\/api.w.org\/{rel}","templated":true}]}}