{"id":15988,"date":"2021-06-10T08:00:30","date_gmt":"2021-06-10T08:00:30","guid":{"rendered":"https:\/\/www.topro.nl\/varken-programma\/schweineprogramm-pigletstart\/pigletstart-durchfall-bei-neugeborenen-ferkeln\/"},"modified":"2021-06-17T11:48:16","modified_gmt":"2021-06-17T11:48:16","slug":"pigletstart-durchfall-bei-neugeborenen-ferkeln","status":"publish","type":"page","link":"https:\/\/www.topro.nl\/de\/varken-programma\/schweineprogramm-pigletstart\/pigletstart-durchfall-bei-neugeborenen-ferkeln\/","title":{"rendered":"PigletStart Durchfall bei neugeborenen Ferkeln"},"content":{"rendered":"<p>Es ist eine der h\u00e4ufigsten Erkrankungen bei jungen Ferkeln: Durchfall. Durchfall ist die Folge einer Verdauungsst\u00f6rung. Es kann verschiedene Ursachen haben, darunter falsche Ern\u00e4hrung (m\u00e4\u00dfige Qualit\u00e4t, falsche Temperatur), \u00dcberf\u00fctterung oder abrupte Futterumstellungen. Aber oft wird Durchfall durch Viren, Bakterien oder Parasiten verursacht. Beispiele sind E-coli, Rota und Coronavirus, Cryptosporidien, Kokzidiose und Salmonellen (siehe Tabelle 1).<\/p>\n<p><strong>Tabelle 1: \u00dcbersicht \u00fcber eine Reihe von Krankheitserregern, die bei Ferkeln Durchfall verursachen (Tierarzt, 2020).<\/strong><\/p>\n<table style=\"height: 267px\" width=\"1078\">\n<tbody>\n<tr>\n<td width=\"201\"><strong>Type<\/strong><\/td>\n<td width=\"201\"><strong>Periode<\/strong><\/td>\n<td width=\"201\"><strong>Type Kuhmist<\/strong><\/td>\n<\/tr>\n<tr>\n<td width=\"201\">E. Coli (Geburtsdurchfall)<\/td>\n<td width=\"201\">Von Tag 1 bis Tag 5 nach der Geburt<\/td>\n<td width=\"201\">W\u00e4ssriger Durchfall (manchmal gelblich). Hohe Sterblichkeit<\/td>\n<\/tr>\n<tr>\n<td width=\"201\">Clostridium Perfringens typ C<\/td>\n<td width=\"201\">Ab ein paar Tagen nach der Geburt<\/td>\n<td width=\"201\">Schwerer Durchfall, manchmal mit Blut. Hohe Sterblichkeit<\/td>\n<\/tr>\n<tr>\n<td width=\"201\">Clostridium Perfringens typ A<\/td>\n<td width=\"201\">Ab ein paar Tagen nach der Geburt<\/td>\n<td width=\"201\">W\u00e4ssriger oder past\u00f6ser Durchfall, ohne Blut<\/td>\n<\/tr>\n<tr>\n<td width=\"201\">Virus (Corona)<\/td>\n<td width=\"201\">Kann sowohl vor als auch nach dem Absetzen auftreten<\/td>\n<td width=\"201\">W\u00e4ssriger Durchfall (gr\u00fcnlich-gelblich). Sehr hohe Sterblichkeit<\/td>\n<\/tr>\n<tr>\n<td width=\"201\">Virus (Rota)<\/td>\n<td width=\"201\">Kann sowohl vor als auch nach dem Absetzen auftreten<\/td>\n<td width=\"201\">Wasserd\u00fcnner Durchfall<\/td>\n<\/tr>\n<tr>\n<td width=\"201\">Coccidiosis<\/td>\n<td width=\"201\">Von Tag 10-14<\/td>\n<td width=\"201\">Wasserd\u00fcnner Durchfall (grau-gr\u00fcn-wei\u00dflich), kann nach Sauermilch riechen<\/td>\n<\/tr>\n<\/tbody>\n<\/table>\n<p>In allen F\u00e4llen verliert das Ferkel viel Fl\u00fcssigkeit, Elektrolyte und Energie. All dies f\u00fchrt dazu, dass das Ferkel austrocknet, an Gewicht verliert und verz\u00f6gert w\u00e4chst. Bei schwerem Durchfall kann das Ferkel sterben. Daher ist es \u00e4u\u00dferst wichtig, bei Durchfall bei Ferkeln schnell und angemessen zu handeln.<\/p>\n","protected":false},"excerpt":{"rendered":"<p>Es ist eine der h\u00e4ufigsten Erkrankungen bei jungen Ferkeln: Durchfall. Durchfall ist die Folge einer Verdauungsst\u00f6rung. Es kann verschiedene Ursachen [&hellip;]<\/p>\n","protected":false},"author":55,"featured_media":0,"parent":15979,"menu_order":0,"comment_status":"closed","ping_status":"closed","template":"","meta":{"_acf_changed":false,"ngg_post_thumbnail":0,"footnotes":""},"class_list":["post-15988","page","type-page","status-publish","hentry"],"acf":[],"yoast_head":"<!-- This site is optimized with the Yoast SEO plugin v27.3 - https:\/\/yoast.com\/product\/yoast-seo-wordpress\/ -->\n<title>PigletStart Durchfall bei neugeborenen Ferkeln - Topro Animal Health<\/title>\n<meta name=\"description\" content=\"Geburtsdurchfall: Bei jungen Ferkeln ist er eine der h\u00e4ufigsten Erkrankungen: Durchfall. Topro ber\u00e4t und hilft!\" \/>\n<meta name=\"robots\" content=\"index, follow, max-snippet:-1, max-image-preview:large, max-video-preview:-1\" \/>\n<link rel=\"canonical\" href=\"https:\/\/www.topro.nl\/de\/varken-programma\/schweineprogramm-pigletstart\/pigletstart-durchfall-bei-neugeborenen-ferkeln\/\" \/>\n<meta property=\"og:locale\" content=\"de_DE\" \/>\n<meta property=\"og:type\" content=\"article\" \/>\n<meta property=\"og:title\" content=\"PigletStart Durchfall bei neugeborenen Ferkeln - Topro Animal Health\" \/>\n<meta property=\"og:description\" content=\"Geburtsdurchfall: Bei jungen Ferkeln ist er eine der h\u00e4ufigsten Erkrankungen: Durchfall. Topro ber\u00e4t und hilft!\" \/>\n<meta property=\"og:url\" content=\"https:\/\/www.topro.nl\/de\/varken-programma\/schweineprogramm-pigletstart\/pigletstart-durchfall-bei-neugeborenen-ferkeln\/\" \/>\n<meta property=\"og:site_name\" content=\"Topro Animal Health\" \/>\n<meta property=\"article:modified_time\" content=\"2021-06-17T11:48:16+00:00\" \/>\n<meta name=\"twitter:card\" content=\"summary_large_image\" \/>\n<meta name=\"twitter:label1\" content=\"Gesch\u00e4tzte Lesezeit\" \/>\n\t<meta name=\"twitter:data1\" content=\"1\u00a0Minute\" \/>\n<script type=\"application\/ld+json\" class=\"yoast-schema-graph\">{\"@context\":\"https:\\\/\\\/schema.org\",\"@graph\":[{\"@type\":\"WebPage\",\"@id\":\"https:\\\/\\\/www.topro.nl\\\/de\\\/varken-programma\\\/schweineprogramm-pigletstart\\\/pigletstart-durchfall-bei-neugeborenen-ferkeln\\\/\",\"url\":\"https:\\\/\\\/www.topro.nl\\\/de\\\/varken-programma\\\/schweineprogramm-pigletstart\\\/pigletstart-durchfall-bei-neugeborenen-ferkeln\\\/\",\"name\":\"PigletStart Durchfall bei neugeborenen Ferkeln - Topro Animal Health\",\"isPartOf\":{\"@id\":\"https:\\\/\\\/www.topro.nl\\\/de\\\/#website\"},\"datePublished\":\"2021-06-10T08:00:30+00:00\",\"dateModified\":\"2021-06-17T11:48:16+00:00\",\"description\":\"Geburtsdurchfall: Bei jungen Ferkeln ist er eine der h\u00e4ufigsten Erkrankungen: Durchfall. Topro ber\u00e4t und hilft!\",\"breadcrumb\":{\"@id\":\"https:\\\/\\\/www.topro.nl\\\/de\\\/varken-programma\\\/schweineprogramm-pigletstart\\\/pigletstart-durchfall-bei-neugeborenen-ferkeln\\\/#breadcrumb\"},\"inLanguage\":\"de\",\"potentialAction\":[{\"@type\":\"ReadAction\",\"target\":[\"https:\\\/\\\/www.topro.nl\\\/de\\\/varken-programma\\\/schweineprogramm-pigletstart\\\/pigletstart-durchfall-bei-neugeborenen-ferkeln\\\/\"]}]},{\"@type\":\"BreadcrumbList\",\"@id\":\"https:\\\/\\\/www.topro.nl\\\/de\\\/varken-programma\\\/schweineprogramm-pigletstart\\\/pigletstart-durchfall-bei-neugeborenen-ferkeln\\\/#breadcrumb\",\"itemListElement\":[{\"@type\":\"ListItem\",\"position\":1,\"name\":\"Home\",\"item\":\"https:\\\/\\\/www.topro.nl\\\/de\\\/\"},{\"@type\":\"ListItem\",\"position\":2,\"name\":\"Schweineprogramm\",\"item\":\"https:\\\/\\\/www.topro.nl\\\/de\\\/varken-programma\\\/\"},{\"@type\":\"ListItem\",\"position\":3,\"name\":\"Schweineprogramm PigletStart\",\"item\":\"https:\\\/\\\/www.topro.nl\\\/de\\\/varken-programma\\\/schweineprogramm-pigletstart\\\/\"},{\"@type\":\"ListItem\",\"position\":4,\"name\":\"PigletStart Durchfall bei neugeborenen Ferkeln\"}]},{\"@type\":\"WebSite\",\"@id\":\"https:\\\/\\\/www.topro.nl\\\/de\\\/#website\",\"url\":\"https:\\\/\\\/www.topro.nl\\\/de\\\/\",\"name\":\"Topro Animal Health\",\"description\":\"\",\"publisher\":{\"@id\":\"https:\\\/\\\/www.topro.nl\\\/de\\\/#organization\"},\"potentialAction\":[{\"@type\":\"SearchAction\",\"target\":{\"@type\":\"EntryPoint\",\"urlTemplate\":\"https:\\\/\\\/www.topro.nl\\\/de\\\/?s={search_term_string}\"},\"query-input\":{\"@type\":\"PropertyValueSpecification\",\"valueRequired\":true,\"valueName\":\"search_term_string\"}}],\"inLanguage\":\"de\"},{\"@type\":\"Organization\",\"@id\":\"https:\\\/\\\/www.topro.nl\\\/de\\\/#organization\",\"name\":\"Horizont Afrastering\",\"url\":\"https:\\\/\\\/www.topro.nl\\\/de\\\/\",\"logo\":{\"@type\":\"ImageObject\",\"inLanguage\":\"de\",\"@id\":\"https:\\\/\\\/www.topro.nl\\\/de\\\/#\\\/schema\\\/logo\\\/image\\\/\",\"url\":\"\",\"contentUrl\":\"\",\"caption\":\"Horizont Afrastering\"},\"image\":{\"@id\":\"https:\\\/\\\/www.topro.nl\\\/de\\\/#\\\/schema\\\/logo\\\/image\\\/\"}}]}<\/script>\n<!-- \/ Yoast SEO plugin. -->","yoast_head_json":{"title":"PigletStart Durchfall bei neugeborenen Ferkeln - Topro Animal Health","description":"Geburtsdurchfall: Bei jungen Ferkeln ist er eine der h\u00e4ufigsten Erkrankungen: Durchfall. Topro ber\u00e4t und hilft!","robots":{"index":"index","follow":"follow","max-snippet":"max-snippet:-1","max-image-preview":"max-image-preview:large","max-video-preview":"max-video-preview:-1"},"canonical":"https:\/\/www.topro.nl\/de\/varken-programma\/schweineprogramm-pigletstart\/pigletstart-durchfall-bei-neugeborenen-ferkeln\/","og_locale":"de_DE","og_type":"article","og_title":"PigletStart Durchfall bei neugeborenen Ferkeln - Topro Animal Health","og_description":"Geburtsdurchfall: Bei jungen Ferkeln ist er eine der h\u00e4ufigsten Erkrankungen: Durchfall. Topro ber\u00e4t und hilft!","og_url":"https:\/\/www.topro.nl\/de\/varken-programma\/schweineprogramm-pigletstart\/pigletstart-durchfall-bei-neugeborenen-ferkeln\/","og_site_name":"Topro Animal Health","article_modified_time":"2021-06-17T11:48:16+00:00","twitter_card":"summary_large_image","twitter_misc":{"Gesch\u00e4tzte Lesezeit":"1\u00a0Minute"},"schema":{"@context":"https:\/\/schema.org","@graph":[{"@type":"WebPage","@id":"https:\/\/www.topro.nl\/de\/varken-programma\/schweineprogramm-pigletstart\/pigletstart-durchfall-bei-neugeborenen-ferkeln\/","url":"https:\/\/www.topro.nl\/de\/varken-programma\/schweineprogramm-pigletstart\/pigletstart-durchfall-bei-neugeborenen-ferkeln\/","name":"PigletStart Durchfall bei neugeborenen Ferkeln - Topro Animal Health","isPartOf":{"@id":"https:\/\/www.topro.nl\/de\/#website"},"datePublished":"2021-06-10T08:00:30+00:00","dateModified":"2021-06-17T11:48:16+00:00","description":"Geburtsdurchfall: Bei jungen Ferkeln ist er eine der h\u00e4ufigsten Erkrankungen: Durchfall. Topro ber\u00e4t und hilft!","breadcrumb":{"@id":"https:\/\/www.topro.nl\/de\/varken-programma\/schweineprogramm-pigletstart\/pigletstart-durchfall-bei-neugeborenen-ferkeln\/#breadcrumb"},"inLanguage":"de","potentialAction":[{"@type":"ReadAction","target":["https:\/\/www.topro.nl\/de\/varken-programma\/schweineprogramm-pigletstart\/pigletstart-durchfall-bei-neugeborenen-ferkeln\/"]}]},{"@type":"BreadcrumbList","@id":"https:\/\/www.topro.nl\/de\/varken-programma\/schweineprogramm-pigletstart\/pigletstart-durchfall-bei-neugeborenen-ferkeln\/#breadcrumb","itemListElement":[{"@type":"ListItem","position":1,"name":"Home","item":"https:\/\/www.topro.nl\/de\/"},{"@type":"ListItem","position":2,"name":"Schweineprogramm","item":"https:\/\/www.topro.nl\/de\/varken-programma\/"},{"@type":"ListItem","position":3,"name":"Schweineprogramm PigletStart","item":"https:\/\/www.topro.nl\/de\/varken-programma\/schweineprogramm-pigletstart\/"},{"@type":"ListItem","position":4,"name":"PigletStart Durchfall bei neugeborenen Ferkeln"}]},{"@type":"WebSite","@id":"https:\/\/www.topro.nl\/de\/#website","url":"https:\/\/www.topro.nl\/de\/","name":"Topro Animal Health","description":"","publisher":{"@id":"https:\/\/www.topro.nl\/de\/#organization"},"potentialAction":[{"@type":"SearchAction","target":{"@type":"EntryPoint","urlTemplate":"https:\/\/www.topro.nl\/de\/?s={search_term_string}"},"query-input":{"@type":"PropertyValueSpecification","valueRequired":true,"valueName":"search_term_string"}}],"inLanguage":"de"},{"@type":"Organization","@id":"https:\/\/www.topro.nl\/de\/#organization","name":"Horizont Afrastering","url":"https:\/\/www.topro.nl\/de\/","logo":{"@type":"ImageObject","inLanguage":"de","@id":"https:\/\/www.topro.nl\/de\/#\/schema\/logo\/image\/","url":"","contentUrl":"","caption":"Horizont Afrastering"},"image":{"@id":"https:\/\/www.topro.nl\/de\/#\/schema\/logo\/image\/"}}]}},"_links":{"self":[{"href":"https:\/\/www.topro.nl\/de\/wp-json\/wp\/v2\/pages\/15988","targetHints":{"allow":["GET"]}}],"collection":[{"href":"https:\/\/www.topro.nl\/de\/wp-json\/wp\/v2\/pages"}],"about":[{"href":"https:\/\/www.topro.nl\/de\/wp-json\/wp\/v2\/types\/page"}],"author":[{"embeddable":true,"href":"https:\/\/www.topro.nl\/de\/wp-json\/wp\/v2\/users\/55"}],"replies":[{"embeddable":true,"href":"https:\/\/www.topro.nl\/de\/wp-json\/wp\/v2\/comments?post=15988"}],"version-history":[{"count":2,"href":"https:\/\/www.topro.nl\/de\/wp-json\/wp\/v2\/pages\/15988\/revisions"}],"predecessor-version":[{"id":16264,"href":"https:\/\/www.topro.nl\/de\/wp-json\/wp\/v2\/pages\/15988\/revisions\/16264"}],"up":[{"embeddable":true,"href":"https:\/\/www.topro.nl\/de\/wp-json\/wp\/v2\/pages\/15979"}],"wp:attachment":[{"href":"https:\/\/www.topro.nl\/de\/wp-json\/wp\/v2\/media?parent=15988"}],"curies":[{"name":"wp","href":"https:\/\/api.w.org\/{rel}","templated":true}]}}