{"id":15984,"date":"2021-06-10T07:46:14","date_gmt":"2021-06-10T07:46:14","guid":{"rendered":"https:\/\/www.topro.nl\/varken-programma\/schweineprogramm-pigletstart\/pigletstart-kolostrum\/"},"modified":"2021-06-18T06:52:29","modified_gmt":"2021-06-18T06:52:29","slug":"pigletstart-kolostrum","status":"publish","type":"page","link":"https:\/\/www.topro.nl\/de\/varken-programma\/schweineprogramm-pigletstart\/pigletstart-kolostrum\/","title":{"rendered":"PigletStart Kolostrum"},"content":{"rendered":"<p><span style=\"color: #009cde\"><strong>Kolostrum ist lebenswichtig!<\/strong><\/span><\/p>\n<p>Es ist das erste Futter, das Ferkel erhalten und ist f\u00fcr einen guten Start notwendig. Kolostrum enth\u00e4lt viele Immunglobuline, die f\u00fcr ein gutes Immunsystem notwendig sind. Immunglobuline sind Antik\u00f6rper in Form gro\u00dfer Proteinketten, die im Darm aufgenommen werden. Normalerweise k\u00f6nnen diese Proteinketten die Darmwand nicht passieren, wohl aber in den ersten Stunden nach der Geburt. Dar\u00fcber hinaus enth\u00e4lt Kolostrum einen hohen Gehalt an Fett und Eiwei\u00df. Dies ist wichtig, da Ferkel unmittelbar nach der Geburt viel Energie ben\u00f6tigen, um ihre K\u00f6rpertemperatur zu halten. Kolostrum sollte auch in ausreichender Menge verabreicht werden, um sie mit Feuchtigkeit zu versorgen.<\/p>\n","protected":false},"excerpt":{"rendered":"<p>Kolostrum ist lebenswichtig! Es ist das erste Futter, das Ferkel erhalten und ist f\u00fcr einen guten Start notwendig. Kolostrum enth\u00e4lt [&hellip;]<\/p>\n","protected":false},"author":55,"featured_media":0,"parent":15979,"menu_order":0,"comment_status":"closed","ping_status":"closed","template":"","meta":{"_acf_changed":false,"ngg_post_thumbnail":0,"footnotes":""},"class_list":["post-15984","page","type-page","status-publish","hentry"],"acf":[],"yoast_head":"<!-- This site is optimized with the Yoast SEO plugin v27.3 - https:\/\/yoast.com\/product\/yoast-seo-wordpress\/ -->\n<title>PigletStart Kolostrum - Topro Animal Health<\/title>\n<meta name=\"description\" content=\"PigletStart Kolostrum: Ein guter Start f\u00fcr neugeborene Ferkel beginnt mit Kolostrum in ausreichender Qualit\u00e4t. Topro ber\u00e4t und hilft!\" \/>\n<meta name=\"robots\" content=\"index, follow, max-snippet:-1, max-image-preview:large, max-video-preview:-1\" \/>\n<link rel=\"canonical\" href=\"https:\/\/www.topro.nl\/de\/varken-programma\/schweineprogramm-pigletstart\/pigletstart-kolostrum\/\" \/>\n<meta property=\"og:locale\" content=\"de_DE\" \/>\n<meta property=\"og:type\" content=\"article\" \/>\n<meta property=\"og:title\" content=\"PigletStart Kolostrum - Topro Animal Health\" \/>\n<meta property=\"og:description\" content=\"PigletStart Kolostrum: Ein guter Start f\u00fcr neugeborene Ferkel beginnt mit Kolostrum in ausreichender Qualit\u00e4t. Topro ber\u00e4t und hilft!\" \/>\n<meta property=\"og:url\" content=\"https:\/\/www.topro.nl\/de\/varken-programma\/schweineprogramm-pigletstart\/pigletstart-kolostrum\/\" \/>\n<meta property=\"og:site_name\" content=\"Topro Animal Health\" \/>\n<meta property=\"article:modified_time\" content=\"2021-06-18T06:52:29+00:00\" \/>\n<meta name=\"twitter:card\" content=\"summary_large_image\" \/>\n<meta name=\"twitter:label1\" content=\"Gesch\u00e4tzte Lesezeit\" \/>\n\t<meta name=\"twitter:data1\" content=\"1\u00a0Minute\" \/>\n<script type=\"application\/ld+json\" class=\"yoast-schema-graph\">{\"@context\":\"https:\\\/\\\/schema.org\",\"@graph\":[{\"@type\":\"WebPage\",\"@id\":\"https:\\\/\\\/www.topro.nl\\\/de\\\/varken-programma\\\/schweineprogramm-pigletstart\\\/pigletstart-kolostrum\\\/\",\"url\":\"https:\\\/\\\/www.topro.nl\\\/de\\\/varken-programma\\\/schweineprogramm-pigletstart\\\/pigletstart-kolostrum\\\/\",\"name\":\"PigletStart Kolostrum - Topro Animal Health\",\"isPartOf\":{\"@id\":\"https:\\\/\\\/www.topro.nl\\\/de\\\/#website\"},\"datePublished\":\"2021-06-10T07:46:14+00:00\",\"dateModified\":\"2021-06-18T06:52:29+00:00\",\"description\":\"PigletStart Kolostrum: Ein guter Start f\u00fcr neugeborene Ferkel beginnt mit Kolostrum in ausreichender Qualit\u00e4t. Topro ber\u00e4t und hilft!\",\"breadcrumb\":{\"@id\":\"https:\\\/\\\/www.topro.nl\\\/de\\\/varken-programma\\\/schweineprogramm-pigletstart\\\/pigletstart-kolostrum\\\/#breadcrumb\"},\"inLanguage\":\"de\",\"potentialAction\":[{\"@type\":\"ReadAction\",\"target\":[\"https:\\\/\\\/www.topro.nl\\\/de\\\/varken-programma\\\/schweineprogramm-pigletstart\\\/pigletstart-kolostrum\\\/\"]}]},{\"@type\":\"BreadcrumbList\",\"@id\":\"https:\\\/\\\/www.topro.nl\\\/de\\\/varken-programma\\\/schweineprogramm-pigletstart\\\/pigletstart-kolostrum\\\/#breadcrumb\",\"itemListElement\":[{\"@type\":\"ListItem\",\"position\":1,\"name\":\"Home\",\"item\":\"https:\\\/\\\/www.topro.nl\\\/de\\\/\"},{\"@type\":\"ListItem\",\"position\":2,\"name\":\"Schweineprogramm\",\"item\":\"https:\\\/\\\/www.topro.nl\\\/de\\\/varken-programma\\\/\"},{\"@type\":\"ListItem\",\"position\":3,\"name\":\"Schweineprogramm PigletStart\",\"item\":\"https:\\\/\\\/www.topro.nl\\\/de\\\/varken-programma\\\/schweineprogramm-pigletstart\\\/\"},{\"@type\":\"ListItem\",\"position\":4,\"name\":\"PigletStart Kolostrum\"}]},{\"@type\":\"WebSite\",\"@id\":\"https:\\\/\\\/www.topro.nl\\\/de\\\/#website\",\"url\":\"https:\\\/\\\/www.topro.nl\\\/de\\\/\",\"name\":\"Topro Animal Health\",\"description\":\"\",\"publisher\":{\"@id\":\"https:\\\/\\\/www.topro.nl\\\/de\\\/#organization\"},\"potentialAction\":[{\"@type\":\"SearchAction\",\"target\":{\"@type\":\"EntryPoint\",\"urlTemplate\":\"https:\\\/\\\/www.topro.nl\\\/de\\\/?s={search_term_string}\"},\"query-input\":{\"@type\":\"PropertyValueSpecification\",\"valueRequired\":true,\"valueName\":\"search_term_string\"}}],\"inLanguage\":\"de\"},{\"@type\":\"Organization\",\"@id\":\"https:\\\/\\\/www.topro.nl\\\/de\\\/#organization\",\"name\":\"Horizont Afrastering\",\"url\":\"https:\\\/\\\/www.topro.nl\\\/de\\\/\",\"logo\":{\"@type\":\"ImageObject\",\"inLanguage\":\"de\",\"@id\":\"https:\\\/\\\/www.topro.nl\\\/de\\\/#\\\/schema\\\/logo\\\/image\\\/\",\"url\":\"\",\"contentUrl\":\"\",\"caption\":\"Horizont Afrastering\"},\"image\":{\"@id\":\"https:\\\/\\\/www.topro.nl\\\/de\\\/#\\\/schema\\\/logo\\\/image\\\/\"}}]}<\/script>\n<!-- \/ Yoast SEO plugin. -->","yoast_head_json":{"title":"PigletStart Kolostrum - Topro Animal Health","description":"PigletStart Kolostrum: Ein guter Start f\u00fcr neugeborene Ferkel beginnt mit Kolostrum in ausreichender Qualit\u00e4t. Topro ber\u00e4t und hilft!","robots":{"index":"index","follow":"follow","max-snippet":"max-snippet:-1","max-image-preview":"max-image-preview:large","max-video-preview":"max-video-preview:-1"},"canonical":"https:\/\/www.topro.nl\/de\/varken-programma\/schweineprogramm-pigletstart\/pigletstart-kolostrum\/","og_locale":"de_DE","og_type":"article","og_title":"PigletStart Kolostrum - Topro Animal Health","og_description":"PigletStart Kolostrum: Ein guter Start f\u00fcr neugeborene Ferkel beginnt mit Kolostrum in ausreichender Qualit\u00e4t. Topro ber\u00e4t und hilft!","og_url":"https:\/\/www.topro.nl\/de\/varken-programma\/schweineprogramm-pigletstart\/pigletstart-kolostrum\/","og_site_name":"Topro Animal Health","article_modified_time":"2021-06-18T06:52:29+00:00","twitter_card":"summary_large_image","twitter_misc":{"Gesch\u00e4tzte Lesezeit":"1\u00a0Minute"},"schema":{"@context":"https:\/\/schema.org","@graph":[{"@type":"WebPage","@id":"https:\/\/www.topro.nl\/de\/varken-programma\/schweineprogramm-pigletstart\/pigletstart-kolostrum\/","url":"https:\/\/www.topro.nl\/de\/varken-programma\/schweineprogramm-pigletstart\/pigletstart-kolostrum\/","name":"PigletStart Kolostrum - Topro Animal Health","isPartOf":{"@id":"https:\/\/www.topro.nl\/de\/#website"},"datePublished":"2021-06-10T07:46:14+00:00","dateModified":"2021-06-18T06:52:29+00:00","description":"PigletStart Kolostrum: Ein guter Start f\u00fcr neugeborene Ferkel beginnt mit Kolostrum in ausreichender Qualit\u00e4t. Topro ber\u00e4t und hilft!","breadcrumb":{"@id":"https:\/\/www.topro.nl\/de\/varken-programma\/schweineprogramm-pigletstart\/pigletstart-kolostrum\/#breadcrumb"},"inLanguage":"de","potentialAction":[{"@type":"ReadAction","target":["https:\/\/www.topro.nl\/de\/varken-programma\/schweineprogramm-pigletstart\/pigletstart-kolostrum\/"]}]},{"@type":"BreadcrumbList","@id":"https:\/\/www.topro.nl\/de\/varken-programma\/schweineprogramm-pigletstart\/pigletstart-kolostrum\/#breadcrumb","itemListElement":[{"@type":"ListItem","position":1,"name":"Home","item":"https:\/\/www.topro.nl\/de\/"},{"@type":"ListItem","position":2,"name":"Schweineprogramm","item":"https:\/\/www.topro.nl\/de\/varken-programma\/"},{"@type":"ListItem","position":3,"name":"Schweineprogramm PigletStart","item":"https:\/\/www.topro.nl\/de\/varken-programma\/schweineprogramm-pigletstart\/"},{"@type":"ListItem","position":4,"name":"PigletStart Kolostrum"}]},{"@type":"WebSite","@id":"https:\/\/www.topro.nl\/de\/#website","url":"https:\/\/www.topro.nl\/de\/","name":"Topro Animal Health","description":"","publisher":{"@id":"https:\/\/www.topro.nl\/de\/#organization"},"potentialAction":[{"@type":"SearchAction","target":{"@type":"EntryPoint","urlTemplate":"https:\/\/www.topro.nl\/de\/?s={search_term_string}"},"query-input":{"@type":"PropertyValueSpecification","valueRequired":true,"valueName":"search_term_string"}}],"inLanguage":"de"},{"@type":"Organization","@id":"https:\/\/www.topro.nl\/de\/#organization","name":"Horizont Afrastering","url":"https:\/\/www.topro.nl\/de\/","logo":{"@type":"ImageObject","inLanguage":"de","@id":"https:\/\/www.topro.nl\/de\/#\/schema\/logo\/image\/","url":"","contentUrl":"","caption":"Horizont Afrastering"},"image":{"@id":"https:\/\/www.topro.nl\/de\/#\/schema\/logo\/image\/"}}]}},"_links":{"self":[{"href":"https:\/\/www.topro.nl\/de\/wp-json\/wp\/v2\/pages\/15984","targetHints":{"allow":["GET"]}}],"collection":[{"href":"https:\/\/www.topro.nl\/de\/wp-json\/wp\/v2\/pages"}],"about":[{"href":"https:\/\/www.topro.nl\/de\/wp-json\/wp\/v2\/types\/page"}],"author":[{"embeddable":true,"href":"https:\/\/www.topro.nl\/de\/wp-json\/wp\/v2\/users\/55"}],"replies":[{"embeddable":true,"href":"https:\/\/www.topro.nl\/de\/wp-json\/wp\/v2\/comments?post=15984"}],"version-history":[{"count":4,"href":"https:\/\/www.topro.nl\/de\/wp-json\/wp\/v2\/pages\/15984\/revisions"}],"predecessor-version":[{"id":16279,"href":"https:\/\/www.topro.nl\/de\/wp-json\/wp\/v2\/pages\/15984\/revisions\/16279"}],"up":[{"embeddable":true,"href":"https:\/\/www.topro.nl\/de\/wp-json\/wp\/v2\/pages\/15979"}],"wp:attachment":[{"href":"https:\/\/www.topro.nl\/de\/wp-json\/wp\/v2\/media?parent=15984"}],"curies":[{"name":"wp","href":"https:\/\/api.w.org\/{rel}","templated":true}]}}