{"id":15977,"date":"2021-06-10T07:31:21","date_gmt":"2021-06-10T07:31:21","guid":{"rendered":"https:\/\/www.topro.nl\/varken-programma\/schweineprogramm-fertisow\/"},"modified":"2021-06-18T06:23:15","modified_gmt":"2021-06-18T06:23:15","slug":"schweineprogramm-fertisow","status":"publish","type":"page","link":"https:\/\/www.topro.nl\/de\/varken-programma\/schweineprogramm-fertisow\/","title":{"rendered":"Schweineprogramm FertiSow"},"content":{"rendered":"<p>Eine gute Fruchtbarkeit bei Sauen ist die Basis f\u00fcr ein gutes Betriebsergebnis. Dies macht die Fruchtbarkeit zu einem wichtigen Aspekt, um Ziele zu erreichen. Es gibt mehrere Parameter, die Aufschluss \u00fcber den Fruchtbarkeitsstatus geben. Sie k\u00f6nnen das Alter bei der ersten Besamung, die Anzahl der Tage zwischen dem Absetzen und der ersten Besamung, die Anzahl der Besamungen pro Anpaarung, Mumien, die Anzahl der lebenden und totgeborenen Ferkel anzeigen. Es gibt viele Daten, die analysiert und kontrolliert werden k\u00f6nnen. Das FertiSow Schweineprogramm wurde speziell f\u00fcr diesen Zweck entwickelt.<\/p>\n<h3><span style=\"color: #009cde\">Fruchtbarkeit bei Sauen<\/span><\/h3>\n<p>Sie ist die Kennzahl, die am meisten zur Bilanz des Sauenbauers beitr\u00e4gt: die Zahl der lebend geborenen Ferkel. Um viele lebendgeborene Ferkel zur Welt zu bringen, muss die Fruchtbarkeit der Sau m\u00f6glichst optimal sein. Mineralien spielen dabei eine wichtige Rolle.<\/p>\n<p>Viel Aufmerksamkeit wird auch den Mikromineralien oder: Spurenelementen geschenkt (Peters &amp; Mahan 2008). Die wichtigsten sind Kupfer, Mangan, Zink, Jod, Eisen, Kobalt und Selen. Mangan ist zum Beispiel wichtig f\u00fcr die Fortpflanzung und den Stoffwechsel. Ein Mangel daran f\u00fchrt zu schwach geborenen Ferkeln, unregelm\u00e4\u00dfigem Brunst und verminderter Milchleistung. Es ist bekannt, dass Zinkmangel den Abferkelprozess verl\u00e4ngert, was zu mehr totgeborenen Ferkeln und kleinen W\u00fcrfen schwacher Ferkel f\u00fchrt. Ein Jodmangel hat auch zur Folge, dass sich der Abferkelprozess mit all seinen Folgen verl\u00e4ngert (Boehringer Ingelheim, 2013).<\/p>\n<p>Es ist wissenschaftlich erwiesen, dass hochproduktive Sauen mehr (Mikro-)Mineralien verbrauchen als leistungsschwache Sauen. In den letzten 20 Jahren ist die Ferkelproduktion pro Sau und Jahr um mehr als 30 % gestiegen (Boehringer Ingelheim, 2013). Damit gewinnt auch die Versorgung mit Mineralstoffen und Spurenelementen immer mehr an Bedeutung. Organisch gebundene Spurenelemente bieten Vorteile, da sie besser vom K\u00f6rper aufgenommen werden.<\/p>\n","protected":false},"excerpt":{"rendered":"<p>Eine gute Fruchtbarkeit bei Sauen ist die Basis f\u00fcr ein gutes Betriebsergebnis. Dies macht die Fruchtbarkeit zu einem wichtigen Aspekt, [&hellip;]<\/p>\n","protected":false},"author":55,"featured_media":0,"parent":11775,"menu_order":0,"comment_status":"closed","ping_status":"closed","template":"","meta":{"_acf_changed":false,"ngg_post_thumbnail":0,"footnotes":""},"class_list":["post-15977","page","type-page","status-publish","hentry"],"acf":[],"yoast_head":"<!-- This site is optimized with the Yoast SEO plugin v27.3 - https:\/\/yoast.com\/product\/yoast-seo-wordpress\/ -->\n<title>Schweineprogramm FertiSow - Topro Animal Health<\/title>\n<meta name=\"description\" content=\"Schweineprogramm FertiSow: Eine gute Fruchtbarkeit bei Sauen ist die Basis f\u00fcr ein gutes Betriebsergebnis. Topro ber\u00e4t und hilft!\" \/>\n<meta name=\"robots\" content=\"index, follow, max-snippet:-1, max-image-preview:large, max-video-preview:-1\" \/>\n<link rel=\"canonical\" href=\"https:\/\/www.topro.nl\/de\/varken-programma\/schweineprogramm-fertisow\/\" \/>\n<meta property=\"og:locale\" content=\"de_DE\" \/>\n<meta property=\"og:type\" content=\"article\" \/>\n<meta property=\"og:title\" content=\"Schweineprogramm FertiSow - Topro Animal Health\" \/>\n<meta property=\"og:description\" content=\"Schweineprogramm FertiSow: Eine gute Fruchtbarkeit bei Sauen ist die Basis f\u00fcr ein gutes Betriebsergebnis. Topro ber\u00e4t und hilft!\" \/>\n<meta property=\"og:url\" content=\"https:\/\/www.topro.nl\/de\/varken-programma\/schweineprogramm-fertisow\/\" \/>\n<meta property=\"og:site_name\" content=\"Topro Animal Health\" \/>\n<meta property=\"article:modified_time\" content=\"2021-06-18T06:23:15+00:00\" \/>\n<meta name=\"twitter:card\" content=\"summary_large_image\" \/>\n<meta name=\"twitter:label1\" content=\"Gesch\u00e4tzte Lesezeit\" \/>\n\t<meta name=\"twitter:data1\" content=\"1\u00a0Minute\" \/>\n<script type=\"application\/ld+json\" class=\"yoast-schema-graph\">{\"@context\":\"https:\\\/\\\/schema.org\",\"@graph\":[{\"@type\":\"WebPage\",\"@id\":\"https:\\\/\\\/www.topro.nl\\\/de\\\/varken-programma\\\/schweineprogramm-fertisow\\\/\",\"url\":\"https:\\\/\\\/www.topro.nl\\\/de\\\/varken-programma\\\/schweineprogramm-fertisow\\\/\",\"name\":\"Schweineprogramm FertiSow - Topro Animal Health\",\"isPartOf\":{\"@id\":\"https:\\\/\\\/www.topro.nl\\\/de\\\/#website\"},\"datePublished\":\"2021-06-10T07:31:21+00:00\",\"dateModified\":\"2021-06-18T06:23:15+00:00\",\"description\":\"Schweineprogramm FertiSow: Eine gute Fruchtbarkeit bei Sauen ist die Basis f\u00fcr ein gutes Betriebsergebnis. Topro ber\u00e4t und hilft!\",\"breadcrumb\":{\"@id\":\"https:\\\/\\\/www.topro.nl\\\/de\\\/varken-programma\\\/schweineprogramm-fertisow\\\/#breadcrumb\"},\"inLanguage\":\"de\",\"potentialAction\":[{\"@type\":\"ReadAction\",\"target\":[\"https:\\\/\\\/www.topro.nl\\\/de\\\/varken-programma\\\/schweineprogramm-fertisow\\\/\"]}]},{\"@type\":\"BreadcrumbList\",\"@id\":\"https:\\\/\\\/www.topro.nl\\\/de\\\/varken-programma\\\/schweineprogramm-fertisow\\\/#breadcrumb\",\"itemListElement\":[{\"@type\":\"ListItem\",\"position\":1,\"name\":\"Home\",\"item\":\"https:\\\/\\\/www.topro.nl\\\/de\\\/\"},{\"@type\":\"ListItem\",\"position\":2,\"name\":\"Schweineprogramm\",\"item\":\"https:\\\/\\\/www.topro.nl\\\/de\\\/varken-programma\\\/\"},{\"@type\":\"ListItem\",\"position\":3,\"name\":\"Schweineprogramm FertiSow\"}]},{\"@type\":\"WebSite\",\"@id\":\"https:\\\/\\\/www.topro.nl\\\/de\\\/#website\",\"url\":\"https:\\\/\\\/www.topro.nl\\\/de\\\/\",\"name\":\"Topro Animal Health\",\"description\":\"\",\"publisher\":{\"@id\":\"https:\\\/\\\/www.topro.nl\\\/de\\\/#organization\"},\"potentialAction\":[{\"@type\":\"SearchAction\",\"target\":{\"@type\":\"EntryPoint\",\"urlTemplate\":\"https:\\\/\\\/www.topro.nl\\\/de\\\/?s={search_term_string}\"},\"query-input\":{\"@type\":\"PropertyValueSpecification\",\"valueRequired\":true,\"valueName\":\"search_term_string\"}}],\"inLanguage\":\"de\"},{\"@type\":\"Organization\",\"@id\":\"https:\\\/\\\/www.topro.nl\\\/de\\\/#organization\",\"name\":\"Horizont Afrastering\",\"url\":\"https:\\\/\\\/www.topro.nl\\\/de\\\/\",\"logo\":{\"@type\":\"ImageObject\",\"inLanguage\":\"de\",\"@id\":\"https:\\\/\\\/www.topro.nl\\\/de\\\/#\\\/schema\\\/logo\\\/image\\\/\",\"url\":\"\",\"contentUrl\":\"\",\"caption\":\"Horizont Afrastering\"},\"image\":{\"@id\":\"https:\\\/\\\/www.topro.nl\\\/de\\\/#\\\/schema\\\/logo\\\/image\\\/\"}}]}<\/script>\n<!-- \/ Yoast SEO plugin. -->","yoast_head_json":{"title":"Schweineprogramm FertiSow - Topro Animal Health","description":"Schweineprogramm FertiSow: Eine gute Fruchtbarkeit bei Sauen ist die Basis f\u00fcr ein gutes Betriebsergebnis. Topro ber\u00e4t und hilft!","robots":{"index":"index","follow":"follow","max-snippet":"max-snippet:-1","max-image-preview":"max-image-preview:large","max-video-preview":"max-video-preview:-1"},"canonical":"https:\/\/www.topro.nl\/de\/varken-programma\/schweineprogramm-fertisow\/","og_locale":"de_DE","og_type":"article","og_title":"Schweineprogramm FertiSow - Topro Animal Health","og_description":"Schweineprogramm FertiSow: Eine gute Fruchtbarkeit bei Sauen ist die Basis f\u00fcr ein gutes Betriebsergebnis. Topro ber\u00e4t und hilft!","og_url":"https:\/\/www.topro.nl\/de\/varken-programma\/schweineprogramm-fertisow\/","og_site_name":"Topro Animal Health","article_modified_time":"2021-06-18T06:23:15+00:00","twitter_card":"summary_large_image","twitter_misc":{"Gesch\u00e4tzte Lesezeit":"1\u00a0Minute"},"schema":{"@context":"https:\/\/schema.org","@graph":[{"@type":"WebPage","@id":"https:\/\/www.topro.nl\/de\/varken-programma\/schweineprogramm-fertisow\/","url":"https:\/\/www.topro.nl\/de\/varken-programma\/schweineprogramm-fertisow\/","name":"Schweineprogramm FertiSow - Topro Animal Health","isPartOf":{"@id":"https:\/\/www.topro.nl\/de\/#website"},"datePublished":"2021-06-10T07:31:21+00:00","dateModified":"2021-06-18T06:23:15+00:00","description":"Schweineprogramm FertiSow: Eine gute Fruchtbarkeit bei Sauen ist die Basis f\u00fcr ein gutes Betriebsergebnis. Topro ber\u00e4t und hilft!","breadcrumb":{"@id":"https:\/\/www.topro.nl\/de\/varken-programma\/schweineprogramm-fertisow\/#breadcrumb"},"inLanguage":"de","potentialAction":[{"@type":"ReadAction","target":["https:\/\/www.topro.nl\/de\/varken-programma\/schweineprogramm-fertisow\/"]}]},{"@type":"BreadcrumbList","@id":"https:\/\/www.topro.nl\/de\/varken-programma\/schweineprogramm-fertisow\/#breadcrumb","itemListElement":[{"@type":"ListItem","position":1,"name":"Home","item":"https:\/\/www.topro.nl\/de\/"},{"@type":"ListItem","position":2,"name":"Schweineprogramm","item":"https:\/\/www.topro.nl\/de\/varken-programma\/"},{"@type":"ListItem","position":3,"name":"Schweineprogramm FertiSow"}]},{"@type":"WebSite","@id":"https:\/\/www.topro.nl\/de\/#website","url":"https:\/\/www.topro.nl\/de\/","name":"Topro Animal Health","description":"","publisher":{"@id":"https:\/\/www.topro.nl\/de\/#organization"},"potentialAction":[{"@type":"SearchAction","target":{"@type":"EntryPoint","urlTemplate":"https:\/\/www.topro.nl\/de\/?s={search_term_string}"},"query-input":{"@type":"PropertyValueSpecification","valueRequired":true,"valueName":"search_term_string"}}],"inLanguage":"de"},{"@type":"Organization","@id":"https:\/\/www.topro.nl\/de\/#organization","name":"Horizont Afrastering","url":"https:\/\/www.topro.nl\/de\/","logo":{"@type":"ImageObject","inLanguage":"de","@id":"https:\/\/www.topro.nl\/de\/#\/schema\/logo\/image\/","url":"","contentUrl":"","caption":"Horizont Afrastering"},"image":{"@id":"https:\/\/www.topro.nl\/de\/#\/schema\/logo\/image\/"}}]}},"_links":{"self":[{"href":"https:\/\/www.topro.nl\/de\/wp-json\/wp\/v2\/pages\/15977","targetHints":{"allow":["GET"]}}],"collection":[{"href":"https:\/\/www.topro.nl\/de\/wp-json\/wp\/v2\/pages"}],"about":[{"href":"https:\/\/www.topro.nl\/de\/wp-json\/wp\/v2\/types\/page"}],"author":[{"embeddable":true,"href":"https:\/\/www.topro.nl\/de\/wp-json\/wp\/v2\/users\/55"}],"replies":[{"embeddable":true,"href":"https:\/\/www.topro.nl\/de\/wp-json\/wp\/v2\/comments?post=15977"}],"version-history":[{"count":4,"href":"https:\/\/www.topro.nl\/de\/wp-json\/wp\/v2\/pages\/15977\/revisions"}],"predecessor-version":[{"id":16272,"href":"https:\/\/www.topro.nl\/de\/wp-json\/wp\/v2\/pages\/15977\/revisions\/16272"}],"up":[{"embeddable":true,"href":"https:\/\/www.topro.nl\/de\/wp-json\/wp\/v2\/pages\/11775"}],"wp:attachment":[{"href":"https:\/\/www.topro.nl\/de\/wp-json\/wp\/v2\/media?parent=15977"}],"curies":[{"name":"wp","href":"https:\/\/api.w.org\/{rel}","templated":true}]}}