{"id":15017,"date":"2020-12-03T07:17:55","date_gmt":"2020-12-03T07:17:55","guid":{"rendered":"https:\/\/www.topro.nl\/rundvee-programma\/optimilk\/drinkwaterkwaliteit\/"},"modified":"2021-06-24T08:41:30","modified_gmt":"2021-06-24T08:41:30","slug":"trinkwasserqualitaet","status":"publish","type":"page","link":"https:\/\/www.topro.nl\/de\/rinderprogramm\/optimilk\/trinkwasserqualitaet\/","title":{"rendered":"optiMilk &#8211; Trinkwasserqualit\u00e4t"},"content":{"rendered":"<h3><span style=\"color: #009cde\">Trinkwasserqualit\u00e4t verdient Aufmerksamkeit<\/span><\/h3>\n<p>Die Trinkwasserqualit\u00e4t ist f\u00fcr eine gut funktionierende Milchkuh extrem wichtig. Mehr als die H\u00e4lfte ihrer Tagesration besteht aus Wasser und f\u00fcr die Produktion von 1 Liter Milch werden deutlich mehr als 1 Liter Wasser ben\u00f6tigt. Frisches Trinkwasser von guter Qualit\u00e4t ist eine Voraussetzung f\u00fcr eine gute Milchleistung und die Gesundheit der K\u00fche.<\/p>\n<h3><span style=\"color: #009cde\"><strong>Wasserverwaltung<\/strong><\/span><\/h3>\n<p>Der Hauptbestandteil von Milch ist Wasser! Die Wasserqualit\u00e4t (und Wasserversorgung) kann daher einen gro\u00dfen Einfluss auf eine gute Futteraufnahme und Milchleistung haben.<\/p>\n<h3><span style=\"color: #009cde\"><strong>Was ist gutes Wasser?<\/strong><\/span><\/h3>\n<p>Durch die Verwendung von Leitungswasser k\u00f6nnen Sie sich auf qualitativ hochwertiges Trinkwasser verlassen. Oft wird aber auch Quellwasser verwendet. Brunnenwasser kann n\u00fctzlich sein, kann aber in der Qualit\u00e4t stark schwanken. Verschmutztes Wasser wirkt sich auch auf eine gesunde Kuh negativ aus. Denn das Immunsystem wird aktiviert und das kostet Energie, die nicht mehr f\u00fcr die Milchleistung verwendet wird. Daher ist es f\u00fcr hochproduktive Tiere wertvoll, Trinkwasser in guter Qualit\u00e4t bereitzustellen.<\/p>\n","protected":false},"excerpt":{"rendered":"<p>Trinkwasserqualit\u00e4t verdient Aufmerksamkeit Die Trinkwasserqualit\u00e4t ist f\u00fcr eine gut funktionierende Milchkuh extrem wichtig. Mehr als die H\u00e4lfte ihrer Tagesration besteht [&hellip;]<\/p>\n","protected":false},"author":55,"featured_media":0,"parent":11841,"menu_order":0,"comment_status":"closed","ping_status":"closed","template":"","meta":{"_acf_changed":false,"ngg_post_thumbnail":0,"footnotes":""},"class_list":["post-15017","page","type-page","status-publish","hentry"],"acf":[],"yoast_head":"<!-- This site is optimized with the Yoast SEO plugin v27.3 - https:\/\/yoast.com\/product\/yoast-seo-wordpress\/ -->\n<title>optiMilk - Trinkwasserqualit\u00e4t - Topro Animal Health<\/title>\n<meta name=\"description\" content=\"Frisches Trinkwasser von guter Qualit\u00e4t ist eine Voraussetzung f\u00fcr eine gute Milchleistung und die Gesundheit der K\u00fche. Topro ber\u00e4t Sie gerne!\" \/>\n<meta name=\"robots\" content=\"index, follow, max-snippet:-1, max-image-preview:large, max-video-preview:-1\" \/>\n<link rel=\"canonical\" href=\"https:\/\/www.topro.nl\/de\/rinderprogramm\/optimilk\/trinkwasserqualitaet\/\" \/>\n<meta property=\"og:locale\" content=\"de_DE\" \/>\n<meta property=\"og:type\" content=\"article\" \/>\n<meta property=\"og:title\" content=\"optiMilk - Trinkwasserqualit\u00e4t - Topro Animal Health\" \/>\n<meta property=\"og:description\" content=\"Frisches Trinkwasser von guter Qualit\u00e4t ist eine Voraussetzung f\u00fcr eine gute Milchleistung und die Gesundheit der K\u00fche. Topro ber\u00e4t Sie gerne!\" \/>\n<meta property=\"og:url\" content=\"https:\/\/www.topro.nl\/de\/rinderprogramm\/optimilk\/trinkwasserqualitaet\/\" \/>\n<meta property=\"og:site_name\" content=\"Topro Animal Health\" \/>\n<meta property=\"article:modified_time\" content=\"2021-06-24T08:41:30+00:00\" \/>\n<meta name=\"twitter:card\" content=\"summary_large_image\" \/>\n<meta name=\"twitter:label1\" content=\"Gesch\u00e4tzte Lesezeit\" \/>\n\t<meta name=\"twitter:data1\" content=\"1\u00a0Minute\" \/>\n<script type=\"application\/ld+json\" class=\"yoast-schema-graph\">{\"@context\":\"https:\\\/\\\/schema.org\",\"@graph\":[{\"@type\":\"WebPage\",\"@id\":\"https:\\\/\\\/www.topro.nl\\\/de\\\/rinderprogramm\\\/optimilk\\\/trinkwasserqualitaet\\\/\",\"url\":\"https:\\\/\\\/www.topro.nl\\\/de\\\/rinderprogramm\\\/optimilk\\\/trinkwasserqualitaet\\\/\",\"name\":\"optiMilk - Trinkwasserqualit\u00e4t - Topro Animal Health\",\"isPartOf\":{\"@id\":\"https:\\\/\\\/www.topro.nl\\\/de\\\/#website\"},\"datePublished\":\"2020-12-03T07:17:55+00:00\",\"dateModified\":\"2021-06-24T08:41:30+00:00\",\"description\":\"Frisches Trinkwasser von guter Qualit\u00e4t ist eine Voraussetzung f\u00fcr eine gute Milchleistung und die Gesundheit der K\u00fche. Topro ber\u00e4t Sie gerne!\",\"breadcrumb\":{\"@id\":\"https:\\\/\\\/www.topro.nl\\\/de\\\/rinderprogramm\\\/optimilk\\\/trinkwasserqualitaet\\\/#breadcrumb\"},\"inLanguage\":\"de\",\"potentialAction\":[{\"@type\":\"ReadAction\",\"target\":[\"https:\\\/\\\/www.topro.nl\\\/de\\\/rinderprogramm\\\/optimilk\\\/trinkwasserqualitaet\\\/\"]}]},{\"@type\":\"BreadcrumbList\",\"@id\":\"https:\\\/\\\/www.topro.nl\\\/de\\\/rinderprogramm\\\/optimilk\\\/trinkwasserqualitaet\\\/#breadcrumb\",\"itemListElement\":[{\"@type\":\"ListItem\",\"position\":1,\"name\":\"Home\",\"item\":\"https:\\\/\\\/www.topro.nl\\\/de\\\/\"},{\"@type\":\"ListItem\",\"position\":2,\"name\":\"Rinderprogramm\",\"item\":\"https:\\\/\\\/www.topro.nl\\\/de\\\/rinderprogramm\\\/\"},{\"@type\":\"ListItem\",\"position\":3,\"name\":\"Rinderprogramm optiMilk\",\"item\":\"https:\\\/\\\/www.topro.nl\\\/de\\\/rinderprogramm\\\/optimilk\\\/\"},{\"@type\":\"ListItem\",\"position\":4,\"name\":\"optiMilk &#8211; Trinkwasserqualit\u00e4t\"}]},{\"@type\":\"WebSite\",\"@id\":\"https:\\\/\\\/www.topro.nl\\\/de\\\/#website\",\"url\":\"https:\\\/\\\/www.topro.nl\\\/de\\\/\",\"name\":\"Topro Animal Health\",\"description\":\"\",\"publisher\":{\"@id\":\"https:\\\/\\\/www.topro.nl\\\/de\\\/#organization\"},\"potentialAction\":[{\"@type\":\"SearchAction\",\"target\":{\"@type\":\"EntryPoint\",\"urlTemplate\":\"https:\\\/\\\/www.topro.nl\\\/de\\\/?s={search_term_string}\"},\"query-input\":{\"@type\":\"PropertyValueSpecification\",\"valueRequired\":true,\"valueName\":\"search_term_string\"}}],\"inLanguage\":\"de\"},{\"@type\":\"Organization\",\"@id\":\"https:\\\/\\\/www.topro.nl\\\/de\\\/#organization\",\"name\":\"Horizont Afrastering\",\"url\":\"https:\\\/\\\/www.topro.nl\\\/de\\\/\",\"logo\":{\"@type\":\"ImageObject\",\"inLanguage\":\"de\",\"@id\":\"https:\\\/\\\/www.topro.nl\\\/de\\\/#\\\/schema\\\/logo\\\/image\\\/\",\"url\":\"\",\"contentUrl\":\"\",\"caption\":\"Horizont Afrastering\"},\"image\":{\"@id\":\"https:\\\/\\\/www.topro.nl\\\/de\\\/#\\\/schema\\\/logo\\\/image\\\/\"}}]}<\/script>\n<!-- \/ Yoast SEO plugin. -->","yoast_head_json":{"title":"optiMilk - Trinkwasserqualit\u00e4t - Topro Animal Health","description":"Frisches Trinkwasser von guter Qualit\u00e4t ist eine Voraussetzung f\u00fcr eine gute Milchleistung und die Gesundheit der K\u00fche. Topro ber\u00e4t Sie gerne!","robots":{"index":"index","follow":"follow","max-snippet":"max-snippet:-1","max-image-preview":"max-image-preview:large","max-video-preview":"max-video-preview:-1"},"canonical":"https:\/\/www.topro.nl\/de\/rinderprogramm\/optimilk\/trinkwasserqualitaet\/","og_locale":"de_DE","og_type":"article","og_title":"optiMilk - Trinkwasserqualit\u00e4t - Topro Animal Health","og_description":"Frisches Trinkwasser von guter Qualit\u00e4t ist eine Voraussetzung f\u00fcr eine gute Milchleistung und die Gesundheit der K\u00fche. Topro ber\u00e4t Sie gerne!","og_url":"https:\/\/www.topro.nl\/de\/rinderprogramm\/optimilk\/trinkwasserqualitaet\/","og_site_name":"Topro Animal Health","article_modified_time":"2021-06-24T08:41:30+00:00","twitter_card":"summary_large_image","twitter_misc":{"Gesch\u00e4tzte Lesezeit":"1\u00a0Minute"},"schema":{"@context":"https:\/\/schema.org","@graph":[{"@type":"WebPage","@id":"https:\/\/www.topro.nl\/de\/rinderprogramm\/optimilk\/trinkwasserqualitaet\/","url":"https:\/\/www.topro.nl\/de\/rinderprogramm\/optimilk\/trinkwasserqualitaet\/","name":"optiMilk - Trinkwasserqualit\u00e4t - Topro Animal Health","isPartOf":{"@id":"https:\/\/www.topro.nl\/de\/#website"},"datePublished":"2020-12-03T07:17:55+00:00","dateModified":"2021-06-24T08:41:30+00:00","description":"Frisches Trinkwasser von guter Qualit\u00e4t ist eine Voraussetzung f\u00fcr eine gute Milchleistung und die Gesundheit der K\u00fche. Topro ber\u00e4t Sie gerne!","breadcrumb":{"@id":"https:\/\/www.topro.nl\/de\/rinderprogramm\/optimilk\/trinkwasserqualitaet\/#breadcrumb"},"inLanguage":"de","potentialAction":[{"@type":"ReadAction","target":["https:\/\/www.topro.nl\/de\/rinderprogramm\/optimilk\/trinkwasserqualitaet\/"]}]},{"@type":"BreadcrumbList","@id":"https:\/\/www.topro.nl\/de\/rinderprogramm\/optimilk\/trinkwasserqualitaet\/#breadcrumb","itemListElement":[{"@type":"ListItem","position":1,"name":"Home","item":"https:\/\/www.topro.nl\/de\/"},{"@type":"ListItem","position":2,"name":"Rinderprogramm","item":"https:\/\/www.topro.nl\/de\/rinderprogramm\/"},{"@type":"ListItem","position":3,"name":"Rinderprogramm optiMilk","item":"https:\/\/www.topro.nl\/de\/rinderprogramm\/optimilk\/"},{"@type":"ListItem","position":4,"name":"optiMilk &#8211; Trinkwasserqualit\u00e4t"}]},{"@type":"WebSite","@id":"https:\/\/www.topro.nl\/de\/#website","url":"https:\/\/www.topro.nl\/de\/","name":"Topro Animal Health","description":"","publisher":{"@id":"https:\/\/www.topro.nl\/de\/#organization"},"potentialAction":[{"@type":"SearchAction","target":{"@type":"EntryPoint","urlTemplate":"https:\/\/www.topro.nl\/de\/?s={search_term_string}"},"query-input":{"@type":"PropertyValueSpecification","valueRequired":true,"valueName":"search_term_string"}}],"inLanguage":"de"},{"@type":"Organization","@id":"https:\/\/www.topro.nl\/de\/#organization","name":"Horizont Afrastering","url":"https:\/\/www.topro.nl\/de\/","logo":{"@type":"ImageObject","inLanguage":"de","@id":"https:\/\/www.topro.nl\/de\/#\/schema\/logo\/image\/","url":"","contentUrl":"","caption":"Horizont Afrastering"},"image":{"@id":"https:\/\/www.topro.nl\/de\/#\/schema\/logo\/image\/"}}]}},"_links":{"self":[{"href":"https:\/\/www.topro.nl\/de\/wp-json\/wp\/v2\/pages\/15017","targetHints":{"allow":["GET"]}}],"collection":[{"href":"https:\/\/www.topro.nl\/de\/wp-json\/wp\/v2\/pages"}],"about":[{"href":"https:\/\/www.topro.nl\/de\/wp-json\/wp\/v2\/types\/page"}],"author":[{"embeddable":true,"href":"https:\/\/www.topro.nl\/de\/wp-json\/wp\/v2\/users\/55"}],"replies":[{"embeddable":true,"href":"https:\/\/www.topro.nl\/de\/wp-json\/wp\/v2\/comments?post=15017"}],"version-history":[{"count":4,"href":"https:\/\/www.topro.nl\/de\/wp-json\/wp\/v2\/pages\/15017\/revisions"}],"predecessor-version":[{"id":16354,"href":"https:\/\/www.topro.nl\/de\/wp-json\/wp\/v2\/pages\/15017\/revisions\/16354"}],"up":[{"embeddable":true,"href":"https:\/\/www.topro.nl\/de\/wp-json\/wp\/v2\/pages\/11841"}],"wp:attachment":[{"href":"https:\/\/www.topro.nl\/de\/wp-json\/wp\/v2\/media?parent=15017"}],"curies":[{"name":"wp","href":"https:\/\/api.w.org\/{rel}","templated":true}]}}