{"id":11869,"date":"2020-06-02T07:46:24","date_gmt":"2020-06-02T07:46:24","guid":{"rendered":"https:\/\/www.topro.nl\/rundvee-programma\/calfstart\/calfstart-diarree\/"},"modified":"2021-06-24T10:28:57","modified_gmt":"2021-06-24T10:28:57","slug":"durchfall","status":"publish","type":"page","link":"https:\/\/www.topro.nl\/de\/rinderprogramm\/calfstart\/durchfall\/","title":{"rendered":"calfStart &#8211; Durchfall"},"content":{"rendered":"<p>Bei der K\u00e4lberaufzucht ist es nat\u00fcrlich wichtig, den Krankheitsdruck auf den Betrieb so gering wie m\u00f6glich zu halten, damit die Tiergesundheit m\u00f6glichst hoch ist. Durchfall ist eine der h\u00e4ufigsten Erkrankungen bei jungen K\u00e4lbern. Untersuchungen haben gezeigt, dass ein Kalb mit Durchfall 17-mal h\u00e4ufiger Atemprobleme hat und dass die Wahrscheinlichkeit einer erzwungenen Keulung der Milchkuh in der ersten Laktation 2,5-mal h\u00f6her ist (Antonis et al. 2017). Dies hat erhebliche finanzielle Folgen f\u00fcr den Milchviehhalter. Zudem zeigen deutsche Untersuchungen, dass ein Durchfallausbruch zwischen 75 und 145 \u20ac kostet (L\u00fchrmann 2009). Es sind nur Kosten f\u00fcr Medikamente, Elektrolytgetr\u00e4nke und Tierarztbesuche enthalten.<\/p>\n<p>Auch die durch Durchfall verursachte Wachstumsverz\u00f6gerung kostet Geld. Weniger Wachstum bedeutet oft einen sp\u00e4teren Zeitpunkt der Besamung und Kalbung und weniger Milchproduktion, wenn die F\u00e4rse in die Laktation kommt. Untersuchungen zeigen, dass das Tier nach einem Durchfall bei einem F\u00e4rsenkalb durchschnittlich 1 Woche lang nicht w\u00e4chst. Der gesch\u00e4tzte zuk\u00fcnftige Ertragsverlust betr\u00e4gt weitere 75 \u20ac pro Kalb. So kostet ein Durchfallausbruch bei einem F\u00e4rsenkalb durchschnittlich 150 \u20ac pro Kalb.<\/p>\n<p>Durchfall kann mehrere Ursachen haben. Vor allem Bakterien, Viren und Parasiten k\u00f6nnen Verdauungsst\u00f6rungen verursachen und einen gro\u00dfen Einfluss auf die Tiergesundheit haben. Die folgende Abbildung zeigt die Hauptursachen sowie den Zeitraum, in dem die verschiedenen Durchfallarten am h\u00e4ufigsten auftreten\u00a0 (<a href=\"https:\/\/www.topro.nl\/de\/bronvermelding\/\">Rumivar Lerntag K\u00e4lberaufzucht 2017<\/a>).<\/p>\n<p>&nbsp;<\/p>\n<p><img loading=\"lazy\" decoding=\"async\" class=\"center aligncenter wp-image-10933\" src=\"https:\/\/www.topro.nl\/wp-content\/uploads\/Belangrijkste-veroorzakers-diarree-1024x665.png\" alt=\"\" width=\"800\" height=\"520\" srcset=\"https:\/\/www.topro.nl\/wp-content\/uploads\/Belangrijkste-veroorzakers-diarree-1024x665.png 1024w, https:\/\/www.topro.nl\/wp-content\/uploads\/Belangrijkste-veroorzakers-diarree-300x195.png 300w, https:\/\/www.topro.nl\/wp-content\/uploads\/Belangrijkste-veroorzakers-diarree-768x499.png 768w, https:\/\/www.topro.nl\/wp-content\/uploads\/Belangrijkste-veroorzakers-diarree-1536x998.png 1536w, https:\/\/www.topro.nl\/wp-content\/uploads\/Belangrijkste-veroorzakers-diarree-1600x1039.png 1600w, https:\/\/www.topro.nl\/wp-content\/uploads\/Belangrijkste-veroorzakers-diarree-64x42.png 64w, https:\/\/www.topro.nl\/wp-content\/uploads\/Belangrijkste-veroorzakers-diarree-600x390.png 600w, https:\/\/www.topro.nl\/wp-content\/uploads\/Belangrijkste-veroorzakers-diarree.png 1818w\" sizes=\"auto, (max-width: 800px) 100vw, 800px\" \/><\/p>\n<p>In fast allen F\u00e4llen verliert das Kalb viel Fl\u00fcssigkeit, K\u00f6rpersalze und Energie. Innerhalb eines Tages kann das Kalb f\u00fcnf bis zehn Prozent seines K\u00f6rpergewichts an Fl\u00fcssigkeit verlieren (Kehoe und Heinrichs, 2005). Zudem besteht eine hohe Wahrscheinlichkeit, dass das Kalb \u00fcbers\u00e4uert \u2013 der pH-Wert des Blutes sinkt \u2013 weil viele Puffersubstanzen verloren gehen. Auch die Darmwand kann gesch\u00e4digt werden, da manche Durchfallursachen Giftstoffe produzieren. All dies f\u00fchrt dazu, dass das Kalb dehydriert, an Gewicht verliert und im Wachstum zur\u00fcckbleibt. Bei starkem Durchfall kann das Kalb sterben.<\/p>\n<p>Daher ist es \u00e4u\u00dferst wichtig, Durchfall bei K\u00e4lbern schnell und ad\u00e4quat zu behandeln. Das bedeutet, dass das Kalb schnell mit ausreichend Fl\u00fcssigkeit, Energie und K\u00f6rpersalzen (Elektrolyten) versorgt werden muss. Wichtig ist auch, Durchfall zu hemmen und nach M\u00f6glichkeit die Darmwand zu sch\u00fctzen. Dies kann durch F\u00fctterung von Produkten wie Pektinen und Tanninen erfolgen. Nat\u00fcrlich ist es wichtig herauszufinden, was die Ursache von Durchfall ist, um der Krankheit vorzubeugen.<\/p>\n","protected":false},"excerpt":{"rendered":"<p>Bei der K\u00e4lberaufzucht ist es nat\u00fcrlich wichtig, den Krankheitsdruck auf den Betrieb so gering wie m\u00f6glich zu halten, damit die [&hellip;]<\/p>\n","protected":false},"author":55,"featured_media":0,"parent":11867,"menu_order":0,"comment_status":"closed","ping_status":"closed","template":"","meta":{"_acf_changed":false,"ngg_post_thumbnail":0,"footnotes":""},"class_list":["post-11869","page","type-page","status-publish","hentry"],"acf":[],"yoast_head":"<!-- This site is optimized with the Yoast SEO plugin v27.3 - https:\/\/yoast.com\/product\/yoast-seo-wordpress\/ -->\n<title>calfStart - Durchfall - Topro Animal Health<\/title>\n<meta name=\"description\" content=\"Durchfall: In fast allen F\u00e4llen verliert das Kalb bei Durchfall viel Fl\u00fcssigkeit, K\u00f6rpersalze und Energie. Topro-Produkte helfen!\" \/>\n<meta name=\"robots\" content=\"index, follow, max-snippet:-1, max-image-preview:large, max-video-preview:-1\" \/>\n<link rel=\"canonical\" href=\"https:\/\/www.topro.nl\/de\/rinderprogramm\/calfstart\/durchfall\/\" \/>\n<meta property=\"og:locale\" content=\"de_DE\" \/>\n<meta property=\"og:type\" content=\"article\" \/>\n<meta property=\"og:title\" content=\"calfStart - Durchfall - Topro Animal Health\" \/>\n<meta property=\"og:description\" content=\"Durchfall: In fast allen F\u00e4llen verliert das Kalb bei Durchfall viel Fl\u00fcssigkeit, K\u00f6rpersalze und Energie. Topro-Produkte helfen!\" \/>\n<meta property=\"og:url\" content=\"https:\/\/www.topro.nl\/de\/rinderprogramm\/calfstart\/durchfall\/\" \/>\n<meta property=\"og:site_name\" content=\"Topro Animal Health\" \/>\n<meta property=\"article:modified_time\" content=\"2021-06-24T10:28:57+00:00\" \/>\n<meta property=\"og:image\" content=\"https:\/\/www.topro.nl\/wp-content\/uploads\/Belangrijkste-veroorzakers-diarree-1024x665.png\" \/>\n<meta name=\"twitter:card\" content=\"summary_large_image\" \/>\n<meta name=\"twitter:label1\" content=\"Gesch\u00e4tzte Lesezeit\" \/>\n\t<meta name=\"twitter:data1\" content=\"2\u00a0Minuten\" \/>\n<script type=\"application\/ld+json\" class=\"yoast-schema-graph\">{\"@context\":\"https:\\\/\\\/schema.org\",\"@graph\":[{\"@type\":\"WebPage\",\"@id\":\"https:\\\/\\\/www.topro.nl\\\/de\\\/rinderprogramm\\\/calfstart\\\/durchfall\\\/\",\"url\":\"https:\\\/\\\/www.topro.nl\\\/de\\\/rinderprogramm\\\/calfstart\\\/durchfall\\\/\",\"name\":\"calfStart - Durchfall - Topro Animal Health\",\"isPartOf\":{\"@id\":\"https:\\\/\\\/www.topro.nl\\\/de\\\/#website\"},\"primaryImageOfPage\":{\"@id\":\"https:\\\/\\\/www.topro.nl\\\/de\\\/rinderprogramm\\\/calfstart\\\/durchfall\\\/#primaryimage\"},\"image\":{\"@id\":\"https:\\\/\\\/www.topro.nl\\\/de\\\/rinderprogramm\\\/calfstart\\\/durchfall\\\/#primaryimage\"},\"thumbnailUrl\":\"https:\\\/\\\/www.topro.nl\\\/wp-content\\\/uploads\\\/Belangrijkste-veroorzakers-diarree-1024x665.png\",\"datePublished\":\"2020-06-02T07:46:24+00:00\",\"dateModified\":\"2021-06-24T10:28:57+00:00\",\"description\":\"Durchfall: In fast allen F\u00e4llen verliert das Kalb bei Durchfall viel Fl\u00fcssigkeit, K\u00f6rpersalze und Energie. Topro-Produkte helfen!\",\"breadcrumb\":{\"@id\":\"https:\\\/\\\/www.topro.nl\\\/de\\\/rinderprogramm\\\/calfstart\\\/durchfall\\\/#breadcrumb\"},\"inLanguage\":\"de\",\"potentialAction\":[{\"@type\":\"ReadAction\",\"target\":[\"https:\\\/\\\/www.topro.nl\\\/de\\\/rinderprogramm\\\/calfstart\\\/durchfall\\\/\"]}]},{\"@type\":\"ImageObject\",\"inLanguage\":\"de\",\"@id\":\"https:\\\/\\\/www.topro.nl\\\/de\\\/rinderprogramm\\\/calfstart\\\/durchfall\\\/#primaryimage\",\"url\":\"https:\\\/\\\/www.topro.nl\\\/wp-content\\\/uploads\\\/Belangrijkste-veroorzakers-diarree-1024x665.png\",\"contentUrl\":\"https:\\\/\\\/www.topro.nl\\\/wp-content\\\/uploads\\\/Belangrijkste-veroorzakers-diarree-1024x665.png\"},{\"@type\":\"BreadcrumbList\",\"@id\":\"https:\\\/\\\/www.topro.nl\\\/de\\\/rinderprogramm\\\/calfstart\\\/durchfall\\\/#breadcrumb\",\"itemListElement\":[{\"@type\":\"ListItem\",\"position\":1,\"name\":\"Home\",\"item\":\"https:\\\/\\\/www.topro.nl\\\/de\\\/\"},{\"@type\":\"ListItem\",\"position\":2,\"name\":\"Rinderprogramm\",\"item\":\"https:\\\/\\\/www.topro.nl\\\/de\\\/rinderprogramm\\\/\"},{\"@type\":\"ListItem\",\"position\":3,\"name\":\"Rinderprogramm calfStart\",\"item\":\"https:\\\/\\\/www.topro.nl\\\/de\\\/rinderprogramm\\\/calfstart\\\/\"},{\"@type\":\"ListItem\",\"position\":4,\"name\":\"calfStart &#8211; Durchfall\"}]},{\"@type\":\"WebSite\",\"@id\":\"https:\\\/\\\/www.topro.nl\\\/de\\\/#website\",\"url\":\"https:\\\/\\\/www.topro.nl\\\/de\\\/\",\"name\":\"Topro Animal Health\",\"description\":\"\",\"publisher\":{\"@id\":\"https:\\\/\\\/www.topro.nl\\\/de\\\/#organization\"},\"potentialAction\":[{\"@type\":\"SearchAction\",\"target\":{\"@type\":\"EntryPoint\",\"urlTemplate\":\"https:\\\/\\\/www.topro.nl\\\/de\\\/?s={search_term_string}\"},\"query-input\":{\"@type\":\"PropertyValueSpecification\",\"valueRequired\":true,\"valueName\":\"search_term_string\"}}],\"inLanguage\":\"de\"},{\"@type\":\"Organization\",\"@id\":\"https:\\\/\\\/www.topro.nl\\\/de\\\/#organization\",\"name\":\"Horizont Afrastering\",\"url\":\"https:\\\/\\\/www.topro.nl\\\/de\\\/\",\"logo\":{\"@type\":\"ImageObject\",\"inLanguage\":\"de\",\"@id\":\"https:\\\/\\\/www.topro.nl\\\/de\\\/#\\\/schema\\\/logo\\\/image\\\/\",\"url\":\"\",\"contentUrl\":\"\",\"caption\":\"Horizont Afrastering\"},\"image\":{\"@id\":\"https:\\\/\\\/www.topro.nl\\\/de\\\/#\\\/schema\\\/logo\\\/image\\\/\"}}]}<\/script>\n<!-- \/ Yoast SEO plugin. -->","yoast_head_json":{"title":"calfStart - Durchfall - Topro Animal Health","description":"Durchfall: In fast allen F\u00e4llen verliert das Kalb bei Durchfall viel Fl\u00fcssigkeit, K\u00f6rpersalze und Energie. Topro-Produkte helfen!","robots":{"index":"index","follow":"follow","max-snippet":"max-snippet:-1","max-image-preview":"max-image-preview:large","max-video-preview":"max-video-preview:-1"},"canonical":"https:\/\/www.topro.nl\/de\/rinderprogramm\/calfstart\/durchfall\/","og_locale":"de_DE","og_type":"article","og_title":"calfStart - Durchfall - Topro Animal Health","og_description":"Durchfall: In fast allen F\u00e4llen verliert das Kalb bei Durchfall viel Fl\u00fcssigkeit, K\u00f6rpersalze und Energie. Topro-Produkte helfen!","og_url":"https:\/\/www.topro.nl\/de\/rinderprogramm\/calfstart\/durchfall\/","og_site_name":"Topro Animal Health","article_modified_time":"2021-06-24T10:28:57+00:00","og_image":[{"url":"https:\/\/www.topro.nl\/wp-content\/uploads\/Belangrijkste-veroorzakers-diarree-1024x665.png","type":"","width":"","height":""}],"twitter_card":"summary_large_image","twitter_misc":{"Gesch\u00e4tzte Lesezeit":"2\u00a0Minuten"},"schema":{"@context":"https:\/\/schema.org","@graph":[{"@type":"WebPage","@id":"https:\/\/www.topro.nl\/de\/rinderprogramm\/calfstart\/durchfall\/","url":"https:\/\/www.topro.nl\/de\/rinderprogramm\/calfstart\/durchfall\/","name":"calfStart - Durchfall - Topro Animal Health","isPartOf":{"@id":"https:\/\/www.topro.nl\/de\/#website"},"primaryImageOfPage":{"@id":"https:\/\/www.topro.nl\/de\/rinderprogramm\/calfstart\/durchfall\/#primaryimage"},"image":{"@id":"https:\/\/www.topro.nl\/de\/rinderprogramm\/calfstart\/durchfall\/#primaryimage"},"thumbnailUrl":"https:\/\/www.topro.nl\/wp-content\/uploads\/Belangrijkste-veroorzakers-diarree-1024x665.png","datePublished":"2020-06-02T07:46:24+00:00","dateModified":"2021-06-24T10:28:57+00:00","description":"Durchfall: In fast allen F\u00e4llen verliert das Kalb bei Durchfall viel Fl\u00fcssigkeit, K\u00f6rpersalze und Energie. Topro-Produkte helfen!","breadcrumb":{"@id":"https:\/\/www.topro.nl\/de\/rinderprogramm\/calfstart\/durchfall\/#breadcrumb"},"inLanguage":"de","potentialAction":[{"@type":"ReadAction","target":["https:\/\/www.topro.nl\/de\/rinderprogramm\/calfstart\/durchfall\/"]}]},{"@type":"ImageObject","inLanguage":"de","@id":"https:\/\/www.topro.nl\/de\/rinderprogramm\/calfstart\/durchfall\/#primaryimage","url":"https:\/\/www.topro.nl\/wp-content\/uploads\/Belangrijkste-veroorzakers-diarree-1024x665.png","contentUrl":"https:\/\/www.topro.nl\/wp-content\/uploads\/Belangrijkste-veroorzakers-diarree-1024x665.png"},{"@type":"BreadcrumbList","@id":"https:\/\/www.topro.nl\/de\/rinderprogramm\/calfstart\/durchfall\/#breadcrumb","itemListElement":[{"@type":"ListItem","position":1,"name":"Home","item":"https:\/\/www.topro.nl\/de\/"},{"@type":"ListItem","position":2,"name":"Rinderprogramm","item":"https:\/\/www.topro.nl\/de\/rinderprogramm\/"},{"@type":"ListItem","position":3,"name":"Rinderprogramm calfStart","item":"https:\/\/www.topro.nl\/de\/rinderprogramm\/calfstart\/"},{"@type":"ListItem","position":4,"name":"calfStart &#8211; Durchfall"}]},{"@type":"WebSite","@id":"https:\/\/www.topro.nl\/de\/#website","url":"https:\/\/www.topro.nl\/de\/","name":"Topro Animal Health","description":"","publisher":{"@id":"https:\/\/www.topro.nl\/de\/#organization"},"potentialAction":[{"@type":"SearchAction","target":{"@type":"EntryPoint","urlTemplate":"https:\/\/www.topro.nl\/de\/?s={search_term_string}"},"query-input":{"@type":"PropertyValueSpecification","valueRequired":true,"valueName":"search_term_string"}}],"inLanguage":"de"},{"@type":"Organization","@id":"https:\/\/www.topro.nl\/de\/#organization","name":"Horizont Afrastering","url":"https:\/\/www.topro.nl\/de\/","logo":{"@type":"ImageObject","inLanguage":"de","@id":"https:\/\/www.topro.nl\/de\/#\/schema\/logo\/image\/","url":"","contentUrl":"","caption":"Horizont Afrastering"},"image":{"@id":"https:\/\/www.topro.nl\/de\/#\/schema\/logo\/image\/"}}]}},"_links":{"self":[{"href":"https:\/\/www.topro.nl\/de\/wp-json\/wp\/v2\/pages\/11869","targetHints":{"allow":["GET"]}}],"collection":[{"href":"https:\/\/www.topro.nl\/de\/wp-json\/wp\/v2\/pages"}],"about":[{"href":"https:\/\/www.topro.nl\/de\/wp-json\/wp\/v2\/types\/page"}],"author":[{"embeddable":true,"href":"https:\/\/www.topro.nl\/de\/wp-json\/wp\/v2\/users\/55"}],"replies":[{"embeddable":true,"href":"https:\/\/www.topro.nl\/de\/wp-json\/wp\/v2\/comments?post=11869"}],"version-history":[{"count":4,"href":"https:\/\/www.topro.nl\/de\/wp-json\/wp\/v2\/pages\/11869\/revisions"}],"predecessor-version":[{"id":16370,"href":"https:\/\/www.topro.nl\/de\/wp-json\/wp\/v2\/pages\/11869\/revisions\/16370"}],"up":[{"embeddable":true,"href":"https:\/\/www.topro.nl\/de\/wp-json\/wp\/v2\/pages\/11867"}],"wp:attachment":[{"href":"https:\/\/www.topro.nl\/de\/wp-json\/wp\/v2\/media?parent=11869"}],"curies":[{"name":"wp","href":"https:\/\/api.w.org\/{rel}","templated":true}]}}