{"id":11865,"date":"2020-06-02T08:07:34","date_gmt":"2020-06-02T08:07:34","guid":{"rendered":"https:\/\/www.topro.nl\/rundvee-programma\/juniorgrowth\/juniorgrowth-voeding\/"},"modified":"2021-06-24T10:11:42","modified_gmt":"2021-06-24T10:11:42","slug":"ernaehrung","status":"publish","type":"page","link":"https:\/\/www.topro.nl\/de\/rinderprogramm\/juniorgrowth\/ernaehrung\/","title":{"rendered":"juniorGrowth &#8211; Ern\u00e4hrung"},"content":{"rendered":"","protected":false},"excerpt":{"rendered":"","protected":false},"author":55,"featured_media":0,"parent":11861,"menu_order":0,"comment_status":"closed","ping_status":"closed","template":"","meta":{"_acf_changed":false,"ngg_post_thumbnail":0,"footnotes":""},"class_list":["post-11865","page","type-page","status-publish","hentry"],"acf":[],"yoast_head":"<!-- This site is optimized with the Yoast SEO plugin v27.3 - https:\/\/yoast.com\/product\/yoast-seo-wordpress\/ -->\n<title>juniorGrowth - Ern\u00e4hrung - Topro Animal Health<\/title>\n<meta name=\"description\" content=\"Einer guten Ern\u00e4hrung ist sehr wichtig; eine Erh\u00f6hung der Trockenmasseaufnahme auch eine Steigerung der Milchproduktion bedeutet!\" \/>\n<meta name=\"robots\" content=\"index, follow, max-snippet:-1, max-image-preview:large, max-video-preview:-1\" \/>\n<link rel=\"canonical\" href=\"https:\/\/www.topro.nl\/de\/rinderprogramm\/juniorgrowth\/ernaehrung\/\" \/>\n<meta property=\"og:locale\" content=\"de_DE\" \/>\n<meta property=\"og:type\" content=\"article\" \/>\n<meta property=\"og:title\" content=\"juniorGrowth - Ern\u00e4hrung - Topro Animal Health\" \/>\n<meta property=\"og:description\" content=\"Einer guten Ern\u00e4hrung ist sehr wichtig; eine Erh\u00f6hung der Trockenmasseaufnahme auch eine Steigerung der Milchproduktion bedeutet!\" \/>\n<meta property=\"og:url\" content=\"https:\/\/www.topro.nl\/de\/rinderprogramm\/juniorgrowth\/ernaehrung\/\" \/>\n<meta property=\"og:site_name\" content=\"Topro Animal Health\" \/>\n<meta property=\"article:modified_time\" content=\"2021-06-24T10:11:42+00:00\" \/>\n<meta name=\"twitter:card\" content=\"summary_large_image\" \/>\n<script type=\"application\/ld+json\" class=\"yoast-schema-graph\">{\"@context\":\"https:\\\/\\\/schema.org\",\"@graph\":[{\"@type\":\"WebPage\",\"@id\":\"https:\\\/\\\/www.topro.nl\\\/de\\\/rinderprogramm\\\/juniorgrowth\\\/ernaehrung\\\/\",\"url\":\"https:\\\/\\\/www.topro.nl\\\/de\\\/rinderprogramm\\\/juniorgrowth\\\/ernaehrung\\\/\",\"name\":\"juniorGrowth - Ern\u00e4hrung - Topro Animal Health\",\"isPartOf\":{\"@id\":\"https:\\\/\\\/www.topro.nl\\\/de\\\/#website\"},\"datePublished\":\"2020-06-02T08:07:34+00:00\",\"dateModified\":\"2021-06-24T10:11:42+00:00\",\"description\":\"Einer guten Ern\u00e4hrung ist sehr wichtig; eine Erh\u00f6hung der Trockenmasseaufnahme auch eine Steigerung der Milchproduktion bedeutet!\",\"breadcrumb\":{\"@id\":\"https:\\\/\\\/www.topro.nl\\\/de\\\/rinderprogramm\\\/juniorgrowth\\\/ernaehrung\\\/#breadcrumb\"},\"inLanguage\":\"de\",\"potentialAction\":[{\"@type\":\"ReadAction\",\"target\":[\"https:\\\/\\\/www.topro.nl\\\/de\\\/rinderprogramm\\\/juniorgrowth\\\/ernaehrung\\\/\"]}]},{\"@type\":\"BreadcrumbList\",\"@id\":\"https:\\\/\\\/www.topro.nl\\\/de\\\/rinderprogramm\\\/juniorgrowth\\\/ernaehrung\\\/#breadcrumb\",\"itemListElement\":[{\"@type\":\"ListItem\",\"position\":1,\"name\":\"Home\",\"item\":\"https:\\\/\\\/www.topro.nl\\\/de\\\/\"},{\"@type\":\"ListItem\",\"position\":2,\"name\":\"Rinderprogramm\",\"item\":\"https:\\\/\\\/www.topro.nl\\\/de\\\/rinderprogramm\\\/\"},{\"@type\":\"ListItem\",\"position\":3,\"name\":\"Rinderprogramm juniorGrowth\",\"item\":\"https:\\\/\\\/www.topro.nl\\\/de\\\/rinderprogramm\\\/juniorgrowth\\\/\"},{\"@type\":\"ListItem\",\"position\":4,\"name\":\"juniorGrowth &#8211; Ern\u00e4hrung\"}]},{\"@type\":\"WebSite\",\"@id\":\"https:\\\/\\\/www.topro.nl\\\/de\\\/#website\",\"url\":\"https:\\\/\\\/www.topro.nl\\\/de\\\/\",\"name\":\"Topro Animal Health\",\"description\":\"\",\"publisher\":{\"@id\":\"https:\\\/\\\/www.topro.nl\\\/de\\\/#organization\"},\"potentialAction\":[{\"@type\":\"SearchAction\",\"target\":{\"@type\":\"EntryPoint\",\"urlTemplate\":\"https:\\\/\\\/www.topro.nl\\\/de\\\/?s={search_term_string}\"},\"query-input\":{\"@type\":\"PropertyValueSpecification\",\"valueRequired\":true,\"valueName\":\"search_term_string\"}}],\"inLanguage\":\"de\"},{\"@type\":\"Organization\",\"@id\":\"https:\\\/\\\/www.topro.nl\\\/de\\\/#organization\",\"name\":\"Horizont Afrastering\",\"url\":\"https:\\\/\\\/www.topro.nl\\\/de\\\/\",\"logo\":{\"@type\":\"ImageObject\",\"inLanguage\":\"de\",\"@id\":\"https:\\\/\\\/www.topro.nl\\\/de\\\/#\\\/schema\\\/logo\\\/image\\\/\",\"url\":\"\",\"contentUrl\":\"\",\"caption\":\"Horizont Afrastering\"},\"image\":{\"@id\":\"https:\\\/\\\/www.topro.nl\\\/de\\\/#\\\/schema\\\/logo\\\/image\\\/\"}}]}<\/script>\n<!-- \/ Yoast SEO plugin. -->","yoast_head_json":{"title":"juniorGrowth - Ern\u00e4hrung - Topro Animal Health","description":"Einer guten Ern\u00e4hrung ist sehr wichtig; eine Erh\u00f6hung der Trockenmasseaufnahme auch eine Steigerung der Milchproduktion bedeutet!","robots":{"index":"index","follow":"follow","max-snippet":"max-snippet:-1","max-image-preview":"max-image-preview:large","max-video-preview":"max-video-preview:-1"},"canonical":"https:\/\/www.topro.nl\/de\/rinderprogramm\/juniorgrowth\/ernaehrung\/","og_locale":"de_DE","og_type":"article","og_title":"juniorGrowth - Ern\u00e4hrung - Topro Animal Health","og_description":"Einer guten Ern\u00e4hrung ist sehr wichtig; eine Erh\u00f6hung der Trockenmasseaufnahme auch eine Steigerung der Milchproduktion bedeutet!","og_url":"https:\/\/www.topro.nl\/de\/rinderprogramm\/juniorgrowth\/ernaehrung\/","og_site_name":"Topro Animal Health","article_modified_time":"2021-06-24T10:11:42+00:00","twitter_card":"summary_large_image","schema":{"@context":"https:\/\/schema.org","@graph":[{"@type":"WebPage","@id":"https:\/\/www.topro.nl\/de\/rinderprogramm\/juniorgrowth\/ernaehrung\/","url":"https:\/\/www.topro.nl\/de\/rinderprogramm\/juniorgrowth\/ernaehrung\/","name":"juniorGrowth - Ern\u00e4hrung - Topro Animal Health","isPartOf":{"@id":"https:\/\/www.topro.nl\/de\/#website"},"datePublished":"2020-06-02T08:07:34+00:00","dateModified":"2021-06-24T10:11:42+00:00","description":"Einer guten Ern\u00e4hrung ist sehr wichtig; eine Erh\u00f6hung der Trockenmasseaufnahme auch eine Steigerung der Milchproduktion bedeutet!","breadcrumb":{"@id":"https:\/\/www.topro.nl\/de\/rinderprogramm\/juniorgrowth\/ernaehrung\/#breadcrumb"},"inLanguage":"de","potentialAction":[{"@type":"ReadAction","target":["https:\/\/www.topro.nl\/de\/rinderprogramm\/juniorgrowth\/ernaehrung\/"]}]},{"@type":"BreadcrumbList","@id":"https:\/\/www.topro.nl\/de\/rinderprogramm\/juniorgrowth\/ernaehrung\/#breadcrumb","itemListElement":[{"@type":"ListItem","position":1,"name":"Home","item":"https:\/\/www.topro.nl\/de\/"},{"@type":"ListItem","position":2,"name":"Rinderprogramm","item":"https:\/\/www.topro.nl\/de\/rinderprogramm\/"},{"@type":"ListItem","position":3,"name":"Rinderprogramm juniorGrowth","item":"https:\/\/www.topro.nl\/de\/rinderprogramm\/juniorgrowth\/"},{"@type":"ListItem","position":4,"name":"juniorGrowth &#8211; Ern\u00e4hrung"}]},{"@type":"WebSite","@id":"https:\/\/www.topro.nl\/de\/#website","url":"https:\/\/www.topro.nl\/de\/","name":"Topro Animal Health","description":"","publisher":{"@id":"https:\/\/www.topro.nl\/de\/#organization"},"potentialAction":[{"@type":"SearchAction","target":{"@type":"EntryPoint","urlTemplate":"https:\/\/www.topro.nl\/de\/?s={search_term_string}"},"query-input":{"@type":"PropertyValueSpecification","valueRequired":true,"valueName":"search_term_string"}}],"inLanguage":"de"},{"@type":"Organization","@id":"https:\/\/www.topro.nl\/de\/#organization","name":"Horizont Afrastering","url":"https:\/\/www.topro.nl\/de\/","logo":{"@type":"ImageObject","inLanguage":"de","@id":"https:\/\/www.topro.nl\/de\/#\/schema\/logo\/image\/","url":"","contentUrl":"","caption":"Horizont Afrastering"},"image":{"@id":"https:\/\/www.topro.nl\/de\/#\/schema\/logo\/image\/"}}]}},"_links":{"self":[{"href":"https:\/\/www.topro.nl\/de\/wp-json\/wp\/v2\/pages\/11865","targetHints":{"allow":["GET"]}}],"collection":[{"href":"https:\/\/www.topro.nl\/de\/wp-json\/wp\/v2\/pages"}],"about":[{"href":"https:\/\/www.topro.nl\/de\/wp-json\/wp\/v2\/types\/page"}],"author":[{"embeddable":true,"href":"https:\/\/www.topro.nl\/de\/wp-json\/wp\/v2\/users\/55"}],"replies":[{"embeddable":true,"href":"https:\/\/www.topro.nl\/de\/wp-json\/wp\/v2\/comments?post=11865"}],"version-history":[{"count":5,"href":"https:\/\/www.topro.nl\/de\/wp-json\/wp\/v2\/pages\/11865\/revisions"}],"predecessor-version":[{"id":16368,"href":"https:\/\/www.topro.nl\/de\/wp-json\/wp\/v2\/pages\/11865\/revisions\/16368"}],"up":[{"embeddable":true,"href":"https:\/\/www.topro.nl\/de\/wp-json\/wp\/v2\/pages\/11861"}],"wp:attachment":[{"href":"https:\/\/www.topro.nl\/de\/wp-json\/wp\/v2\/media?parent=11865"}],"curies":[{"name":"wp","href":"https:\/\/api.w.org\/{rel}","templated":true}]}}