{"id":11839,"date":"2020-06-15T10:09:21","date_gmt":"2020-06-15T10:09:21","guid":{"rendered":"https:\/\/www.topro.nl\/rundvee-programma\/rundvee-programma-twee-lactaties-extra\/"},"modified":"2021-06-24T07:57:57","modified_gmt":"2021-06-24T07:57:57","slug":"rinderprogramm-zwei-zusatsliche-laktationen","status":"publish","type":"page","link":"https:\/\/www.topro.nl\/de\/rinderprogramm\/rinderprogramm-zwei-zusatsliche-laktationen\/","title":{"rendered":"Rinderprogramm; Zwei zus\u00e4tzliche Laktationen!"},"content":{"rendered":"","protected":false},"excerpt":{"rendered":"","protected":false},"author":55,"featured_media":0,"parent":11837,"menu_order":0,"comment_status":"closed","ping_status":"closed","template":"","meta":{"_acf_changed":false,"ngg_post_thumbnail":0,"footnotes":""},"class_list":["post-11839","page","type-page","status-publish","hentry"],"acf":[],"yoast_head":"<!-- This site is optimized with the Yoast SEO plugin v27.3 - https:\/\/yoast.com\/product\/yoast-seo-wordpress\/ -->\n<title>Rinderprogramm; Zwei zus\u00e4tzliche Laktationen! - Topro Animal Health<\/title>\n<meta name=\"description\" content=\"Die Verl\u00e4ngerung der produktiven Lebensdauer von Milchk\u00fchen von drei auf f\u00fcnf Laktationen bietet viele Vorteile. Topro Tiergesundheit hilft.\" \/>\n<meta name=\"robots\" content=\"index, follow, max-snippet:-1, max-image-preview:large, max-video-preview:-1\" \/>\n<link rel=\"canonical\" href=\"https:\/\/www.topro.nl\/de\/rinderprogramm\/rinderprogramm-zwei-zusatsliche-laktationen\/\" \/>\n<meta property=\"og:locale\" content=\"de_DE\" \/>\n<meta property=\"og:type\" content=\"article\" \/>\n<meta property=\"og:title\" content=\"Rinderprogramm; Zwei zus\u00e4tzliche Laktationen! - Topro Animal Health\" \/>\n<meta property=\"og:description\" content=\"Die Verl\u00e4ngerung der produktiven Lebensdauer von Milchk\u00fchen von drei auf f\u00fcnf Laktationen bietet viele Vorteile. Topro Tiergesundheit hilft.\" \/>\n<meta property=\"og:url\" content=\"https:\/\/www.topro.nl\/de\/rinderprogramm\/rinderprogramm-zwei-zusatsliche-laktationen\/\" \/>\n<meta property=\"og:site_name\" content=\"Topro Animal Health\" \/>\n<meta property=\"article:modified_time\" content=\"2021-06-24T07:57:57+00:00\" \/>\n<meta name=\"twitter:card\" content=\"summary_large_image\" \/>\n<script type=\"application\/ld+json\" class=\"yoast-schema-graph\">{\"@context\":\"https:\\\/\\\/schema.org\",\"@graph\":[{\"@type\":\"WebPage\",\"@id\":\"https:\\\/\\\/www.topro.nl\\\/de\\\/rinderprogramm\\\/rinderprogramm-zwei-zusatsliche-laktationen\\\/\",\"url\":\"https:\\\/\\\/www.topro.nl\\\/de\\\/rinderprogramm\\\/rinderprogramm-zwei-zusatsliche-laktationen\\\/\",\"name\":\"Rinderprogramm; Zwei zus\u00e4tzliche Laktationen! - Topro Animal Health\",\"isPartOf\":{\"@id\":\"https:\\\/\\\/www.topro.nl\\\/de\\\/#website\"},\"datePublished\":\"2020-06-15T10:09:21+00:00\",\"dateModified\":\"2021-06-24T07:57:57+00:00\",\"description\":\"Die Verl\u00e4ngerung der produktiven Lebensdauer von Milchk\u00fchen von drei auf f\u00fcnf Laktationen bietet viele Vorteile. Topro Tiergesundheit hilft.\",\"breadcrumb\":{\"@id\":\"https:\\\/\\\/www.topro.nl\\\/de\\\/rinderprogramm\\\/rinderprogramm-zwei-zusatsliche-laktationen\\\/#breadcrumb\"},\"inLanguage\":\"de\",\"potentialAction\":[{\"@type\":\"ReadAction\",\"target\":[\"https:\\\/\\\/www.topro.nl\\\/de\\\/rinderprogramm\\\/rinderprogramm-zwei-zusatsliche-laktationen\\\/\"]}]},{\"@type\":\"BreadcrumbList\",\"@id\":\"https:\\\/\\\/www.topro.nl\\\/de\\\/rinderprogramm\\\/rinderprogramm-zwei-zusatsliche-laktationen\\\/#breadcrumb\",\"itemListElement\":[{\"@type\":\"ListItem\",\"position\":1,\"name\":\"Home\",\"item\":\"https:\\\/\\\/www.topro.nl\\\/de\\\/\"},{\"@type\":\"ListItem\",\"position\":2,\"name\":\"Rinderprogramm\",\"item\":\"https:\\\/\\\/www.topro.nl\\\/de\\\/rinderprogramm\\\/\"},{\"@type\":\"ListItem\",\"position\":3,\"name\":\"Rinderprogramm; Zwei zus\u00e4tzliche Laktationen!\"}]},{\"@type\":\"WebSite\",\"@id\":\"https:\\\/\\\/www.topro.nl\\\/de\\\/#website\",\"url\":\"https:\\\/\\\/www.topro.nl\\\/de\\\/\",\"name\":\"Topro Animal Health\",\"description\":\"\",\"publisher\":{\"@id\":\"https:\\\/\\\/www.topro.nl\\\/de\\\/#organization\"},\"potentialAction\":[{\"@type\":\"SearchAction\",\"target\":{\"@type\":\"EntryPoint\",\"urlTemplate\":\"https:\\\/\\\/www.topro.nl\\\/de\\\/?s={search_term_string}\"},\"query-input\":{\"@type\":\"PropertyValueSpecification\",\"valueRequired\":true,\"valueName\":\"search_term_string\"}}],\"inLanguage\":\"de\"},{\"@type\":\"Organization\",\"@id\":\"https:\\\/\\\/www.topro.nl\\\/de\\\/#organization\",\"name\":\"Horizont Afrastering\",\"url\":\"https:\\\/\\\/www.topro.nl\\\/de\\\/\",\"logo\":{\"@type\":\"ImageObject\",\"inLanguage\":\"de\",\"@id\":\"https:\\\/\\\/www.topro.nl\\\/de\\\/#\\\/schema\\\/logo\\\/image\\\/\",\"url\":\"\",\"contentUrl\":\"\",\"caption\":\"Horizont Afrastering\"},\"image\":{\"@id\":\"https:\\\/\\\/www.topro.nl\\\/de\\\/#\\\/schema\\\/logo\\\/image\\\/\"}}]}<\/script>\n<!-- \/ Yoast SEO plugin. -->","yoast_head_json":{"title":"Rinderprogramm; Zwei zus\u00e4tzliche Laktationen! - Topro Animal Health","description":"Die Verl\u00e4ngerung der produktiven Lebensdauer von Milchk\u00fchen von drei auf f\u00fcnf Laktationen bietet viele Vorteile. Topro Tiergesundheit hilft.","robots":{"index":"index","follow":"follow","max-snippet":"max-snippet:-1","max-image-preview":"max-image-preview:large","max-video-preview":"max-video-preview:-1"},"canonical":"https:\/\/www.topro.nl\/de\/rinderprogramm\/rinderprogramm-zwei-zusatsliche-laktationen\/","og_locale":"de_DE","og_type":"article","og_title":"Rinderprogramm; Zwei zus\u00e4tzliche Laktationen! - Topro Animal Health","og_description":"Die Verl\u00e4ngerung der produktiven Lebensdauer von Milchk\u00fchen von drei auf f\u00fcnf Laktationen bietet viele Vorteile. Topro Tiergesundheit hilft.","og_url":"https:\/\/www.topro.nl\/de\/rinderprogramm\/rinderprogramm-zwei-zusatsliche-laktationen\/","og_site_name":"Topro Animal Health","article_modified_time":"2021-06-24T07:57:57+00:00","twitter_card":"summary_large_image","schema":{"@context":"https:\/\/schema.org","@graph":[{"@type":"WebPage","@id":"https:\/\/www.topro.nl\/de\/rinderprogramm\/rinderprogramm-zwei-zusatsliche-laktationen\/","url":"https:\/\/www.topro.nl\/de\/rinderprogramm\/rinderprogramm-zwei-zusatsliche-laktationen\/","name":"Rinderprogramm; Zwei zus\u00e4tzliche Laktationen! - Topro Animal Health","isPartOf":{"@id":"https:\/\/www.topro.nl\/de\/#website"},"datePublished":"2020-06-15T10:09:21+00:00","dateModified":"2021-06-24T07:57:57+00:00","description":"Die Verl\u00e4ngerung der produktiven Lebensdauer von Milchk\u00fchen von drei auf f\u00fcnf Laktationen bietet viele Vorteile. Topro Tiergesundheit hilft.","breadcrumb":{"@id":"https:\/\/www.topro.nl\/de\/rinderprogramm\/rinderprogramm-zwei-zusatsliche-laktationen\/#breadcrumb"},"inLanguage":"de","potentialAction":[{"@type":"ReadAction","target":["https:\/\/www.topro.nl\/de\/rinderprogramm\/rinderprogramm-zwei-zusatsliche-laktationen\/"]}]},{"@type":"BreadcrumbList","@id":"https:\/\/www.topro.nl\/de\/rinderprogramm\/rinderprogramm-zwei-zusatsliche-laktationen\/#breadcrumb","itemListElement":[{"@type":"ListItem","position":1,"name":"Home","item":"https:\/\/www.topro.nl\/de\/"},{"@type":"ListItem","position":2,"name":"Rinderprogramm","item":"https:\/\/www.topro.nl\/de\/rinderprogramm\/"},{"@type":"ListItem","position":3,"name":"Rinderprogramm; Zwei zus\u00e4tzliche Laktationen!"}]},{"@type":"WebSite","@id":"https:\/\/www.topro.nl\/de\/#website","url":"https:\/\/www.topro.nl\/de\/","name":"Topro Animal Health","description":"","publisher":{"@id":"https:\/\/www.topro.nl\/de\/#organization"},"potentialAction":[{"@type":"SearchAction","target":{"@type":"EntryPoint","urlTemplate":"https:\/\/www.topro.nl\/de\/?s={search_term_string}"},"query-input":{"@type":"PropertyValueSpecification","valueRequired":true,"valueName":"search_term_string"}}],"inLanguage":"de"},{"@type":"Organization","@id":"https:\/\/www.topro.nl\/de\/#organization","name":"Horizont Afrastering","url":"https:\/\/www.topro.nl\/de\/","logo":{"@type":"ImageObject","inLanguage":"de","@id":"https:\/\/www.topro.nl\/de\/#\/schema\/logo\/image\/","url":"","contentUrl":"","caption":"Horizont Afrastering"},"image":{"@id":"https:\/\/www.topro.nl\/de\/#\/schema\/logo\/image\/"}}]}},"_links":{"self":[{"href":"https:\/\/www.topro.nl\/de\/wp-json\/wp\/v2\/pages\/11839","targetHints":{"allow":["GET"]}}],"collection":[{"href":"https:\/\/www.topro.nl\/de\/wp-json\/wp\/v2\/pages"}],"about":[{"href":"https:\/\/www.topro.nl\/de\/wp-json\/wp\/v2\/types\/page"}],"author":[{"embeddable":true,"href":"https:\/\/www.topro.nl\/de\/wp-json\/wp\/v2\/users\/55"}],"replies":[{"embeddable":true,"href":"https:\/\/www.topro.nl\/de\/wp-json\/wp\/v2\/comments?post=11839"}],"version-history":[{"count":4,"href":"https:\/\/www.topro.nl\/de\/wp-json\/wp\/v2\/pages\/11839\/revisions"}],"predecessor-version":[{"id":16350,"href":"https:\/\/www.topro.nl\/de\/wp-json\/wp\/v2\/pages\/11839\/revisions\/16350"}],"up":[{"embeddable":true,"href":"https:\/\/www.topro.nl\/de\/wp-json\/wp\/v2\/pages\/11837"}],"wp:attachment":[{"href":"https:\/\/www.topro.nl\/de\/wp-json\/wp\/v2\/media?parent=11839"}],"curies":[{"name":"wp","href":"https:\/\/api.w.org\/{rel}","templated":true}]}}